{"id":240378,"date":"2018-05-08T16:16:45","date_gmt":"2018-05-08T14:16:45","guid":{"rendered":"http:\/\/www.timeline-erp.de\/?page_id=240378"},"modified":"2023-08-02T12:11:18","modified_gmt":"2023-08-02T10:11:18","slug":"onlinepraesentation","status":"publish","type":"page","link":"https:\/\/stage.timeline-erp.de\/de\/service-und-support\/onlinepraesentation\/","title":{"rendered":"Onlinepr\u00e4sentation"},"content":{"rendered":"<div id='av-layout-grid-1'  class='av-layout-grid-container av-fnxt29m-628880c786f59a62c73330a6054fd92e entry-content-wrapper main_color av-flex-cells  avia-builder-el-0  avia-builder-el-no-sibling   container_wrap sidebar_right'  >\n\n<style type=\"text\/css\" data-created_by=\"avia_inline_auto\" id=\"style-css-av-k9jpa7jh-2acdd814405055c98af8d82e360ddbeb\">\n.flex_cell.av-k9jpa7jh-2acdd814405055c98af8d82e360ddbeb{\nvertical-align:middle;\nbackground:url(https:\/\/stage.timeline-erp.de\/wp-content\/uploads\/People_Screen.jpg) 100% 50% no-repeat scroll ;\n}\n<\/style>\n<div class='flex_cell av-k9jpa7jh-2acdd814405055c98af8d82e360ddbeb av-gridrow-cell av_one_half no_margin  avia-builder-el-1  el_before_av_cell_one_half  avia-builder-el-first  avia-full-stretch'  ><div class='flex_cell_inner'><\/div><\/div>\n<style type=\"text\/css\" data-created_by=\"avia_inline_auto\" id=\"style-css-av-k9jpakc2-ebb771cefff1d4bd6170053833f8a2e0\">\n.flex_cell.av-k9jpakc2-ebb771cefff1d4bd6170053833f8a2e0{\nvertical-align:top;\nbackground-color:#ffffff;\n}\n.responsive #top #wrap_all .flex_cell.av-k9jpakc2-ebb771cefff1d4bd6170053833f8a2e0{\npadding:30px 30px 30px 5% !important;\n}\n<\/style>\n<div class='flex_cell av-k9jpakc2-ebb771cefff1d4bd6170053833f8a2e0 av-gridrow-cell av_one_half no_margin  avia-builder-el-2  el_after_av_cell_one_half  avia-builder-el-last '  ><div class='flex_cell_inner'><p>\n<style type=\"text\/css\" data-created_by=\"avia_inline_auto\" id=\"style-css-av-jz9v299w-bef8b6371290b6a19c1ee772e428aab2\">\n.flex_column.av-jz9v299w-bef8b6371290b6a19c1ee772e428aab2{\nborder-radius:0px 0px 0px 0px;\nbackground-color:#ffffff;\n}\n<\/style>\n<div  class='flex_column av-jz9v299w-bef8b6371290b6a19c1ee772e428aab2 av_three_fourth  avia-builder-el-3  el_before_av_one_fourth  avia-builder-el-first  shadow-l first flex_column_div  '     ><p>\n<style type=\"text\/css\" data-created_by=\"avia_inline_auto\" id=\"style-css-av-8jfjxoa-a132cfbb824f0aea554dbf83e461153d\">\n#top .av-special-heading.av-8jfjxoa-a132cfbb824f0aea554dbf83e461153d{\npadding-bottom:10px;\nfont-size:55px;\n}\nbody .av-special-heading.av-8jfjxoa-a132cfbb824f0aea554dbf83e461153d .av-special-heading-tag .heading-char{\nfont-size:25px;\n}\n#top #wrap_all .av-special-heading.av-8jfjxoa-a132cfbb824f0aea554dbf83e461153d .av-special-heading-tag{\nfont-size:55px;\n}\n.av-special-heading.av-8jfjxoa-a132cfbb824f0aea554dbf83e461153d .av-subheading{\nfont-size:22px;\n}\n\n@media only screen and (min-width: 480px) and (max-width: 767px){ \n#top #wrap_all .av-special-heading.av-8jfjxoa-a132cfbb824f0aea554dbf83e461153d .av-special-heading-tag{\nfont-size:0.8em;\n}\n}\n\n@media only screen and (max-width: 479px){ \n#top #wrap_all .av-special-heading.av-8jfjxoa-a132cfbb824f0aea554dbf83e461153d .av-special-heading-tag{\nfont-size:0.8em;\n}\n}\n<\/style>\n<div  class='av-special-heading av-8jfjxoa-a132cfbb824f0aea554dbf83e461153d av-special-heading-h1 blockquote modern-quote  avia-builder-el-4  el_before_av_textblock  avia-builder-el-first  av-inherit-size av-linked-heading'><h1 class='av-special-heading-tag'  itemprop=\"headline\"  >Onlinepr\u00e4sentation<\/h1><div class=\"special-heading-border\"><div class=\"special-heading-inner-border\"><\/div><\/div><\/div><br \/>\n\n<style type=\"text\/css\" data-created_by=\"avia_inline_auto\" id=\"style-css-av-joo5ho3f-54732a8cdab082fb1a3b1685354acb22\">\n#top .av_textblock_section.av-joo5ho3f-54732a8cdab082fb1a3b1685354acb22 .avia_textblock{\nfont-size:18px;\n}\n<\/style>\n<section  class='av_textblock_section av-joo5ho3f-54732a8cdab082fb1a3b1685354acb22 '   itemscope=\"itemscope\" itemtype=\"https:\/\/schema.org\/CreativeWork\" ><div class='avia_textblock'  itemprop=\"text\" ><p>Der schnellste Weg TimeLine ERP kennen zu lernen. Ein Experte f\u00fchrt Sie in knapp einer Stunde durch die Funktionen der Software und bespricht mit Ihnen Ihre individuellen Anforderungen und Fragen.<\/p>\n<p>Nach der Pr\u00e4sentation haben Sie einen Eindruck von der Software und Sie erhalten direkt eine Empfehlung, welches TimeLine ERP-System zu Ihnen passt und ob noch Anpassungen notwendig w\u00e4ren.<\/p>\n<p><strong>Kostenfrei und unverbindlich!<\/strong><\/p>\n<\/div><\/section><br \/>\n\n<style type=\"text\/css\" data-created_by=\"avia_inline_auto\" id=\"style-css-av-ljfoobfy-abb82bdf03b0fcd7482db52daa00c830\">\n#top .av-special-heading.av-ljfoobfy-abb82bdf03b0fcd7482db52daa00c830{\npadding-bottom:10px;\n}\nbody .av-special-heading.av-ljfoobfy-abb82bdf03b0fcd7482db52daa00c830 .av-special-heading-tag .heading-char{\nfont-size:25px;\n}\n.av-special-heading.av-ljfoobfy-abb82bdf03b0fcd7482db52daa00c830 .av-subheading{\nfont-size:15px;\n}\n<\/style>\n<div  class='av-special-heading av-ljfoobfy-abb82bdf03b0fcd7482db52daa00c830 av-special-heading-h3  avia-builder-el-6  el_after_av_textblock  avia-builder-el-last '><h3 class='av-special-heading-tag'  itemprop=\"headline\"  >Unser Tech-Sales-Team<\/h3><div class=\"special-heading-border\"><div class=\"special-heading-inner-border\"><\/div><\/div><\/div><\/p><\/div><div  class='flex_column av-kw26sfu-c66fa67ed4a39ee5752158c9f8504c98 av_one_fourth  avia-builder-el-7  el_after_av_three_fourth  el_before_av_one_fourth  flex_column_div  '     ><\/div>\n<style type=\"text\/css\" data-created_by=\"avia_inline_auto\" id=\"style-css-av-ljfopw4c-9841c6827b9d242ef95f5f583d116934\">\n.flex_column.av-ljfopw4c-9841c6827b9d242ef95f5f583d116934{\nbackground-color:#ffffff;\n}\n<\/style>\n<div  class='flex_column av-ljfopw4c-9841c6827b9d242ef95f5f583d116934 av_one_fourth  avia-builder-el-8  el_after_av_one_fourth  el_before_av_one_fourth  first flex_column_div  column-top-margin'     ><style type=\"text\/css\" data-created_by=\"avia_inline_auto\" id=\"style-css-av-ljfomq7c-cd74c083c366cfc0ab7c44066d6b9fb0\">\n.avia-image-container.av-ljfomq7c-cd74c083c366cfc0ab7c44066d6b9fb0 img.avia_image{\nbox-shadow:none;\n}\n.avia-image-container.av-ljfomq7c-cd74c083c366cfc0ab7c44066d6b9fb0 .av-image-caption-overlay-center{\ncolor:#ffffff;\n}\n<\/style>\n<div  class='avia-image-container av-ljfomq7c-cd74c083c366cfc0ab7c44066d6b9fb0 av-styling-circle avia-align-center  avia-builder-el-9  avia-builder-el-no-sibling '   itemprop=\"image\" itemscope=\"itemscope\" itemtype=\"https:\/\/schema.org\/ImageObject\" ><div class=\"avia-image-container-inner\"><div class=\"avia-image-overlay-wrap\"><img fetchpriority=\"high\" fetchpriority=\"high\" decoding=\"async\" fetchpriority=\"high\" class='wp-image-254472 avia-img-lazy-loading-not-254472 avia_image ' src=\"https:\/\/stage.timeline-erp.de\/wp-content\/uploads\/timeline-neo-team-christian-180x180.jpg\" alt='' title='timeline-neo-team-christian'  height=\"180\" width=\"180\"  itemprop=\"thumbnailUrl\" srcset=\"https:\/\/stage.timeline-erp.de\/wp-content\/uploads\/timeline-neo-team-christian-180x180.jpg 180w, https:\/\/stage.timeline-erp.de\/wp-content\/uploads\/timeline-neo-team-christian-80x80.jpg 80w, https:\/\/stage.timeline-erp.de\/wp-content\/uploads\/timeline-neo-team-christian-36x36.jpg 36w\" sizes=\"(max-width: 180px) 100vw, 180px\" \/><\/div><\/div><\/div><\/div><div  class='flex_column av-fjx4q9m-88eafaf527a06b771a0c3953adbb3580 av_one_fourth  avia-builder-el-10  el_after_av_one_fourth  el_before_av_one_fourth  flex_column_div  column-top-margin'     ><style type=\"text\/css\" data-created_by=\"avia_inline_auto\" id=\"style-css-av-ljfon59g-d8c1131407ba0f9fb867d76c07d047c4\">\n.avia-image-container.av-ljfon59g-d8c1131407ba0f9fb867d76c07d047c4 img.avia_image{\nbox-shadow:none;\n}\n.avia-image-container.av-ljfon59g-d8c1131407ba0f9fb867d76c07d047c4 .av-image-caption-overlay-center{\ncolor:#ffffff;\n}\n<\/style>\n<div  class='avia-image-container av-ljfon59g-d8c1131407ba0f9fb867d76c07d047c4 av-styling-circle avia-align-center  avia-builder-el-11  avia-builder-el-no-sibling '   itemprop=\"image\" itemscope=\"itemscope\" itemtype=\"https:\/\/schema.org\/ImageObject\" ><div class=\"avia-image-container-inner\"><div class=\"avia-image-overlay-wrap\"><img fetchpriority=\"high\" fetchpriority=\"high\" decoding=\"async\" fetchpriority=\"high\" class='wp-image-254482 avia-img-lazy-loading-not-254482 avia_image ' src=\"https:\/\/stage.timeline-erp.de\/wp-content\/uploads\/timeline-neo-team-robin-180x180.jpg\" alt='' title='timeline-neo-team-robin'  height=\"180\" width=\"180\"  itemprop=\"thumbnailUrl\" srcset=\"https:\/\/stage.timeline-erp.de\/wp-content\/uploads\/timeline-neo-team-robin-180x180.jpg 180w, https:\/\/stage.timeline-erp.de\/wp-content\/uploads\/timeline-neo-team-robin-80x80.jpg 80w, https:\/\/stage.timeline-erp.de\/wp-content\/uploads\/timeline-neo-team-robin-36x36.jpg 36w\" sizes=\"(max-width: 180px) 100vw, 180px\" \/><\/div><\/div><\/div><\/div><div  class='flex_column av-diotblm-b89d9235818ad6ae937e63e5c499adf1 av_one_fourth  avia-builder-el-12  el_after_av_one_fourth  el_before_av_three_fourth  flex_column_div  column-top-margin'     ><style type=\"text\/css\" data-created_by=\"avia_inline_auto\" id=\"style-css-av-ljfongh8-730d8fc5e258f74e56e3d64a5481729c\">\n.avia-image-container.av-ljfongh8-730d8fc5e258f74e56e3d64a5481729c img.avia_image{\nbox-shadow:none;\n}\n.avia-image-container.av-ljfongh8-730d8fc5e258f74e56e3d64a5481729c .av-image-caption-overlay-center{\ncolor:#ffffff;\n}\n<\/style>\n<div  class='avia-image-container av-ljfongh8-730d8fc5e258f74e56e3d64a5481729c av-styling-circle avia-align-center  avia-builder-el-13  avia-builder-el-no-sibling '   itemprop=\"image\" itemscope=\"itemscope\" itemtype=\"https:\/\/schema.org\/ImageObject\" ><div class=\"avia-image-container-inner\"><div class=\"avia-image-overlay-wrap\"><img fetchpriority=\"high\" fetchpriority=\"high\" decoding=\"async\" fetchpriority=\"high\" class='wp-image-254672 avia-img-lazy-loading-not-254672 avia_image ' src=\"https:\/\/stage.timeline-erp.de\/wp-content\/uploads\/Andre-Leikel-180x180.jpg\" alt='' title='Andre-Leikel'  height=\"180\" width=\"180\"  itemprop=\"thumbnailUrl\" srcset=\"https:\/\/stage.timeline-erp.de\/wp-content\/uploads\/Andre-Leikel-180x180.jpg 180w, https:\/\/stage.timeline-erp.de\/wp-content\/uploads\/Andre-Leikel-300x300.jpg 300w, https:\/\/stage.timeline-erp.de\/wp-content\/uploads\/Andre-Leikel-80x80.jpg 80w, https:\/\/stage.timeline-erp.de\/wp-content\/uploads\/Andre-Leikel-36x36.jpg 36w, https:\/\/stage.timeline-erp.de\/wp-content\/uploads\/Andre-Leikel.jpg 500w\" sizes=\"(max-width: 180px) 100vw, 180px\" \/><\/div><\/div><\/div><\/div><div  class='flex_column av-5k5yg1m-320900cc912f87594611533a9ab737f1 av_three_fourth  avia-builder-el-14  el_after_av_one_fourth  avia-builder-el-last  first flex_column_div  column-top-margin'     ><form action=\"https:\/\/stage.timeline-erp.de\/de\/service-und-support\/onlinepraesentation\/\" method=\"post\" data-fields-with-error=\"Found errors in the following field(s):\" class=\"avia_ajax_form av-form-labels-hidden   avia-builder-el-15  avia-builder-el-no-sibling  av-custom-form-color av-dark-form \" data-avia-form-id=\"1\" data-avia-redirect='https:\/\/stage.timeline-erp.de\/de\/service-und-support\/onlinepraesentation\/formular-olp\/' ><h3 class=''>Senden Sie uns Ihren Terminvorschlag<\/h3><fieldset><p class='  first_form  form_element form_fullwidth' id='element_avia_1_1'><label for=\"avia_1_1\">Firma <abbr class=\"required\" title=\"ben\u00f6tigt\">*<\/abbr><\/label> <input name=\"avia_1_1\" class=\"text_input is_empty\" type=\"text\" id=\"avia_1_1\" value=\"\"  placeholder='Firma*'\/><\/p><p class='  first_form  form_element form_fullwidth' id='element_avia_2_1'><label for=\"avia_2_1\">Vor- und Zuname<\/label> <input name=\"avia_2_1\" class=\"text_input \" type=\"text\" id=\"avia_2_1\" value=\"\"  placeholder='Vor- und Zuname'\/><\/p><p class='  first_form  form_element form_fullwidth' id='element_avia_3_1'><label for=\"avia_3_1\">E-Mail (gesch\u00e4ftlich) <abbr class=\"required\" title=\"ben\u00f6tigt\">*<\/abbr><\/label> <input name=\"avia_3_1\" class=\"text_input is_email\" type=\"text\" id=\"avia_3_1\" value=\"\"  placeholder='E-Mail (gesch\u00e4ftlich)*'\/><\/p><p class='  first_form  form_element form_fullwidth' id='element_avia_4_1'><label for=\"avia_4_1\">Telefonnummer (gesch\u00e4ftlich) <abbr class=\"required\" title=\"ben\u00f6tigt\">*<\/abbr><\/label> <input name=\"avia_4_1\" class=\"text_input is_phone\" type=\"text\" id=\"avia_4_1\" value=\"\"  placeholder='Telefonnummer (gesch\u00e4ftlich)*'\/><\/p><p class='  first_form  form_element form_fullwidth' id='element_avia_5_1'><label for=\"avia_5_1\">Wunschtag<\/label> <input name=\"avia_5_1\" class=\"avia_datepicker text_input \" type=\"text\" id=\"avia_5_1\" value=\"\" placeholder=\"Wunschtag\" inputmode=\"none\" \/><\/p><div id='avia_6_1' class='av-form-text'><p>\n<span style=\"font-size: small; line-height: 1.25; display: block;\">Mit Absenden des Formulars erkl\u00e4re ich mich damit einverstanden, dass die im Rahmen dieser Nachricht angegebenen personenbezogenen Daten in einer unter der Verantwortung der Gebauer GmbH gef\u00fchrten Datenbank ausschlie\u00dflich f\u00fcr die Bearbeitung und Beantwortung dieser Anfrage gespeichert, verarbeitet, \u00fcbermittelt und genutzt werden und die Gebauer GmbH mir entsprechende, anfragebezogene Informationen per Post, E-Mail oder telefonisch zukommen lassen kann. Ihre Daten werden vertraulich behandelt und nicht an Dritte weitergegeben. Weitere Informationen finden Sie in unserer <a href=\"https:\/\/stage.timeline-erp.de\/de\/datenschutz\/\">Datenschutzerkl\u00e4rung<\/a>\u00a0und der <a href=\"https:\/\/stage.timeline-erp.de\/de\/datenschutz\/datenschutz-informationspflichten-gem-art-14-dsgvo\/\">Datenschutz-Informationspflicht<\/a>.<\/span><\/p>\n<\/div><p class='  first_form  form_element form_fullwidth' id='element_avia_7_1'><input  name=\"avia_7_1\" class=\"input_checkbox is_empty\" type=\"checkbox\" id=\"avia_7_1\" value=\"true\"\/><label class=\"input_checkbox_label\" for=\"avia_7_1\">Ich habe den Datenschutzhinweis gelesen und akzeptiert <abbr class=\"required\" title=\"ben\u00f6tigt\">*<\/abbr><\/label><\/p><p class=\"hidden\"><input type=\"text\" name=\"avia_8_1\" class=\"hidden \" id=\"avia_8_1\" value=\"\" \/><\/p><p class='   form_element form_fullwidth' id='element_avia_9_1'><span class='value_verifier_label'>1 + 7 = ?<\/span><input name=\"avia_9_1_verifier\" type=\"hidden\" id=\"avia_9_1_verifier\" value=\"854432487\"\/><label for=\"avia_9_1\">Bitte l\u00f6se die Gleichung. Diese Ma\u00dfnahme dient der Abwehr von Spam <abbr class=\"required\" title=\"ben\u00f6tigt\">*<\/abbr><\/label><input name=\"avia_9_1\" class=\"text_input captcha\" type=\"text\" id=\"avia_9_1\" value=\"\"\/><\/p><p class=\"form_element \"><input type=\"hidden\" value=\"1\" name=\"avia_generated_form1\" \/><input type=\"submit\" value=\"Jetzt anfragen\" class=\"button\"  data-sending-label=\"Sende\"\/><\/p><\/fieldset><\/form><div id=\"ajaxresponse_1\" class=\"ajaxresponse ajaxresponse_1 hidden\"><\/div><\/div><\/p>\n<\/div><\/div><\/div>\n","protected":false},"excerpt":{"rendered":"","protected":false},"author":2,"featured_media":0,"parent":241062,"menu_order":0,"comment_status":"closed","ping_status":"closed","template":"","meta":{"footnotes":""},"yoast_head":"<!-- This site is optimized with the Yoast SEO plugin v22.2 - https:\/\/yoast.com\/wordpress\/plugins\/seo\/ -->\n<title>Service Onlinepr\u00e4sentation vereinbaren - TimeLine ERP<\/title>\n<meta name=\"description\" content=\"Eine ERP-Pr\u00e4sentation online durchzuf\u00fchren ist der effizienteste Weg, Ihnen einen tieferen Blick in das System zu geben. Ein Experte f\u00fchrt Sie in knapp einer Stunde durch die Funktionen der Software und bespricht mit Ihnen Ihre individuellen Anforderungen und Fragen.\" \/>\n<meta name=\"robots\" content=\"noindex, follow, max-snippet:-1, max-image-preview:large, max-video-preview:-1\" \/>\n<meta property=\"og:locale\" content=\"de_DE\" \/>\n<meta property=\"og:type\" content=\"article\" \/>\n<meta property=\"og:title\" content=\"Service Onlinepr\u00e4sentation vereinbaren - TimeLine ERP\" \/>\n<meta property=\"og:description\" content=\"Eine ERP-Pr\u00e4sentation online durchzuf\u00fchren ist der effizienteste Weg, Ihnen einen tieferen Blick in das System zu geben. Ein Experte f\u00fchrt Sie in knapp einer Stunde durch die Funktionen der Software und bespricht mit Ihnen Ihre individuellen Anforderungen und Fragen.\" \/>\n<meta property=\"og:url\" content=\"https:\/\/stage.timeline-erp.de\/de\/service-und-support\/onlinepraesentation\/\" \/>\n<meta property=\"og:site_name\" content=\"TimeLine ERP DE\" \/>\n<meta property=\"article:modified_time\" content=\"2023-08-02T10:11:18+00:00\" \/>\n<meta name=\"twitter:card\" content=\"summary_large_image\" \/>\n<meta name=\"twitter:label1\" content=\"Gesch\u00e4tzte Lesezeit\" \/>\n\t<meta name=\"twitter:data1\" content=\"9\u00a0Minuten\" \/>\n<script type=\"application\/ld+json\" class=\"yoast-schema-graph\">{\"@context\":\"https:\/\/schema.org\",\"@graph\":[{\"@type\":\"WebPage\",\"@id\":\"https:\/\/stage.timeline-erp.de\/de\/service-und-support\/onlinepraesentation\/\",\"url\":\"https:\/\/stage.timeline-erp.de\/de\/service-und-support\/onlinepraesentation\/\",\"name\":\"Service Onlinepr\u00e4sentation vereinbaren - TimeLine ERP\",\"isPartOf\":{\"@id\":\"https:\/\/stage.timeline-erp.de\/de\/#website\"},\"datePublished\":\"2018-05-08T14:16:45+00:00\",\"dateModified\":\"2023-08-02T10:11:18+00:00\",\"description\":\"Eine ERP-Pr\u00e4sentation online durchzuf\u00fchren ist der effizienteste Weg, Ihnen einen tieferen Blick in das System zu geben. Ein Experte f\u00fchrt Sie in knapp einer Stunde durch die Funktionen der Software und bespricht mit Ihnen Ihre individuellen Anforderungen und Fragen.\",\"breadcrumb\":{\"@id\":\"https:\/\/stage.timeline-erp.de\/de\/service-und-support\/onlinepraesentation\/#breadcrumb\"},\"inLanguage\":\"de\",\"potentialAction\":[{\"@type\":\"ReadAction\",\"target\":[\"https:\/\/stage.timeline-erp.de\/de\/service-und-support\/onlinepraesentation\/\"]}]},{\"@type\":\"BreadcrumbList\",\"@id\":\"https:\/\/stage.timeline-erp.de\/de\/service-und-support\/onlinepraesentation\/#breadcrumb\",\"itemListElement\":[{\"@type\":\"ListItem\",\"position\":1,\"name\":\"Startseite\",\"item\":\"https:\/\/stage.timeline-erp.de\/de\/startseite\/\"},{\"@type\":\"ListItem\",\"position\":2,\"name\":\"Service und Support\",\"item\":\"https:\/\/stage.timeline-erp.de\/de\/service-und-support\/\"},{\"@type\":\"ListItem\",\"position\":3,\"name\":\"Onlinepr\u00e4sentation\"}]},{\"@type\":\"WebSite\",\"@id\":\"https:\/\/stage.timeline-erp.de\/de\/#website\",\"url\":\"https:\/\/stage.timeline-erp.de\/de\/\",\"name\":\"TimeLine ERP DE\",\"description\":\"ERP, PPS, QS, CRM, MES, FIBU in einem System\",\"potentialAction\":[{\"@type\":\"SearchAction\",\"target\":{\"@type\":\"EntryPoint\",\"urlTemplate\":\"https:\/\/stage.timeline-erp.de\/de\/?s={search_term_string}\"},\"query-input\":\"required name=search_term_string\"}],\"inLanguage\":\"de\"}]}<\/script>\n<!-- \/ Yoast SEO plugin. -->","yoast_head_json":{"title":"Service Onlinepr\u00e4sentation vereinbaren - TimeLine ERP","description":"Eine ERP-Pr\u00e4sentation online durchzuf\u00fchren ist der effizienteste Weg, Ihnen einen tieferen Blick in das System zu geben. Ein Experte f\u00fchrt Sie in knapp einer Stunde durch die Funktionen der Software und bespricht mit Ihnen Ihre individuellen Anforderungen und Fragen.","robots":{"index":"noindex","follow":"follow","max-snippet":"max-snippet:-1","max-image-preview":"max-image-preview:large","max-video-preview":"max-video-preview:-1"},"og_locale":"de_DE","og_type":"article","og_title":"Service Onlinepr\u00e4sentation vereinbaren - TimeLine ERP","og_description":"Eine ERP-Pr\u00e4sentation online durchzuf\u00fchren ist der effizienteste Weg, Ihnen einen tieferen Blick in das System zu geben. Ein Experte f\u00fchrt Sie in knapp einer Stunde durch die Funktionen der Software und bespricht mit Ihnen Ihre individuellen Anforderungen und Fragen.","og_url":"https:\/\/stage.timeline-erp.de\/de\/service-und-support\/onlinepraesentation\/","og_site_name":"TimeLine ERP DE","article_modified_time":"2023-08-02T10:11:18+00:00","twitter_card":"summary_large_image","twitter_misc":{"Gesch\u00e4tzte Lesezeit":"9\u00a0Minuten"},"schema":{"@context":"https:\/\/schema.org","@graph":[{"@type":"WebPage","@id":"https:\/\/stage.timeline-erp.de\/de\/service-und-support\/onlinepraesentation\/","url":"https:\/\/stage.timeline-erp.de\/de\/service-und-support\/onlinepraesentation\/","name":"Service Onlinepr\u00e4sentation vereinbaren - TimeLine ERP","isPartOf":{"@id":"https:\/\/stage.timeline-erp.de\/de\/#website"},"datePublished":"2018-05-08T14:16:45+00:00","dateModified":"2023-08-02T10:11:18+00:00","description":"Eine ERP-Pr\u00e4sentation online durchzuf\u00fchren ist der effizienteste Weg, Ihnen einen tieferen Blick in das System zu geben. Ein Experte f\u00fchrt Sie in knapp einer Stunde durch die Funktionen der Software und bespricht mit Ihnen Ihre individuellen Anforderungen und Fragen.","breadcrumb":{"@id":"https:\/\/stage.timeline-erp.de\/de\/service-und-support\/onlinepraesentation\/#breadcrumb"},"inLanguage":"de","potentialAction":[{"@type":"ReadAction","target":["https:\/\/stage.timeline-erp.de\/de\/service-und-support\/onlinepraesentation\/"]}]},{"@type":"BreadcrumbList","@id":"https:\/\/stage.timeline-erp.de\/de\/service-und-support\/onlinepraesentation\/#breadcrumb","itemListElement":[{"@type":"ListItem","position":1,"name":"Startseite","item":"https:\/\/stage.timeline-erp.de\/de\/startseite\/"},{"@type":"ListItem","position":2,"name":"Service und Support","item":"https:\/\/stage.timeline-erp.de\/de\/service-und-support\/"},{"@type":"ListItem","position":3,"name":"Onlinepr\u00e4sentation"}]},{"@type":"WebSite","@id":"https:\/\/stage.timeline-erp.de\/de\/#website","url":"https:\/\/stage.timeline-erp.de\/de\/","name":"TimeLine ERP DE","description":"ERP, PPS, QS, CRM, MES, FIBU in einem System","potentialAction":[{"@type":"SearchAction","target":{"@type":"EntryPoint","urlTemplate":"https:\/\/stage.timeline-erp.de\/de\/?s={search_term_string}"},"query-input":"required name=search_term_string"}],"inLanguage":"de"}]}},"_links":{"self":[{"href":"https:\/\/stage.timeline-erp.de\/de\/wp-json\/wp\/v2\/pages\/240378"}],"collection":[{"href":"https:\/\/stage.timeline-erp.de\/de\/wp-json\/wp\/v2\/pages"}],"about":[{"href":"https:\/\/stage.timeline-erp.de\/de\/wp-json\/wp\/v2\/types\/page"}],"author":[{"embeddable":true,"href":"https:\/\/stage.timeline-erp.de\/de\/wp-json\/wp\/v2\/users\/2"}],"replies":[{"embeddable":true,"href":"https:\/\/stage.timeline-erp.de\/de\/wp-json\/wp\/v2\/comments?post=240378"}],"version-history":[{"count":0,"href":"https:\/\/stage.timeline-erp.de\/de\/wp-json\/wp\/v2\/pages\/240378\/revisions"}],"up":[{"embeddable":true,"href":"https:\/\/stage.timeline-erp.de\/de\/wp-json\/wp\/v2\/pages\/241062"}],"wp:attachment":[{"href":"https:\/\/stage.timeline-erp.de\/de\/wp-json\/wp\/v2\/media?parent=240378"}],"curies":[{"name":"wp","href":"https:\/\/api.w.org\/{rel}","templated":true}]}}