{"id":245206,"date":"2020-03-05T14:31:25","date_gmt":"2020-03-05T13:31:25","guid":{"rendered":"https:\/\/www.timeline-erp.de\/?page_id=245206"},"modified":"2022-05-12T16:12:28","modified_gmt":"2022-05-12T14:12:28","slug":"agb","status":"publish","type":"page","link":"https:\/\/stage.timeline-erp.de\/de\/agb\/","title":{"rendered":"Allgemeine Gesch\u00e4ftsbedingungen"},"content":{"rendered":"\n<style type=\"text\/css\" data-created_by=\"avia_inline_auto\" id=\"style-css-av-k7esd78q-99d2d23bae5c3087321ab01d4902556c\">\n.avia-section.av-k7esd78q-99d2d23bae5c3087321ab01d4902556c{\nbackground-color:#f6f7f8;\nbackground-image:unset;\n}\n<\/style>\n<div id='av_section_1'  class='avia-section av-k7esd78q-99d2d23bae5c3087321ab01d4902556c main_color avia-section-default avia-no-border-styling  avia-builder-el-0  el_before_av_section  avia-builder-el-first  avia-bg-style-scroll av-minimum-height av-minimum-height-25 av-height-25  container_wrap sidebar_right'   data-av_minimum_height_pc='25' data-av_min_height_opt='25'><div class='container av-section-cont-open' ><main  role=\"main\" itemprop=\"mainContentOfPage\"  class='template-page content  av-content-small alpha units'><div class='post-entry post-entry-type-page post-entry-245206'><div class='entry-content-wrapper clearfix'>\n\n<style type=\"text\/css\" data-created_by=\"avia_inline_auto\" id=\"style-css-av-ey2n7va-d56196032064fe5f2a91ef3ee14204d6\">\n.flex_column.av-ey2n7va-d56196032064fe5f2a91ef3ee14204d6{\nborder-radius:0px 0px 0px 0px;\npadding:0px 0px 0px 0px;\n}\n<\/style>\n<div  class='flex_column av-ey2n7va-d56196032064fe5f2a91ef3ee14204d6 av_one_full  avia-builder-el-1  avia-builder-el-no-sibling  first flex_column_div av-zero-column-padding  '     ><style type=\"text\/css\" data-created_by=\"avia_inline_auto\" id=\"style-css-av-kggih8at-59e0597807add15460cc94442bd98524\">\n#top .av-special-heading.av-kggih8at-59e0597807add15460cc94442bd98524{\npadding-bottom:10px;\n}\nbody .av-special-heading.av-kggih8at-59e0597807add15460cc94442bd98524 .av-special-heading-tag .heading-char{\nfont-size:25px;\n}\n.av-special-heading.av-kggih8at-59e0597807add15460cc94442bd98524 .av-subheading{\nfont-size:20px;\n}\n<\/style>\n<div  class='av-special-heading av-kggih8at-59e0597807add15460cc94442bd98524 av-special-heading-h1 blockquote modern-quote  avia-builder-el-2  avia-builder-el-no-sibling '><h1 class='av-special-heading-tag'  itemprop=\"headline\"  >Allgemeine Gesch\u00e4ftsbedingungen<\/h1><div class='av-subheading av-subheading_below'><p>Auf dieser Seite k\u00f6nnen Sie sich die aktuell g\u00fcltige Version unserer Allgemeinen Gesch\u00e4ftsbedingungen (AGB) herunterladen.<\/p>\n<\/div><div class=\"special-heading-border\"><div class=\"special-heading-inner-border\"><\/div><\/div><\/div><\/div>\n\n<\/div><\/div><\/main><!-- close content main element --><\/div><\/div><div id='av_section_2'  class='avia-section av-czswehi-82841f9b80a64187c653dd84ffa3fc56 main_color avia-section-default avia-no-border-styling  avia-builder-el-3  el_after_av_section  el_before_av_section  avia-bg-style-scroll container_wrap sidebar_right'  ><div class='container av-section-cont-open' ><div class='template-page content  av-content-small alpha units'><div class='post-entry post-entry-type-page post-entry-245206'><div class='entry-content-wrapper clearfix'>\n\n<style type=\"text\/css\" data-created_by=\"avia_inline_auto\" id=\"style-css-av-96cqtue-0385c783704288f710b7e359ad7d6977\">\n.flex_column.av-96cqtue-0385c783704288f710b7e359ad7d6977{\nborder-radius:0px 0px 0px 0px;\npadding:0px 0px 0px 0px;\n}\n<\/style>\n<div  class='flex_column av-96cqtue-0385c783704288f710b7e359ad7d6977 av_one_full  avia-builder-el-4  avia-builder-el-no-sibling  first flex_column_div av-zero-column-padding  '     ><p>\n<style type=\"text\/css\" data-created_by=\"avia_inline_auto\" id=\"style-css-av-6yfav6e-3e8491c415befd2aa582fe8a248c56b5\">\n#top .av-special-heading.av-6yfav6e-3e8491c415befd2aa582fe8a248c56b5{\npadding-bottom:10px;\n}\nbody .av-special-heading.av-6yfav6e-3e8491c415befd2aa582fe8a248c56b5 .av-special-heading-tag .heading-char{\nfont-size:25px;\n}\n.av-special-heading.av-6yfav6e-3e8491c415befd2aa582fe8a248c56b5 .av-subheading{\nfont-size:15px;\n}\n<\/style>\n<div  class='av-special-heading av-6yfav6e-3e8491c415befd2aa582fe8a248c56b5 av-special-heading-h2 blockquote modern-quote  avia-builder-el-5  el_before_av_textblock  avia-builder-el-first '><h2 class='av-special-heading-tag'  itemprop=\"headline\"  >Gebauer<\/h2><div class='av-subheading av-subheading_below'><p>Vertragspartner: Gebauer GmbH, Obere Dammstra\u00dfe 8-10, 42653 Solingen, Deutschland<\/p>\n<\/div><div class=\"special-heading-border\"><div class=\"special-heading-inner-border\"><\/div><\/div><\/div><br \/>\n<section  class='av_textblock_section av-k7esbqou-a4757df89ff41458754976dac51d859b '   itemscope=\"itemscope\" itemtype=\"https:\/\/schema.org\/CreativeWork\" ><div class='avia_textblock'  itemprop=\"text\" ><p>Download:\u00a0<a href=\"https:\/\/stage.timeline-erp.de\/wp-content\/uploads\/Gebauer-GmbH-AGB-Stand-08-2021.pdf\">Allgemeine Gesch\u00e4ftsbedingungen<\/a>\u00a0\/ <a href=\"https:\/\/stage.timeline-erp.de\/wp-content\/uploads\/Gebauer-GmbH-AGB-Stand-08-2021_en.pdf\">General Terms and Conditions<\/a><\/p>\n<\/div><\/section><\/p><\/div>\n\n<\/div><\/div><\/div><!-- close content main div --><\/div><\/div><div id='av_section_3'  class='avia-section av-czswehi-82841f9b80a64187c653dd84ffa3fc56 main_color avia-section-default avia-no-border-styling  avia-builder-el-7  el_after_av_section  avia-builder-el-last  avia-bg-style-scroll container_wrap sidebar_right'  ><div class='container av-section-cont-open' ><div class='template-page content  av-content-small alpha units'><div class='post-entry post-entry-type-page post-entry-245206'><div class='entry-content-wrapper clearfix'>\n\n<style type=\"text\/css\" data-created_by=\"avia_inline_auto\" id=\"style-css-av-96cqtue-0385c783704288f710b7e359ad7d6977\">\n.flex_column.av-96cqtue-0385c783704288f710b7e359ad7d6977{\nborder-radius:0px 0px 0px 0px;\npadding:0px 0px 0px 0px;\n}\n<\/style>\n<div  class='flex_column av-96cqtue-0385c783704288f710b7e359ad7d6977 av_one_full  avia-builder-el-8  avia-builder-el-no-sibling  first flex_column_div av-zero-column-padding  '     ><p>\n<style type=\"text\/css\" data-created_by=\"avia_inline_auto\" id=\"style-css-av-kama9mnb-a29989f391c18aba2d9378a7c099d6d4\">\n#top .av-special-heading.av-kama9mnb-a29989f391c18aba2d9378a7c099d6d4{\npadding-bottom:10px;\n}\nbody .av-special-heading.av-kama9mnb-a29989f391c18aba2d9378a7c099d6d4 .av-special-heading-tag .heading-char{\nfont-size:25px;\n}\n.av-special-heading.av-kama9mnb-a29989f391c18aba2d9378a7c099d6d4 .av-subheading{\nfont-size:15px;\n}\n<\/style>\n<div  class='av-special-heading av-kama9mnb-a29989f391c18aba2d9378a7c099d6d4 av-special-heading-h2 blockquote modern-quote  avia-builder-el-9  el_before_av_textblock  avia-builder-el-first '><h2 class='av-special-heading-tag'  itemprop=\"headline\"  >TimeLine Neo<\/h2><div class='av-subheading av-subheading_below'><p>Vertragspartner: TimeLine Neo GmbH, Obere Dammstra\u00dfe 8-10, 42653 Solingen, Deutschland<\/p>\n<\/div><div class=\"special-heading-border\"><div class=\"special-heading-inner-border\"><\/div><\/div><\/div><br \/>\n<section  class='av_textblock_section av-k7esbqou-480ef2dbb4cbcd7e6aa8a32c12740996 '   itemscope=\"itemscope\" itemtype=\"https:\/\/schema.org\/CreativeWork\" ><div class='avia_textblock'  itemprop=\"text\" ><p>Download:\u00a0<a href=\"\/wp-content\/uploads\/TimeLine-Neo-GmbH-AGB-SW-Kauf-Stand-03-2018.pdf\">Allgemeine Gesch\u00e4ftsbedingungen (Kauf)<\/a><\/p>\n<\/div><\/section><br \/>\n<section  class='av_textblock_section av-k7esbqou-a4757df89ff41458754976dac51d859b '   itemscope=\"itemscope\" itemtype=\"https:\/\/schema.org\/CreativeWork\" ><div class='avia_textblock'  itemprop=\"text\" ><p>Download: <a href=\"\/wp-content\/uploads\/TimeLine-Neo-GmbH-AGB-SW-Miete-Stand-03-2018.pdf\">Allgemeine Gesch\u00e4ftsbedingungen (Miete)<\/a><\/p>\n<\/div><\/section><\/p><\/div><\/div><\/div><\/div><!-- close content main div --><\/div><\/div><div id='after_section_3'  class='main_color av_default_container_wrap container_wrap sidebar_right'  ><div class='container av-section-cont-open' ><div class='template-page content  av-content-small alpha units'><div class='post-entry post-entry-type-page post-entry-245206'><div class='entry-content-wrapper clearfix'>\n","protected":false},"excerpt":{"rendered":"","protected":false},"author":2,"featured_media":0,"parent":0,"menu_order":0,"comment_status":"closed","ping_status":"closed","template":"","meta":{"footnotes":""},"yoast_head":"<!-- This site is optimized with the Yoast SEO plugin v22.2 - https:\/\/yoast.com\/wordpress\/plugins\/seo\/ -->\n<title>Allgemeine Gesch\u00e4ftsbedingungen - TimeLine ERP<\/title>\n<meta name=\"robots\" content=\"noindex, follow, max-snippet:-1, max-image-preview:large, max-video-preview:-1\" \/>\n<meta property=\"og:locale\" content=\"de_DE\" \/>\n<meta property=\"og:type\" content=\"article\" \/>\n<meta property=\"og:title\" content=\"Allgemeine Gesch\u00e4ftsbedingungen - TimeLine ERP\" \/>\n<meta property=\"og:url\" content=\"https:\/\/stage.timeline-erp.de\/de\/agb\/\" \/>\n<meta property=\"og:site_name\" content=\"TimeLine ERP DE\" \/>\n<meta property=\"article:modified_time\" content=\"2022-05-12T14:12:28+00:00\" \/>\n<meta name=\"twitter:card\" content=\"summary_large_image\" \/>\n<meta name=\"twitter:label1\" content=\"Gesch\u00e4tzte Lesezeit\" \/>\n\t<meta name=\"twitter:data1\" content=\"6\u00a0Minuten\" \/>\n<script type=\"application\/ld+json\" class=\"yoast-schema-graph\">{\"@context\":\"https:\/\/schema.org\",\"@graph\":[{\"@type\":\"WebPage\",\"@id\":\"https:\/\/stage.timeline-erp.de\/de\/agb\/\",\"url\":\"https:\/\/stage.timeline-erp.de\/de\/agb\/\",\"name\":\"Allgemeine Gesch\u00e4ftsbedingungen - TimeLine ERP\",\"isPartOf\":{\"@id\":\"https:\/\/stage.timeline-erp.de\/de\/#website\"},\"datePublished\":\"2020-03-05T13:31:25+00:00\",\"dateModified\":\"2022-05-12T14:12:28+00:00\",\"breadcrumb\":{\"@id\":\"https:\/\/stage.timeline-erp.de\/de\/agb\/#breadcrumb\"},\"inLanguage\":\"de\",\"potentialAction\":[{\"@type\":\"ReadAction\",\"target\":[\"https:\/\/stage.timeline-erp.de\/de\/agb\/\"]}]},{\"@type\":\"BreadcrumbList\",\"@id\":\"https:\/\/stage.timeline-erp.de\/de\/agb\/#breadcrumb\",\"itemListElement\":[{\"@type\":\"ListItem\",\"position\":1,\"name\":\"Startseite\",\"item\":\"https:\/\/stage.timeline-erp.de\/de\/startseite\/\"},{\"@type\":\"ListItem\",\"position\":2,\"name\":\"Allgemeine Gesch\u00e4ftsbedingungen\"}]},{\"@type\":\"WebSite\",\"@id\":\"https:\/\/stage.timeline-erp.de\/de\/#website\",\"url\":\"https:\/\/stage.timeline-erp.de\/de\/\",\"name\":\"TimeLine ERP DE\",\"description\":\"ERP, PPS, QS, CRM, MES, FIBU in einem System\",\"potentialAction\":[{\"@type\":\"SearchAction\",\"target\":{\"@type\":\"EntryPoint\",\"urlTemplate\":\"https:\/\/stage.timeline-erp.de\/de\/?s={search_term_string}\"},\"query-input\":\"required name=search_term_string\"}],\"inLanguage\":\"de\"}]}<\/script>\n<!-- \/ Yoast SEO plugin. -->","yoast_head_json":{"title":"Allgemeine Gesch\u00e4ftsbedingungen - TimeLine ERP","robots":{"index":"noindex","follow":"follow","max-snippet":"max-snippet:-1","max-image-preview":"max-image-preview:large","max-video-preview":"max-video-preview:-1"},"og_locale":"de_DE","og_type":"article","og_title":"Allgemeine Gesch\u00e4ftsbedingungen - TimeLine ERP","og_url":"https:\/\/stage.timeline-erp.de\/de\/agb\/","og_site_name":"TimeLine ERP DE","article_modified_time":"2022-05-12T14:12:28+00:00","twitter_card":"summary_large_image","twitter_misc":{"Gesch\u00e4tzte Lesezeit":"6\u00a0Minuten"},"schema":{"@context":"https:\/\/schema.org","@graph":[{"@type":"WebPage","@id":"https:\/\/stage.timeline-erp.de\/de\/agb\/","url":"https:\/\/stage.timeline-erp.de\/de\/agb\/","name":"Allgemeine Gesch\u00e4ftsbedingungen - TimeLine ERP","isPartOf":{"@id":"https:\/\/stage.timeline-erp.de\/de\/#website"},"datePublished":"2020-03-05T13:31:25+00:00","dateModified":"2022-05-12T14:12:28+00:00","breadcrumb":{"@id":"https:\/\/stage.timeline-erp.de\/de\/agb\/#breadcrumb"},"inLanguage":"de","potentialAction":[{"@type":"ReadAction","target":["https:\/\/stage.timeline-erp.de\/de\/agb\/"]}]},{"@type":"BreadcrumbList","@id":"https:\/\/stage.timeline-erp.de\/de\/agb\/#breadcrumb","itemListElement":[{"@type":"ListItem","position":1,"name":"Startseite","item":"https:\/\/stage.timeline-erp.de\/de\/startseite\/"},{"@type":"ListItem","position":2,"name":"Allgemeine Gesch\u00e4ftsbedingungen"}]},{"@type":"WebSite","@id":"https:\/\/stage.timeline-erp.de\/de\/#website","url":"https:\/\/stage.timeline-erp.de\/de\/","name":"TimeLine ERP DE","description":"ERP, PPS, QS, CRM, MES, FIBU in einem System","potentialAction":[{"@type":"SearchAction","target":{"@type":"EntryPoint","urlTemplate":"https:\/\/stage.timeline-erp.de\/de\/?s={search_term_string}"},"query-input":"required name=search_term_string"}],"inLanguage":"de"}]}},"_links":{"self":[{"href":"https:\/\/stage.timeline-erp.de\/de\/wp-json\/wp\/v2\/pages\/245206"}],"collection":[{"href":"https:\/\/stage.timeline-erp.de\/de\/wp-json\/wp\/v2\/pages"}],"about":[{"href":"https:\/\/stage.timeline-erp.de\/de\/wp-json\/wp\/v2\/types\/page"}],"author":[{"embeddable":true,"href":"https:\/\/stage.timeline-erp.de\/de\/wp-json\/wp\/v2\/users\/2"}],"replies":[{"embeddable":true,"href":"https:\/\/stage.timeline-erp.de\/de\/wp-json\/wp\/v2\/comments?post=245206"}],"version-history":[{"count":0,"href":"https:\/\/stage.timeline-erp.de\/de\/wp-json\/wp\/v2\/pages\/245206\/revisions"}],"wp:attachment":[{"href":"https:\/\/stage.timeline-erp.de\/de\/wp-json\/wp\/v2\/media?parent=245206"}],"curies":[{"name":"wp","href":"https:\/\/api.w.org\/{rel}","templated":true}]}}