{"id":245983,"date":"2020-03-20T14:00:54","date_gmt":"2020-03-20T13:00:54","guid":{"rendered":"https:\/\/www.timeline-erp.de\/?page_id=245983"},"modified":"2020-09-11T12:46:36","modified_gmt":"2020-09-11T10:46:36","slug":"datenschutz-informationspflichten-gem-art-14-dsgvo","status":"publish","type":"page","link":"https:\/\/stage.timeline-erp.de\/de\/datenschutz\/datenschutz-informationspflichten-gem-art-14-dsgvo\/","title":{"rendered":"Datenschutz-Informationspflichten gem. Art. 14 DSGVO"},"content":{"rendered":"<section  class='av_textblock_section av-k806x83u-2565956efe0085ad41e322a0b130fa34 '   itemscope=\"itemscope\" itemtype=\"https:\/\/schema.org\/CreativeWork\" ><div class='avia_textblock'  itemprop=\"text\" ><h1>Datenschutz-Informationspflichten gem. Art. 14 DSGVO<\/h1>\n<p>Im Zusammenhang mit dem Vertrieb unserer Produkte \u00fcber die Unternehmensplattform timeline-erp.de, wurden Ihre personenbezogenen Daten erhoben. Bitte beachten Sie dazu nachstehende Datenschutzhinweise:<\/p>\n<p><strong>Name und Kontaktdaten (des Verantwortlichen):<\/strong><\/p>\n<p>Gebauer GmbH, Obere Dammstra\u00dfe 8-10, 42653 Solingen<\/p>\n<p><strong>Kontaktdaten des Datenschutzbeauftragten:<\/strong><\/p>\n<p>Lutz Ressmann, datenschutz(at)timeline-erp.de (Postanschrift siehe oben)<\/p>\n<p><strong>Zwecke, Kategorien und Rechtsgrundlagen der Datenverarbeitung:<\/strong><\/p>\n<p>Wenn wir Daten von Ihnen erhalten haben, dann werden wir diese grunds\u00e4tzlich nur f\u00fcr die Zwecke verarbeiten, f\u00fcr die wir sie erhalten oder erhoben haben.<\/p>\n<p>Wir verarbeiten nur pD, die f\u00fcr den Vertrieb unserer Produkte sowie Service\/Wartung zwingend erforderlich sind. Dies sind im Wesentlichen Kontaktdaten, wie Name, (Firmen)-Anschrift, Tel.-Nr., E-Mail.<\/p>\n<p>Eine Datenverarbeitung zu anderen Zwecken kommt nur dann in Betracht, wenn die insoweit erforderlichen rechtlichen Vorgaben gem\u00e4\u00df Art. 6 Abs. 4 DSGVO vorliegen. Etwaige Informationspflichten nach Art. 13 Abs. 3 DSGVO und Art. 14 Abs. 4 DSGVO werden wir in dem Fall selbstverst\u00e4ndlich beachten.<\/p>\n<p>Rechtsgrundlage f\u00fcr die Verarbeitung von personenbezogenen Daten ist grunds\u00e4tzlich \u2013 soweit es nicht noch spezifischere Rechtsvorschriften gibt \u2013 Art. 6 DSGVO. Hier kommen insbesondere folgende M\u00f6glichkeiten in Betracht:<\/p>\n<ul>\n<li>Einwilligung (Art. 6 Abs. 1 lit. a) DSGVO)<\/li>\n<li>Datenverarbeitung zur Erf\u00fcllung von Vertr\u00e4gen (Art. 6 Abs. 1 lit. b) DSGVO<\/li>\n<li>Datenverarbeitung auf Basis einer Interessenabw\u00e4gung (Art. 6 Abs. 1 lit. f) DSGVO)<\/li>\n<li>Datenverarbeitung zur Erf\u00fcllung einer rechtlichen Verpflichtung (Art. 6 Abs. 1 lit. c) DSGVO)<\/li>\n<\/ul>\n<p>Wenn personenbezogene Daten auf Grundlage einer Einwilligung von Ihnen verarbeitet werden, haben Sie das Recht, die Einwilligung jederzeit mit Wirkung f\u00fcr die Zukunft uns gegen\u00fcber zu widerrufen.<\/p>\n<p><strong>Empf\u00e4nger der Daten:<\/strong><\/p>\n<p>&#8211; Unternehmensinterne Abteilungen, besonders Buchhaltung, Personal, Einkauf, Vertrieb, verbundene Unternehmen der TimeLine Business Solutions Group (timeline-erp)<\/p>\n<p><strong>\u00dcbermittlung in Drittl\u00e4nder:<\/strong><\/p>\n<p>&#8211; z.Z. nicht geplant<\/p>\n<p><strong>Speicherdauer der Daten:<\/strong><\/p>\n<p>Wir verarbeiten die Daten, solange dies f\u00fcr den jeweiligen Zweck erforderlich ist.<\/p>\n<p>Soweit gesetzliche Aufbewahrungspflichten bestehen \u2013 z.B. im Handelsrecht oder Steuerrecht \u2013 werden die betreffenden personenbezogenen Daten f\u00fcr die Dauer der Aufbewahrungspflicht gespeichert. Nach Ablauf der Aufbewahrungspflicht wird gepr\u00fcft, ob eine weitere Erforderlichkeit f\u00fcr die Verarbeitung vorliegt. Liegt eine Erforderlichkeit nicht mehr vor, werden die Daten gel\u00f6scht.<\/p>\n<p>Grunds\u00e4tzlich nehmen wir gegen Ende eines Kalenderjahres eine Pr\u00fcfung von Daten im Hinblick auf das Erfordernis einer weiteren Verarbeitung vor. Aufgrund der Menge der Daten erfolgt diese Pr\u00fcfung im Hinblick auf spezifische Datenarten oder Zwecke einer Verarbeitung.<\/p>\n<p>Selbstverst\u00e4ndlich k\u00f6nnen Sie jederzeit (s.u.) Auskunft \u00fcber die bei uns zu Ihrer Person gespeicherten Daten verlangen und im Falle einer nicht bestehenden Erforderlichkeit eine L\u00f6schung der Daten oder Einschr\u00e4nkung der Verarbeitung verlangen.<\/p>\n<p><strong>Recht auf Auskunft, Berichtigung, L\u00f6schung, Einschr\u00e4nkung der Verarbeitung:<\/strong><\/p>\n<p>Kunden, Lieferanten und Mitarbeiter haben das Recht auf Auskunft, Berichtigung und L\u00f6schung oder Einschr\u00e4nkung der Verarbeitung \u00fcber die bei uns gespeicherten personenbezogenen Daten. Die L\u00f6schung erfolgt, wenn keine Aufbewahrungspflichten bestehen. Solange die Aufbewahrungspflichten bestehen, kann eine Einschr\u00e4nkung der Verarbeitung vorgenommen werden.<\/p>\n<p><strong>Recht auf Widerspruch, Daten\u00fcbertragbarkeit und Widerruf einer Einwilligung:<\/strong><\/p>\n<p>Kunden, Lieferanten und Mitarbeiter haben das Recht auf Widerspruch gegen die Verarbeitung und das Recht auf Daten\u00fcbertragbarkeit. Sofern die Verarbeitung auf der Einwilligung beruht, wie im Falle der Einwilligung zur Kontaktaufnahme per Email, kann diese Einwilligung jederzeit mit Wirkung f\u00fcr die Zukunft widerrufen werden.<\/p>\n<p><strong>Beschwerderecht bei der Aufsichtsbeh\u00f6rde:<\/strong><\/p>\n<p>Kunden, Lieferanten und Mitarbeiter haben das Recht, sich bei der f\u00fcr sie zust\u00e4ndigen Aufsichtsbeh\u00f6rde zu beschweren. Die Kontaktdaten der f\u00fcr uns zust\u00e4ndigen Aufsichtsbeh\u00f6rde lauten:<\/p>\n<p>LDI Landesbeauftragte\/r f\u00fcr Datenschutz und Informationsfreiheit Nordrhein-Westfalen, Postfach 20 04 44, 40102 D\u00fcsseldorf, Tel.: 0211\/38424-0, <a href=\"mailto:poststelle@ldi.nrw.de\">poststelle@ldi.nrw.de<\/a><\/p>\n<p><strong>Erforderlichkeit der Datenbereitstellung:<\/strong><\/p>\n<p>Die Bereitstellung personenbezogener Daten ist erforderlich, um die Gesch\u00e4ftsbeziehung ausf\u00fchren zu k\u00f6nnen. Bei Nichtbereitstellung der Daten kann die Kundenpflege und Nachsorge in Teilen oder vollst\u00e4ndig unm\u00f6glich sein. Sie ist auch allgemein erforderlich zur Erf\u00fcllung unternehmerischer Aufgaben und Prozesssteuerung.<\/p>\n<p>Eine automatisierte Entscheidungsfindung einschlie\u00dflich Profiling wird in diesem Zusammenhang nicht durchgef\u00fchrt.<\/p>\n<p><strong>Quelle der Daten:<\/strong><\/p>\n<p>Ihre Daten wurden erhoben bei\/stammen von der Plattform timeline-erp der Gebauer Unternehmensgruppe. Diese besteht aus nachfolgen aufgef\u00fchrten Unternehmen:<\/p>\n<p><strong>Gebauer GmbH<br \/><\/strong>Obere Dammstra\u00dfe 8-10<br \/>42653 Solingen<br \/>Deutschland<br \/>Tel. +49 212 230 35 0<br \/>Fax +49 212 230 354 5<br \/>E-Mail <a href=\"mailto:info@timeline.de\">info@timeline.de<\/a><span class=\"Apple-converted-space\">\u00a0<\/span><\/p>\n<p><strong>TimeLine Neo GmbH<br \/><\/strong>Obere Dammstra\u00dfe 8 \u2013 10<br \/>42653 Solingen<br \/>Deutschland<br \/>Tel. +49 212 230 35 35 470<br \/>Fax. +49 212 230 35 45<br \/>E-Mail <a href=\"mailto:neo@timeline.de\">neo@timeline.de<\/a><span class=\"Apple-converted-space\">\u00a0<\/span><\/p>\n<p><b>TimeLine Financials GmbH und Co. KG<br \/><\/b><b>OT Bretnig<br \/><\/b>Weststra\u00dfe 5<br \/>01900 Gro\u00dfr\u00f6hrsdorf<br \/>Deutschland<br \/>Tel. +49 35952 341 0<br \/>Fax +49 35952 341 22<br \/>E-Mail <a href=\"mailto:info@tlfi.de\">info@tlfi.de<\/a><span class=\"Apple-converted-space\">\u00a0<\/span><\/p>\n<p><b>TimeLine Consulting GmbH und Co.KG<br \/><\/b>Zeppelinstr. 4<br \/>79331 Teningen Nimburg<br \/>Deutschland<br \/>Tel. +49 7663 60 878 0<br \/>Fax +49 7663 60 878 29<br \/>E-Mail <a href=\"mailto:info@timeline-consulting.info\">info@timeline-consulting.info<\/a><span class=\"Apple-converted-space\">\u00a0<\/span><\/p>\n<p><b>TimeLine Consulting GmbH und Co. KG<br \/><\/b>\u00c4u\u00dfere N\u00fcrnberger Stra\u00dfe 62<br \/>91301 Forchheim<br \/>Deutschland<br \/>Tel. +49 9191 97 78 07 20<br \/>Fax +49 9191 97 78 07 50<br \/>E-Mail <a href=\"mailto:info@tlcn.de\">info@tlcn.de<\/a><span class=\"Apple-converted-space\">\u00a0<\/span><\/p>\n<p><b>TimeLine Competence Partners GmbH<br \/><\/b>Merzhauserstra\u00dfe 183<br \/>79100 Freiburg<br \/>Deutschland<br \/>Tel. +49 761 769 943 00<br \/>E-Mail <a href=\"mailto:tlcp@timeline.de\">tlcp@timeline.de<\/a><span class=\"Apple-converted-space\">\u00a0<\/span><\/p>\n<p><b>S.C. TimeLine Consulting S.R.L.<br \/><\/b>Gimnasticii 9<br \/>550172 Sibiu<br \/>Rum\u00e4nien<br \/>Tel. +40 269 213 942<br \/>Fax +40 369 801 833<br \/>E-Mail <a href=\"mailto:sibiu@timeline.ro\">sibiu@timeline.ro<\/a><span class=\"Apple-converted-space\">\u00a0<\/span><\/p>\n<p><b>TimeLine Business Systems, k.s.<br \/><\/b>N\u00e1mestie Slovensk\u00e9ho povstania 5<br \/>90031 Stupava<br \/>Slowakei<br \/>Tel. +421 918 800 902<br \/>E-Mail sk@timeline.sk<\/p>\n<p>Stand 01.03.2020<\/p>\n<\/div><\/section>\n","protected":false},"excerpt":{"rendered":"","protected":false},"author":2,"featured_media":0,"parent":1546,"menu_order":0,"comment_status":"closed","ping_status":"closed","template":"","meta":{"footnotes":""},"yoast_head":"<!-- This site is optimized with the Yoast SEO plugin v22.2 - https:\/\/yoast.com\/wordpress\/plugins\/seo\/ -->\n<title>Datenschutz-Informationspflichten gem. Art. 14 DSGVO - TimeLine ERP DE<\/title>\n<meta name=\"robots\" content=\"noindex, follow, max-snippet:-1, max-image-preview:large, max-video-preview:-1\" \/>\n<meta property=\"og:locale\" content=\"de_DE\" \/>\n<meta property=\"og:type\" content=\"article\" \/>\n<meta property=\"og:title\" content=\"Datenschutz-Informationspflichten gem. Art. 14 DSGVO - TimeLine ERP DE\" \/>\n<meta property=\"og:url\" content=\"https:\/\/stage.timeline-erp.de\/de\/datenschutz\/datenschutz-informationspflichten-gem-art-14-dsgvo\/\" \/>\n<meta property=\"og:site_name\" content=\"TimeLine ERP DE\" \/>\n<meta property=\"article:modified_time\" content=\"2020-09-11T10:46:36+00:00\" \/>\n<meta name=\"twitter:card\" content=\"summary_large_image\" \/>\n<meta name=\"twitter:label1\" content=\"Gesch\u00e4tzte Lesezeit\" \/>\n\t<meta name=\"twitter:data1\" content=\"4\u00a0Minuten\" \/>\n<script type=\"application\/ld+json\" class=\"yoast-schema-graph\">{\"@context\":\"https:\/\/schema.org\",\"@graph\":[{\"@type\":\"WebPage\",\"@id\":\"https:\/\/stage.timeline-erp.de\/de\/datenschutz\/datenschutz-informationspflichten-gem-art-14-dsgvo\/\",\"url\":\"https:\/\/stage.timeline-erp.de\/de\/datenschutz\/datenschutz-informationspflichten-gem-art-14-dsgvo\/\",\"name\":\"Datenschutz-Informationspflichten gem. Art. 14 DSGVO - TimeLine ERP DE\",\"isPartOf\":{\"@id\":\"https:\/\/stage.timeline-erp.de\/de\/#website\"},\"datePublished\":\"2020-03-20T13:00:54+00:00\",\"dateModified\":\"2020-09-11T10:46:36+00:00\",\"breadcrumb\":{\"@id\":\"https:\/\/stage.timeline-erp.de\/de\/datenschutz\/datenschutz-informationspflichten-gem-art-14-dsgvo\/#breadcrumb\"},\"inLanguage\":\"de\",\"potentialAction\":[{\"@type\":\"ReadAction\",\"target\":[\"https:\/\/stage.timeline-erp.de\/de\/datenschutz\/datenschutz-informationspflichten-gem-art-14-dsgvo\/\"]}]},{\"@type\":\"BreadcrumbList\",\"@id\":\"https:\/\/stage.timeline-erp.de\/de\/datenschutz\/datenschutz-informationspflichten-gem-art-14-dsgvo\/#breadcrumb\",\"itemListElement\":[{\"@type\":\"ListItem\",\"position\":1,\"name\":\"Startseite\",\"item\":\"https:\/\/stage.timeline-erp.de\/de\/startseite\/\"},{\"@type\":\"ListItem\",\"position\":2,\"name\":\"Datenschutz\",\"item\":\"https:\/\/stage.timeline-erp.de\/de\/datenschutz\/\"},{\"@type\":\"ListItem\",\"position\":3,\"name\":\"Datenschutz-Informationspflichten gem. Art. 14 DSGVO\"}]},{\"@type\":\"WebSite\",\"@id\":\"https:\/\/stage.timeline-erp.de\/de\/#website\",\"url\":\"https:\/\/stage.timeline-erp.de\/de\/\",\"name\":\"TimeLine ERP DE\",\"description\":\"ERP, PPS, QS, CRM, MES, FIBU in einem System\",\"potentialAction\":[{\"@type\":\"SearchAction\",\"target\":{\"@type\":\"EntryPoint\",\"urlTemplate\":\"https:\/\/stage.timeline-erp.de\/de\/?s={search_term_string}\"},\"query-input\":\"required name=search_term_string\"}],\"inLanguage\":\"de\"}]}<\/script>\n<!-- \/ Yoast SEO plugin. -->","yoast_head_json":{"title":"Datenschutz-Informationspflichten gem. Art. 14 DSGVO - TimeLine ERP DE","robots":{"index":"noindex","follow":"follow","max-snippet":"max-snippet:-1","max-image-preview":"max-image-preview:large","max-video-preview":"max-video-preview:-1"},"og_locale":"de_DE","og_type":"article","og_title":"Datenschutz-Informationspflichten gem. Art. 14 DSGVO - TimeLine ERP DE","og_url":"https:\/\/stage.timeline-erp.de\/de\/datenschutz\/datenschutz-informationspflichten-gem-art-14-dsgvo\/","og_site_name":"TimeLine ERP DE","article_modified_time":"2020-09-11T10:46:36+00:00","twitter_card":"summary_large_image","twitter_misc":{"Gesch\u00e4tzte Lesezeit":"4\u00a0Minuten"},"schema":{"@context":"https:\/\/schema.org","@graph":[{"@type":"WebPage","@id":"https:\/\/stage.timeline-erp.de\/de\/datenschutz\/datenschutz-informationspflichten-gem-art-14-dsgvo\/","url":"https:\/\/stage.timeline-erp.de\/de\/datenschutz\/datenschutz-informationspflichten-gem-art-14-dsgvo\/","name":"Datenschutz-Informationspflichten gem. Art. 14 DSGVO - TimeLine ERP DE","isPartOf":{"@id":"https:\/\/stage.timeline-erp.de\/de\/#website"},"datePublished":"2020-03-20T13:00:54+00:00","dateModified":"2020-09-11T10:46:36+00:00","breadcrumb":{"@id":"https:\/\/stage.timeline-erp.de\/de\/datenschutz\/datenschutz-informationspflichten-gem-art-14-dsgvo\/#breadcrumb"},"inLanguage":"de","potentialAction":[{"@type":"ReadAction","target":["https:\/\/stage.timeline-erp.de\/de\/datenschutz\/datenschutz-informationspflichten-gem-art-14-dsgvo\/"]}]},{"@type":"BreadcrumbList","@id":"https:\/\/stage.timeline-erp.de\/de\/datenschutz\/datenschutz-informationspflichten-gem-art-14-dsgvo\/#breadcrumb","itemListElement":[{"@type":"ListItem","position":1,"name":"Startseite","item":"https:\/\/stage.timeline-erp.de\/de\/startseite\/"},{"@type":"ListItem","position":2,"name":"Datenschutz","item":"https:\/\/stage.timeline-erp.de\/de\/datenschutz\/"},{"@type":"ListItem","position":3,"name":"Datenschutz-Informationspflichten gem. Art. 14 DSGVO"}]},{"@type":"WebSite","@id":"https:\/\/stage.timeline-erp.de\/de\/#website","url":"https:\/\/stage.timeline-erp.de\/de\/","name":"TimeLine ERP DE","description":"ERP, PPS, QS, CRM, MES, FIBU in einem System","potentialAction":[{"@type":"SearchAction","target":{"@type":"EntryPoint","urlTemplate":"https:\/\/stage.timeline-erp.de\/de\/?s={search_term_string}"},"query-input":"required name=search_term_string"}],"inLanguage":"de"}]}},"_links":{"self":[{"href":"https:\/\/stage.timeline-erp.de\/de\/wp-json\/wp\/v2\/pages\/245983"}],"collection":[{"href":"https:\/\/stage.timeline-erp.de\/de\/wp-json\/wp\/v2\/pages"}],"about":[{"href":"https:\/\/stage.timeline-erp.de\/de\/wp-json\/wp\/v2\/types\/page"}],"author":[{"embeddable":true,"href":"https:\/\/stage.timeline-erp.de\/de\/wp-json\/wp\/v2\/users\/2"}],"replies":[{"embeddable":true,"href":"https:\/\/stage.timeline-erp.de\/de\/wp-json\/wp\/v2\/comments?post=245983"}],"version-history":[{"count":0,"href":"https:\/\/stage.timeline-erp.de\/de\/wp-json\/wp\/v2\/pages\/245983\/revisions"}],"up":[{"embeddable":true,"href":"https:\/\/stage.timeline-erp.de\/de\/wp-json\/wp\/v2\/pages\/1546"}],"wp:attachment":[{"href":"https:\/\/stage.timeline-erp.de\/de\/wp-json\/wp\/v2\/media?parent=245983"}],"curies":[{"name":"wp","href":"https:\/\/api.w.org\/{rel}","templated":true}]}}