{"id":247615,"date":"2020-08-27T15:50:36","date_gmt":"2020-08-27T13:50:36","guid":{"rendered":"https:\/\/www.timeline-erp.de\/impressum\/"},"modified":"2023-07-18T11:39:17","modified_gmt":"2023-07-18T09:39:17","slug":"impressum","status":"publish","type":"page","link":"https:\/\/stage.timeline-erp.de\/de\/impressum\/","title":{"rendered":"Impressum"},"content":{"rendered":"<div id='av_section_1'  class='avia-section av-iswlph-4c60b78559d451729b03c1c76e975280 main_color avia-section-large avia-no-border-styling  avia-builder-el-0  avia-builder-el-no-sibling  avia-bg-style-scroll container_wrap sidebar_right'  ><div class='container av-section-cont-open' ><main  role=\"main\" itemprop=\"mainContentOfPage\"  class='template-page content  av-content-small alpha units'><div class='post-entry post-entry-type-page post-entry-247615'><div class='entry-content-wrapper clearfix'>\n\n<style type=\"text\/css\" data-created_by=\"avia_inline_auto\" id=\"style-css-av-3kvisl-058a612c529ec894c747896607374861\">\n.flex_column.av-3kvisl-058a612c529ec894c747896607374861{\nborder-radius:0px 0px 0px 0px;\npadding:0px 0px 0px 0px;\n}\n<\/style>\n<div  class='flex_column av-3kvisl-058a612c529ec894c747896607374861 av_one_full  avia-builder-el-1  el_before_av_one_half  avia-builder-el-first  first flex_column_div av-zero-column-padding  '     ><p>\n<style type=\"text\/css\" data-created_by=\"avia_inline_auto\" id=\"style-css-av-2lxt0l-4d6e0134ff0b9864e25dd252781b0bc3\">\n#top .av-special-heading.av-2lxt0l-4d6e0134ff0b9864e25dd252781b0bc3{\npadding-bottom:20px;\nfont-size:40px;\n}\nbody .av-special-heading.av-2lxt0l-4d6e0134ff0b9864e25dd252781b0bc3 .av-special-heading-tag .heading-char{\nfont-size:25px;\n}\n#top #wrap_all .av-special-heading.av-2lxt0l-4d6e0134ff0b9864e25dd252781b0bc3 .av-special-heading-tag{\nfont-size:40px;\n}\n.av-special-heading.av-2lxt0l-4d6e0134ff0b9864e25dd252781b0bc3 .av-subheading{\nfont-size:15px;\n}\n\n@media only screen and (min-width: 480px) and (max-width: 767px){ \n#top #wrap_all .av-special-heading.av-2lxt0l-4d6e0134ff0b9864e25dd252781b0bc3 .av-special-heading-tag{\nfont-size:0.8em;\n}\n}\n\n@media only screen and (max-width: 479px){ \n#top #wrap_all .av-special-heading.av-2lxt0l-4d6e0134ff0b9864e25dd252781b0bc3 .av-special-heading-tag{\nfont-size:0.8em;\n}\n}\n<\/style>\n<div  class='av-special-heading av-2lxt0l-4d6e0134ff0b9864e25dd252781b0bc3 av-special-heading-h2 blockquote modern-quote  avia-builder-el-2  el_before_av_textblock  avia-builder-el-first  av-inherit-size'><h2 class='av-special-heading-tag'  itemprop=\"headline\"  >Impressum<\/h2><div class=\"special-heading-border\"><div class=\"special-heading-inner-border\"><\/div><\/div><\/div><br \/>\n<section  class='av_textblock_section av-fonblh-8727af250e8500e45074cbe49c086625 '   itemscope=\"itemscope\" itemtype=\"https:\/\/schema.org\/CreativeWork\" ><div class='avia_textblock'  itemprop=\"text\" ><h1><span style=\"font-size: 16px;\">Dieses Impressum gilt auch f\u00fcr unsere Facebook-Seite:<\/span><\/h1>\n<p><a href=\"https:\/\/www.facebook.com\/TLBSGroup\">https:\/\/www.facebook.com\/TLBSGroup<\/a><\/p>\n<h2>Angaben gem\u00e4\u00df \u00a7 5 TMG<\/h2>\n<\/div><\/section><\/p><\/div>\n<style type=\"text\/css\" data-created_by=\"avia_inline_auto\" id=\"style-css-av-bzqq85-f3459dcd608308274081565be08f3673\">\n.flex_column.av-bzqq85-f3459dcd608308274081565be08f3673{\nborder-radius:0px 0px 0px 0px;\npadding:20px 0px 0px 0px;\n}\n<\/style>\n<div  class='flex_column av-bzqq85-f3459dcd608308274081565be08f3673 av_one_half  avia-builder-el-4  el_after_av_one_full  el_before_av_one_half  first flex_column_div  column-top-margin'     ><section  class='av_textblock_section av-a5u1k5-00180e23cad000991f8a738ad1ede749 '   itemscope=\"itemscope\" itemtype=\"https:\/\/schema.org\/CreativeWork\" ><div class='avia_textblock'  itemprop=\"text\" ><h3><strong>Gebauer GmbH<\/strong><\/h3>\n<p>Obere Dammstra\u00dfe 8 \u2013 10<br \/>\n42653 Solingen<br \/>\nDeutschland<\/p>\n<h3>Gesch\u00e4ftsf\u00fchrung<\/h3>\n<p>Boris Gebauer<br \/>\nDustin Klein<\/p>\n<h3>Kontakt<\/h3>\n<p>E-Mail: <a href=\"mailto:info@timeline.de\">info@timeline.de<\/a><br \/>\nTelefon:\u00a0+49 212 230 35 0<br \/>\nTelefax: +49 212 230 35 45<\/p>\n<\/div><\/section><\/div>\n<style type=\"text\/css\" data-created_by=\"avia_inline_auto\" id=\"style-css-av-uri0l-78cfc84f4c979ee4d0db9bfc867a93a4\">\n.flex_column.av-uri0l-78cfc84f4c979ee4d0db9bfc867a93a4{\nborder-radius:0px 0px 0px 0px;\npadding:0px 0px 0px 0px;\n}\n<\/style>\n<div  class='flex_column av-uri0l-78cfc84f4c979ee4d0db9bfc867a93a4 av_one_half  avia-builder-el-6  el_after_av_one_half  el_before_av_hr  flex_column_div av-zero-column-padding  column-top-margin'     ><section  class='av_textblock_section av-ornyd-3afaae68982758e35c3760a55afd45c2 '   itemscope=\"itemscope\" itemtype=\"https:\/\/schema.org\/CreativeWork\" ><div class='avia_textblock'  itemprop=\"text\" ><h3><\/h3>\n<h3>Registereintrag<\/h3>\n<p>Registergericht: Amtsgericht Wuppertal<br \/>\nRegisternummer: HRB 15111<\/p>\n<h3>Umsatzsteuer-ID<\/h3>\n<p>Umsatzsteuer-Identifikationsnummer gem\u00e4\u00df \u00a727 a Umsatzsteuergesetz:<br \/>\nDE120958132<\/p>\n<\/div><\/section><\/div>\n<style type=\"text\/css\" data-created_by=\"avia_inline_auto\" id=\"style-css-av-5ptl0l-49829c745eb5d75fc6eccfb68032a458\">\n#top .hr.av-5ptl0l-49829c745eb5d75fc6eccfb68032a458{\nmargin-top:10px;\nmargin-bottom:10px;\n}\n.hr.av-5ptl0l-49829c745eb5d75fc6eccfb68032a458 .hr-inner{\nwidth:50px;\nborder-color:#000000;\n}\n<\/style>\n<div  class='hr av-5ptl0l-49829c745eb5d75fc6eccfb68032a458 hr-custom  avia-builder-el-8  el_after_av_one_half  el_before_av_one_full  hr-left hr-icon-no'><span class='hr-inner inner-border-av-border-fat'><span class=\"hr-inner-style\"><\/span><\/span><\/div>\n\n<style type=\"text\/css\" data-created_by=\"avia_inline_auto\" id=\"style-css-av-4sz3kl-d59a646803ce82c5f666db79f95c6b70\">\n.flex_column.av-4sz3kl-d59a646803ce82c5f666db79f95c6b70{\nborder-radius:0px 0px 0px 0px;\npadding:20px 0px 0px 0px;\n}\n<\/style>\n<div  class='flex_column av-4sz3kl-d59a646803ce82c5f666db79f95c6b70 av_one_full  avia-builder-el-9  el_after_av_hr  avia-builder-el-last  first flex_column_div  '     ><section  class='av_textblock_section av-337dk5-d9f9a408d4c23eebdf0ce3fb71c626f1 '   itemscope=\"itemscope\" itemtype=\"https:\/\/schema.org\/CreativeWork\" ><div class='avia_textblock'  itemprop=\"text\" ><h2>Haftungsausschluss<\/h2>\n<h4>Haftung f\u00fcr Inhalte<\/h4>\n<p>Die Inhalte unserer Seiten wurden mit gr\u00f6\u00dfter Sorgfalt erstellt. F\u00fcr die Richtigkeit, Vollst\u00e4ndigkeit und Aktualit\u00e4t der Inhalte k\u00f6nnen wir jedoch keine Gew\u00e4hr \u00fcbernehmen. Als Diensteanbieter sind wir gem\u00e4\u00df \u00a7 7 Abs.1 TMG f\u00fcr eigene Inhalte auf diesen Seiten nach den allgemeinen Gesetzen verantwortlich. Nach \u00a7\u00a7 8 bis 10 TMG sind wir als Diensteanbieter jedoch nicht verpflichtet, \u00fcbermittelte oder gespeicherte fremde Informationen zu \u00fcberwachen oder nach Umst\u00e4nden zu forschen, die auf eine rechtswidrige T\u00e4tigkeit hinweisen. Verpflichtungen zur Entfernung oder Sperrung der Nutzung von Informationen nach den allgemeinen Gesetzen bleiben hiervon unber\u00fchrt. Eine diesbez\u00fcgliche Haftung ist jedoch erst ab dem Zeitpunkt der Kenntnis einer konkreten Rechtsverletzung m\u00f6glich. Bei Bekanntwerden von entsprechenden Rechtsverletzungen werden wir diese Inhalte umgehend entfernen.<\/p>\n<h4>Haftung f\u00fcr Links<\/h4>\n<p>Unser Angebot enth\u00e4lt Links zu externen Webseiten Dritter, auf deren Inhalte wir keinen Einfluss haben. Deshalb k\u00f6nnen wir f\u00fcr diese fremden Inhalte auch keine Gew\u00e4hr \u00fcbernehmen. F\u00fcr die Inhalte der verlinkten Seiten ist stets der jeweilige Anbieter oder Betreiber der Seiten verantwortlich. Die verlinkten Seiten wurden zum Zeitpunkt der Verlinkung auf m\u00f6gliche Rechtsverst\u00f6\u00dfe \u00fcberpr\u00fcft. Rechtswidrige Inhalte waren zum Zeitpunkt der Verlinkung nicht erkennbar. Eine permanente inhaltliche Kontrolle der verlinkten Seiten ist jedoch ohne konkrete Anhaltspunkte einer Rechtsverletzung nicht zumutbar. Bei Bekanntwerden von Rechtsverletzungen werden wir derartige Links umgehend entfernen.<\/p>\n<h4>Urheberrecht<\/h4>\n<p>Die durch die Seitenbetreiber erstellten Inhalte und Werke auf diesen Seiten unterliegen dem deutschen Urheberrecht. Die Vervielf\u00e4ltigung, Bearbeitung, Verbreitung und jede Art der Verwertung au\u00dferhalb der Grenzen des Urheberrechtes bed\u00fcrfen der schriftlichen Zustimmung des jeweiligen Autors bzw. Erstellers. Downloads und Kopien dieser Seite sind nur f\u00fcr den privaten, nicht kommerziellen Gebrauch gestattet. Soweit die Inhalte auf dieser Seite nicht vom Betreiber erstellt wurden, werden die Urheberrechte Dritter beachtet. Insbesondere werden Inhalte Dritter als solche gekennzeichnet. Sollten Sie trotzdem auf eine Urheberrechtsverletzung aufmerksam werden, bitten wir um einen entsprechenden Hinweis. Bei Bekanntwerden von Rechtsverletzungen werden wir derartige Inhalte umgehend entfernen.<\/p>\n<\/div><\/section><\/div><\/div><\/div><\/main><!-- close content main element --><\/div><\/div><div id='after_section_1'  class='main_color av_default_container_wrap container_wrap sidebar_right'  ><div class='container av-section-cont-open' ><div class='template-page content  av-content-small alpha units'><div class='post-entry post-entry-type-page post-entry-247615'><div class='entry-content-wrapper clearfix'>\n","protected":false},"excerpt":{"rendered":"","protected":false},"author":2,"featured_media":0,"parent":0,"menu_order":0,"comment_status":"closed","ping_status":"closed","template":"","meta":{"footnotes":""},"yoast_head":"<!-- This site is optimized with the Yoast SEO plugin v22.2 - https:\/\/yoast.com\/wordpress\/plugins\/seo\/ -->\n<title>Impressum - TimeLine ERP<\/title>\n<meta name=\"robots\" content=\"noindex, nofollow, max-snippet:-1, max-image-preview:large, max-video-preview:-1\" \/>\n<meta property=\"og:locale\" content=\"de_DE\" \/>\n<meta property=\"og:type\" content=\"article\" \/>\n<meta property=\"og:title\" content=\"Impressum - TimeLine ERP\" \/>\n<meta property=\"og:url\" content=\"https:\/\/stage.timeline-erp.de\/de\/impressum\/\" \/>\n<meta property=\"og:site_name\" content=\"TimeLine ERP DE\" \/>\n<meta property=\"article:modified_time\" content=\"2023-07-18T09:39:17+00:00\" \/>\n<meta name=\"twitter:card\" content=\"summary_large_image\" \/>\n<meta name=\"twitter:label1\" content=\"Gesch\u00e4tzte Lesezeit\" \/>\n\t<meta name=\"twitter:data1\" content=\"4\u00a0Minuten\" \/>\n<script type=\"application\/ld+json\" class=\"yoast-schema-graph\">{\"@context\":\"https:\/\/schema.org\",\"@graph\":[{\"@type\":\"WebPage\",\"@id\":\"https:\/\/stage.timeline-erp.de\/de\/impressum\/\",\"url\":\"https:\/\/stage.timeline-erp.de\/de\/impressum\/\",\"name\":\"Impressum - TimeLine ERP\",\"isPartOf\":{\"@id\":\"https:\/\/stage.timeline-erp.de\/de\/#website\"},\"datePublished\":\"2020-08-27T13:50:36+00:00\",\"dateModified\":\"2023-07-18T09:39:17+00:00\",\"breadcrumb\":{\"@id\":\"https:\/\/stage.timeline-erp.de\/de\/impressum\/#breadcrumb\"},\"inLanguage\":\"de\",\"potentialAction\":[{\"@type\":\"ReadAction\",\"target\":[\"https:\/\/stage.timeline-erp.de\/de\/impressum\/\"]}]},{\"@type\":\"BreadcrumbList\",\"@id\":\"https:\/\/stage.timeline-erp.de\/de\/impressum\/#breadcrumb\",\"itemListElement\":[{\"@type\":\"ListItem\",\"position\":1,\"name\":\"Startseite\",\"item\":\"https:\/\/stage.timeline-erp.de\/de\/startseite\/\"},{\"@type\":\"ListItem\",\"position\":2,\"name\":\"Impressum\"}]},{\"@type\":\"WebSite\",\"@id\":\"https:\/\/stage.timeline-erp.de\/de\/#website\",\"url\":\"https:\/\/stage.timeline-erp.de\/de\/\",\"name\":\"TimeLine ERP DE\",\"description\":\"ERP, PPS, QS, CRM, MES, FIBU in einem System\",\"potentialAction\":[{\"@type\":\"SearchAction\",\"target\":{\"@type\":\"EntryPoint\",\"urlTemplate\":\"https:\/\/stage.timeline-erp.de\/de\/?s={search_term_string}\"},\"query-input\":\"required name=search_term_string\"}],\"inLanguage\":\"de\"}]}<\/script>\n<!-- \/ Yoast SEO plugin. -->","yoast_head_json":{"title":"Impressum - TimeLine ERP","robots":{"index":"noindex","follow":"nofollow","max-snippet":"max-snippet:-1","max-image-preview":"max-image-preview:large","max-video-preview":"max-video-preview:-1"},"og_locale":"de_DE","og_type":"article","og_title":"Impressum - TimeLine ERP","og_url":"https:\/\/stage.timeline-erp.de\/de\/impressum\/","og_site_name":"TimeLine ERP DE","article_modified_time":"2023-07-18T09:39:17+00:00","twitter_card":"summary_large_image","twitter_misc":{"Gesch\u00e4tzte Lesezeit":"4\u00a0Minuten"},"schema":{"@context":"https:\/\/schema.org","@graph":[{"@type":"WebPage","@id":"https:\/\/stage.timeline-erp.de\/de\/impressum\/","url":"https:\/\/stage.timeline-erp.de\/de\/impressum\/","name":"Impressum - TimeLine ERP","isPartOf":{"@id":"https:\/\/stage.timeline-erp.de\/de\/#website"},"datePublished":"2020-08-27T13:50:36+00:00","dateModified":"2023-07-18T09:39:17+00:00","breadcrumb":{"@id":"https:\/\/stage.timeline-erp.de\/de\/impressum\/#breadcrumb"},"inLanguage":"de","potentialAction":[{"@type":"ReadAction","target":["https:\/\/stage.timeline-erp.de\/de\/impressum\/"]}]},{"@type":"BreadcrumbList","@id":"https:\/\/stage.timeline-erp.de\/de\/impressum\/#breadcrumb","itemListElement":[{"@type":"ListItem","position":1,"name":"Startseite","item":"https:\/\/stage.timeline-erp.de\/de\/startseite\/"},{"@type":"ListItem","position":2,"name":"Impressum"}]},{"@type":"WebSite","@id":"https:\/\/stage.timeline-erp.de\/de\/#website","url":"https:\/\/stage.timeline-erp.de\/de\/","name":"TimeLine ERP DE","description":"ERP, PPS, QS, CRM, MES, FIBU in einem System","potentialAction":[{"@type":"SearchAction","target":{"@type":"EntryPoint","urlTemplate":"https:\/\/stage.timeline-erp.de\/de\/?s={search_term_string}"},"query-input":"required name=search_term_string"}],"inLanguage":"de"}]}},"_links":{"self":[{"href":"https:\/\/stage.timeline-erp.de\/de\/wp-json\/wp\/v2\/pages\/247615"}],"collection":[{"href":"https:\/\/stage.timeline-erp.de\/de\/wp-json\/wp\/v2\/pages"}],"about":[{"href":"https:\/\/stage.timeline-erp.de\/de\/wp-json\/wp\/v2\/types\/page"}],"author":[{"embeddable":true,"href":"https:\/\/stage.timeline-erp.de\/de\/wp-json\/wp\/v2\/users\/2"}],"replies":[{"embeddable":true,"href":"https:\/\/stage.timeline-erp.de\/de\/wp-json\/wp\/v2\/comments?post=247615"}],"version-history":[{"count":0,"href":"https:\/\/stage.timeline-erp.de\/de\/wp-json\/wp\/v2\/pages\/247615\/revisions"}],"wp:attachment":[{"href":"https:\/\/stage.timeline-erp.de\/de\/wp-json\/wp\/v2\/media?parent=247615"}],"curies":[{"name":"wp","href":"https:\/\/api.w.org\/{rel}","templated":true}]}}