{"id":250236,"date":"2021-08-19T15:26:17","date_gmt":"2021-08-19T13:26:17","guid":{"rendered":"https:\/\/www.timeline-erp.de\/?page_id=250236"},"modified":"2023-08-01T17:01:04","modified_gmt":"2023-08-01T15:01:04","slug":"erp-fuer-den-anlagenbau","status":"publish","type":"page","link":"https:\/\/stage.timeline-erp.de\/de\/branchenloesungen\/timeline-engineering\/erp-fuer-den-anlagenbau\/","title":{"rendered":"ERP f\u00fcr den Anlagenbau: Die Softwarel\u00f6sung f\u00fcr den Maschinenbau"},"content":{"rendered":"\n<style type=\"text\/css\" data-created_by=\"avia_inline_auto\" id=\"style-css-av-18zu2mrg-a70973c0acc2c9511a56fd456cf13fb9\">\n.avia-section.av-18zu2mrg-a70973c0acc2c9511a56fd456cf13fb9{\nbackground-color:#fcfbf9;\nbackground:linear-gradient( to bottom right, #fcfbf9, #f6f7f8 );\n}\n.avia-section.av-18zu2mrg-a70973c0acc2c9511a56fd456cf13fb9 .av-section-color-overlay{\nopacity:0.5;\nbackground-image:url(https:\/\/stage.timeline-erp.de\/de\/wp-content\/themes\/enfold\/images\/background-images\/noise-for-dark-background.png);\nbackground-repeat:repeat;\n}\n<\/style>\n<div id='av_section_1'  class='avia-section av-18zu2mrg-a70973c0acc2c9511a56fd456cf13fb9 main_color avia-section-large avia-no-border-styling  avia-builder-el-0  el_before_av_one_full  avia-builder-el-first  avia-bg-style-scroll av-section-color-overlay-active av-minimum-height av-minimum-height-50 av-height-50  container_wrap sidebar_right'   data-av_minimum_height_pc='50' data-av_min_height_opt='50'><div class=\"av-section-color-overlay-wrap\"><div class=\"av-section-color-overlay\"><\/div><div class='container av-section-cont-open' ><main  role=\"main\" itemprop=\"mainContentOfPage\"  class='template-page content  av-content-small alpha units'><div class='post-entry post-entry-type-page post-entry-250236'><div class='entry-content-wrapper clearfix'>\n<div class='flex_column_table av-3r2kim4-ab8bcd6bb1d67beb150334fe447ceb9d sc-av_one_full av-equal-height-column-flextable'>\n<style type=\"text\/css\" data-created_by=\"avia_inline_auto\" id=\"style-css-av-3r2kim4-ab8bcd6bb1d67beb150334fe447ceb9d\">\n.flex_column.av-3r2kim4-ab8bcd6bb1d67beb150334fe447ceb9d{\nborder-radius:0px 0px 0px 0px;\npadding:0px 0px 0px 0px;\n}\n<\/style>\n<div  class='flex_column av-3r2kim4-ab8bcd6bb1d67beb150334fe447ceb9d av_one_full  avia-builder-el-1  avia-builder-el-no-sibling  first flex_column_table_cell av-equal-height-column av-align-top av-zero-column-padding  '     ><p>\n<style type=\"text\/css\" data-created_by=\"avia_inline_auto\" id=\"style-css-av-ksiy9nvh-f3f0e80ea4540b3d9182068c2bd21f6e\">\n#top .av-special-heading.av-ksiy9nvh-f3f0e80ea4540b3d9182068c2bd21f6e{\npadding-bottom:10px;\nfont-size:55px;\n}\nbody .av-special-heading.av-ksiy9nvh-f3f0e80ea4540b3d9182068c2bd21f6e .av-special-heading-tag .heading-char{\nfont-size:25px;\n}\n#top #wrap_all .av-special-heading.av-ksiy9nvh-f3f0e80ea4540b3d9182068c2bd21f6e .av-special-heading-tag{\nfont-size:55px;\n}\n.av-special-heading.av-ksiy9nvh-f3f0e80ea4540b3d9182068c2bd21f6e .av-subheading{\nfont-size:15px;\n}\n\n@media only screen and (min-width: 480px) and (max-width: 767px){ \n#top #wrap_all .av-special-heading.av-ksiy9nvh-f3f0e80ea4540b3d9182068c2bd21f6e .av-special-heading-tag{\nfont-size:0.8em;\n}\n}\n\n@media only screen and (max-width: 479px){ \n#top #wrap_all .av-special-heading.av-ksiy9nvh-f3f0e80ea4540b3d9182068c2bd21f6e .av-special-heading-tag{\nfont-size:0.8em;\n}\n}\n<\/style>\n<div  class='av-special-heading av-ksiy9nvh-f3f0e80ea4540b3d9182068c2bd21f6e av-special-heading-h1 blockquote modern-quote modern-centered  avia-builder-el-2  el_before_av_textblock  avia-builder-el-first  av-thin-font av-inherit-size'><h1 class='av-special-heading-tag'  itemprop=\"headline\"  >ERP f\u00fcr den Anlagenbau:<br \/>\n<strong>Die Softwarel\u00f6sung f\u00fcr den Maschinenbau<\/strong><\/h1><div class=\"special-heading-border\"><div class=\"special-heading-inner-border\"><\/div><\/div><\/div><br \/>\n\n<style type=\"text\/css\" data-created_by=\"avia_inline_auto\" id=\"style-css-av-ksiya3rc-8d05423354920ae0c38168688cda0db3\">\n#top .av_textblock_section.av-ksiya3rc-8d05423354920ae0c38168688cda0db3 .avia_textblock{\nfont-size:20px;\n}\n<\/style>\n<section  class='av_textblock_section av-ksiya3rc-8d05423354920ae0c38168688cda0db3 '   itemscope=\"itemscope\" itemtype=\"https:\/\/schema.org\/CreativeWork\" ><div class='avia_textblock'  itemprop=\"text\" ><p style=\"text-align: center;\">Ein All-in-One-ERP-System f\u00fcr den Anlagenbau? Ja: Mit speziellen Softwarel\u00f6sungen f\u00fcr den Maschinenbau schlagen Unternehmen zwei Fliegen mit einer Klappe: Das ERP-System vereinfacht und beschleunigt die Prozesse \u2013 und bidirektionale Schnittstellen zur CAD-Umgebung erlauben eine perfekte Synchronisation zwischen dem ERP-System f\u00fcr den Anlagenbau und der Konstruktionssoftware.<\/p>\n<\/div><\/section><br \/>\n\n<style type=\"text\/css\" data-created_by=\"avia_inline_auto\" id=\"style-css-av-yirji64-b86056e1eaad115fbca995c2ef62d9ca\">\n#top .hr.hr-invisible.av-yirji64-b86056e1eaad115fbca995c2ef62d9ca{\nheight:30px;\n}\n<\/style>\n<div  class='hr av-yirji64-b86056e1eaad115fbca995c2ef62d9ca hr-invisible  avia-builder-el-4  el_after_av_textblock  el_before_av_buttonrow '><span class='hr-inner '><span class=\"hr-inner-style\"><\/span><\/span><\/div><br \/>\n<div  class='avia-buttonrow-wrap av-sr57prw-43f5d00e4b412a0ebb9de8f3c4acb252 avia-buttonrow-center  avia-builder-el-5  el_after_av_hr  avia-builder-el-last '>\n\n<style type=\"text\/css\" data-created_by=\"avia_inline_auto\" id=\"style-css-av-2cj3tx8-94fc4ec3c6dd54e41a02473b42077143\">\n#top #wrap_all .avia-button.av-2cj3tx8-94fc4ec3c6dd54e41a02473b42077143{\nmargin-bottom:5px;\nmargin-right:3px;\nmargin-left:3px;\n}\n<\/style>\n<a href='https:\/\/stage.timeline-erp.de\/de\/funktionen\/'  class='avia-button av-2cj3tx8-94fc4ec3c6dd54e41a02473b42077143 avia-icon_select-no avia-size-large avia-color-theme-color'  ><span class='avia_iconbox_title' >Funktionen entdecken<\/span><\/a>\n\n<style type=\"text\/css\" data-created_by=\"avia_inline_auto\" id=\"style-css-av-74r6t8-01b38cc9f2490e24c1f688f1278b0590\">\n#top #wrap_all .avia-button.av-74r6t8-01b38cc9f2490e24c1f688f1278b0590{\nmargin-bottom:5px;\nmargin-right:3px;\nmargin-left:3px;\n}\n<\/style>\n<a href='https:\/\/stage.timeline-erp.de\/de\/download-center\/#broschueren'  class='avia-button av-74r6t8-01b38cc9f2490e24c1f688f1278b0590 avia-icon_select-no avia-size-large avia-color-theme-color-highlight'  ><span class='avia_iconbox_title' >Brosch\u00fcre herunterladen<\/span><\/a>\n<\/div><\/p><\/div><\/div><!--close column table wrapper. Autoclose: 1 --><\/div><\/div><\/main><!-- close content main element --><\/div><\/div><\/div><div id='after_section_1'  class='main_color av_default_container_wrap container_wrap sidebar_right'  ><div class='container av-section-cont-open' ><div class='template-page content  av-content-small alpha units'><div class='post-entry post-entry-type-page post-entry-250236'><div class='entry-content-wrapper clearfix'>\n<style type=\"text\/css\" data-created_by=\"avia_inline_auto\" id=\"style-css-av-h5r5scc-4a494d138d55e0901ad00f7db91c208c\">\n#top .flex_column.av-h5r5scc-4a494d138d55e0901ad00f7db91c208c{\nmargin-top:-100px;\nmargin-bottom:0px;\n}\n.flex_column.av-h5r5scc-4a494d138d55e0901ad00f7db91c208c{\nborder-radius:0px 0px 0px 0px;\npadding:0px 0px 0px 0px;\n}\n.responsive #top #wrap_all .flex_column.av-h5r5scc-4a494d138d55e0901ad00f7db91c208c{\nmargin-top:-100px;\nmargin-bottom:0px;\n}\n<\/style>\n<div  class='flex_column av-h5r5scc-4a494d138d55e0901ad00f7db91c208c av_one_full  avia-builder-el-6  el_after_av_section  el_before_av_section  avia-builder-el-no-sibling  first flex_column_div av-zero-column-padding  '     ><style type=\"text\/css\" data-created_by=\"avia_inline_auto\" id=\"style-css-av-ksiyait5-3b3980452a122242b48a41697b238151\">\n.avia-image-container.av-ksiyait5-3b3980452a122242b48a41697b238151 img.avia_image{\nbox-shadow:none;\n}\n.avia-image-container.av-ksiyait5-3b3980452a122242b48a41697b238151 .av-image-caption-overlay-center{\ncolor:#ffffff;\n}\n<\/style>\n<div  class='avia-image-container av-ksiyait5-3b3980452a122242b48a41697b238151 av-styling- avia-align-center  avia-builder-el-7  avia-builder-el-no-sibling '   itemprop=\"image\" itemscope=\"itemscope\" itemtype=\"https:\/\/schema.org\/ImageObject\" ><div class=\"avia-image-container-inner\"><div class=\"avia-image-overlay-wrap\"><img decoding=\"async\" fetchpriority=\"high\" class='avia-img-lazy-loading-not- avia_image ' src=\"https:\/\/stage.timeline-erp.de\/wp-content\/uploads\/cad-arbeitsplatz-1200x430.jpg\" alt='' title=''   itemprop=\"thumbnailUrl\"  \/><\/div><\/div><\/div><\/div><\/p>\n<\/div><\/div><\/div><!-- close content main div --><\/div><\/div><div id='av_section_2'  class='avia-section av-bc76a64-8ba7634c79708732819120c73bd79243 main_color avia-section-default avia-no-border-styling  avia-builder-el-8  el_after_av_one_full  avia-builder-el-last  avia-bg-style-scroll container_wrap sidebar_right'  ><div class='container av-section-cont-open' ><div class='template-page content  av-content-small alpha units'><div class='post-entry post-entry-type-page post-entry-250236'><div class='entry-content-wrapper clearfix'>\n\n<style type=\"text\/css\" data-created_by=\"avia_inline_auto\" id=\"style-css-av-7jn6470-59dad1f83556525e718cfaf0afb8d693\">\n.flex_column.av-7jn6470-59dad1f83556525e718cfaf0afb8d693{\nborder-radius:0px 0px 0px 0px;\npadding:0px 0px 0px 0px;\n}\n<\/style>\n<div  class='flex_column av-7jn6470-59dad1f83556525e718cfaf0afb8d693 av_one_full  avia-builder-el-9  avia-builder-el-no-sibling  first flex_column_div av-zero-column-padding  '     ><section  class='av_textblock_section av-ksiyf20v-a29549e12a46d1fe94b80eaae840a03e '   itemscope=\"itemscope\" itemtype=\"https:\/\/schema.org\/CreativeWork\" ><div class='avia_textblock'  itemprop=\"text\" ><h2><strong>Warum ein ERP-System f\u00fcr den Anlagenbau<\/strong><\/h2>\n<p>Die Einf\u00fchrung eines zentralen ERP-Systems ist ein wesentlicher Schritt in der Digitalisierung von Unternehmen. So k\u00f6nnen Mitarbeiter f\u00fcr alle Gesch\u00e4ftsprozesse eine einzige Software nutzen, statt mehrere verschiedene Programme. Das macht Workflows nicht nur schneller und effizienter, auch Fehlerquellen k\u00f6nnen deutlich reduziert werden \u2013 das wirkt sich unmittelbar auf die Produktqualit\u00e4t und die Kundenzufriedenheit aus. Bei der Auswahl des ERP-Systems ist ma\u00dfgeblich, dass es zu den individuellen und branchenspezifischen Anforderungen passt.<\/p>\n<h3><strong>ERP-Software f\u00fcr den Anlagenbau mit CAD-Integration<\/strong><\/h3>\n<p>Die Auswahl einer ERP-Software f\u00fcr den Anlagenbau ist eine besondere Herausforderung \u2013 denn bei den meisten Systemen m\u00fcssen ERP-Software und die in Maschinen- und Anlagenbau verwendeten Konstruktionsprogramme getrennt voneinander bedient werden. Der Import und Export von Daten erfolgt dabei manuell und h\u00e4ufig m\u00fchsam per Excel. Das kostet nicht nur viel Zeit \u2013 es ist auch eine undankbare Aufgabe f\u00fcr die Mitarbeiter. Wer Hunderte Datens\u00e4tze \u00fcbertragen muss, macht dabei zwangsl\u00e4ufig irgendwann Fehler \u2013 und die k\u00f6nnen folgenschwer sein.<\/p>\n<p>Kommt es durch falsche Daten\u00fcbertragung zu Produktionsfehlern, kann das teuer werden. Unterm Strich kostet die fehlende Schnittstelle zwischen CAD-Software und ERP-System im Anlagenbau also nicht nur Zeit und Geld, sie kann sich auch negativ auf die Zufriedenheit von Kunden und Mitarbeitern auswirken. Deshalb hat TimeLine ein spezielles ERP-System f\u00fcr den Anlagenbau entwickelt: TimeLine ERP ENGINEERING erlaubt die Verschmelzung von CAD-Umgebung und Zeichnungsdaten mit dem ERP-System. Auf diese Weise wird die ERP-Software f\u00fcr den Anlagenbau zur abteilungs\u00fcbergreifenden Kommandozentrale, die den perfekten \u00dcberblick \u00fcber Zeichnungen und Projekte, aber auch \u00fcber Best\u00e4nde und Kapazit\u00e4ten bietet.<\/p>\n<h3><strong>Die Funktionen des ERP f\u00fcr den Anlagenbau<\/strong><\/h3>\n<p>Das ERP-System f\u00fcr den Anlagenbau integriert das CAD via Plugin, das f\u00fcr die Programme Solid Edge, SolidWorks und Inventor verf\u00fcgbar ist. Der TimeLine-Server liest \u00fcber den CAD-Link sowohl St\u00fccklisten als auch Metadaten aus der CAD-Software aus und \u00fcbertr\u00e4gt sie in das ERP-System. Auch Excel-Listen kann das ERP-Programm \u00fcbertragen. Dies erfolgt vollautomatisch \u2013 es muss also kein Mitarbeiter mehr damit beauftragt werden. So wird nicht nur Geld gespart, es werden auch wesentliche Fehlerquellen eliminiert.<\/p>\n<p>Praktisch: Direkt aus der ERP f\u00fcr den Anlagenbau k\u00f6nnen Sie eine Vorschau der CAD-Zeichnungen generieren. Dabei werden die Dateiformate STEP und IGES sogar angezeigt, ohne dass Sie auf allen Arbeitspl\u00e4tzen einen entsprechenden Viewer installieren m\u00fcssen. Die Vorschaufunktion wird als komplette 3D-Visualisierung angezeigt \u2013 inklusive Funktionen wie Zoom oder Rotation. Beim Export von St\u00fccklisten werden die STEP- und Fotodateien automatisch mit \u00fcbernommen.<\/p>\n<h3><strong>Niedrige Einstiegsh\u00fcrde dank modularem Aufbau der Software<\/strong><\/h3>\n<p>Die Einf\u00fchrung des ERP-Systems f\u00fcr den Anlagenbei von TimeLine ist auch und gerade f\u00fcr kleine und mittelst\u00e4ndische Unternehmen eine kluge Entscheidung. Die Software besteht aus unterschiedlichen Modulen, die sich flexibel kombinieren lassen. So zahlen Sie nur f\u00fcr die Funktionen der ERP-Software, die Sie auch wirklich brauchen. Auf Wunsch l\u00e4sst sich die ERP f\u00fcr den Anlagenbau erweitern, so dass Sie den Prozessen in Ihrem Unternehmen noch individueller angepasst werden kann. Das ERP-System f\u00fcr den Anlagenbau k\u00f6nnen Sie kostenlos und unverbindlich testen \u2013 90 Tage lang.<\/p>\n<\/div><\/section><\/div>\n<\/div><\/div><\/div><!-- close content main div --><\/div><\/div><div id='after_section_2'  class='main_color av_default_container_wrap container_wrap sidebar_right'  ><div class='container av-section-cont-open' ><div class='template-page content  av-content-small alpha units'><div class='post-entry post-entry-type-page post-entry-250236'><div class='entry-content-wrapper clearfix'>\n","protected":false},"excerpt":{"rendered":"","protected":false},"author":2,"featured_media":0,"parent":87,"menu_order":0,"comment_status":"closed","ping_status":"closed","template":"","meta":{"footnotes":""},"yoast_head":"<!-- This site is optimized with the Yoast SEO plugin v22.2 - https:\/\/yoast.com\/wordpress\/plugins\/seo\/ -->\n<title>ERP f\u00fcr den Anlagenbau - TimeLine ERP<\/title>\n<meta name=\"description\" content=\"ERP f\u00fcr den Anlagenbau \u2013 die Softwarel\u00f6sung f\u00fcr den Maschinenbau | mit CAD-Integration | mit Plugins f\u00fcr Solid Edge, SolidWorks &amp; Inventor | Jetzt testen!\" \/>\n<meta name=\"robots\" content=\"noindex, follow, max-snippet:-1, max-image-preview:large, max-video-preview:-1\" \/>\n<meta property=\"og:locale\" content=\"de_DE\" \/>\n<meta property=\"og:type\" content=\"article\" \/>\n<meta property=\"og:title\" content=\"ERP f\u00fcr den Anlagenbau - TimeLine ERP\" \/>\n<meta property=\"og:description\" content=\"ERP f\u00fcr den Anlagenbau \u2013 die Softwarel\u00f6sung f\u00fcr den Maschinenbau | mit CAD-Integration | mit Plugins f\u00fcr Solid Edge, SolidWorks &amp; Inventor | Jetzt testen!\" \/>\n<meta property=\"og:url\" content=\"https:\/\/stage.timeline-erp.de\/de\/branchenloesungen\/timeline-engineering\/erp-fuer-den-anlagenbau\/\" \/>\n<meta property=\"og:site_name\" content=\"TimeLine ERP DE\" \/>\n<meta property=\"article:modified_time\" content=\"2023-08-01T15:01:04+00:00\" \/>\n<meta name=\"twitter:card\" content=\"summary_large_image\" \/>\n<meta name=\"twitter:label1\" content=\"Gesch\u00e4tzte Lesezeit\" \/>\n\t<meta name=\"twitter:data1\" content=\"6\u00a0Minuten\" \/>\n<script type=\"application\/ld+json\" class=\"yoast-schema-graph\">{\"@context\":\"https:\/\/schema.org\",\"@graph\":[{\"@type\":\"WebPage\",\"@id\":\"https:\/\/stage.timeline-erp.de\/de\/branchenloesungen\/timeline-engineering\/erp-fuer-den-anlagenbau\/\",\"url\":\"https:\/\/stage.timeline-erp.de\/de\/branchenloesungen\/timeline-engineering\/erp-fuer-den-anlagenbau\/\",\"name\":\"ERP f\u00fcr den Anlagenbau - TimeLine ERP\",\"isPartOf\":{\"@id\":\"https:\/\/stage.timeline-erp.de\/de\/#website\"},\"datePublished\":\"2021-08-19T13:26:17+00:00\",\"dateModified\":\"2023-08-01T15:01:04+00:00\",\"description\":\"ERP f\u00fcr den Anlagenbau \u2013 die Softwarel\u00f6sung f\u00fcr den Maschinenbau | mit CAD-Integration | mit Plugins f\u00fcr Solid Edge, SolidWorks & Inventor | Jetzt testen!\",\"breadcrumb\":{\"@id\":\"https:\/\/stage.timeline-erp.de\/de\/branchenloesungen\/timeline-engineering\/erp-fuer-den-anlagenbau\/#breadcrumb\"},\"inLanguage\":\"de\",\"potentialAction\":[{\"@type\":\"ReadAction\",\"target\":[\"https:\/\/stage.timeline-erp.de\/de\/branchenloesungen\/timeline-engineering\/erp-fuer-den-anlagenbau\/\"]}]},{\"@type\":\"BreadcrumbList\",\"@id\":\"https:\/\/stage.timeline-erp.de\/de\/branchenloesungen\/timeline-engineering\/erp-fuer-den-anlagenbau\/#breadcrumb\",\"itemListElement\":[{\"@type\":\"ListItem\",\"position\":1,\"name\":\"Startseite\",\"item\":\"https:\/\/stage.timeline-erp.de\/de\/startseite\/\"},{\"@type\":\"ListItem\",\"position\":2,\"name\":\"Branchenl\u00f6sungen\",\"item\":\"https:\/\/stage.timeline-erp.de\/de\/branchenloesungen\/\"},{\"@type\":\"ListItem\",\"position\":3,\"name\":\"TimeLine Engineering\",\"item\":\"https:\/\/stage.timeline-erp.de\/de\/branchenloesungen\/timeline-engineering\/\"},{\"@type\":\"ListItem\",\"position\":4,\"name\":\"ERP f\u00fcr den Anlagenbau: Die Softwarel\u00f6sung f\u00fcr den Maschinenbau\"}]},{\"@type\":\"WebSite\",\"@id\":\"https:\/\/stage.timeline-erp.de\/de\/#website\",\"url\":\"https:\/\/stage.timeline-erp.de\/de\/\",\"name\":\"TimeLine ERP DE\",\"description\":\"ERP, PPS, QS, CRM, MES, FIBU in einem System\",\"potentialAction\":[{\"@type\":\"SearchAction\",\"target\":{\"@type\":\"EntryPoint\",\"urlTemplate\":\"https:\/\/stage.timeline-erp.de\/de\/?s={search_term_string}\"},\"query-input\":\"required name=search_term_string\"}],\"inLanguage\":\"de\"}]}<\/script>\n<!-- \/ Yoast SEO plugin. -->","yoast_head_json":{"title":"ERP f\u00fcr den Anlagenbau - TimeLine ERP","description":"ERP f\u00fcr den Anlagenbau \u2013 die Softwarel\u00f6sung f\u00fcr den Maschinenbau | mit CAD-Integration | mit Plugins f\u00fcr Solid Edge, SolidWorks & Inventor | Jetzt testen!","robots":{"index":"noindex","follow":"follow","max-snippet":"max-snippet:-1","max-image-preview":"max-image-preview:large","max-video-preview":"max-video-preview:-1"},"og_locale":"de_DE","og_type":"article","og_title":"ERP f\u00fcr den Anlagenbau - TimeLine ERP","og_description":"ERP f\u00fcr den Anlagenbau \u2013 die Softwarel\u00f6sung f\u00fcr den Maschinenbau | mit CAD-Integration | mit Plugins f\u00fcr Solid Edge, SolidWorks & Inventor | Jetzt testen!","og_url":"https:\/\/stage.timeline-erp.de\/de\/branchenloesungen\/timeline-engineering\/erp-fuer-den-anlagenbau\/","og_site_name":"TimeLine ERP DE","article_modified_time":"2023-08-01T15:01:04+00:00","twitter_card":"summary_large_image","twitter_misc":{"Gesch\u00e4tzte Lesezeit":"6\u00a0Minuten"},"schema":{"@context":"https:\/\/schema.org","@graph":[{"@type":"WebPage","@id":"https:\/\/stage.timeline-erp.de\/de\/branchenloesungen\/timeline-engineering\/erp-fuer-den-anlagenbau\/","url":"https:\/\/stage.timeline-erp.de\/de\/branchenloesungen\/timeline-engineering\/erp-fuer-den-anlagenbau\/","name":"ERP f\u00fcr den Anlagenbau - TimeLine ERP","isPartOf":{"@id":"https:\/\/stage.timeline-erp.de\/de\/#website"},"datePublished":"2021-08-19T13:26:17+00:00","dateModified":"2023-08-01T15:01:04+00:00","description":"ERP f\u00fcr den Anlagenbau \u2013 die Softwarel\u00f6sung f\u00fcr den Maschinenbau | mit CAD-Integration | mit Plugins f\u00fcr Solid Edge, SolidWorks & Inventor | Jetzt testen!","breadcrumb":{"@id":"https:\/\/stage.timeline-erp.de\/de\/branchenloesungen\/timeline-engineering\/erp-fuer-den-anlagenbau\/#breadcrumb"},"inLanguage":"de","potentialAction":[{"@type":"ReadAction","target":["https:\/\/stage.timeline-erp.de\/de\/branchenloesungen\/timeline-engineering\/erp-fuer-den-anlagenbau\/"]}]},{"@type":"BreadcrumbList","@id":"https:\/\/stage.timeline-erp.de\/de\/branchenloesungen\/timeline-engineering\/erp-fuer-den-anlagenbau\/#breadcrumb","itemListElement":[{"@type":"ListItem","position":1,"name":"Startseite","item":"https:\/\/stage.timeline-erp.de\/de\/startseite\/"},{"@type":"ListItem","position":2,"name":"Branchenl\u00f6sungen","item":"https:\/\/stage.timeline-erp.de\/de\/branchenloesungen\/"},{"@type":"ListItem","position":3,"name":"TimeLine Engineering","item":"https:\/\/stage.timeline-erp.de\/de\/branchenloesungen\/timeline-engineering\/"},{"@type":"ListItem","position":4,"name":"ERP f\u00fcr den Anlagenbau: Die Softwarel\u00f6sung f\u00fcr den Maschinenbau"}]},{"@type":"WebSite","@id":"https:\/\/stage.timeline-erp.de\/de\/#website","url":"https:\/\/stage.timeline-erp.de\/de\/","name":"TimeLine ERP DE","description":"ERP, PPS, QS, CRM, MES, FIBU in einem System","potentialAction":[{"@type":"SearchAction","target":{"@type":"EntryPoint","urlTemplate":"https:\/\/stage.timeline-erp.de\/de\/?s={search_term_string}"},"query-input":"required name=search_term_string"}],"inLanguage":"de"}]}},"_links":{"self":[{"href":"https:\/\/stage.timeline-erp.de\/de\/wp-json\/wp\/v2\/pages\/250236"}],"collection":[{"href":"https:\/\/stage.timeline-erp.de\/de\/wp-json\/wp\/v2\/pages"}],"about":[{"href":"https:\/\/stage.timeline-erp.de\/de\/wp-json\/wp\/v2\/types\/page"}],"author":[{"embeddable":true,"href":"https:\/\/stage.timeline-erp.de\/de\/wp-json\/wp\/v2\/users\/2"}],"replies":[{"embeddable":true,"href":"https:\/\/stage.timeline-erp.de\/de\/wp-json\/wp\/v2\/comments?post=250236"}],"version-history":[{"count":0,"href":"https:\/\/stage.timeline-erp.de\/de\/wp-json\/wp\/v2\/pages\/250236\/revisions"}],"up":[{"embeddable":true,"href":"https:\/\/stage.timeline-erp.de\/de\/wp-json\/wp\/v2\/pages\/87"}],"wp:attachment":[{"href":"https:\/\/stage.timeline-erp.de\/de\/wp-json\/wp\/v2\/media?parent=250236"}],"curies":[{"name":"wp","href":"https:\/\/api.w.org\/{rel}","templated":true}]}}