{"id":250243,"date":"2021-08-19T15:33:54","date_gmt":"2021-08-19T13:33:54","guid":{"rendered":"https:\/\/www.timeline-erp.de\/?page_id=250243"},"modified":"2023-08-01T17:04:26","modified_gmt":"2023-08-01T15:04:26","slug":"erp-fuer-projektfertiger","status":"publish","type":"page","link":"https:\/\/stage.timeline-erp.de\/de\/branchenloesungen\/timeline-engineering\/erp-fuer-projektfertiger\/","title":{"rendered":"ERP f\u00fcr Projektfertiger: Das ERP-System f\u00fcr die Produktionsbranche"},"content":{"rendered":"\n<style type=\"text\/css\" data-created_by=\"avia_inline_auto\" id=\"style-css-av-4d8dd8j-2db6dbce77d1a72ee01c2ae5f736751a\">\n.avia-section.av-4d8dd8j-2db6dbce77d1a72ee01c2ae5f736751a{\nbackground-color:#fcfbf9;\nbackground:linear-gradient( to bottom right, #fcfbf9, #f6f7f8 );\n}\n.avia-section.av-4d8dd8j-2db6dbce77d1a72ee01c2ae5f736751a .av-section-color-overlay{\nopacity:0.5;\nbackground-image:url(https:\/\/stage.timeline-erp.de\/de\/wp-content\/themes\/enfold\/images\/background-images\/noise-for-dark-background.png);\nbackground-repeat:repeat;\n}\n<\/style>\n<div id='av_section_1'  class='avia-section av-4d8dd8j-2db6dbce77d1a72ee01c2ae5f736751a main_color avia-section-large avia-no-border-styling  avia-builder-el-0  el_before_av_one_full  avia-builder-el-first  avia-bg-style-scroll av-section-color-overlay-active av-minimum-height av-minimum-height-50 av-height-50  container_wrap sidebar_right'   data-av_minimum_height_pc='50' data-av_min_height_opt='50'><div class=\"av-section-color-overlay-wrap\"><div class=\"av-section-color-overlay\"><\/div><div class='container av-section-cont-open' ><main  role=\"main\" itemprop=\"mainContentOfPage\"  class='template-page content  av-content-small alpha units'><div class='post-entry post-entry-type-page post-entry-250243'><div class='entry-content-wrapper clearfix'>\n<div class='flex_column_table av-13kmvdoj-1ce3d874e2c8f69cd6ef5b76bb6140ef sc-av_one_full av-equal-height-column-flextable'>\n<style type=\"text\/css\" data-created_by=\"avia_inline_auto\" id=\"style-css-av-13kmvdoj-1ce3d874e2c8f69cd6ef5b76bb6140ef\">\n.flex_column.av-13kmvdoj-1ce3d874e2c8f69cd6ef5b76bb6140ef{\nborder-radius:0px 0px 0px 0px;\npadding:0px 0px 0px 0px;\n}\n<\/style>\n<div  class='flex_column av-13kmvdoj-1ce3d874e2c8f69cd6ef5b76bb6140ef av_one_full  avia-builder-el-1  avia-builder-el-no-sibling  first flex_column_table_cell av-equal-height-column av-align-top av-zero-column-padding  '     ><p>\n<style type=\"text\/css\" data-created_by=\"avia_inline_auto\" id=\"style-css-av-ksiykyy2-13ab6b1f9707bc7a7a61c92e0a9ced79\">\n#top .av-special-heading.av-ksiykyy2-13ab6b1f9707bc7a7a61c92e0a9ced79{\npadding-bottom:10px;\nfont-size:55px;\n}\nbody .av-special-heading.av-ksiykyy2-13ab6b1f9707bc7a7a61c92e0a9ced79 .av-special-heading-tag .heading-char{\nfont-size:25px;\n}\n#top #wrap_all .av-special-heading.av-ksiykyy2-13ab6b1f9707bc7a7a61c92e0a9ced79 .av-special-heading-tag{\nfont-size:55px;\n}\n.av-special-heading.av-ksiykyy2-13ab6b1f9707bc7a7a61c92e0a9ced79 .av-subheading{\nfont-size:15px;\n}\n\n@media only screen and (min-width: 480px) and (max-width: 767px){ \n#top #wrap_all .av-special-heading.av-ksiykyy2-13ab6b1f9707bc7a7a61c92e0a9ced79 .av-special-heading-tag{\nfont-size:0.8em;\n}\n}\n\n@media only screen and (max-width: 479px){ \n#top #wrap_all .av-special-heading.av-ksiykyy2-13ab6b1f9707bc7a7a61c92e0a9ced79 .av-special-heading-tag{\nfont-size:0.8em;\n}\n}\n<\/style>\n<div  class='av-special-heading av-ksiykyy2-13ab6b1f9707bc7a7a61c92e0a9ced79 av-special-heading-h1 blockquote modern-quote modern-centered  avia-builder-el-2  el_before_av_textblock  avia-builder-el-first  av-thin-font av-inherit-size'><h1 class='av-special-heading-tag'  itemprop=\"headline\"  >ERP f\u00fcr Projektfertiger:<br \/>\n<strong>Das ERP-System f\u00fcr die Produktionsbranche<\/strong><\/h1><div class=\"special-heading-border\"><div class=\"special-heading-inner-border\"><\/div><\/div><\/div><br \/>\n\n<style type=\"text\/css\" data-created_by=\"avia_inline_auto\" id=\"style-css-av-ksiylejo-f28cacc537b51dafc0954062c9a1ef0e\">\n#top .av_textblock_section.av-ksiylejo-f28cacc537b51dafc0954062c9a1ef0e .avia_textblock{\nfont-size:20px;\n}\n<\/style>\n<section  class='av_textblock_section av-ksiylejo-f28cacc537b51dafc0954062c9a1ef0e '   itemscope=\"itemscope\" itemtype=\"https:\/\/schema.org\/CreativeWork\" ><div class='avia_textblock'  itemprop=\"text\" ><p style=\"text-align: center;\">Eine ERP f\u00fcr Projektfertiger sorgt daf\u00fcr, dass Planungs- und Steuerungsprozesse pr\u00e4zise ineinandergreifen. So wird nicht nur eine h\u00f6here Produktivit\u00e4t erreicht \u2013 auch die Liefertermintreue wird optimiert. Unternehmen in der Produktionsbranche brauchen ein ERP-System, das sich auch dynamischen Fertigungsbedingungen flexibel anpasst und m\u00f6glichst viele Gesch\u00e4ftsprozesse zentral und automatisiert koordinieren kann. So k\u00f6nnen mit dem ERP f\u00fcr Projektfertiger nicht nur Zeichnungen, Kapazit\u00e4ten, Lager- und Umlaufbest\u00e4nde, sondern ganze Projekte abteilungs\u00fcbergreifend gesteuert werden.<\/p>\n<\/div><\/section><br \/>\n\n<style type=\"text\/css\" data-created_by=\"avia_inline_auto\" id=\"style-css-av-10j92emb-96af6000a29c3f7f11384bf43077df32\">\n#top .hr.hr-invisible.av-10j92emb-96af6000a29c3f7f11384bf43077df32{\nheight:30px;\n}\n<\/style>\n<div  class='hr av-10j92emb-96af6000a29c3f7f11384bf43077df32 hr-invisible  avia-builder-el-4  el_after_av_textblock  el_before_av_buttonrow '><span class='hr-inner '><span class=\"hr-inner-style\"><\/span><\/span><\/div><br \/>\n<div  class='avia-buttonrow-wrap av-vs7pgcj-2b33e12b03de4be0c9ffc900ffa87586 avia-buttonrow-center  avia-builder-el-5  el_after_av_hr  avia-builder-el-last '>\n\n<style type=\"text\/css\" data-created_by=\"avia_inline_auto\" id=\"style-css-av-nvq2w77-2179bf835440bb9b7a3f8f4bcc60de3c\">\n#top #wrap_all .avia-button.av-nvq2w77-2179bf835440bb9b7a3f8f4bcc60de3c{\nmargin-bottom:5px;\nmargin-right:3px;\nmargin-left:3px;\n}\n<\/style>\n<a href='https:\/\/stage.timeline-erp.de\/de\/funktionen\/'  class='avia-button av-nvq2w77-2179bf835440bb9b7a3f8f4bcc60de3c avia-icon_select-no avia-size-large avia-color-theme-color'  ><span class='avia_iconbox_title' >Funktionen entdecken<\/span><\/a>\n\n<style type=\"text\/css\" data-created_by=\"avia_inline_auto\" id=\"style-css-av-jy5odxf-a02cec4039f2dcdccbc5506499edac31\">\n#top #wrap_all .avia-button.av-jy5odxf-a02cec4039f2dcdccbc5506499edac31{\nmargin-bottom:5px;\nmargin-right:3px;\nmargin-left:3px;\n}\n<\/style>\n<a href='https:\/\/stage.timeline-erp.de\/de\/download-center\/#broschueren'  class='avia-button av-jy5odxf-a02cec4039f2dcdccbc5506499edac31 avia-icon_select-no avia-size-large avia-color-theme-color-highlight'  ><span class='avia_iconbox_title' >Brosch\u00fcre herunterladen<\/span><\/a>\n<\/div><\/p><\/div><\/div><!--close column table wrapper. Autoclose: 1 --><\/div><\/div><\/main><!-- close content main element --><\/div><\/div><\/div><div id='after_section_1'  class='main_color av_default_container_wrap container_wrap sidebar_right'  ><div class='container av-section-cont-open' ><div class='template-page content  av-content-small alpha units'><div class='post-entry post-entry-type-page post-entry-250243'><div class='entry-content-wrapper clearfix'>\n<style type=\"text\/css\" data-created_by=\"avia_inline_auto\" id=\"style-css-av-eet1c03-3fd44626d0ae1ce8e98b2e315d236423\">\n#top .flex_column.av-eet1c03-3fd44626d0ae1ce8e98b2e315d236423{\nmargin-top:-100px;\nmargin-bottom:0px;\n}\n.flex_column.av-eet1c03-3fd44626d0ae1ce8e98b2e315d236423{\nborder-radius:0px 0px 0px 0px;\npadding:0px 0px 0px 0px;\n}\n.responsive #top #wrap_all .flex_column.av-eet1c03-3fd44626d0ae1ce8e98b2e315d236423{\nmargin-top:-100px;\nmargin-bottom:0px;\n}\n<\/style>\n<div  class='flex_column av-eet1c03-3fd44626d0ae1ce8e98b2e315d236423 av_one_full  avia-builder-el-6  el_after_av_section  el_before_av_section  avia-builder-el-no-sibling  first flex_column_div av-zero-column-padding  '     ><style type=\"text\/css\" data-created_by=\"avia_inline_auto\" id=\"style-css-av-ksiyo5gi-9a3560b90bab7202e2135b57827a71ed\">\n.avia-image-container.av-ksiyo5gi-9a3560b90bab7202e2135b57827a71ed img.avia_image{\nbox-shadow:none;\n}\n.avia-image-container.av-ksiyo5gi-9a3560b90bab7202e2135b57827a71ed .av-image-caption-overlay-center{\ncolor:#ffffff;\n}\n<\/style>\n<div  class='avia-image-container av-ksiyo5gi-9a3560b90bab7202e2135b57827a71ed av-styling- avia-align-center  avia-builder-el-7  avia-builder-el-no-sibling '   itemprop=\"image\" itemscope=\"itemscope\" itemtype=\"https:\/\/schema.org\/ImageObject\" ><div class=\"avia-image-container-inner\"><div class=\"avia-image-overlay-wrap\"><img decoding=\"async\" fetchpriority=\"high\" class='avia-img-lazy-loading-not- avia_image ' src=\"https:\/\/stage.timeline-erp.de\/wp-content\/uploads\/Engineer-e1579624170376-1500x630.jpg\" alt='' title=''   itemprop=\"thumbnailUrl\"  \/><\/div><\/div><\/div><\/div><\/p>\n<\/div><\/div><\/div><!-- close content main div --><\/div><\/div><div id='av_section_2'  class='avia-section av-b07j0lf-95317815f2dbc85c6199e78cda0433ea main_color avia-section-default avia-no-border-styling  avia-builder-el-8  el_after_av_one_full  avia-builder-el-last  avia-bg-style-scroll container_wrap sidebar_right'  ><div class='container av-section-cont-open' ><div class='template-page content  av-content-small alpha units'><div class='post-entry post-entry-type-page post-entry-250243'><div class='entry-content-wrapper clearfix'>\n\n<style type=\"text\/css\" data-created_by=\"avia_inline_auto\" id=\"style-css-av-929ovb7-d29d07a0238c3af06e90fc2d21d7b66e\">\n.flex_column.av-929ovb7-d29d07a0238c3af06e90fc2d21d7b66e{\nborder-radius:0px 0px 0px 0px;\npadding:0px 0px 0px 0px;\n}\n<\/style>\n<div  class='flex_column av-929ovb7-d29d07a0238c3af06e90fc2d21d7b66e av_one_full  avia-builder-el-9  avia-builder-el-no-sibling  first flex_column_div av-zero-column-padding  '     ><section  class='av_textblock_section av-ksiyrv8m-9fa37d456cc867d972ed65e0d7089b85 '   itemscope=\"itemscope\" itemtype=\"https:\/\/schema.org\/CreativeWork\" ><div class='avia_textblock'  itemprop=\"text\" ><h2><strong>Das TimeLine ERP f\u00fcr Projektfertiger deckt die gesamte Prozesskette ab<\/strong><\/h2>\n<p>Das Einhalten von Fertigstellungsterminen hat f\u00fcr Projektfertiger h\u00f6chste Priorit\u00e4t. Vorgegebene Liefertermine m\u00fcssen auch bei sich \u00e4ndernden Fertigungsbedingungen oder Problemen in der Lieferkette zuverl\u00e4ssig eingehalten werden. Ein ERP-System f\u00fcr Projektfertiger ist die zentrale Kommandoabteilung des Unternehmens \u2013 hier werden alle relevanten Zeichnungen, Dokumente, Zielvorgaben und Korrespondenzen verwaltet. Das ERP f\u00fcr Projektfertiger von TimeLine ERP ENGINEERING deckt dabei die gesamte Prozesskette ab \u2013 vom Vertrieb und <a href=\"https:\/\/stage.timeline-erp.de\/de\/funktionen\/customer-relationship-management-crm\/\">Customer-Relationship-Management (CRM)<\/a> \u00fcber die Konstruktion und Produktion mit CAD-Plugins und St\u00fccklisten- sowie Artikel-\u00dcbernahmen bis hin zur revisionssicheren Archivierung mit dem integrierten <a href=\"https:\/\/stage.timeline-erp.de\/de\/funktionen\/document-and-workflow-foundation\/dokumentenmanagement\/\">Mail- und Dokumentenmanagement (DMS)<\/a>. \u00a0Der Zugriff auf das DMS ist dank App auch von unterwegs aus m\u00f6glich.<\/p>\n<h3><strong>TimeLine ERP f\u00fcr Projektfertiger: Zeichnungsverwaltung mit CAD-Plugins &amp; 3D-Visualisierung<\/strong><\/h3>\n<p>Viele Projektfertiger setzen zwar ein ERP-System ein, nutzen aber weitere Software-L\u00f6sungen f\u00fcr die Konstruktion. Eine Schnittstelle zwischen beidem ist oft nicht verf\u00fcgbar, da ein herk\u00f6mmliches ERP-System keine Integration von Konstruktionssoftware vorsieht. Anders die ERP f\u00fcr Projektfertiger von TimeLine: Durch CAD-Plugins f\u00fcr Inventor, Solidedge und SolidWorks k\u00f6nnen Konstrukteure direkt aus der Entwicklungsumgebung heraus Artikel- und Metadaten editieren.<\/p>\n<p>\u00c4ndern sich die Fertigungsbedingungen, k\u00f6nnen Daten zentral und abteilungs\u00fcbergreifend bearbeitet werden \u2013 und durch die vollautomatische Synchronisation werden alle Anpassungen sofort \u00fcbertragen. Die bidirektionale Schnittstelle erlaubt umgekehrt auch die direkte Vorschau auf CAD-Zeichnungen aus dem ERP-System heraus. So greifen CAD-Software und die ERP f\u00fcr Projektfertiger perfekt ineinander \u2013 das erlaubt ein flexibles und sicheres Arbeiten ohne Informationsverlust in einem dynamischen Umfeld.<\/p>\n<h3><strong>Perfektes Projektmanagement \u00fcber alle Projektphasen <\/strong><\/h3>\n<p>Das ERP-System f\u00fcr Projektfertiger von TimeLine bietet zahlreiche Basisfunktionen f\u00fcr Unternehmen im Bereich Maschinenbau und Anlagenbau \u2013 von der <a href=\"https:\/\/stage.timeline-erp.de\/de\/funktionen\/warenwirtschaft\/\">Materialwirtschaft<\/a> \u00fcber die mitlaufende Kalkulation bis zur Verwaltung von <a href=\"https:\/\/stage.timeline-erp.de\/de\/funktionen\/produktionsplanung-und-steuerung\/\">Produktionsauftr\u00e4gen<\/a>. Verschiedene Funktionen wie der integrierte Mailserver mit serverbasierter Abholung eingehender E-Mails und automatischer Verlinkung zu Kunden oder Lieferanten und ein umfangreiches <a href=\"https:\/\/stage.timeline-erp.de\/de\/funktionen\/document-and-workflow-foundation\/\">Kalender- und Aufgaben-Management<\/a> optimieren die Workflows in der t\u00e4glichen Arbeit.<\/p>\n<p>Weiterhin ist ein Modul zum professionellen Projektmanagement enthalten. Die Projektverwaltung bildet dabei die Prozesse \u00fcber alle Projektphasen \u00fcbersichtlich im Projekt-Explorer ab \u2013 \u00fcbersichtlich kategorisiert und inklusive Belegen, Zeichnungen und Dokumenten. Die Unterteilung in Meilensteine erlaubt die einfache Zuordnung von Aufgaben und Terminen. Auch kaufm\u00e4nnische Module wie Finanzbuchhaltung, Kosten- und Lohnabrechnungen finden sich in der TimeLine ERP f\u00fcr Projektfertiger.<\/p>\n<h3><strong>ERP f\u00fcr Einzelfertiger und Projektfertiger: Individuelle L\u00f6sungen gefragt<\/strong><\/h3>\n<p>Weitere praktische Zusatzfunktionen sind beispielsweise die <a href=\"https:\/\/stage.timeline-erp.de\/de\/funktionen\/qualitaetsmanagement\/reklamationsmanagement-software\/reklamation-mit-8d-report\/\">Reklamationsabwicklung<\/a>, die <a href=\"https:\/\/stage.timeline-erp.de\/de\/funktionen\/datenerfassung\/betriebsdatenerfassung-bde\/\">Betriebsdatenerfassung<\/a> und das Modul <a href=\"https:\/\/stage.timeline-erp.de\/de\/funktionen\/business-intelligence\/\">Business Intelligence (BI)<\/a> zur direkten und flexiblen Auswertung Ihrer Prozesse. Individuelle Anpassungen k\u00f6nnen unsere Techniker innerhalb k\u00fcrzester Zeit umsetzen. Der pers\u00f6nliche und umfassende Support gibt Unternehmen die Sicherheit, die sie f\u00fcr ihre Arbeit brauchen. Das ERP f\u00fcr Projektfertiger kann im Rahmen der 90 Tage Demo kostenfrei und unverbindlich getestet werden.<\/p>\n<\/div><\/section><\/div><\/div><\/div><\/div><!-- close content main div --><\/div><\/div><div id='after_section_2'  class='main_color av_default_container_wrap container_wrap sidebar_right'  ><div class='container av-section-cont-open' ><div class='template-page content  av-content-small alpha units'><div class='post-entry post-entry-type-page post-entry-250243'><div class='entry-content-wrapper clearfix'>\n","protected":false},"excerpt":{"rendered":"","protected":false},"author":2,"featured_media":0,"parent":87,"menu_order":0,"comment_status":"closed","ping_status":"closed","template":"","meta":{"footnotes":""},"yoast_head":"<!-- This site is optimized with the Yoast SEO plugin v22.2 - https:\/\/yoast.com\/wordpress\/plugins\/seo\/ -->\n<title>ERP f\u00fcr Projektfertiger: Das ERP-System f\u00fcr die Produktionsbranche<\/title>\n<meta name=\"description\" content=\"ERP f\u00fcr Projektfertiger | Zeichnungsverwaltung mit CAD-Plugins &amp; 3D-Visualisierung Deckt die gesamte Prozesskette ab | TimeLine ERP \u2013 jetzt informieren!\" \/>\n<meta name=\"robots\" content=\"noindex, follow, max-snippet:-1, max-image-preview:large, max-video-preview:-1\" \/>\n<meta property=\"og:locale\" content=\"de_DE\" \/>\n<meta property=\"og:type\" content=\"article\" \/>\n<meta property=\"og:title\" content=\"ERP f\u00fcr Projektfertiger: Das ERP-System f\u00fcr die Produktionsbranche\" \/>\n<meta property=\"og:description\" content=\"ERP f\u00fcr Projektfertiger | Zeichnungsverwaltung mit CAD-Plugins &amp; 3D-Visualisierung Deckt die gesamte Prozesskette ab | TimeLine ERP \u2013 jetzt informieren!\" \/>\n<meta property=\"og:url\" content=\"https:\/\/stage.timeline-erp.de\/de\/branchenloesungen\/timeline-engineering\/erp-fuer-projektfertiger\/\" \/>\n<meta property=\"og:site_name\" content=\"TimeLine ERP DE\" \/>\n<meta property=\"article:modified_time\" content=\"2023-08-01T15:04:26+00:00\" \/>\n<meta name=\"twitter:card\" content=\"summary_large_image\" \/>\n<meta name=\"twitter:label1\" content=\"Gesch\u00e4tzte Lesezeit\" \/>\n\t<meta name=\"twitter:data1\" content=\"6\u00a0Minuten\" \/>\n<script type=\"application\/ld+json\" class=\"yoast-schema-graph\">{\"@context\":\"https:\/\/schema.org\",\"@graph\":[{\"@type\":\"WebPage\",\"@id\":\"https:\/\/stage.timeline-erp.de\/de\/branchenloesungen\/timeline-engineering\/erp-fuer-projektfertiger\/\",\"url\":\"https:\/\/stage.timeline-erp.de\/de\/branchenloesungen\/timeline-engineering\/erp-fuer-projektfertiger\/\",\"name\":\"ERP f\u00fcr Projektfertiger: Das ERP-System f\u00fcr die Produktionsbranche\",\"isPartOf\":{\"@id\":\"https:\/\/stage.timeline-erp.de\/de\/#website\"},\"datePublished\":\"2021-08-19T13:33:54+00:00\",\"dateModified\":\"2023-08-01T15:04:26+00:00\",\"description\":\"ERP f\u00fcr Projektfertiger | Zeichnungsverwaltung mit CAD-Plugins & 3D-Visualisierung Deckt die gesamte Prozesskette ab | TimeLine ERP \u2013 jetzt informieren!\",\"breadcrumb\":{\"@id\":\"https:\/\/stage.timeline-erp.de\/de\/branchenloesungen\/timeline-engineering\/erp-fuer-projektfertiger\/#breadcrumb\"},\"inLanguage\":\"de\",\"potentialAction\":[{\"@type\":\"ReadAction\",\"target\":[\"https:\/\/stage.timeline-erp.de\/de\/branchenloesungen\/timeline-engineering\/erp-fuer-projektfertiger\/\"]}]},{\"@type\":\"BreadcrumbList\",\"@id\":\"https:\/\/stage.timeline-erp.de\/de\/branchenloesungen\/timeline-engineering\/erp-fuer-projektfertiger\/#breadcrumb\",\"itemListElement\":[{\"@type\":\"ListItem\",\"position\":1,\"name\":\"Startseite\",\"item\":\"https:\/\/stage.timeline-erp.de\/de\/startseite\/\"},{\"@type\":\"ListItem\",\"position\":2,\"name\":\"Branchenl\u00f6sungen\",\"item\":\"https:\/\/stage.timeline-erp.de\/de\/branchenloesungen\/\"},{\"@type\":\"ListItem\",\"position\":3,\"name\":\"TimeLine Engineering\",\"item\":\"https:\/\/stage.timeline-erp.de\/de\/branchenloesungen\/timeline-engineering\/\"},{\"@type\":\"ListItem\",\"position\":4,\"name\":\"ERP f\u00fcr Projektfertiger: Das ERP-System f\u00fcr die Produktionsbranche\"}]},{\"@type\":\"WebSite\",\"@id\":\"https:\/\/stage.timeline-erp.de\/de\/#website\",\"url\":\"https:\/\/stage.timeline-erp.de\/de\/\",\"name\":\"TimeLine ERP DE\",\"description\":\"ERP, PPS, QS, CRM, MES, FIBU in einem System\",\"potentialAction\":[{\"@type\":\"SearchAction\",\"target\":{\"@type\":\"EntryPoint\",\"urlTemplate\":\"https:\/\/stage.timeline-erp.de\/de\/?s={search_term_string}\"},\"query-input\":\"required name=search_term_string\"}],\"inLanguage\":\"de\"}]}<\/script>\n<!-- \/ Yoast SEO plugin. -->","yoast_head_json":{"title":"ERP f\u00fcr Projektfertiger: Das ERP-System f\u00fcr die Produktionsbranche","description":"ERP f\u00fcr Projektfertiger | Zeichnungsverwaltung mit CAD-Plugins & 3D-Visualisierung Deckt die gesamte Prozesskette ab | TimeLine ERP \u2013 jetzt informieren!","robots":{"index":"noindex","follow":"follow","max-snippet":"max-snippet:-1","max-image-preview":"max-image-preview:large","max-video-preview":"max-video-preview:-1"},"og_locale":"de_DE","og_type":"article","og_title":"ERP f\u00fcr Projektfertiger: Das ERP-System f\u00fcr die Produktionsbranche","og_description":"ERP f\u00fcr Projektfertiger | Zeichnungsverwaltung mit CAD-Plugins & 3D-Visualisierung Deckt die gesamte Prozesskette ab | TimeLine ERP \u2013 jetzt informieren!","og_url":"https:\/\/stage.timeline-erp.de\/de\/branchenloesungen\/timeline-engineering\/erp-fuer-projektfertiger\/","og_site_name":"TimeLine ERP DE","article_modified_time":"2023-08-01T15:04:26+00:00","twitter_card":"summary_large_image","twitter_misc":{"Gesch\u00e4tzte Lesezeit":"6\u00a0Minuten"},"schema":{"@context":"https:\/\/schema.org","@graph":[{"@type":"WebPage","@id":"https:\/\/stage.timeline-erp.de\/de\/branchenloesungen\/timeline-engineering\/erp-fuer-projektfertiger\/","url":"https:\/\/stage.timeline-erp.de\/de\/branchenloesungen\/timeline-engineering\/erp-fuer-projektfertiger\/","name":"ERP f\u00fcr Projektfertiger: Das ERP-System f\u00fcr die Produktionsbranche","isPartOf":{"@id":"https:\/\/stage.timeline-erp.de\/de\/#website"},"datePublished":"2021-08-19T13:33:54+00:00","dateModified":"2023-08-01T15:04:26+00:00","description":"ERP f\u00fcr Projektfertiger | Zeichnungsverwaltung mit CAD-Plugins & 3D-Visualisierung Deckt die gesamte Prozesskette ab | TimeLine ERP \u2013 jetzt informieren!","breadcrumb":{"@id":"https:\/\/stage.timeline-erp.de\/de\/branchenloesungen\/timeline-engineering\/erp-fuer-projektfertiger\/#breadcrumb"},"inLanguage":"de","potentialAction":[{"@type":"ReadAction","target":["https:\/\/stage.timeline-erp.de\/de\/branchenloesungen\/timeline-engineering\/erp-fuer-projektfertiger\/"]}]},{"@type":"BreadcrumbList","@id":"https:\/\/stage.timeline-erp.de\/de\/branchenloesungen\/timeline-engineering\/erp-fuer-projektfertiger\/#breadcrumb","itemListElement":[{"@type":"ListItem","position":1,"name":"Startseite","item":"https:\/\/stage.timeline-erp.de\/de\/startseite\/"},{"@type":"ListItem","position":2,"name":"Branchenl\u00f6sungen","item":"https:\/\/stage.timeline-erp.de\/de\/branchenloesungen\/"},{"@type":"ListItem","position":3,"name":"TimeLine Engineering","item":"https:\/\/stage.timeline-erp.de\/de\/branchenloesungen\/timeline-engineering\/"},{"@type":"ListItem","position":4,"name":"ERP f\u00fcr Projektfertiger: Das ERP-System f\u00fcr die Produktionsbranche"}]},{"@type":"WebSite","@id":"https:\/\/stage.timeline-erp.de\/de\/#website","url":"https:\/\/stage.timeline-erp.de\/de\/","name":"TimeLine ERP DE","description":"ERP, PPS, QS, CRM, MES, FIBU in einem System","potentialAction":[{"@type":"SearchAction","target":{"@type":"EntryPoint","urlTemplate":"https:\/\/stage.timeline-erp.de\/de\/?s={search_term_string}"},"query-input":"required name=search_term_string"}],"inLanguage":"de"}]}},"_links":{"self":[{"href":"https:\/\/stage.timeline-erp.de\/de\/wp-json\/wp\/v2\/pages\/250243"}],"collection":[{"href":"https:\/\/stage.timeline-erp.de\/de\/wp-json\/wp\/v2\/pages"}],"about":[{"href":"https:\/\/stage.timeline-erp.de\/de\/wp-json\/wp\/v2\/types\/page"}],"author":[{"embeddable":true,"href":"https:\/\/stage.timeline-erp.de\/de\/wp-json\/wp\/v2\/users\/2"}],"replies":[{"embeddable":true,"href":"https:\/\/stage.timeline-erp.de\/de\/wp-json\/wp\/v2\/comments?post=250243"}],"version-history":[{"count":0,"href":"https:\/\/stage.timeline-erp.de\/de\/wp-json\/wp\/v2\/pages\/250243\/revisions"}],"up":[{"embeddable":true,"href":"https:\/\/stage.timeline-erp.de\/de\/wp-json\/wp\/v2\/pages\/87"}],"wp:attachment":[{"href":"https:\/\/stage.timeline-erp.de\/de\/wp-json\/wp\/v2\/media?parent=250243"}],"curies":[{"name":"wp","href":"https:\/\/api.w.org\/{rel}","templated":true}]}}