{"id":250248,"date":"2021-08-19T15:43:31","date_gmt":"2021-08-19T13:43:31","guid":{"rendered":"https:\/\/www.timeline-erp.de\/?page_id=250248"},"modified":"2023-08-02T11:53:38","modified_gmt":"2023-08-02T09:53:38","slug":"cad-erp-kombination","status":"publish","type":"page","link":"https:\/\/stage.timeline-erp.de\/de\/branchenloesungen\/timeline-engineering\/cad-erp-kombination\/","title":{"rendered":"CAD &#038; ERP: Die Kombination von ERP-System und CAD-Umgebung"},"content":{"rendered":"\n<style type=\"text\/css\" data-created_by=\"avia_inline_auto\" id=\"style-css-av-17urrbpk-12c6e506021d8b5aa115f9bdfa03b0ce\">\n.avia-section.av-17urrbpk-12c6e506021d8b5aa115f9bdfa03b0ce{\nbackground-color:#fcfbf9;\nbackground:linear-gradient( to bottom right, #fcfbf9, #f6f7f8 );\n}\n.avia-section.av-17urrbpk-12c6e506021d8b5aa115f9bdfa03b0ce .av-section-color-overlay{\nopacity:0.5;\nbackground-image:url(https:\/\/stage.timeline-erp.de\/de\/wp-content\/themes\/enfold\/images\/background-images\/noise-for-dark-background.png);\nbackground-repeat:repeat;\n}\n<\/style>\n<div id='av_section_1'  class='avia-section av-17urrbpk-12c6e506021d8b5aa115f9bdfa03b0ce main_color avia-section-large avia-no-border-styling  avia-builder-el-0  el_before_av_one_full  avia-builder-el-first  avia-bg-style-scroll av-section-color-overlay-active av-minimum-height av-minimum-height-50 av-height-50  container_wrap sidebar_right'   data-av_minimum_height_pc='50' data-av_min_height_opt='50'><div class=\"av-section-color-overlay-wrap\"><div class=\"av-section-color-overlay\"><\/div><div class='container av-section-cont-open' ><main  role=\"main\" itemprop=\"mainContentOfPage\"  class='template-page content  av-content-small alpha units'><div class='post-entry post-entry-type-page post-entry-250248'><div class='entry-content-wrapper clearfix'>\n<div class='flex_column_table av-11kk8bd4-08017fea36c49921025f213f1e350542 sc-av_one_full av-equal-height-column-flextable'>\n<style type=\"text\/css\" data-created_by=\"avia_inline_auto\" id=\"style-css-av-11kk8bd4-08017fea36c49921025f213f1e350542\">\n.flex_column.av-11kk8bd4-08017fea36c49921025f213f1e350542{\nborder-radius:0px 0px 0px 0px;\npadding:0px 0px 0px 0px;\n}\n<\/style>\n<div  class='flex_column av-11kk8bd4-08017fea36c49921025f213f1e350542 av_one_full  avia-builder-el-1  avia-builder-el-no-sibling  first flex_column_table_cell av-equal-height-column av-align-top av-zero-column-padding  '     ><p>\n<style type=\"text\/css\" data-created_by=\"avia_inline_auto\" id=\"style-css-av-ksiyv7ze-453243cf1b5ee75cc53ec37f240de11d\">\n#top .av-special-heading.av-ksiyv7ze-453243cf1b5ee75cc53ec37f240de11d{\npadding-bottom:10px;\nfont-size:55px;\n}\nbody .av-special-heading.av-ksiyv7ze-453243cf1b5ee75cc53ec37f240de11d .av-special-heading-tag .heading-char{\nfont-size:25px;\n}\n#top #wrap_all .av-special-heading.av-ksiyv7ze-453243cf1b5ee75cc53ec37f240de11d .av-special-heading-tag{\nfont-size:55px;\n}\n.av-special-heading.av-ksiyv7ze-453243cf1b5ee75cc53ec37f240de11d .av-subheading{\nfont-size:15px;\n}\n\n@media only screen and (min-width: 480px) and (max-width: 767px){ \n#top #wrap_all .av-special-heading.av-ksiyv7ze-453243cf1b5ee75cc53ec37f240de11d .av-special-heading-tag{\nfont-size:0.8em;\n}\n}\n\n@media only screen and (max-width: 479px){ \n#top #wrap_all .av-special-heading.av-ksiyv7ze-453243cf1b5ee75cc53ec37f240de11d .av-special-heading-tag{\nfont-size:0.8em;\n}\n}\n<\/style>\n<div  class='av-special-heading av-ksiyv7ze-453243cf1b5ee75cc53ec37f240de11d av-special-heading-h1 blockquote modern-quote modern-centered  avia-builder-el-2  el_before_av_textblock  avia-builder-el-first  av-thin-font av-inherit-size'><h1 class='av-special-heading-tag'  itemprop=\"headline\"  >CAD und ERP:<br \/>\n<strong>Die Kombination von ERP-System und CAD-Umgebung<\/strong><\/h1><div class=\"special-heading-border\"><div class=\"special-heading-inner-border\"><\/div><\/div><\/div><br \/>\n\n<style type=\"text\/css\" data-created_by=\"avia_inline_auto\" id=\"style-css-av-ksiyvikb-8f597740650355a984d74d37ef5a8453\">\n#top .av_textblock_section.av-ksiyvikb-8f597740650355a984d74d37ef5a8453 .avia_textblock{\nfont-size:20px;\n}\n<\/style>\n<section  class='av_textblock_section av-ksiyvikb-8f597740650355a984d74d37ef5a8453 '   itemscope=\"itemscope\" itemtype=\"https:\/\/schema.org\/CreativeWork\" ><div class='avia_textblock'  itemprop=\"text\" ><p style=\"text-align: center;\">Eine ERP-System mit CAD f\u00fcr Konstrukteure? Ja: Die TimeLine ERP ENGINEERING richtet sich speziell an Einzel- und Projektfertiger und integriert Ihre CAD-Umgebung nahtlos in unser speziell f\u00fcr den Maschinenbau entwickeltes ERP-System. So k\u00f6nnen Sie aus Ihrem ERP-System jederzeit auf Ihre CAD-Zeichnungen und Projekte zugreifen und haben den perfekten \u00dcberblick. Mit der ERP-L\u00f6sung mit CAD-Integration von TimeLine k\u00f6nnen Sie alle Funktionen einer ERP-Software nutzen \u2013 in nur einem einzigen statt in zwei Systemen. Das erleichtert Ihre Workflows, beschleunigt Ihre Prozesse \u2013 und spart so Zeit und Geld.<\/p>\n<\/div><\/section><br \/>\n\n<style type=\"text\/css\" data-created_by=\"avia_inline_auto\" id=\"style-css-av-zsfdbew-f5e5a5411c31f565a01650bf0e0e518a\">\n#top .hr.hr-invisible.av-zsfdbew-f5e5a5411c31f565a01650bf0e0e518a{\nheight:30px;\n}\n<\/style>\n<div  class='hr av-zsfdbew-f5e5a5411c31f565a01650bf0e0e518a hr-invisible  avia-builder-el-4  el_after_av_textblock  el_before_av_buttonrow '><span class='hr-inner '><span class=\"hr-inner-style\"><\/span><\/span><\/div><br \/>\n<div  class='avia-buttonrow-wrap av-s172lmw-b6318d91b38334f91c637301f5d152dd avia-buttonrow-center  avia-builder-el-5  el_after_av_hr  avia-builder-el-last '>\n\n<style type=\"text\/css\" data-created_by=\"avia_inline_auto\" id=\"style-css-av-of3ux6w-742937c27b382a8f877cad531338feda\">\n#top #wrap_all .avia-button.av-of3ux6w-742937c27b382a8f877cad531338feda{\nmargin-bottom:5px;\nmargin-right:3px;\nmargin-left:3px;\n}\n<\/style>\n<a href='https:\/\/stage.timeline-erp.de\/de\/funktionen\/'  class='avia-button av-of3ux6w-742937c27b382a8f877cad531338feda avia-icon_select-no avia-size-large avia-color-theme-color'  ><span class='avia_iconbox_title' >Funktionen entdecken<\/span><\/a>\n\n<style type=\"text\/css\" data-created_by=\"avia_inline_auto\" id=\"style-css-av-jyjdcug-2102b7cf62a92547a3521f8f3f77bb0c\">\n#top #wrap_all .avia-button.av-jyjdcug-2102b7cf62a92547a3521f8f3f77bb0c{\nmargin-bottom:5px;\nmargin-right:3px;\nmargin-left:3px;\n}\n<\/style>\n<a href='https:\/\/stage.timeline-erp.de\/de\/download-center\/#broschueren'  class='avia-button av-jyjdcug-2102b7cf62a92547a3521f8f3f77bb0c avia-icon_select-no avia-size-large avia-color-theme-color-highlight'  ><span class='avia_iconbox_title' >Brosch\u00fcre herunterladen<\/span><\/a>\n<\/div><\/p><\/div><\/div><!--close column table wrapper. Autoclose: 1 --><\/div><\/div><\/main><!-- close content main element --><\/div><\/div><\/div><div id='after_section_1'  class='main_color av_default_container_wrap container_wrap sidebar_right'  ><div class='container av-section-cont-open' ><div class='template-page content  av-content-small alpha units'><div class='post-entry post-entry-type-page post-entry-250248'><div class='entry-content-wrapper clearfix'>\n<style type=\"text\/css\" data-created_by=\"avia_inline_auto\" id=\"style-css-av-flnngeg-bdc6a68b026304b5f9b44368663ba065\">\n#top .flex_column.av-flnngeg-bdc6a68b026304b5f9b44368663ba065{\nmargin-top:-100px;\nmargin-bottom:0px;\n}\n.flex_column.av-flnngeg-bdc6a68b026304b5f9b44368663ba065{\nborder-radius:0px 0px 0px 0px;\npadding:0px 0px 0px 0px;\n}\n.responsive #top #wrap_all .flex_column.av-flnngeg-bdc6a68b026304b5f9b44368663ba065{\nmargin-top:-100px;\nmargin-bottom:0px;\n}\n<\/style>\n<div  class='flex_column av-flnngeg-bdc6a68b026304b5f9b44368663ba065 av_one_full  avia-builder-el-6  el_after_av_section  el_before_av_section  avia-builder-el-no-sibling  first flex_column_div av-zero-column-padding  '     ><style type=\"text\/css\" data-created_by=\"avia_inline_auto\" id=\"style-css-av-ksiz1x28-72d9fc4c3b83b43aa1b9eb401ae3d6d5\">\n.avia-image-container.av-ksiz1x28-72d9fc4c3b83b43aa1b9eb401ae3d6d5 img.avia_image{\nbox-shadow:none;\n}\n.avia-image-container.av-ksiz1x28-72d9fc4c3b83b43aa1b9eb401ae3d6d5 .av-image-caption-overlay-center{\ncolor:#ffffff;\n}\n<\/style>\n<div  class='avia-image-container av-ksiz1x28-72d9fc4c3b83b43aa1b9eb401ae3d6d5 av-styling- avia-align-center  avia-builder-el-7  avia-builder-el-no-sibling '   itemprop=\"image\" itemscope=\"itemscope\" itemtype=\"https:\/\/schema.org\/ImageObject\" ><div class=\"avia-image-container-inner\"><div class=\"avia-image-overlay-wrap\"><img decoding=\"async\" fetchpriority=\"high\" class='avia-img-lazy-loading-not- avia_image ' src=\"https:\/\/stage.timeline-erp.de\/wp-content\/uploads\/CAD-Screens-Mockup-e1629380492464.png\" alt='' title=''   itemprop=\"thumbnailUrl\"  \/><\/div><\/div><\/div><\/div><\/p>\n<\/div><\/div><\/div><!-- close content main div --><\/div><\/div><div id='av_section_2'  class='avia-section av-ctinsi0-b45920c4624008a1b9a80bb850330ec2 main_color avia-section-default avia-no-border-styling  avia-builder-el-8  el_after_av_one_full  avia-builder-el-last  avia-bg-style-scroll container_wrap sidebar_right'  ><div class='container av-section-cont-open' ><div class='template-page content  av-content-small alpha units'><div class='post-entry post-entry-type-page post-entry-250248'><div class='entry-content-wrapper clearfix'>\n\n<style type=\"text\/css\" data-created_by=\"avia_inline_auto\" id=\"style-css-av-7z6tkug-2fe0a46612e260f75c73cdc3cc8f2859\">\n.flex_column.av-7z6tkug-2fe0a46612e260f75c73cdc3cc8f2859{\nborder-radius:0px 0px 0px 0px;\npadding:0px 0px 0px 0px;\n}\n<\/style>\n<div  class='flex_column av-7z6tkug-2fe0a46612e260f75c73cdc3cc8f2859 av_one_full  avia-builder-el-9  avia-builder-el-no-sibling  first flex_column_div av-zero-column-padding  '     ><section  class='av_textblock_section av-ksiyyqrn-5d0b5d3e66f0c426af5fa94c0e9685d7 '   itemscope=\"itemscope\" itemtype=\"https:\/\/schema.org\/CreativeWork\" ><div class='avia_textblock'  itemprop=\"text\" ><h2><strong>So profitieren Sie von den Vorz\u00fcgen eines ERP-Systems<\/strong><\/h2>\n<p>TimeLine ERP ENGINEERING ist ein ERP-System, das speziell f\u00fcr die Prozesse von Unternehmen aus dem <a href=\"https:\/\/stage.timeline-erp.de\/de\/branchenloesungen\/timeline-engineering\/erp-maschinenbau\/\">Maschinen<\/a>&#8211; und <a href=\"https:\/\/stage.timeline-erp.de\/de\/branchenloesungen\/timeline-engineering\/erp-fuer-den-anlagenbau\/\">Anlagenbau<\/a> entwickelt wurde. Das ERP-Programm verf\u00fcgt dabei \u00fcber eine Digitale Managementfunktion f\u00fcr Produktdaten, kurz PDM. Das PDM-System erm\u00f6glicht eine zentrale Steuerung der Entwurfs- und Konstruktionsprozesse inklusive der Verwaltung von Konstruktionszeichnungen und CAD-Modellen. Das PDM-System beschleunigt nicht nur Ihre Produktentwicklung und erh\u00f6ht Ihre Produktivit\u00e4t \u2013 ohne zus\u00e4tzlichen personellen Aufwand.<\/p>\n<h3><strong>CAD &amp; ERP: Warum die CAD Integration in das ERP so wichtig ist<\/strong><\/h3>\n<p>Ein ERP-System bietet gerade kleinen und mittelst\u00e4ndischen Unternehmen handfeste Vorteile. Das Problem in der Maschinenbau-Branche: Bei vielen ERP-Systemen gibt es keine M\u00f6glichkeit der CAD-Integration. Mit dem CAD-Programm entwickeln Konstrukteure komplexe Produkte und Anlagen. Die CAD-Software wird dabei in der Regel von einem Produktdatenmanagement-System (PDM) unterst\u00fctzt, in dem alle wichtigen Daten sowie verschiedene Versionen der CAD-Zeichnungen oder -Modelle hinterlegt sind.<\/p>\n<p>Was geschieht aber nun, wenn die Konstruktion mit der CAD-Software abgeschlossen ist? F\u00fcr die folgenden Prozesse \u2013 wie die Fertigung \u2013 m\u00fcssen alle Daten und Zeichnungen an das ERP-System \u00fcbermittelt werden. Ohne eine entsprechende Schnittstelle, die eine reibungslose \u00dcbertragung erm\u00f6glicht, m\u00fcssen die St\u00fccklisten des CAD-Systems in m\u00fchsamer Kleinarbeit manuell in das ERP-System eingegeben werden. Das ist \u2013 je nach Komplexit\u00e4t der CAD-Modelle \u2013 nicht nur sehr zeitaufw\u00e4ndig, sondern auch anf\u00e4llig f\u00fcr Fehler.<\/p>\n<p>Das Problem der fehlenden Schnittstelle besteht auch in die andere Richtung: M\u00fcssen einmal CAD-Pl\u00e4ne angepasst werden, geschieht das in der CAD-Umgebung. Ist diese nicht mit dem ERP-System verkn\u00fcpft, kann es zu Diskrepanzen zwischen den St\u00fccklisten und der CAD-Zeichnung kommen \u2013 denn auch hier m\u00fcssten die \u00c4nderungen per Hand \u00fcbertragen werden. Auch hier gibt es ein erhebliches Fehlerpotenzial, das am Ende zu einer geringeren Kundenzufriedenheit f\u00fchren kann. Eine automatische Daten\u00fcbertragung spart also nicht nur Zeit, Personalkosten und Frustration auf Seiten der Mitarbeiter und Kunden \u2013 es sorgt auch f\u00fcr eine h\u00f6here Produktqualit\u00e4t.<\/p>\n<h3><strong>CAD &amp; ERP: Das TimeLine ERP mit CAD-Erweiterung<\/strong><\/h3>\n<p>Das ERP-System TimeLine ENGINEERING wurde speziell f\u00fcr <a href=\"https:\/\/stage.timeline-erp.de\/de\/branchenloesungen\/timeline-engineering\/erp-fuer-projektfertiger\/\">Einzel- und Projektfertiger<\/a> im Maschinenbau entwickelt und verschmilzt CAD-Umgebung und ERP-Programm miteinander. Durch die CAD-Integration k\u00f6nnen Konstrukteure die \u00dcbertragung aller Daten und St\u00fccklisten bequem in der Entwicklungsumgebung vornehmen \u2013 ganz einfach per CAD-Plugin. Auf diese Weise entsteht ein CAD-ERP, das beide Welten miteinander in Einklang bringt.<\/p>\n<p>Durch die Anbindung werden Konstruktionspl\u00e4ne und St\u00fccklisten automatisiert \u00fcbertragen \u2013 das spart Zeit und beugt Fehlern vor. Durch die bidirektionale Verbindung k\u00f6nnen Ihre Mitarbeiter auf \u00c4nderungen flexibel und zeitnah agieren. Alle Mitarbeiter k\u00f6nnen zentral und in Echtzeit auf die Daten zugreifen. Das macht die Kommunikation zwischen Konstrukteuren und der Produktion einfacher und beschleunigt Ihre Entwicklungsprozesse erheblich.<\/p>\n<h3><strong>Funktionen des ERP-Systems mit CAD-Integration von TimeLine<\/strong><\/h3>\n<p>Das ERP-System mit CAD-Umgebung von TimeLine ENGINEER bietet Ihnen folgende wichtige Funktionen:<\/p>\n<ul>\n<li>CAD-Plugins f\u00fcr Inventor, Solid Edge und Solid Works<\/li>\n<li>St\u00fccklisten und Artikel\u00fcbernahme<\/li>\n<li>3D-Visualisierungen als direkte Vorschau aus dem ERP-System<\/li>\n<li>Integriertes PDM zur revisionssicheren Archivierung von CAD-Dateien<\/li>\n<\/ul>\n<p>Sie k\u00f6nnen TimeLine ERP ENGINEERING ganz einfach und unverbindlich f\u00fcr 90 Tage testen \u2013 nat\u00fcrlich kostenfrei!<\/p>\n<\/div><\/section><\/div><\/div><\/div><\/div><!-- close content main div --><\/div><\/div><div id='after_section_2'  class='main_color av_default_container_wrap container_wrap sidebar_right'  ><div class='container av-section-cont-open' ><div class='template-page content  av-content-small alpha units'><div class='post-entry post-entry-type-page post-entry-250248'><div class='entry-content-wrapper clearfix'>\n","protected":false},"excerpt":{"rendered":"","protected":false},"author":2,"featured_media":0,"parent":87,"menu_order":0,"comment_status":"closed","ping_status":"closed","template":"","meta":{"footnotes":""},"yoast_head":"<!-- This site is optimized with the Yoast SEO plugin v22.2 - https:\/\/yoast.com\/wordpress\/plugins\/seo\/ -->\n<title>CAD &amp; ERP: Die Kombination von ERP-System und CAD-Umgebung<\/title>\n<meta name=\"description\" content=\"CAD &amp; ERP | Die Integration von CAD in ein ERP-System bietet handfeste Vorteile | Jetzt informieren\" \/>\n<meta name=\"robots\" content=\"noindex, follow, max-snippet:-1, max-image-preview:large, max-video-preview:-1\" \/>\n<meta property=\"og:locale\" content=\"de_DE\" \/>\n<meta property=\"og:type\" content=\"article\" \/>\n<meta property=\"og:title\" content=\"CAD &amp; ERP: Die Kombination von ERP-System und CAD-Umgebung\" \/>\n<meta property=\"og:description\" content=\"CAD &amp; ERP | Die Integration von CAD in ein ERP-System bietet handfeste Vorteile | Jetzt informieren\" \/>\n<meta property=\"og:url\" content=\"https:\/\/stage.timeline-erp.de\/de\/branchenloesungen\/timeline-engineering\/cad-erp-kombination\/\" \/>\n<meta property=\"og:site_name\" content=\"TimeLine ERP DE\" \/>\n<meta property=\"article:modified_time\" content=\"2023-08-02T09:53:38+00:00\" \/>\n<meta name=\"twitter:card\" content=\"summary_large_image\" \/>\n<meta name=\"twitter:label1\" content=\"Gesch\u00e4tzte Lesezeit\" \/>\n\t<meta name=\"twitter:data1\" content=\"6\u00a0Minuten\" \/>\n<script type=\"application\/ld+json\" class=\"yoast-schema-graph\">{\"@context\":\"https:\/\/schema.org\",\"@graph\":[{\"@type\":\"WebPage\",\"@id\":\"https:\/\/stage.timeline-erp.de\/de\/branchenloesungen\/timeline-engineering\/cad-erp-kombination\/\",\"url\":\"https:\/\/stage.timeline-erp.de\/de\/branchenloesungen\/timeline-engineering\/cad-erp-kombination\/\",\"name\":\"CAD & ERP: Die Kombination von ERP-System und CAD-Umgebung\",\"isPartOf\":{\"@id\":\"https:\/\/stage.timeline-erp.de\/de\/#website\"},\"datePublished\":\"2021-08-19T13:43:31+00:00\",\"dateModified\":\"2023-08-02T09:53:38+00:00\",\"description\":\"CAD & ERP | Die Integration von CAD in ein ERP-System bietet handfeste Vorteile | Jetzt informieren\",\"breadcrumb\":{\"@id\":\"https:\/\/stage.timeline-erp.de\/de\/branchenloesungen\/timeline-engineering\/cad-erp-kombination\/#breadcrumb\"},\"inLanguage\":\"de\",\"potentialAction\":[{\"@type\":\"ReadAction\",\"target\":[\"https:\/\/stage.timeline-erp.de\/de\/branchenloesungen\/timeline-engineering\/cad-erp-kombination\/\"]}]},{\"@type\":\"BreadcrumbList\",\"@id\":\"https:\/\/stage.timeline-erp.de\/de\/branchenloesungen\/timeline-engineering\/cad-erp-kombination\/#breadcrumb\",\"itemListElement\":[{\"@type\":\"ListItem\",\"position\":1,\"name\":\"Startseite\",\"item\":\"https:\/\/stage.timeline-erp.de\/de\/startseite\/\"},{\"@type\":\"ListItem\",\"position\":2,\"name\":\"Branchenl\u00f6sungen\",\"item\":\"https:\/\/stage.timeline-erp.de\/de\/branchenloesungen\/\"},{\"@type\":\"ListItem\",\"position\":3,\"name\":\"TimeLine Engineering\",\"item\":\"https:\/\/stage.timeline-erp.de\/de\/branchenloesungen\/timeline-engineering\/\"},{\"@type\":\"ListItem\",\"position\":4,\"name\":\"CAD &#038; ERP: Die Kombination von ERP-System und CAD-Umgebung\"}]},{\"@type\":\"WebSite\",\"@id\":\"https:\/\/stage.timeline-erp.de\/de\/#website\",\"url\":\"https:\/\/stage.timeline-erp.de\/de\/\",\"name\":\"TimeLine ERP DE\",\"description\":\"ERP, PPS, QS, CRM, MES, FIBU in einem System\",\"potentialAction\":[{\"@type\":\"SearchAction\",\"target\":{\"@type\":\"EntryPoint\",\"urlTemplate\":\"https:\/\/stage.timeline-erp.de\/de\/?s={search_term_string}\"},\"query-input\":\"required name=search_term_string\"}],\"inLanguage\":\"de\"}]}<\/script>\n<!-- \/ Yoast SEO plugin. -->","yoast_head_json":{"title":"CAD & ERP: Die Kombination von ERP-System und CAD-Umgebung","description":"CAD & ERP | Die Integration von CAD in ein ERP-System bietet handfeste Vorteile | Jetzt informieren","robots":{"index":"noindex","follow":"follow","max-snippet":"max-snippet:-1","max-image-preview":"max-image-preview:large","max-video-preview":"max-video-preview:-1"},"og_locale":"de_DE","og_type":"article","og_title":"CAD & ERP: Die Kombination von ERP-System und CAD-Umgebung","og_description":"CAD & ERP | Die Integration von CAD in ein ERP-System bietet handfeste Vorteile | Jetzt informieren","og_url":"https:\/\/stage.timeline-erp.de\/de\/branchenloesungen\/timeline-engineering\/cad-erp-kombination\/","og_site_name":"TimeLine ERP DE","article_modified_time":"2023-08-02T09:53:38+00:00","twitter_card":"summary_large_image","twitter_misc":{"Gesch\u00e4tzte Lesezeit":"6\u00a0Minuten"},"schema":{"@context":"https:\/\/schema.org","@graph":[{"@type":"WebPage","@id":"https:\/\/stage.timeline-erp.de\/de\/branchenloesungen\/timeline-engineering\/cad-erp-kombination\/","url":"https:\/\/stage.timeline-erp.de\/de\/branchenloesungen\/timeline-engineering\/cad-erp-kombination\/","name":"CAD & ERP: Die Kombination von ERP-System und CAD-Umgebung","isPartOf":{"@id":"https:\/\/stage.timeline-erp.de\/de\/#website"},"datePublished":"2021-08-19T13:43:31+00:00","dateModified":"2023-08-02T09:53:38+00:00","description":"CAD & ERP | Die Integration von CAD in ein ERP-System bietet handfeste Vorteile | Jetzt informieren","breadcrumb":{"@id":"https:\/\/stage.timeline-erp.de\/de\/branchenloesungen\/timeline-engineering\/cad-erp-kombination\/#breadcrumb"},"inLanguage":"de","potentialAction":[{"@type":"ReadAction","target":["https:\/\/stage.timeline-erp.de\/de\/branchenloesungen\/timeline-engineering\/cad-erp-kombination\/"]}]},{"@type":"BreadcrumbList","@id":"https:\/\/stage.timeline-erp.de\/de\/branchenloesungen\/timeline-engineering\/cad-erp-kombination\/#breadcrumb","itemListElement":[{"@type":"ListItem","position":1,"name":"Startseite","item":"https:\/\/stage.timeline-erp.de\/de\/startseite\/"},{"@type":"ListItem","position":2,"name":"Branchenl\u00f6sungen","item":"https:\/\/stage.timeline-erp.de\/de\/branchenloesungen\/"},{"@type":"ListItem","position":3,"name":"TimeLine Engineering","item":"https:\/\/stage.timeline-erp.de\/de\/branchenloesungen\/timeline-engineering\/"},{"@type":"ListItem","position":4,"name":"CAD &#038; ERP: Die Kombination von ERP-System und CAD-Umgebung"}]},{"@type":"WebSite","@id":"https:\/\/stage.timeline-erp.de\/de\/#website","url":"https:\/\/stage.timeline-erp.de\/de\/","name":"TimeLine ERP DE","description":"ERP, PPS, QS, CRM, MES, FIBU in einem System","potentialAction":[{"@type":"SearchAction","target":{"@type":"EntryPoint","urlTemplate":"https:\/\/stage.timeline-erp.de\/de\/?s={search_term_string}"},"query-input":"required name=search_term_string"}],"inLanguage":"de"}]}},"_links":{"self":[{"href":"https:\/\/stage.timeline-erp.de\/de\/wp-json\/wp\/v2\/pages\/250248"}],"collection":[{"href":"https:\/\/stage.timeline-erp.de\/de\/wp-json\/wp\/v2\/pages"}],"about":[{"href":"https:\/\/stage.timeline-erp.de\/de\/wp-json\/wp\/v2\/types\/page"}],"author":[{"embeddable":true,"href":"https:\/\/stage.timeline-erp.de\/de\/wp-json\/wp\/v2\/users\/2"}],"replies":[{"embeddable":true,"href":"https:\/\/stage.timeline-erp.de\/de\/wp-json\/wp\/v2\/comments?post=250248"}],"version-history":[{"count":0,"href":"https:\/\/stage.timeline-erp.de\/de\/wp-json\/wp\/v2\/pages\/250248\/revisions"}],"up":[{"embeddable":true,"href":"https:\/\/stage.timeline-erp.de\/de\/wp-json\/wp\/v2\/pages\/87"}],"wp:attachment":[{"href":"https:\/\/stage.timeline-erp.de\/de\/wp-json\/wp\/v2\/media?parent=250248"}],"curies":[{"name":"wp","href":"https:\/\/api.w.org\/{rel}","templated":true}]}}