{"id":250311,"date":"2021-09-17T11:22:08","date_gmt":"2021-09-17T09:22:08","guid":{"rendered":"https:\/\/www.timeline-erp.de\/?page_id=250311"},"modified":"2023-08-01T16:10:31","modified_gmt":"2023-08-01T14:10:31","slug":"erp-system-des-jahres","status":"publish","type":"page","link":"https:\/\/stage.timeline-erp.de\/de\/erp-system-des-jahres\/","title":{"rendered":"ERP-System des Jahres"},"content":{"rendered":"\t\t<div data-elementor-type=\"wp-page\" data-elementor-id=\"250311\" class=\"elementor elementor-250311\" data-elementor-post-type=\"page\">\n\t\t\t\t\t\t<section data-particle_enable=\"false\" data-particle-mobile-disabled=\"false\" class=\"elementor-section elementor-top-section elementor-element elementor-element-11f534f elementor-section-boxed elementor-section-height-default elementor-section-height-default\" data-id=\"11f534f\" data-element_type=\"section\">\n\t\t\t\t\t\t<div class=\"elementor-container elementor-column-gap-default\">\n\t\t\t\t\t<div class=\"elementor-column elementor-col-100 elementor-top-column elementor-element elementor-element-3d1d2e6\" data-id=\"3d1d2e6\" data-element_type=\"column\">\n\t\t\t<div class=\"elementor-widget-wrap elementor-element-populated\">\n\t\t\t\t\t\t<div class=\"elementor-element elementor-element-9cc513d elementor-widget elementor-widget-heading\" data-id=\"9cc513d\" data-element_type=\"widget\" data-widget_type=\"heading.default\">\n\t\t\t\t<div class=\"elementor-widget-container\">\n\t\t\t<h1 class=\"elementor-heading-title elementor-size-default\">Das ERP-System des Jahres: <br \/>Alle Auszeichnungen von TimeLine in der \u00dcbersicht <\/h1>\t\t<\/div>\n\t\t\t\t<\/div>\n\t\t\t\t<div class=\"elementor-element elementor-element-bb50eb9 elementor-widget elementor-widget-text-editor\" data-id=\"bb50eb9\" data-element_type=\"widget\" data-widget_type=\"text-editor.default\">\n\t\t\t\t<div class=\"elementor-widget-container\">\n\t\t\t\t\t\t\t<p style=\"text-align: center;\">J\u00e4hrlich wird das ERP-System des Jahres gek\u00fcrt \u2013 nat\u00fcrlich auch 2021. Seit 2008 vorne mit dabei: TimeLine! In der Vergangenheit konnten wir uns bereits in mehreren Bereichen gegen andere Bewerber durchsetzen \u2013 und mit unserer Expertise punkten. Welche Kategorien das sind, erfahren Sie hier in unserer \u00dcbersicht.<\/p><p style=\"text-align: center;\">Weitere Informationen zum Wettbewerb finden Sie hier: <a href=\"https:\/\/www.system-des-jahres.de\/\" target=\"_blank\" rel=\"noopener\">https:\/\/www.system-des-jahres.de\/<\/a><\/p>\t\t\t\t\t\t<\/div>\n\t\t\t\t<\/div>\n\t\t\t\t\t<\/div>\n\t\t<\/div>\n\t\t\t\t\t<\/div>\n\t\t<\/section>\n\t\t\t\t<section data-particle_enable=\"false\" data-particle-mobile-disabled=\"false\" class=\"elementor-section elementor-top-section elementor-element elementor-element-8887eb4 elementor-section-boxed elementor-section-height-default elementor-section-height-default\" data-id=\"8887eb4\" data-element_type=\"section\">\n\t\t\t\t\t\t<div class=\"elementor-container elementor-column-gap-default\">\n\t\t\t\t\t<div class=\"elementor-column elementor-col-100 elementor-top-column elementor-element elementor-element-4d718cd\" data-id=\"4d718cd\" data-element_type=\"column\">\n\t\t\t<div class=\"elementor-widget-wrap elementor-element-populated\">\n\t\t\t\t\t\t<div class=\"elementor-element elementor-element-28508c0 elementor-widget elementor-widget-eael-content-timeline\" data-id=\"28508c0\" data-element_type=\"widget\" data-widget_type=\"eael-content-timeline.default\">\n\t\t\t\t<div class=\"elementor-widget-container\">\n\t\t\t\t\t<div id=\"eael-content-timeline-28508c0\" class=\"content-timeline-layout-center date-position- horizontal-timeline-wrapper\" data-slide_to_scroll=\"{&quot;desktop&quot;:1,&quot;tablet&quot;:1,&quot;mobile&quot;:1}\">\n\t\t\t<div class=\"eael-content-timeline-container\">\n\t\t\t\t<div class=\"eael-content-timeline-container\">\n\t\t\t\t\t\t\t\t\t\t\t\t\t\t\t\t\t\t\t\t\t\t\t<div class=\"eael-content-timeline-block\">\n    <div class=\"eael-content-timeline-line\">\n        <div class=\"eael-content-timeline-inner\"><\/div>\n    <\/div>\n    <div class=\"eael-content-timeline-img eael-picture \"><i class=\"fas fa-award\"><\/i><\/div><div class=\"eael-content-timeline-content\"><h2 class=\"eael-timeline-title\"><a href=\"https:\/\/www.timeline-erp.de\/erp-system-des-jahres-2021-sieger-in-der-kategorie-einzelfertigung\/\">ERP-System des Jahres 2021, Sieger in der Kategorie Einzelfertigung<\/a><\/h2><p><em>\"Die hohe Brancheneignung von TimeLine durch Funktionen wie die bidirektionale CAD-Integration oder die durchg\u00e4ngige Projektlogik war aus Sicht der Jury ebenso mitentscheidend f\u00fcr die Auszeichnung wie der Fokus auf die interne wie externe Plattformentwicklung.\"<\/em><\/p><p><img decoding=\"async\" class=\"alignnone wp-image-250594 size-square\" src=\"https:\/\/www.timeline-erp.de\/wp-content\/uploads\/sieger2021-timeLine-180x180.png\" alt=\"\" width=\"180\" height=\"180\" \/><\/p><p>\u00a0<\/p><a href=\"https:\/\/www.timeline-erp.de\/erp-system-des-jahres-2021-sieger-in-der-kategorie-einzelfertigung\/\" class=\"eael-read-more\"  >Mehr erfahren<\/a><span class=\"eael-date\">2021<\/span><\/div><\/div>\t\t\t\t\t\t\t\t\t\t\t\t\t\t\t\t\t\t<div class=\"eael-content-timeline-block\">\n    <div class=\"eael-content-timeline-line\">\n        <div class=\"eael-content-timeline-inner\"><\/div>\n    <\/div>\n    <div class=\"eael-content-timeline-img eael-picture \"><i class=\"fas fa-award\"><\/i><\/div><div class=\"eael-content-timeline-content\"><h2 class=\"eael-timeline-title\"><a href=\"https:\/\/www.timeline-erp.de\/erp-system-des-jahres-2020-timeline-gewinnt-die-kategorie-automotive-erp\/\">Auszeichnung in der Kategorie \u201eAutomotive ERP\u201c<\/a><\/h2><p><em>\u201eInhaltlich ausschlaggebend war u.a. die tiefe CAD-Integration, automatisierte Pr\u00fcfpl\u00e4ne sowie die generelle Anpassbarkeit des Systems durch die eigenentwickelte und im ERP-System voll-integrierten Entwicklungsumgebung TimeLine Developer.\u201c<\/em><\/p><p><img decoding=\"async\" class=\"alignnone wp-image-249102 size-square\" src=\"https:\/\/www.timeline-erp.de\/wp-content\/uploads\/sieger-timeline2020-dt-180x180.png\" alt=\"erp-system-des-jahres-2020\" width=\"180\" height=\"180\" \/><\/p><a href=\"https:\/\/www.timeline-erp.de\/erp-system-des-jahres-2020-timeline-gewinnt-die-kategorie-automotive-erp\/\" class=\"eael-read-more\"  >Mehr erfahren<\/a><span class=\"eael-date\">2020<\/span><\/div><\/div>\t\t\t\t\t\t\t\t\t\t\t\t\t\t\t\t\t\t<div class=\"eael-content-timeline-block\">\n    <div class=\"eael-content-timeline-line\">\n        <div class=\"eael-content-timeline-inner\"><\/div>\n    <\/div>\n    <div class=\"eael-content-timeline-img eael-picture \"><i class=\"fas fa-award\"><\/i><\/div><div class=\"eael-content-timeline-content\"><h2 class=\"eael-timeline-title\"><a href=\"https:\/\/stage.timeline-erp.de\/de\/sieger-beim-erp-system-des-jahres-2019-in-der-kategorie-beste-technologie\/\">Sieger in der Kategorie \u201eBeste Technologie\u201c<\/a><\/h2><p>In einer 12 Jahre langen Entwicklungsphase wurden folgende Ziele erreicht:<\/p><p><em>\u201e(...) ist es uns gelungen, eine optimale Grundlage f\u00fcr unser ERP-System zu schaffen, die ihresgleichen sucht. Die moderne 3-Schicht-Architektur in Kombination mit nahezu unbegrenzter Anpassbarkeit, dank einer vollst\u00e4ndig integrierten Rapid-Application-Development (RAD) Plattform, erm\u00f6glicht uns ERP-Entwicklung in einem nie dagewesenem Tempo.\u201c<\/em><\/p><p><img decoding=\"async\" class=\"alignnone wp-image-250319 size-square\" src=\"https:\/\/www.timeline-erp.de\/wp-content\/uploads\/siegel19_sieger-timeline-dt-180x180.png\" alt=\"Siegel 2019 ERP-System des Jahres\" width=\"180\" height=\"180\" \/><\/p><p>\u00a0<\/p><a href=\"https:\/\/stage.timeline-erp.de\/de\/sieger-beim-erp-system-des-jahres-2019-in-der-kategorie-beste-technologie\/\" class=\"eael-read-more\"  >Mehr erfahren<\/a><span class=\"eael-date\">2019<\/span><\/div><\/div>\t\t\t\t\t\t\t\t\t\t\t\t\t\t\t\t\t\t<div class=\"eael-content-timeline-block\">\n    <div class=\"eael-content-timeline-line\">\n        <div class=\"eael-content-timeline-inner\"><\/div>\n    <\/div>\n    <div class=\"eael-content-timeline-img eael-picture \"><i class=\"fas fa-award\"><\/i><\/div><div class=\"eael-content-timeline-content\"><h2 class=\"eael-timeline-title\"><a href=\"https:\/\/www.timeline-erp.de\/erp-system-des-jahres-2018\/\">Preistr\u00e4ger in der Kategorie \u201eSerienfertigung\u201c<\/a><\/h2><p><em>\u201eDie generelle Eignung des Systems f\u00fcr mittelst\u00e4ndische Unternehmen und im speziellen f\u00fcr Serienfertiger sowie die innovative Entwicklungsumgebung TimeLine Developer waren neben den zuk\u00fcnftigen Forschung- und Entwicklungsthemen ausschlaggebend.\u201c<\/em><\/p><p><img loading=\"lazy\" decoding=\"async\" class=\"alignnone wp-image-241343 size-square\" src=\"https:\/\/www.timeline-erp.de\/wp-content\/uploads\/siegel-Sieger2018-serienfertigung-180x180.png\" alt=\"Siegel 2018 ERP-System des Jahres\" width=\"180\" height=\"180\" \/><\/p><a href=\"https:\/\/www.timeline-erp.de\/erp-system-des-jahres-2018\/\" class=\"eael-read-more\"  >Mehr erfahren<\/a><span class=\"eael-date\">2018<\/span><\/div><\/div>\t\t\t\t\t\t\t\t\t\t\t\t\t\t\t\t\t\t<div class=\"eael-content-timeline-block\">\n    <div class=\"eael-content-timeline-line\">\n        <div class=\"eael-content-timeline-inner\"><\/div>\n    <\/div>\n    <div class=\"eael-content-timeline-img eael-picture \"><i class=\"fas fa-award\"><\/i><\/div><div class=\"eael-content-timeline-content\"><h2 class=\"eael-timeline-title\"><a href=\"https:\/\/www.timeline-erp.de\/timeline-ist-ausgezeichnet-erp-system-des-jahres-2016\/\">Gewinner in der Kategorie \u201eZulieferindustrie\u201c<\/a><\/h2><p><em>\u201eDer hohe Funktionsumfang und die agile Anpassungsf\u00e4higkeit von TimeLine Enterprise Automotive in Kombination mit TimeLine Neo bieten der Branche eine Unternehmenssoftware, die ihresgleichen sucht.\u201c<\/em><\/p><p><img loading=\"lazy\" decoding=\"async\" class=\"alignnone wp-image-946 size-square\" src=\"https:\/\/www.timeline-erp.de\/wp-content\/uploads\/ERP-des-Jahres-2016_Zulieferindustrie-180x180.png\" alt=\"Siegel 2016 ERP-System des Jahres\" width=\"180\" height=\"180\" \/><\/p><a href=\"https:\/\/www.timeline-erp.de\/timeline-ist-ausgezeichnet-erp-system-des-jahres-2016\/\" class=\"eael-read-more\"  >Mehr erfahren<\/a><span class=\"eael-date\">2016<\/span><\/div><\/div>\t\t\t\t\t\t\t\t\t\t\t\t\t\t\t\t\t\t<div class=\"eael-content-timeline-block\">\n    <div class=\"eael-content-timeline-line\">\n        <div class=\"eael-content-timeline-inner\"><\/div>\n    <\/div>\n    <div class=\"eael-content-timeline-img eael-picture \"><i class=\"fas fa-award\"><\/i><\/div><div class=\"eael-content-timeline-content\"><h2 class=\"eael-timeline-title\"><a href=\"\">Gewinner des \u201eInnovationspreises\"<\/a><\/h2><p>Ausschlaggebend f\u00fcr die Entscheidung war die neue RAD-Plattform (Rapid Application Development) TimeLine Developer. Mit dieser k\u00f6nnen Anwender, Projektleiter und Entwickler in Zukunft Anpassungen deutlich schneller und flexibler durchf\u00fchren als bisher.<\/p><p><img loading=\"lazy\" decoding=\"async\" class=\"alignnone wp-image-250322 size-square\" src=\"https:\/\/www.timeline-erp.de\/wp-content\/uploads\/Siegel-Innovation-180x180.png\" alt=\"Siegel 2015 ERP-System des Jahres\" width=\"180\" height=\"180\" \/><\/p><span class=\"eael-date\">2015<\/span><\/div><\/div>\t\t\t\t\t\t\t\t\t\t\t\t\t\t\t\t\t\t<div class=\"eael-content-timeline-block\">\n    <div class=\"eael-content-timeline-line\">\n        <div class=\"eael-content-timeline-inner\"><\/div>\n    <\/div>\n    <div class=\"eael-content-timeline-img eael-picture \"><i class=\"fas fa-award\"><\/i><\/div><div class=\"eael-content-timeline-content\"><h2 class=\"eael-timeline-title\"><a href=\"\">Nominiert f\u00fcr ERP-System des Jahres 2015 in der Kategorie \u201eMaschinenbau\"<\/a><\/h2><p><img loading=\"lazy\" decoding=\"async\" class=\"alignnone wp-image-250325 size-square\" src=\"https:\/\/www.timeline-erp.de\/wp-content\/uploads\/Siegel-Maschinenbau-nominiert-1-180x180.png\" alt=\"Nominiert Siegel 2015 ERP-System des Jahres\" width=\"180\" height=\"180\" \/><\/p><span class=\"eael-date\">2015<\/span><\/div><\/div>\t\t\t\t\t\t\t\t\t\t\t\t\t\t\t\t\t\t<div class=\"eael-content-timeline-block\">\n    <div class=\"eael-content-timeline-line\">\n        <div class=\"eael-content-timeline-inner\"><\/div>\n    <\/div>\n    <div class=\"eael-content-timeline-img eael-picture \"><i class=\"fas fa-award\"><\/i><\/div><div class=\"eael-content-timeline-content\"><h2 class=\"eael-timeline-title\"><a href=\"\">Nominiert f\u00fcr ERP-System des Jahres 2012 in der Kategorie \u201eSerienfertigung\"<\/a><\/h2><p><img loading=\"lazy\" decoding=\"async\" class=\"alignnone wp-image-250328 size-square\" src=\"https:\/\/www.timeline-erp.de\/wp-content\/uploads\/Siegel-ERPdJ_2012_SF-180x180.png\" alt=\"Nominiert Siegel 2012 ERP-System des Jahres\" width=\"180\" height=\"180\" \/><\/p><span class=\"eael-date\">2015<\/span><\/div><\/div>\t\t\t\t\t\t\t\t\t\t\t\t\t\t\t\t\t\t<div class=\"eael-content-timeline-block\">\n    <div class=\"eael-content-timeline-line\">\n        <div class=\"eael-content-timeline-inner\"><\/div>\n    <\/div>\n    <div class=\"eael-content-timeline-img eael-picture \"><i class=\"fas fa-award\"><\/i><\/div><div class=\"eael-content-timeline-content\"><h2 class=\"eael-timeline-title\"><a href=\"\">Sieger in der Kategorie \u201eSerienfertigung\u201c<\/a><\/h2><p><img loading=\"lazy\" decoding=\"async\" class=\"alignnone wp-image-250331 size-full\" src=\"https:\/\/www.timeline-erp.de\/wp-content\/uploads\/SK_Etikett_Auszeichnung2009_deutsch.jpg\" alt=\"Siegel 2009 ERP-System des Jahres\" width=\"197\" height=\"315\" \/><\/p><span class=\"eael-date\">2009<\/span><\/div><\/div>\t\t\t\t\t\t\t\t\t\t\t\t\t\t\t\t\t\t<div class=\"eael-content-timeline-block\">\n    <div class=\"eael-content-timeline-line\">\n        <div class=\"eael-content-timeline-inner\"><\/div>\n    <\/div>\n    <div class=\"eael-content-timeline-img eael-picture \"><i class=\"fas fa-award\"><\/i><\/div><div class=\"eael-content-timeline-content\"><h2 class=\"eael-timeline-title\"><a href=\"\">Erhalt des Sonderpreises in der Kategorie \u201eKMU\u201c<\/a><\/h2><span class=\"eael-date\">2008<\/span><\/div><\/div>\t\t\t\t<\/div>\n\t\t\t<\/div>\n\t\t<\/div>\n\t\t\t<\/div>\n\t\t\t\t<\/div>\n\t\t\t\t\t<\/div>\n\t\t<\/div>\n\t\t\t\t\t<\/div>\n\t\t<\/section>\n\t\t\t\t<section data-particle_enable=\"false\" data-particle-mobile-disabled=\"false\" class=\"elementor-section elementor-top-section elementor-element elementor-element-5cf89f8 elementor-section-boxed elementor-section-height-default elementor-section-height-default\" data-id=\"5cf89f8\" data-element_type=\"section\">\n\t\t\t\t\t\t<div class=\"elementor-container elementor-column-gap-default\">\n\t\t\t\t\t<div class=\"elementor-column elementor-col-100 elementor-top-column elementor-element elementor-element-7070267\" data-id=\"7070267\" data-element_type=\"column\">\n\t\t\t<div class=\"elementor-widget-wrap elementor-element-populated\">\n\t\t\t\t\t\t<div class=\"elementor-element elementor-element-4f07676 elementor-widget elementor-widget-heading\" data-id=\"4f07676\" data-element_type=\"widget\" data-widget_type=\"heading.default\">\n\t\t\t\t<div class=\"elementor-widget-container\">\n\t\t\t<h1 class=\"elementor-heading-title elementor-size-default\">Was steckt hinter dem Wettbewerb zum ERP-System des Jahres? <\/h1>\t\t<\/div>\n\t\t\t\t<\/div>\n\t\t\t\t<div class=\"elementor-element elementor-element-a85173e elementor-widget elementor-widget-text-editor\" data-id=\"a85173e\" data-element_type=\"widget\" data-widget_type=\"text-editor.default\">\n\t\t\t\t<div class=\"elementor-widget-container\">\n\t\t\t\t\t\t\t<p style=\"text-align: center;\">Eine Expertenjury vom <strong>Center of Enterprise Research<\/strong> (CER) der Universit\u00e4t Potsdam vergibt den begehrten Preis jedes Jahr in verschiedenen Kategorien. Dabei besteht die Fachjury aus Wissenschaftlern, Medienvertretern und neutralen Beratern. Bewertet werden die teilnehmenden Unternehmen im ersten Schritt anhand ihrer Online-Bewerbung. Gef\u00e4llt diese, werden sie nominiert und bringen ihre Inhalte in einer Live-Pr\u00e4sentation n\u00e4her. <strong>Wettbewerbskriterien<\/strong> sind dabei: Einf\u00fchrungsmethodik, Kundennutzen, Ergonomie, Brancheneignung, Technologie, Integrationsf\u00e4higkeit, Forschung und Entwicklung. Auf eine Kategorie kommen mehrere Finalisten. Diese hoffen nach ihrer Pr\u00e4sentation im Rahmen der ERP-Fachmesse bei einer \u00f6ffentlichen <strong>Preisverleihung<\/strong> auf ihren Gewinn.<\/p>\t\t\t\t\t\t<\/div>\n\t\t\t\t<\/div>\n\t\t\t\t\t<\/div>\n\t\t<\/div>\n\t\t\t\t\t<\/div>\n\t\t<\/section>\n\t\t\t\t<\/div>\n\t\t","protected":false},"excerpt":{"rendered":"<p>Das ERP-System des Jahres: Alle Auszeichnungen von TimeLine in der \u00dcbersicht J\u00e4hrlich wird das ERP-System des Jahres gek\u00fcrt \u2013 nat\u00fcrlich auch 2021. Seit 2008 vorne mit dabei: TimeLine! In der Vergangenheit konnten wir uns bereits in mehreren Bereichen gegen andere Bewerber durchsetzen \u2013 und mit unserer Expertise punkten. Welche Kategorien das sind, erfahren Sie hier [&hellip;]<\/p>\n","protected":false},"author":2,"featured_media":0,"parent":0,"menu_order":0,"comment_status":"closed","ping_status":"closed","template":"","meta":{"footnotes":""},"yoast_head":"<!-- This site is optimized with the Yoast SEO plugin v22.2 - https:\/\/yoast.com\/wordpress\/plugins\/seo\/ -->\n<title>ERP-System des Jahres - TimeLine ERP<\/title>\n<meta name=\"robots\" content=\"noindex, follow, max-snippet:-1, max-image-preview:large, max-video-preview:-1\" \/>\n<meta property=\"og:locale\" content=\"de_DE\" \/>\n<meta property=\"og:type\" content=\"article\" \/>\n<meta property=\"og:title\" content=\"ERP-System des Jahres - TimeLine ERP\" \/>\n<meta property=\"og:description\" content=\"Das ERP-System des Jahres: Alle Auszeichnungen von TimeLine in der \u00dcbersicht J\u00e4hrlich wird das ERP-System des Jahres gek\u00fcrt \u2013 nat\u00fcrlich auch 2021. Seit 2008 vorne mit dabei: TimeLine! In der Vergangenheit konnten wir uns bereits in mehreren Bereichen gegen andere Bewerber durchsetzen \u2013 und mit unserer Expertise punkten. Welche Kategorien das sind, erfahren Sie hier [&hellip;]\" \/>\n<meta property=\"og:url\" content=\"https:\/\/stage.timeline-erp.de\/de\/erp-system-des-jahres\/\" \/>\n<meta property=\"og:site_name\" content=\"TimeLine ERP DE\" \/>\n<meta property=\"article:modified_time\" content=\"2023-08-01T14:10:31+00:00\" \/>\n<meta property=\"og:image\" content=\"https:\/\/www.timeline-erp.de\/wp-content\/uploads\/sieger2021-timeLine-180x180.png\" \/>\n<meta name=\"twitter:card\" content=\"summary_large_image\" \/>\n<meta name=\"twitter:label1\" content=\"Gesch\u00e4tzte Lesezeit\" \/>\n\t<meta name=\"twitter:data1\" content=\"5\u00a0Minuten\" \/>\n<script type=\"application\/ld+json\" class=\"yoast-schema-graph\">{\"@context\":\"https:\/\/schema.org\",\"@graph\":[{\"@type\":\"WebPage\",\"@id\":\"https:\/\/stage.timeline-erp.de\/de\/erp-system-des-jahres\/\",\"url\":\"https:\/\/stage.timeline-erp.de\/de\/erp-system-des-jahres\/\",\"name\":\"ERP-System des Jahres - TimeLine ERP\",\"isPartOf\":{\"@id\":\"https:\/\/stage.timeline-erp.de\/de\/#website\"},\"primaryImageOfPage\":{\"@id\":\"https:\/\/stage.timeline-erp.de\/de\/erp-system-des-jahres\/#primaryimage\"},\"image\":{\"@id\":\"https:\/\/stage.timeline-erp.de\/de\/erp-system-des-jahres\/#primaryimage\"},\"thumbnailUrl\":\"https:\/\/www.timeline-erp.de\/wp-content\/uploads\/sieger2021-timeLine-180x180.png\",\"datePublished\":\"2021-09-17T09:22:08+00:00\",\"dateModified\":\"2023-08-01T14:10:31+00:00\",\"breadcrumb\":{\"@id\":\"https:\/\/stage.timeline-erp.de\/de\/erp-system-des-jahres\/#breadcrumb\"},\"inLanguage\":\"de\",\"potentialAction\":[{\"@type\":\"ReadAction\",\"target\":[\"https:\/\/stage.timeline-erp.de\/de\/erp-system-des-jahres\/\"]}]},{\"@type\":\"ImageObject\",\"inLanguage\":\"de\",\"@id\":\"https:\/\/stage.timeline-erp.de\/de\/erp-system-des-jahres\/#primaryimage\",\"url\":\"https:\/\/www.timeline-erp.de\/wp-content\/uploads\/sieger2021-timeLine-180x180.png\",\"contentUrl\":\"https:\/\/www.timeline-erp.de\/wp-content\/uploads\/sieger2021-timeLine-180x180.png\"},{\"@type\":\"BreadcrumbList\",\"@id\":\"https:\/\/stage.timeline-erp.de\/de\/erp-system-des-jahres\/#breadcrumb\",\"itemListElement\":[{\"@type\":\"ListItem\",\"position\":1,\"name\":\"Startseite\",\"item\":\"https:\/\/stage.timeline-erp.de\/de\/startseite\/\"},{\"@type\":\"ListItem\",\"position\":2,\"name\":\"ERP-System des Jahres\"}]},{\"@type\":\"WebSite\",\"@id\":\"https:\/\/stage.timeline-erp.de\/de\/#website\",\"url\":\"https:\/\/stage.timeline-erp.de\/de\/\",\"name\":\"TimeLine ERP DE\",\"description\":\"ERP, PPS, QS, CRM, MES, FIBU in einem System\",\"potentialAction\":[{\"@type\":\"SearchAction\",\"target\":{\"@type\":\"EntryPoint\",\"urlTemplate\":\"https:\/\/stage.timeline-erp.de\/de\/?s={search_term_string}\"},\"query-input\":\"required name=search_term_string\"}],\"inLanguage\":\"de\"}]}<\/script>\n<!-- \/ Yoast SEO plugin. -->","yoast_head_json":{"title":"ERP-System des Jahres - TimeLine ERP","robots":{"index":"noindex","follow":"follow","max-snippet":"max-snippet:-1","max-image-preview":"max-image-preview:large","max-video-preview":"max-video-preview:-1"},"og_locale":"de_DE","og_type":"article","og_title":"ERP-System des Jahres - TimeLine ERP","og_description":"Das ERP-System des Jahres: Alle Auszeichnungen von TimeLine in der \u00dcbersicht J\u00e4hrlich wird das ERP-System des Jahres gek\u00fcrt \u2013 nat\u00fcrlich auch 2021. Seit 2008 vorne mit dabei: TimeLine! In der Vergangenheit konnten wir uns bereits in mehreren Bereichen gegen andere Bewerber durchsetzen \u2013 und mit unserer Expertise punkten. Welche Kategorien das sind, erfahren Sie hier [&hellip;]","og_url":"https:\/\/stage.timeline-erp.de\/de\/erp-system-des-jahres\/","og_site_name":"TimeLine ERP DE","article_modified_time":"2023-08-01T14:10:31+00:00","og_image":[{"url":"https:\/\/www.timeline-erp.de\/wp-content\/uploads\/sieger2021-timeLine-180x180.png"}],"twitter_card":"summary_large_image","twitter_misc":{"Gesch\u00e4tzte Lesezeit":"5\u00a0Minuten"},"schema":{"@context":"https:\/\/schema.org","@graph":[{"@type":"WebPage","@id":"https:\/\/stage.timeline-erp.de\/de\/erp-system-des-jahres\/","url":"https:\/\/stage.timeline-erp.de\/de\/erp-system-des-jahres\/","name":"ERP-System des Jahres - TimeLine ERP","isPartOf":{"@id":"https:\/\/stage.timeline-erp.de\/de\/#website"},"primaryImageOfPage":{"@id":"https:\/\/stage.timeline-erp.de\/de\/erp-system-des-jahres\/#primaryimage"},"image":{"@id":"https:\/\/stage.timeline-erp.de\/de\/erp-system-des-jahres\/#primaryimage"},"thumbnailUrl":"https:\/\/www.timeline-erp.de\/wp-content\/uploads\/sieger2021-timeLine-180x180.png","datePublished":"2021-09-17T09:22:08+00:00","dateModified":"2023-08-01T14:10:31+00:00","breadcrumb":{"@id":"https:\/\/stage.timeline-erp.de\/de\/erp-system-des-jahres\/#breadcrumb"},"inLanguage":"de","potentialAction":[{"@type":"ReadAction","target":["https:\/\/stage.timeline-erp.de\/de\/erp-system-des-jahres\/"]}]},{"@type":"ImageObject","inLanguage":"de","@id":"https:\/\/stage.timeline-erp.de\/de\/erp-system-des-jahres\/#primaryimage","url":"https:\/\/www.timeline-erp.de\/wp-content\/uploads\/sieger2021-timeLine-180x180.png","contentUrl":"https:\/\/www.timeline-erp.de\/wp-content\/uploads\/sieger2021-timeLine-180x180.png"},{"@type":"BreadcrumbList","@id":"https:\/\/stage.timeline-erp.de\/de\/erp-system-des-jahres\/#breadcrumb","itemListElement":[{"@type":"ListItem","position":1,"name":"Startseite","item":"https:\/\/stage.timeline-erp.de\/de\/startseite\/"},{"@type":"ListItem","position":2,"name":"ERP-System des Jahres"}]},{"@type":"WebSite","@id":"https:\/\/stage.timeline-erp.de\/de\/#website","url":"https:\/\/stage.timeline-erp.de\/de\/","name":"TimeLine ERP DE","description":"ERP, PPS, QS, CRM, MES, FIBU in einem System","potentialAction":[{"@type":"SearchAction","target":{"@type":"EntryPoint","urlTemplate":"https:\/\/stage.timeline-erp.de\/de\/?s={search_term_string}"},"query-input":"required name=search_term_string"}],"inLanguage":"de"}]}},"_links":{"self":[{"href":"https:\/\/stage.timeline-erp.de\/de\/wp-json\/wp\/v2\/pages\/250311"}],"collection":[{"href":"https:\/\/stage.timeline-erp.de\/de\/wp-json\/wp\/v2\/pages"}],"about":[{"href":"https:\/\/stage.timeline-erp.de\/de\/wp-json\/wp\/v2\/types\/page"}],"author":[{"embeddable":true,"href":"https:\/\/stage.timeline-erp.de\/de\/wp-json\/wp\/v2\/users\/2"}],"replies":[{"embeddable":true,"href":"https:\/\/stage.timeline-erp.de\/de\/wp-json\/wp\/v2\/comments?post=250311"}],"version-history":[{"count":0,"href":"https:\/\/stage.timeline-erp.de\/de\/wp-json\/wp\/v2\/pages\/250311\/revisions"}],"wp:attachment":[{"href":"https:\/\/stage.timeline-erp.de\/de\/wp-json\/wp\/v2\/media?parent=250311"}],"curies":[{"name":"wp","href":"https:\/\/api.w.org\/{rel}","templated":true}]}}