{"id":250992,"date":"2022-01-12T14:11:01","date_gmt":"2022-01-12T13:11:01","guid":{"rendered":"https:\/\/www.timeline-erp.de\/?page_id=250992"},"modified":"2023-08-01T17:11:33","modified_gmt":"2023-08-01T15:11:33","slug":"diskrete-fertigung","status":"publish","type":"page","link":"https:\/\/stage.timeline-erp.de\/de\/branchenloesungen\/timeline-automotive\/diskrete-fertigung\/","title":{"rendered":"Was bedeutet diskrete Fertigung?"},"content":{"rendered":"\n<style type=\"text\/css\" data-created_by=\"avia_inline_auto\" id=\"style-css-av-17urrbpk-12c6e506021d8b5aa115f9bdfa03b0ce\">\n.avia-section.av-17urrbpk-12c6e506021d8b5aa115f9bdfa03b0ce{\nbackground-color:#fcfbf9;\nbackground:linear-gradient( to bottom right, #fcfbf9, #f6f7f8 );\n}\n.avia-section.av-17urrbpk-12c6e506021d8b5aa115f9bdfa03b0ce .av-section-color-overlay{\nopacity:0.5;\nbackground-image:url(https:\/\/stage.timeline-erp.de\/de\/wp-content\/themes\/enfold\/images\/background-images\/noise-for-dark-background.png);\nbackground-repeat:repeat;\n}\n<\/style>\n<div id='av_section_1'  class='avia-section av-17urrbpk-12c6e506021d8b5aa115f9bdfa03b0ce main_color avia-section-large avia-no-border-styling  avia-builder-el-0  el_before_av_one_full  avia-builder-el-first  avia-bg-style-scroll av-section-color-overlay-active av-minimum-height av-minimum-height-50 av-height-50  container_wrap sidebar_right'   data-av_minimum_height_pc='50' data-av_min_height_opt='50'><div class=\"av-section-color-overlay-wrap\"><div class=\"av-section-color-overlay\"><\/div><div class='container av-section-cont-open' ><main  role=\"main\" itemprop=\"mainContentOfPage\"  class='template-page content  av-content-small alpha units'><div class='post-entry post-entry-type-page post-entry-250992'><div class='entry-content-wrapper clearfix'>\n<div class='flex_column_table av-11kk8bd4-08017fea36c49921025f213f1e350542 sc-av_one_full av-equal-height-column-flextable'>\n<style type=\"text\/css\" data-created_by=\"avia_inline_auto\" id=\"style-css-av-11kk8bd4-08017fea36c49921025f213f1e350542\">\n.flex_column.av-11kk8bd4-08017fea36c49921025f213f1e350542{\nborder-radius:0px 0px 0px 0px;\npadding:0px 0px 0px 0px;\n}\n<\/style>\n<div  class='flex_column av-11kk8bd4-08017fea36c49921025f213f1e350542 av_one_full  avia-builder-el-1  avia-builder-el-no-sibling  first flex_column_table_cell av-equal-height-column av-align-top av-zero-column-padding  '     ><p>\n<style type=\"text\/css\" data-created_by=\"avia_inline_auto\" id=\"style-css-av-ksiyv7ze-3afe196b8982292e9ca91a6acbfa8a55\">\n#top .av-special-heading.av-ksiyv7ze-3afe196b8982292e9ca91a6acbfa8a55{\npadding-bottom:10px;\nfont-size:55px;\n}\nbody .av-special-heading.av-ksiyv7ze-3afe196b8982292e9ca91a6acbfa8a55 .av-special-heading-tag .heading-char{\nfont-size:25px;\n}\n#top #wrap_all .av-special-heading.av-ksiyv7ze-3afe196b8982292e9ca91a6acbfa8a55 .av-special-heading-tag{\nfont-size:55px;\n}\n.av-special-heading.av-ksiyv7ze-3afe196b8982292e9ca91a6acbfa8a55 .av-subheading{\nfont-size:15px;\n}\n\n@media only screen and (min-width: 480px) and (max-width: 767px){ \n#top #wrap_all .av-special-heading.av-ksiyv7ze-3afe196b8982292e9ca91a6acbfa8a55 .av-special-heading-tag{\nfont-size:0.8em;\n}\n}\n\n@media only screen and (max-width: 479px){ \n#top #wrap_all .av-special-heading.av-ksiyv7ze-3afe196b8982292e9ca91a6acbfa8a55 .av-special-heading-tag{\nfont-size:0.8em;\n}\n}\n<\/style>\n<div  class='av-special-heading av-ksiyv7ze-3afe196b8982292e9ca91a6acbfa8a55 av-special-heading-h1 blockquote modern-quote modern-centered  avia-builder-el-2  el_before_av_textblock  avia-builder-el-first  av-inherit-size'><h1 class='av-special-heading-tag'  itemprop=\"headline\"  >Was bedeutet diskrete Fertigung?<\/h1><div class=\"special-heading-border\"><div class=\"special-heading-inner-border\"><\/div><\/div><\/div><br \/>\n\n<style type=\"text\/css\" data-created_by=\"avia_inline_auto\" id=\"style-css-av-ksiyvikb-0d8ba77de001a9618cac5daf85a45666\">\n#top .av_textblock_section.av-ksiyvikb-0d8ba77de001a9618cac5daf85a45666 .avia_textblock{\nfont-size:20px;\n}\n<\/style>\n<section  class='av_textblock_section av-ksiyvikb-0d8ba77de001a9618cac5daf85a45666 '   itemscope=\"itemscope\" itemtype=\"https:\/\/schema.org\/CreativeWork\" ><div class='avia_textblock'  itemprop=\"text\" ><p style=\"text-align: center;\">Die diskrete Fertigung macht aus einzelnen Rohstoffen und Materialen ein abz\u00e4hlbares Produkt. Was dazu in jeder diskreten Fertigungsumgebung nicht fehlen darf: das passende ERP-System. Damit lassen sich alle Prozesse ganzheitlich abbilden und die Herausforderungen der Industrie 4.0 erfolgreich stemmen. Worauf es ankommt und wie sich diskrete Fertigung von anderen Herstellungsprozessen unterscheidet, erfahren Sie hier.<\/p>\n<p style=\"text-align: center;\">Diskrete Fertigung bezeichnet eine Produktionsumgebung, in der Produkte als abz\u00e4hlbare Einheiten hergestellt werden. So z\u00e4hlen Unternehmen aus dem Bereich Automotive, Fahrzeugbau oder Maschinen- und Anlagebauer zu typischen diskreten Fertigern. Autos und Fahrr\u00e4der beispielsweise werden also in einer diskreten Fertigung hergestellt. Entscheidende Vorteile sind dabei, dass die Produktion nicht in Volumen, sondern in Einheiten gemessen wird und einzelne Artikel genau auf ihre Qualit\u00e4t gepr\u00fcft werden k\u00f6nnen. Au\u00dferdem wird der Verkauf nach konkreten St\u00fcckzahlen bemessen.<\/p>\n<\/div><\/section><br \/>\n\n<style type=\"text\/css\" data-created_by=\"avia_inline_auto\" id=\"style-css-av-zsfdbew-f5e5a5411c31f565a01650bf0e0e518a\">\n#top .hr.hr-invisible.av-zsfdbew-f5e5a5411c31f565a01650bf0e0e518a{\nheight:30px;\n}\n<\/style>\n<div  class='hr av-zsfdbew-f5e5a5411c31f565a01650bf0e0e518a hr-invisible  avia-builder-el-4  el_after_av_textblock  el_before_av_buttonrow '><span class='hr-inner '><span class=\"hr-inner-style\"><\/span><\/span><\/div><br \/>\n<div  class='avia-buttonrow-wrap av-s172lmw-b6318d91b38334f91c637301f5d152dd avia-buttonrow-center  avia-builder-el-5  el_after_av_hr  el_before_av_hr '>\n\n<style type=\"text\/css\" data-created_by=\"avia_inline_auto\" id=\"style-css-av-of3ux6w-7b7499ddcbfc261171d618c8caf7111d\">\n#top #wrap_all .avia-button.av-of3ux6w-7b7499ddcbfc261171d618c8caf7111d{\nmargin-bottom:5px;\nmargin-right:3px;\nmargin-left:3px;\n}\n<\/style>\n<a href='https:\/\/stage.timeline-erp.de\/de\/funktionen\/'  class='avia-button av-of3ux6w-7b7499ddcbfc261171d618c8caf7111d avia-icon_select-no avia-size-large avia-color-theme-color'  ><span class='avia_iconbox_title' >ERP-Funktionen entdecken<\/span><\/a>\n\n<style type=\"text\/css\" data-created_by=\"avia_inline_auto\" id=\"style-css-av-jyjdcug-a8b1afa8d919d7810977841c2933a586\">\n#top #wrap_all .avia-button.av-jyjdcug-a8b1afa8d919d7810977841c2933a586{\nmargin-bottom:5px;\nmargin-right:3px;\nmargin-left:3px;\n}\n<\/style>\n<a href='https:\/\/stage.timeline-erp.de\/de\/download-center\/#broschueren'  class='avia-button av-jyjdcug-a8b1afa8d919d7810977841c2933a586 avia-icon_select-no avia-size-large avia-color-theme-color-highlight'  target=\"_blank\"  rel=\"noopener noreferrer\" ><span class='avia_iconbox_title' >Brosch\u00fcre herunterladen<\/span><\/a>\n<\/div><br \/>\n\n<style type=\"text\/css\" data-created_by=\"avia_inline_auto\" id=\"style-css-av-av_hr-af89a52d51412774536fa272e468f7cd\">\n#top .hr.hr-invisible.av-av_hr-af89a52d51412774536fa272e468f7cd{\nheight:30px;\n}\n<\/style>\n<div  class='hr av-av_hr-af89a52d51412774536fa272e468f7cd hr-invisible  avia-builder-el-6  el_after_av_buttonrow  avia-builder-el-last '><span class='hr-inner '><span class=\"hr-inner-style\"><\/span><\/span><\/div><\/p><\/div><\/div><!--close column table wrapper. Autoclose: 1 --><\/div><\/div><\/main><!-- close content main element --><\/div><\/div><\/div><div id='after_section_1'  class='main_color av_default_container_wrap container_wrap sidebar_right'  ><div class='container av-section-cont-open' ><div class='template-page content  av-content-small alpha units'><div class='post-entry post-entry-type-page post-entry-250992'><div class='entry-content-wrapper clearfix'>\n<style type=\"text\/css\" data-created_by=\"avia_inline_auto\" id=\"style-css-av-flnngeg-bdc6a68b026304b5f9b44368663ba065\">\n#top .flex_column.av-flnngeg-bdc6a68b026304b5f9b44368663ba065{\nmargin-top:-100px;\nmargin-bottom:0px;\n}\n.flex_column.av-flnngeg-bdc6a68b026304b5f9b44368663ba065{\nborder-radius:0px 0px 0px 0px;\npadding:0px 0px 0px 0px;\n}\n.responsive #top #wrap_all .flex_column.av-flnngeg-bdc6a68b026304b5f9b44368663ba065{\nmargin-top:-100px;\nmargin-bottom:0px;\n}\n<\/style>\n<div  class='flex_column av-flnngeg-bdc6a68b026304b5f9b44368663ba065 av_one_full  avia-builder-el-7  el_after_av_section  el_before_av_section  avia-builder-el-no-sibling  first flex_column_div av-zero-column-padding  '     ><style type=\"text\/css\" data-created_by=\"avia_inline_auto\" id=\"style-css-av-ksiz1x28-20ee3c70279a491ad6d7b5e1358dcc6b\">\n.avia-image-container.av-ksiz1x28-20ee3c70279a491ad6d7b5e1358dcc6b img.avia_image{\nbox-shadow:none;\n}\n.avia-image-container.av-ksiz1x28-20ee3c70279a491ad6d7b5e1358dcc6b .av-image-caption-overlay-center{\ncolor:#ffffff;\n}\n<\/style>\n<div  class='avia-image-container av-ksiz1x28-20ee3c70279a491ad6d7b5e1358dcc6b av-styling- avia-align-center  avia-builder-el-8  avia-builder-el-no-sibling '   itemprop=\"image\" itemscope=\"itemscope\" itemtype=\"https:\/\/schema.org\/ImageObject\" ><div class=\"avia-image-container-inner\"><div class=\"avia-image-overlay-wrap\"><img decoding=\"async\" fetchpriority=\"high\" class='avia-img-lazy-loading-not- avia_image ' src=\"https:\/\/stage.timeline-erp.de\/wp-content\/uploads\/serienfertigung-autostrasse-1210x423.jpg\" alt='' title=''   itemprop=\"thumbnailUrl\"  \/><\/div><\/div><\/div><\/div><\/p>\n<\/div><\/div><\/div><!-- close content main div --><\/div><\/div><div id='av_section_2'  class='avia-section av-ctinsi0-b45920c4624008a1b9a80bb850330ec2 main_color avia-section-default avia-no-border-styling  avia-builder-el-9  el_after_av_one_full  avia-builder-el-last  avia-bg-style-scroll container_wrap sidebar_right'  ><div class='container av-section-cont-open' ><div class='template-page content  av-content-small alpha units'><div class='post-entry post-entry-type-page post-entry-250992'><div class='entry-content-wrapper clearfix'>\n\n<style type=\"text\/css\" data-created_by=\"avia_inline_auto\" id=\"style-css-av-7z6tkug-2fe0a46612e260f75c73cdc3cc8f2859\">\n.flex_column.av-7z6tkug-2fe0a46612e260f75c73cdc3cc8f2859{\nborder-radius:0px 0px 0px 0px;\npadding:0px 0px 0px 0px;\n}\n<\/style>\n<div  class='flex_column av-7z6tkug-2fe0a46612e260f75c73cdc3cc8f2859 av_one_full  avia-builder-el-10  avia-builder-el-no-sibling  first flex_column_div av-zero-column-padding  '     ><section  class='av_textblock_section av-ksiyyqrn-63bb5db5995587c6ae8e1e907b5c556e '   itemscope=\"itemscope\" itemtype=\"https:\/\/schema.org\/CreativeWork\" ><div class='avia_textblock'  itemprop=\"text\" ><h3><strong>Diskrete Fertigung: diese Kategorien gibt es <\/strong><\/h3>\n<p>Die diskrete Fertigung ist in drei Kategorien gegliedert: Einzelfertigung, Serienfertigung und Variantenfertigung. In der Einzelfertigung nimmt das Manufacturing viel Zeit in Anspruch, da jedes Produkt ein Unikat ist und individuell produziert wird. Schiffe oder Flugzeuge sind entsprechende Endprodukte.<\/p>\n<p>Die Serienfertigung bezeichnet die Produktion von vielen identischen Artikeln wie Smartphones oder Kleidung. Unternehmen, die Serienfertiger sind, sind gleichzeitig Teil einer gr\u00f6\u00dferen Supply Chain. Daf\u00fcr braucht es ein intelligentes Ressourcen-Management. Die Variantenfertigung beschreibt die Produktion von Artikeln mit teils standardisierten und teils kundenindividuellen Bauteilen. Die Herstellung von Fertigungsmaschinen nach Kundenwunsch etwa. Zu den Herausforderungen dieser Fertigungsweise z\u00e4hlt der schwankende Bedarf und die termingerechte Lieferung.<\/p>\n<h3><strong>Was unterscheidet diskrete Fertigung von anderen Prozessen?<\/strong><\/h3>\n<p>Das Gegenteil von diskreter Fertigung ist die prozessorientierte Fertigung. Dabei geht es um die Verarbeitung und Produktion von Fl\u00fcssigkeiten, Gasen, Gemischen oder Granulaten. Beton, Getr\u00e4nke und Farben sind Produkte, die dieser Herstellungsform entsprechen. Was beide Fertigungen eint: Mit einer professionellen ERP-Software lassen sie sich in ihrer Komplexit\u00e4t und Besonderheit abbilden \u2013 und das mit voller Transparenz. Um der Industrie 4.0 gerecht zu werden, Herausforderungen in Sachen Fertigungsprozesse zu meistern und die Supply Chain einzuhalten, braucht es ein intelligentes ERP-System. Die entsprechende Software muss zu den individuellen Anforderungen des Unternehmens und dessen Fertigungsverfahren passen. Das System sollte also ein hohes Ma\u00df an Flexibilit\u00e4t und Transparenz bieten. Sie m\u00f6chten mehr \u00fcber die richtige ERP-Auswahl erfahren oder die gesamte Funktionspalette von TimeLine ERP kennenlernen? Kontaktieren Sie uns gern \u00fcber das Kontaktformular oder mit einer Mail an <a href=\"mailto:info@timeline.de\">info@timeline.de<\/a>.<br \/>\nAuch unser Sales-Team freut sich unter <strong>+49 212 230 35 200<\/strong> \u00fcber Ihre Anfrage.<\/p>\n<\/div><\/section><\/div>\n<\/div><\/div><\/div><!-- close content main div --><\/div><\/div><div id='after_section_2'  class='main_color av_default_container_wrap container_wrap sidebar_right'  ><div class='container av-section-cont-open' ><div class='template-page content  av-content-small alpha units'><div class='post-entry post-entry-type-page post-entry-250992'><div class='entry-content-wrapper clearfix'>\n","protected":false},"excerpt":{"rendered":"","protected":false},"author":2,"featured_media":0,"parent":239248,"menu_order":0,"comment_status":"closed","ping_status":"closed","template":"","meta":{"footnotes":""},"yoast_head":"<!-- This site is optimized with the Yoast SEO plugin v22.2 - https:\/\/yoast.com\/wordpress\/plugins\/seo\/ -->\n<title>Automotive diskrete Fertigung - TimeLine ERP<\/title>\n<meta name=\"description\" content=\"Diskrete Fertigung | Was bedeutet das und was unterscheidet die diskrete Fertigung von anderen Prozessen? | Jetzt lesen!\" \/>\n<meta name=\"robots\" content=\"noindex, follow, max-snippet:-1, max-image-preview:large, max-video-preview:-1\" \/>\n<meta property=\"og:locale\" content=\"de_DE\" \/>\n<meta property=\"og:type\" content=\"article\" \/>\n<meta property=\"og:title\" content=\"Automotive diskrete Fertigung - TimeLine ERP\" \/>\n<meta property=\"og:description\" content=\"Diskrete Fertigung | Was bedeutet das und was unterscheidet die diskrete Fertigung von anderen Prozessen? | Jetzt lesen!\" \/>\n<meta property=\"og:url\" content=\"https:\/\/stage.timeline-erp.de\/de\/branchenloesungen\/timeline-automotive\/diskrete-fertigung\/\" \/>\n<meta property=\"og:site_name\" content=\"TimeLine ERP DE\" \/>\n<meta property=\"article:modified_time\" content=\"2023-08-01T15:11:33+00:00\" \/>\n<meta name=\"twitter:card\" content=\"summary_large_image\" \/>\n<meta name=\"twitter:label1\" content=\"Gesch\u00e4tzte Lesezeit\" \/>\n\t<meta name=\"twitter:data1\" content=\"5\u00a0Minuten\" \/>\n<script type=\"application\/ld+json\" class=\"yoast-schema-graph\">{\"@context\":\"https:\/\/schema.org\",\"@graph\":[{\"@type\":\"WebPage\",\"@id\":\"https:\/\/stage.timeline-erp.de\/de\/branchenloesungen\/timeline-automotive\/diskrete-fertigung\/\",\"url\":\"https:\/\/stage.timeline-erp.de\/de\/branchenloesungen\/timeline-automotive\/diskrete-fertigung\/\",\"name\":\"Automotive diskrete Fertigung - TimeLine ERP\",\"isPartOf\":{\"@id\":\"https:\/\/stage.timeline-erp.de\/de\/#website\"},\"datePublished\":\"2022-01-12T13:11:01+00:00\",\"dateModified\":\"2023-08-01T15:11:33+00:00\",\"description\":\"Diskrete Fertigung | Was bedeutet das und was unterscheidet die diskrete Fertigung von anderen Prozessen? | Jetzt lesen!\",\"breadcrumb\":{\"@id\":\"https:\/\/stage.timeline-erp.de\/de\/branchenloesungen\/timeline-automotive\/diskrete-fertigung\/#breadcrumb\"},\"inLanguage\":\"de\",\"potentialAction\":[{\"@type\":\"ReadAction\",\"target\":[\"https:\/\/stage.timeline-erp.de\/de\/branchenloesungen\/timeline-automotive\/diskrete-fertigung\/\"]}]},{\"@type\":\"BreadcrumbList\",\"@id\":\"https:\/\/stage.timeline-erp.de\/de\/branchenloesungen\/timeline-automotive\/diskrete-fertigung\/#breadcrumb\",\"itemListElement\":[{\"@type\":\"ListItem\",\"position\":1,\"name\":\"Startseite\",\"item\":\"https:\/\/stage.timeline-erp.de\/de\/startseite\/\"},{\"@type\":\"ListItem\",\"position\":2,\"name\":\"Branchenl\u00f6sungen\",\"item\":\"https:\/\/stage.timeline-erp.de\/de\/branchenloesungen\/\"},{\"@type\":\"ListItem\",\"position\":3,\"name\":\"TimeLine Automotive\",\"item\":\"https:\/\/stage.timeline-erp.de\/de\/branchenloesungen\/timeline-automotive\/\"},{\"@type\":\"ListItem\",\"position\":4,\"name\":\"Was bedeutet diskrete Fertigung?\"}]},{\"@type\":\"WebSite\",\"@id\":\"https:\/\/stage.timeline-erp.de\/de\/#website\",\"url\":\"https:\/\/stage.timeline-erp.de\/de\/\",\"name\":\"TimeLine ERP DE\",\"description\":\"ERP, PPS, QS, CRM, MES, FIBU in einem System\",\"potentialAction\":[{\"@type\":\"SearchAction\",\"target\":{\"@type\":\"EntryPoint\",\"urlTemplate\":\"https:\/\/stage.timeline-erp.de\/de\/?s={search_term_string}\"},\"query-input\":\"required name=search_term_string\"}],\"inLanguage\":\"de\"}]}<\/script>\n<!-- \/ Yoast SEO plugin. -->","yoast_head_json":{"title":"Automotive diskrete Fertigung - TimeLine ERP","description":"Diskrete Fertigung | Was bedeutet das und was unterscheidet die diskrete Fertigung von anderen Prozessen? | Jetzt lesen!","robots":{"index":"noindex","follow":"follow","max-snippet":"max-snippet:-1","max-image-preview":"max-image-preview:large","max-video-preview":"max-video-preview:-1"},"og_locale":"de_DE","og_type":"article","og_title":"Automotive diskrete Fertigung - TimeLine ERP","og_description":"Diskrete Fertigung | Was bedeutet das und was unterscheidet die diskrete Fertigung von anderen Prozessen? | Jetzt lesen!","og_url":"https:\/\/stage.timeline-erp.de\/de\/branchenloesungen\/timeline-automotive\/diskrete-fertigung\/","og_site_name":"TimeLine ERP DE","article_modified_time":"2023-08-01T15:11:33+00:00","twitter_card":"summary_large_image","twitter_misc":{"Gesch\u00e4tzte Lesezeit":"5\u00a0Minuten"},"schema":{"@context":"https:\/\/schema.org","@graph":[{"@type":"WebPage","@id":"https:\/\/stage.timeline-erp.de\/de\/branchenloesungen\/timeline-automotive\/diskrete-fertigung\/","url":"https:\/\/stage.timeline-erp.de\/de\/branchenloesungen\/timeline-automotive\/diskrete-fertigung\/","name":"Automotive diskrete Fertigung - TimeLine ERP","isPartOf":{"@id":"https:\/\/stage.timeline-erp.de\/de\/#website"},"datePublished":"2022-01-12T13:11:01+00:00","dateModified":"2023-08-01T15:11:33+00:00","description":"Diskrete Fertigung | Was bedeutet das und was unterscheidet die diskrete Fertigung von anderen Prozessen? | Jetzt lesen!","breadcrumb":{"@id":"https:\/\/stage.timeline-erp.de\/de\/branchenloesungen\/timeline-automotive\/diskrete-fertigung\/#breadcrumb"},"inLanguage":"de","potentialAction":[{"@type":"ReadAction","target":["https:\/\/stage.timeline-erp.de\/de\/branchenloesungen\/timeline-automotive\/diskrete-fertigung\/"]}]},{"@type":"BreadcrumbList","@id":"https:\/\/stage.timeline-erp.de\/de\/branchenloesungen\/timeline-automotive\/diskrete-fertigung\/#breadcrumb","itemListElement":[{"@type":"ListItem","position":1,"name":"Startseite","item":"https:\/\/stage.timeline-erp.de\/de\/startseite\/"},{"@type":"ListItem","position":2,"name":"Branchenl\u00f6sungen","item":"https:\/\/stage.timeline-erp.de\/de\/branchenloesungen\/"},{"@type":"ListItem","position":3,"name":"TimeLine Automotive","item":"https:\/\/stage.timeline-erp.de\/de\/branchenloesungen\/timeline-automotive\/"},{"@type":"ListItem","position":4,"name":"Was bedeutet diskrete Fertigung?"}]},{"@type":"WebSite","@id":"https:\/\/stage.timeline-erp.de\/de\/#website","url":"https:\/\/stage.timeline-erp.de\/de\/","name":"TimeLine ERP DE","description":"ERP, PPS, QS, CRM, MES, FIBU in einem System","potentialAction":[{"@type":"SearchAction","target":{"@type":"EntryPoint","urlTemplate":"https:\/\/stage.timeline-erp.de\/de\/?s={search_term_string}"},"query-input":"required name=search_term_string"}],"inLanguage":"de"}]}},"_links":{"self":[{"href":"https:\/\/stage.timeline-erp.de\/de\/wp-json\/wp\/v2\/pages\/250992"}],"collection":[{"href":"https:\/\/stage.timeline-erp.de\/de\/wp-json\/wp\/v2\/pages"}],"about":[{"href":"https:\/\/stage.timeline-erp.de\/de\/wp-json\/wp\/v2\/types\/page"}],"author":[{"embeddable":true,"href":"https:\/\/stage.timeline-erp.de\/de\/wp-json\/wp\/v2\/users\/2"}],"replies":[{"embeddable":true,"href":"https:\/\/stage.timeline-erp.de\/de\/wp-json\/wp\/v2\/comments?post=250992"}],"version-history":[{"count":0,"href":"https:\/\/stage.timeline-erp.de\/de\/wp-json\/wp\/v2\/pages\/250992\/revisions"}],"up":[{"embeddable":true,"href":"https:\/\/stage.timeline-erp.de\/de\/wp-json\/wp\/v2\/pages\/239248"}],"wp:attachment":[{"href":"https:\/\/stage.timeline-erp.de\/de\/wp-json\/wp\/v2\/media?parent=250992"}],"curies":[{"name":"wp","href":"https:\/\/api.w.org\/{rel}","templated":true}]}}