{"id":250994,"date":"2022-01-12T13:28:51","date_gmt":"2022-01-12T12:28:51","guid":{"rendered":"https:\/\/www.timeline-erp.de\/?page_id=250994"},"modified":"2023-08-02T11:45:20","modified_gmt":"2023-08-02T09:45:20","slug":"was-bedeutet-prozessfertigung","status":"publish","type":"page","link":"https:\/\/stage.timeline-erp.de\/de\/branchenloesungen\/timeline-automotive\/was-bedeutet-prozessfertigung\/","title":{"rendered":"Was bedeutet Prozessfertigung?"},"content":{"rendered":"\n<style type=\"text\/css\" data-created_by=\"avia_inline_auto\" id=\"style-css-av-17urrbpk-12c6e506021d8b5aa115f9bdfa03b0ce\">\n.avia-section.av-17urrbpk-12c6e506021d8b5aa115f9bdfa03b0ce{\nbackground-color:#fcfbf9;\nbackground:linear-gradient( to bottom right, #fcfbf9, #f6f7f8 );\n}\n.avia-section.av-17urrbpk-12c6e506021d8b5aa115f9bdfa03b0ce .av-section-color-overlay{\nopacity:0.5;\nbackground-image:url(https:\/\/stage.timeline-erp.de\/de\/wp-content\/themes\/enfold\/images\/background-images\/noise-for-dark-background.png);\nbackground-repeat:repeat;\n}\n<\/style>\n<div id='av_section_1'  class='avia-section av-17urrbpk-12c6e506021d8b5aa115f9bdfa03b0ce main_color avia-section-large avia-no-border-styling  avia-builder-el-0  el_before_av_one_full  avia-builder-el-first  avia-bg-style-scroll av-section-color-overlay-active av-minimum-height av-minimum-height-50 av-height-50  container_wrap sidebar_right'   data-av_minimum_height_pc='50' data-av_min_height_opt='50'><div class=\"av-section-color-overlay-wrap\"><div class=\"av-section-color-overlay\"><\/div><div class='container av-section-cont-open' ><main  role=\"main\" itemprop=\"mainContentOfPage\"  class='template-page content  av-content-small alpha units'><div class='post-entry post-entry-type-page post-entry-250994'><div class='entry-content-wrapper clearfix'>\n<div class='flex_column_table av-11kk8bd4-08017fea36c49921025f213f1e350542 sc-av_one_full av-equal-height-column-flextable'>\n<style type=\"text\/css\" data-created_by=\"avia_inline_auto\" id=\"style-css-av-11kk8bd4-08017fea36c49921025f213f1e350542\">\n.flex_column.av-11kk8bd4-08017fea36c49921025f213f1e350542{\nborder-radius:0px 0px 0px 0px;\npadding:0px 0px 0px 0px;\n}\n<\/style>\n<div  class='flex_column av-11kk8bd4-08017fea36c49921025f213f1e350542 av_one_full  avia-builder-el-1  avia-builder-el-no-sibling  first flex_column_table_cell av-equal-height-column av-align-top av-zero-column-padding  '     ><p>\n<style type=\"text\/css\" data-created_by=\"avia_inline_auto\" id=\"style-css-av-ksiyv7ze-b8efc6208a94915fdfd5d8ac0671f34d\">\n#top .av-special-heading.av-ksiyv7ze-b8efc6208a94915fdfd5d8ac0671f34d{\npadding-bottom:10px;\nfont-size:55px;\n}\nbody .av-special-heading.av-ksiyv7ze-b8efc6208a94915fdfd5d8ac0671f34d .av-special-heading-tag .heading-char{\nfont-size:25px;\n}\n#top #wrap_all .av-special-heading.av-ksiyv7ze-b8efc6208a94915fdfd5d8ac0671f34d .av-special-heading-tag{\nfont-size:55px;\n}\n.av-special-heading.av-ksiyv7ze-b8efc6208a94915fdfd5d8ac0671f34d .av-subheading{\nfont-size:15px;\n}\n\n@media only screen and (min-width: 480px) and (max-width: 767px){ \n#top #wrap_all .av-special-heading.av-ksiyv7ze-b8efc6208a94915fdfd5d8ac0671f34d .av-special-heading-tag{\nfont-size:0.8em;\n}\n}\n\n@media only screen and (max-width: 479px){ \n#top #wrap_all .av-special-heading.av-ksiyv7ze-b8efc6208a94915fdfd5d8ac0671f34d .av-special-heading-tag{\nfont-size:0.8em;\n}\n}\n<\/style>\n<div  class='av-special-heading av-ksiyv7ze-b8efc6208a94915fdfd5d8ac0671f34d av-special-heading-h1 blockquote modern-quote modern-centered  avia-builder-el-2  el_before_av_textblock  avia-builder-el-first  av-inherit-size'><h1 class='av-special-heading-tag'  itemprop=\"headline\"  >Was bedeutet Prozessfertigung?<\/h1><div class=\"special-heading-border\"><div class=\"special-heading-inner-border\"><\/div><\/div><\/div><br \/>\n\n<style type=\"text\/css\" data-created_by=\"avia_inline_auto\" id=\"style-css-av-ksiyvikb-0d8ba77de001a9618cac5daf85a45666\">\n#top .av_textblock_section.av-ksiyvikb-0d8ba77de001a9618cac5daf85a45666 .avia_textblock{\nfont-size:20px;\n}\n<\/style>\n<section  class='av_textblock_section av-ksiyvikb-0d8ba77de001a9618cac5daf85a45666 '   itemscope=\"itemscope\" itemtype=\"https:\/\/schema.org\/CreativeWork\" ><div class='avia_textblock'  itemprop=\"text\" ><p style=\"text-align: center;\">In der Fertigung gibt es zwei wesentliche Bezeichnungen: die diskrete Fertigung und die Prozessfertigung. Letzteres meint die Herstellung von Fl\u00fcssigkeiten, Gasen, Gemischen und Granulaten. Das Endprodukt l\u00e4sst sich nicht in seine urspr\u00fcnglichen Komponenten teilen. Das macht die Prozessfertigung deutlich komplexer als die diskrete Fertigung.<\/p>\n<p style=\"text-align: center;\">Die Prozessfertigung kommt besonders bei der chemischen Herstellung, der Lebensmittel- und Getr\u00e4nkeherstellung und in der Raffination zum Einsatz. Beispiele f\u00fcr Produkte, die in der Prozessfertigung hergestellt werden, sind Limonaden, Wandfarben und Benzin. Daf\u00fcr braucht es definierte Formeln und Rezepturen, schlie\u00dflich vermischen sich die unterschiedlichen Komponenten und ergeben erst dann das fertige Produkt. In der diskreten Fertigung hingegen kommen St\u00fccklisten zum Einsatz. Das Endprodukt besteht aus zusammengef\u00fcgten Rohstoffen und ist abz\u00e4hlbar, wie zum Beispiel Maschinen, Autos, Fernseher oder Fahrr\u00e4der.<\/p>\n<\/div><\/section><br \/>\n\n<style type=\"text\/css\" data-created_by=\"avia_inline_auto\" id=\"style-css-av-zsfdbew-f5e5a5411c31f565a01650bf0e0e518a\">\n#top .hr.hr-invisible.av-zsfdbew-f5e5a5411c31f565a01650bf0e0e518a{\nheight:30px;\n}\n<\/style>\n<div  class='hr av-zsfdbew-f5e5a5411c31f565a01650bf0e0e518a hr-invisible  avia-builder-el-4  el_after_av_textblock  el_before_av_buttonrow '><span class='hr-inner '><span class=\"hr-inner-style\"><\/span><\/span><\/div><br \/>\n<div  class='avia-buttonrow-wrap av-s172lmw-b6318d91b38334f91c637301f5d152dd avia-buttonrow-center  avia-builder-el-5  el_after_av_hr  el_before_av_hr '>\n\n<style type=\"text\/css\" data-created_by=\"avia_inline_auto\" id=\"style-css-av-of3ux6w-7b7499ddcbfc261171d618c8caf7111d\">\n#top #wrap_all .avia-button.av-of3ux6w-7b7499ddcbfc261171d618c8caf7111d{\nmargin-bottom:5px;\nmargin-right:3px;\nmargin-left:3px;\n}\n<\/style>\n<a href='https:\/\/stage.timeline-erp.de\/de\/funktionen\/'  class='avia-button av-of3ux6w-7b7499ddcbfc261171d618c8caf7111d avia-icon_select-no avia-size-large avia-color-theme-color'  ><span class='avia_iconbox_title' >ERP-Funktionen entdecken<\/span><\/a>\n\n<style type=\"text\/css\" data-created_by=\"avia_inline_auto\" id=\"style-css-av-jyjdcug-2102b7cf62a92547a3521f8f3f77bb0c\">\n#top #wrap_all .avia-button.av-jyjdcug-2102b7cf62a92547a3521f8f3f77bb0c{\nmargin-bottom:5px;\nmargin-right:3px;\nmargin-left:3px;\n}\n<\/style>\n<a href='https:\/\/stage.timeline-erp.de\/de\/download-center\/#broschueren'  class='avia-button av-jyjdcug-2102b7cf62a92547a3521f8f3f77bb0c avia-icon_select-no avia-size-large avia-color-theme-color-highlight'  ><span class='avia_iconbox_title' >Brosch\u00fcre herunterladen<\/span><\/a>\n<\/div><br \/>\n\n<style type=\"text\/css\" data-created_by=\"avia_inline_auto\" id=\"style-css-av-53zoqlu-338f7b00d1e68fc4392c10ccc5280270\">\n#top .hr.hr-invisible.av-53zoqlu-338f7b00d1e68fc4392c10ccc5280270{\nheight:30px;\n}\n<\/style>\n<div  class='hr av-53zoqlu-338f7b00d1e68fc4392c10ccc5280270 hr-invisible  avia-builder-el-6  el_after_av_buttonrow  avia-builder-el-last '><span class='hr-inner '><span class=\"hr-inner-style\"><\/span><\/span><\/div><\/p><\/div><\/div><!--close column table wrapper. Autoclose: 1 -->\n<\/div><\/div><\/main><!-- close content main element --><\/div><\/div><\/div><div id='after_section_1'  class='main_color av_default_container_wrap container_wrap sidebar_right'  ><div class='container av-section-cont-open' ><div class='template-page content  av-content-small alpha units'><div class='post-entry post-entry-type-page post-entry-250994'><div class='entry-content-wrapper clearfix'>\n\n<style type=\"text\/css\" data-created_by=\"avia_inline_auto\" id=\"style-css-av-flnngeg-bdc6a68b026304b5f9b44368663ba065\">\n#top .flex_column.av-flnngeg-bdc6a68b026304b5f9b44368663ba065{\nmargin-top:-100px;\nmargin-bottom:0px;\n}\n.flex_column.av-flnngeg-bdc6a68b026304b5f9b44368663ba065{\nborder-radius:0px 0px 0px 0px;\npadding:0px 0px 0px 0px;\n}\n.responsive #top #wrap_all .flex_column.av-flnngeg-bdc6a68b026304b5f9b44368663ba065{\nmargin-top:-100px;\nmargin-bottom:0px;\n}\n<\/style>\n<div  class='flex_column av-flnngeg-bdc6a68b026304b5f9b44368663ba065 av_one_full  avia-builder-el-7  el_after_av_section  el_before_av_section  avia-builder-el-no-sibling  first flex_column_div av-zero-column-padding  '     ><style type=\"text\/css\" data-created_by=\"avia_inline_auto\" id=\"style-css-av-ksiz1x28-4ac24f6fb6835023d9d9117bc90c6a6c\">\n.avia-image-container.av-ksiz1x28-4ac24f6fb6835023d9d9117bc90c6a6c img.avia_image{\nbox-shadow:none;\n}\n.avia-image-container.av-ksiz1x28-4ac24f6fb6835023d9d9117bc90c6a6c .av-image-caption-overlay-center{\ncolor:#ffffff;\n}\n<\/style>\n<div  class='avia-image-container av-ksiz1x28-4ac24f6fb6835023d9d9117bc90c6a6c av-styling- avia-align-center  avia-builder-el-8  avia-builder-el-no-sibling '   itemprop=\"image\" itemscope=\"itemscope\" itemtype=\"https:\/\/schema.org\/ImageObject\" ><div class=\"avia-image-container-inner\"><div class=\"avia-image-overlay-wrap\"><img decoding=\"async\" fetchpriority=\"high\" class='avia-img-lazy-loading-not- avia_image ' src=\"https:\/\/stage.timeline-erp.de\/wp-content\/uploads\/prozessfertigung-flaschen-abfuellen-1210x423.jpg\" alt='' title=''   itemprop=\"thumbnailUrl\"  \/><\/div><\/div><\/div><\/div>\n<\/div><\/div><\/div><!-- close content main div --><\/div><\/div><div id='av_section_2'  class='avia-section av-ctinsi0-b45920c4624008a1b9a80bb850330ec2 main_color avia-section-default avia-no-border-styling  avia-builder-el-9  el_after_av_one_full  avia-builder-el-last  avia-bg-style-scroll container_wrap sidebar_right'  ><div class='container av-section-cont-open' ><div class='template-page content  av-content-small alpha units'><div class='post-entry post-entry-type-page post-entry-250994'><div class='entry-content-wrapper clearfix'>\n\n<style type=\"text\/css\" data-created_by=\"avia_inline_auto\" id=\"style-css-av-7z6tkug-2fe0a46612e260f75c73cdc3cc8f2859\">\n.flex_column.av-7z6tkug-2fe0a46612e260f75c73cdc3cc8f2859{\nborder-radius:0px 0px 0px 0px;\npadding:0px 0px 0px 0px;\n}\n<\/style>\n<div  class='flex_column av-7z6tkug-2fe0a46612e260f75c73cdc3cc8f2859 av_one_full  avia-builder-el-10  avia-builder-el-no-sibling  first flex_column_div av-zero-column-padding  '     ><section  class='av_textblock_section av-ksiyyqrn-5d0b5d3e66f0c426af5fa94c0e9685d7 '   itemscope=\"itemscope\" itemtype=\"https:\/\/schema.org\/CreativeWork\" ><div class='avia_textblock'  itemprop=\"text\" ><h3><strong>Prozessfertigung und diskrete Fertigung: der wichtigste Unterschied<\/strong><\/h3>\n<p>Der gr\u00f6\u00dfte Unterschied in den beiden Produktionsprozessen ist also die urspr\u00fcngliche Form der Endprodukte. W\u00e4hrend Artikel aus der diskreten Fertigung wieder in ihre Einzelteile zerlegt werden k\u00f6nnen, lassen sich die Inhaltsstoffe in der Prozessfertigung nicht mehr in ihren Urzustand zur\u00fcckbringen. Ein passendes Beispiel daf\u00fcr ist die Weinherstellung: Die daf\u00fcr gepressten Trauben, die mit anderen Zutaten vermischt einen geschmackvollen Rotwein ergeben, k\u00f6nnen nat\u00fcrlich nicht mehr in ihre urspr\u00fcngliche Form gebracht werden. Sp\u00e4testens an der Beschaffenheit des Endprodukts erkennen Sie also, um welche Herstellungsform es sich handelt.<\/p>\n<h3><strong>Kontrollierte Prozesse: passendes ERP hilft <\/strong><\/h3>\n<p>Auch wenn beide Verfahren sehr unterschiedlich sind, eint sie ein entscheidender Faktor: Die passende ERP-Software bildet ihre Komplexit\u00e4t und Besonderheit konkret und transparent ab. Eine ma\u00dfgeschneiderten ERP-L\u00f6sung vereinfacht Buchhaltung, Supply Chain-Management und weitere Prozesse. Sie ist dabei behilflich, die Herausforderungen der Industrie 4.0 zu meistern und Fertigungsprozesse zu optimieren. Wir informieren Sie gern \u00fcber die richtige <a href=\"https:\/\/stage.timeline-erp.de\/de\/blog\/diese-tipps-helfen-ihnen-bei-der-erp-auswahl\/\">ERP-Auswahl<\/a> und stellen Ihnen gern die gesamte Funktionspalette von Timeline ERP vor. Nutzen Sie daf\u00fcr einfach das Kontaktformular, unsere Hotline oder schreiben Sie uns eine Mail an <a href=\"mailto:info@timeline.de\">info@timeline.de<\/a>.<\/p>\n<\/div><\/section><\/div><\/div><\/div><\/div><!-- close content main div --><\/div><\/div><div id='after_section_2'  class='main_color av_default_container_wrap container_wrap sidebar_right'  ><div class='container av-section-cont-open' ><div class='template-page content  av-content-small alpha units'><div class='post-entry post-entry-type-page post-entry-250994'><div class='entry-content-wrapper clearfix'>\n","protected":false},"excerpt":{"rendered":"","protected":false},"author":2,"featured_media":0,"parent":239248,"menu_order":0,"comment_status":"closed","ping_status":"closed","template":"","meta":{"footnotes":""},"yoast_head":"<!-- This site is optimized with the Yoast SEO plugin v22.2 - https:\/\/yoast.com\/wordpress\/plugins\/seo\/ -->\n<title>Bedeutung Prozessfertigung - TimeLine ERP<\/title>\n<meta name=\"description\" content=\"Prozessfertigung und diskrete Fertigung \u2013 das sind die wichtigsten Unterschiede. Jetzt informieren!\" \/>\n<meta name=\"robots\" content=\"noindex, follow, max-snippet:-1, max-image-preview:large, max-video-preview:-1\" \/>\n<meta property=\"og:locale\" content=\"de_DE\" \/>\n<meta property=\"og:type\" content=\"article\" \/>\n<meta property=\"og:title\" content=\"Bedeutung Prozessfertigung - TimeLine ERP\" \/>\n<meta property=\"og:description\" content=\"Prozessfertigung und diskrete Fertigung \u2013 das sind die wichtigsten Unterschiede. Jetzt informieren!\" \/>\n<meta property=\"og:url\" content=\"https:\/\/stage.timeline-erp.de\/de\/branchenloesungen\/timeline-automotive\/was-bedeutet-prozessfertigung\/\" \/>\n<meta property=\"og:site_name\" content=\"TimeLine ERP DE\" \/>\n<meta property=\"article:modified_time\" content=\"2023-08-02T09:45:20+00:00\" \/>\n<meta name=\"twitter:card\" content=\"summary_large_image\" \/>\n<meta name=\"twitter:label1\" content=\"Gesch\u00e4tzte Lesezeit\" \/>\n\t<meta name=\"twitter:data1\" content=\"5\u00a0Minuten\" \/>\n<script type=\"application\/ld+json\" class=\"yoast-schema-graph\">{\"@context\":\"https:\/\/schema.org\",\"@graph\":[{\"@type\":\"WebPage\",\"@id\":\"https:\/\/stage.timeline-erp.de\/de\/branchenloesungen\/timeline-automotive\/was-bedeutet-prozessfertigung\/\",\"url\":\"https:\/\/stage.timeline-erp.de\/de\/branchenloesungen\/timeline-automotive\/was-bedeutet-prozessfertigung\/\",\"name\":\"Bedeutung Prozessfertigung - TimeLine ERP\",\"isPartOf\":{\"@id\":\"https:\/\/stage.timeline-erp.de\/de\/#website\"},\"datePublished\":\"2022-01-12T12:28:51+00:00\",\"dateModified\":\"2023-08-02T09:45:20+00:00\",\"description\":\"Prozessfertigung und diskrete Fertigung \u2013 das sind die wichtigsten Unterschiede. Jetzt informieren!\",\"breadcrumb\":{\"@id\":\"https:\/\/stage.timeline-erp.de\/de\/branchenloesungen\/timeline-automotive\/was-bedeutet-prozessfertigung\/#breadcrumb\"},\"inLanguage\":\"de\",\"potentialAction\":[{\"@type\":\"ReadAction\",\"target\":[\"https:\/\/stage.timeline-erp.de\/de\/branchenloesungen\/timeline-automotive\/was-bedeutet-prozessfertigung\/\"]}]},{\"@type\":\"BreadcrumbList\",\"@id\":\"https:\/\/stage.timeline-erp.de\/de\/branchenloesungen\/timeline-automotive\/was-bedeutet-prozessfertigung\/#breadcrumb\",\"itemListElement\":[{\"@type\":\"ListItem\",\"position\":1,\"name\":\"Startseite\",\"item\":\"https:\/\/stage.timeline-erp.de\/de\/startseite\/\"},{\"@type\":\"ListItem\",\"position\":2,\"name\":\"Branchenl\u00f6sungen\",\"item\":\"https:\/\/stage.timeline-erp.de\/de\/branchenloesungen\/\"},{\"@type\":\"ListItem\",\"position\":3,\"name\":\"TimeLine Automotive\",\"item\":\"https:\/\/stage.timeline-erp.de\/de\/branchenloesungen\/timeline-automotive\/\"},{\"@type\":\"ListItem\",\"position\":4,\"name\":\"Was bedeutet Prozessfertigung?\"}]},{\"@type\":\"WebSite\",\"@id\":\"https:\/\/stage.timeline-erp.de\/de\/#website\",\"url\":\"https:\/\/stage.timeline-erp.de\/de\/\",\"name\":\"TimeLine ERP DE\",\"description\":\"ERP, PPS, QS, CRM, MES, FIBU in einem System\",\"potentialAction\":[{\"@type\":\"SearchAction\",\"target\":{\"@type\":\"EntryPoint\",\"urlTemplate\":\"https:\/\/stage.timeline-erp.de\/de\/?s={search_term_string}\"},\"query-input\":\"required name=search_term_string\"}],\"inLanguage\":\"de\"}]}<\/script>\n<!-- \/ Yoast SEO plugin. -->","yoast_head_json":{"title":"Bedeutung Prozessfertigung - TimeLine ERP","description":"Prozessfertigung und diskrete Fertigung \u2013 das sind die wichtigsten Unterschiede. Jetzt informieren!","robots":{"index":"noindex","follow":"follow","max-snippet":"max-snippet:-1","max-image-preview":"max-image-preview:large","max-video-preview":"max-video-preview:-1"},"og_locale":"de_DE","og_type":"article","og_title":"Bedeutung Prozessfertigung - TimeLine ERP","og_description":"Prozessfertigung und diskrete Fertigung \u2013 das sind die wichtigsten Unterschiede. Jetzt informieren!","og_url":"https:\/\/stage.timeline-erp.de\/de\/branchenloesungen\/timeline-automotive\/was-bedeutet-prozessfertigung\/","og_site_name":"TimeLine ERP DE","article_modified_time":"2023-08-02T09:45:20+00:00","twitter_card":"summary_large_image","twitter_misc":{"Gesch\u00e4tzte Lesezeit":"5\u00a0Minuten"},"schema":{"@context":"https:\/\/schema.org","@graph":[{"@type":"WebPage","@id":"https:\/\/stage.timeline-erp.de\/de\/branchenloesungen\/timeline-automotive\/was-bedeutet-prozessfertigung\/","url":"https:\/\/stage.timeline-erp.de\/de\/branchenloesungen\/timeline-automotive\/was-bedeutet-prozessfertigung\/","name":"Bedeutung Prozessfertigung - TimeLine ERP","isPartOf":{"@id":"https:\/\/stage.timeline-erp.de\/de\/#website"},"datePublished":"2022-01-12T12:28:51+00:00","dateModified":"2023-08-02T09:45:20+00:00","description":"Prozessfertigung und diskrete Fertigung \u2013 das sind die wichtigsten Unterschiede. Jetzt informieren!","breadcrumb":{"@id":"https:\/\/stage.timeline-erp.de\/de\/branchenloesungen\/timeline-automotive\/was-bedeutet-prozessfertigung\/#breadcrumb"},"inLanguage":"de","potentialAction":[{"@type":"ReadAction","target":["https:\/\/stage.timeline-erp.de\/de\/branchenloesungen\/timeline-automotive\/was-bedeutet-prozessfertigung\/"]}]},{"@type":"BreadcrumbList","@id":"https:\/\/stage.timeline-erp.de\/de\/branchenloesungen\/timeline-automotive\/was-bedeutet-prozessfertigung\/#breadcrumb","itemListElement":[{"@type":"ListItem","position":1,"name":"Startseite","item":"https:\/\/stage.timeline-erp.de\/de\/startseite\/"},{"@type":"ListItem","position":2,"name":"Branchenl\u00f6sungen","item":"https:\/\/stage.timeline-erp.de\/de\/branchenloesungen\/"},{"@type":"ListItem","position":3,"name":"TimeLine Automotive","item":"https:\/\/stage.timeline-erp.de\/de\/branchenloesungen\/timeline-automotive\/"},{"@type":"ListItem","position":4,"name":"Was bedeutet Prozessfertigung?"}]},{"@type":"WebSite","@id":"https:\/\/stage.timeline-erp.de\/de\/#website","url":"https:\/\/stage.timeline-erp.de\/de\/","name":"TimeLine ERP DE","description":"ERP, PPS, QS, CRM, MES, FIBU in einem System","potentialAction":[{"@type":"SearchAction","target":{"@type":"EntryPoint","urlTemplate":"https:\/\/stage.timeline-erp.de\/de\/?s={search_term_string}"},"query-input":"required name=search_term_string"}],"inLanguage":"de"}]}},"_links":{"self":[{"href":"https:\/\/stage.timeline-erp.de\/de\/wp-json\/wp\/v2\/pages\/250994"}],"collection":[{"href":"https:\/\/stage.timeline-erp.de\/de\/wp-json\/wp\/v2\/pages"}],"about":[{"href":"https:\/\/stage.timeline-erp.de\/de\/wp-json\/wp\/v2\/types\/page"}],"author":[{"embeddable":true,"href":"https:\/\/stage.timeline-erp.de\/de\/wp-json\/wp\/v2\/users\/2"}],"replies":[{"embeddable":true,"href":"https:\/\/stage.timeline-erp.de\/de\/wp-json\/wp\/v2\/comments?post=250994"}],"version-history":[{"count":0,"href":"https:\/\/stage.timeline-erp.de\/de\/wp-json\/wp\/v2\/pages\/250994\/revisions"}],"up":[{"embeddable":true,"href":"https:\/\/stage.timeline-erp.de\/de\/wp-json\/wp\/v2\/pages\/239248"}],"wp:attachment":[{"href":"https:\/\/stage.timeline-erp.de\/de\/wp-json\/wp\/v2\/media?parent=250994"}],"curies":[{"name":"wp","href":"https:\/\/api.w.org\/{rel}","templated":true}]}}