{"id":276,"date":"2017-07-25T12:15:18","date_gmt":"2017-07-25T10:15:18","guid":{"rendered":"http:\/\/185.88.213.226\/?page_id=276"},"modified":"2023-02-21T14:47:23","modified_gmt":"2023-02-21T13:47:23","slug":"unternehmen","status":"publish","type":"page","link":"https:\/\/stage.timeline-erp.de\/de\/unternehmen\/","title":{"rendered":"Unternehmen"},"content":{"rendered":"\n<style type=\"text\/css\" data-created_by=\"avia_inline_auto\" id=\"style-css-av-ld4g0d9v-08e67c999218627f9d91bd1cf707d811\">\n.avia-section.av-ld4g0d9v-08e67c999218627f9d91bd1cf707d811{\nposition:relative;\n}\n.avia-section.av-ld4g0d9v-08e67c999218627f9d91bd1cf707d811 .avia-divider-svg-bottom svg{\nheight:70px;\nwidth:calc(100% + 1.3px);\nfill:#ffffff;\n}\n<\/style>\n<div id='av_section_1'  class='avia-section av-ld4g0d9v-08e67c999218627f9d91bd1cf707d811 main_color avia-section-default avia-no-border-styling  avia-builder-el-0  el_before_av_section  avia-builder-el-first  avia-bg-style-scroll container_wrap sidebar_right'  ><div class='avia-divider-svg avia-divider-svg-triangle-asymmetrical avia-divider-svg-bottom avia-flipped-svg avia-svg-original'><svg xmlns=\"http:\/\/www.w3.org\/2000\/svg\" viewBox=\"0 0 1000 100\" preserveAspectRatio=\"none\">\n\t<path d=\"M738,99l262-93V0H0v5.6L738,99z\"\/>\n<\/svg><\/div><div class='container av-section-cont-open' ><main  role=\"main\" itemprop=\"mainContentOfPage\"  class='template-page content  av-content-small alpha units'><div class='post-entry post-entry-type-page post-entry-276'><div class='entry-content-wrapper clearfix'>\n<div class=\"avia-video av-ld4fuo1e-d2f4a7add0f7cd9a42826cd64065e058 avia-video-16-9 av-html5-fullscreen-btn av-no-preview-image avia-video-load-always avia-video-html5\" style=\"\" itemprop=\"video\" itemtype=\"https:\/\/schema.org\/VideoObject\" data-original_url=\"https:\/\/stage.timeline-erp.de\/wp-content\/uploads\/imeline-corporatefilm-1080p.mp4\"><video class='avia_video'  autoplay playsinline loop preload=\"metadata\" muted  id='player_276_33410393_715735749'><source src='https:\/\/stage.timeline-erp.de\/wp-content\/uploads\/imeline-corporatefilm-1080p.mp4' type='video\/mp4' \/><\/video><\/div>\n\n<\/div><\/div><\/main><!-- close content main element --><\/div><\/div><div id='av_section_2'  class='avia-section av-fnvlg-e8d8d7d1a7d1f73b5838b8abcfe0a997 main_color avia-section-default avia-no-border-styling  avia-builder-el-2  el_after_av_section  el_before_av_section  avia-bg-style-scroll container_wrap sidebar_right'  ><div class='container av-section-cont-open' ><div class='template-page content  av-content-small alpha units'><div class='post-entry post-entry-type-page post-entry-276'><div class='entry-content-wrapper clearfix'>\n\n<style type=\"text\/css\" data-created_by=\"avia_inline_auto\" id=\"style-css-av-3maedo-c01c9e57ff9be877ded4c00291dadc59\">\n.flex_column.av-3maedo-c01c9e57ff9be877ded4c00291dadc59{\nborder-radius:0px 0px 0px 0px;\npadding:0px 0px 0px 0px;\n}\n<\/style>\n<div  class='flex_column av-3maedo-c01c9e57ff9be877ded4c00291dadc59 av_one_full  avia-builder-el-3  avia-builder-el-no-sibling  first flex_column_div av-zero-column-padding  '     ><p>\n<style type=\"text\/css\" data-created_by=\"avia_inline_auto\" id=\"style-css-av-a3378-32846471be3d0e5bd622362b74565c58\">\n#top .av-special-heading.av-a3378-32846471be3d0e5bd622362b74565c58{\npadding-bottom:10px;\n}\nbody .av-special-heading.av-a3378-32846471be3d0e5bd622362b74565c58 .av-special-heading-tag .heading-char{\nfont-size:25px;\n}\n.av-special-heading.av-a3378-32846471be3d0e5bd622362b74565c58 .av-subheading{\nfont-size:20px;\ncolor:#0090ea;\n}\n<\/style>\n<div  class='av-special-heading av-a3378-32846471be3d0e5bd622362b74565c58 av-special-heading-h1 custom-color-heading blockquote modern-quote modern-centered  avia-builder-el-4  el_before_av_hr  avia-builder-el-first  av-thin-font'><h1 class='av-special-heading-tag'  itemprop=\"headline\"  ><strong>Die TimeLine Business Solutions Group<\/strong><\/h1><div class='av-subheading av-subheading_below'><p>Erfahren Sie mehr \u00fcber die Unternehmen, Standorte, Leistungen und Werte<\/p>\n<\/div><div class=\"special-heading-border\"><div class=\"special-heading-inner-border\"><\/div><\/div><\/div><br \/>\n\n<style type=\"text\/css\" data-created_by=\"avia_inline_auto\" id=\"style-css-av-lecxah72-b5093fecca1f615714de26b16a747160\">\n#top .hr.hr-invisible.av-lecxah72-b5093fecca1f615714de26b16a747160{\nheight:30px;\n}\n<\/style>\n<div  class='hr av-lecxah72-b5093fecca1f615714de26b16a747160 hr-invisible  avia-builder-el-5  el_after_av_heading  el_before_av_button '><span class='hr-inner '><span class=\"hr-inner-style\"><\/span><\/span><\/div><br \/>\n<div  class='avia-button-wrap av-lecx9vnn-275e28b8b7aa9cacc72a62b4c31954f4-wrap avia-button-center  avia-builder-el-6  el_after_av_hr  avia-builder-el-last '>\n<style type=\"text\/css\" data-created_by=\"avia_inline_auto\" id=\"style-css-av-lecx9vnn-275e28b8b7aa9cacc72a62b4c31954f4\">\n#top #wrap_all .avia-button.av-lecx9vnn-275e28b8b7aa9cacc72a62b4c31954f4{\nfont-size:14px;\nborder-radius:30px 30px 30px 30px;\ntransition:all 0.4s ease-in-out;\n}\n#top #wrap_all.avia-button.av-lecx9vnn-275e28b8b7aa9cacc72a62b4c31954f4:hover .avia_button_background{\nborder-radius:30px 30px 30px 30px;\n}\n<\/style>\n<a href='https:\/\/www.timeline.group' class='avia-button av-lecx9vnn-275e28b8b7aa9cacc72a62b4c31954f4 avia-icon_select-yes-right-icon avia-size-large avia-position-center avia-color-theme-color-highlight' target=\"_blank\" rel=\"noopener noreferrer\"><span class='avia_iconbox_title' >hier geht es zur Gruppen-Website<\/span><span class='avia_button_icon avia_button_icon_right' aria-hidden='true' data-av_icon='\ue835' data-av_iconfont='entypo-fontello'><\/span><\/a><\/div><\/p><\/div>\n\n<\/div><\/div><\/div><!-- close content main div --><\/div><\/div>\n<style type=\"text\/css\" data-created_by=\"avia_inline_auto\" id=\"style-css-av-37hiqk-991a36ebdec7c5fac7e5f9ec58123a7a\">\n.avia-section.av-37hiqk-991a36ebdec7c5fac7e5f9ec58123a7a{\nbackground-color:#f6f7f8;\nbackground-image:unset;\nposition:relative;\n}\n.avia-section.av-37hiqk-991a36ebdec7c5fac7e5f9ec58123a7a .avia-divider-svg-top svg{\nheight:50px;\nwidth:calc(100% + 1.3px);\nfill:#ffffff;\n}\n<\/style>\n<div id='av_section_3'  class='avia-section av-37hiqk-991a36ebdec7c5fac7e5f9ec58123a7a main_color avia-section-huge avia-no-border-styling  avia-builder-el-7  el_after_av_section  avia-builder-el-last  avia-bg-style-scroll container_wrap sidebar_right'  ><div class='avia-divider-svg avia-divider-svg-triangle-asymmetrical avia-divider-svg-top avia-flipped-svg avia-svg-original'><svg xmlns=\"http:\/\/www.w3.org\/2000\/svg\" viewBox=\"0 0 1000 100\" preserveAspectRatio=\"none\">\n\t<path d=\"M738,99l262-93V0H0v5.6L738,99z\"\/>\n<\/svg><\/div><div class='container av-section-cont-open' ><div class='template-page content  av-content-small alpha units'><div class='post-entry post-entry-type-page post-entry-276'><div class='entry-content-wrapper clearfix'>\n<div  class='flex_column av-7110c-87f0b6e29bc62f9c205fbadf5d308d1a av_three_fourth  avia-builder-el-8  el_before_av_one_half  avia-builder-el-first  first flex_column_div  '     ><section  class='av_textblock_section av-2z12v0-bd6d938c064eb8908cbe58df07c1d7fb '   itemscope=\"itemscope\" itemtype=\"https:\/\/schema.org\/CreativeWork\" ><div class='avia_textblock'  itemprop=\"text\" ><h2>Mehr \u00fcber Ihren ERP-Anbieter<\/h2>\n<p style=\"font-weight: 400;\">Sie k\u00f6nnen uns vertrauen, wenn es um ERP geht. Denn das ist unser Business \u2013 bereits seit \u00fcber 30 Jahren. Aber vielleicht m\u00f6chten Sie noch mehr dar\u00fcber erfahren, wie wir als ERP-Anbieter Ihnen konkret weiterhelfen k\u00f6nnen? Gerne stellen wir Ihnen daher nun unsere ERP-L\u00f6sungen ausf\u00fchrlicher vor.<\/p>\n<\/div><\/section><\/div>\n<style type=\"text\/css\" data-created_by=\"avia_inline_auto\" id=\"style-css-av-32krb8-29c2e2bed36af28f8abb73ad6b93ca4d\">\n.flex_column.av-32krb8-29c2e2bed36af28f8abb73ad6b93ca4d{\nborder-radius:0px 0px 0px 0px;\npadding:0px 0px 0px 0px;\n}\n<\/style>\n<div  class='flex_column av-32krb8-29c2e2bed36af28f8abb73ad6b93ca4d av_one_half  avia-builder-el-10  el_after_av_three_fourth  el_before_av_one_half  first flex_column_div av-zero-column-padding  column-top-margin'     ><section  class='av_textblock_section av-lecxfcc5-2668f877bda10cb581b8bbdee34af46e '   itemscope=\"itemscope\" itemtype=\"https:\/\/schema.org\/CreativeWork\" ><div class='avia_textblock'  itemprop=\"text\" ><h3>Das bedeutet ERP<\/h3>\n<p style=\"font-weight: 400;\">ERP steht f\u00fcr Enterprise Resource Planning. Hierbei handelt es sich um eine Software, die sich um die Planung Ihrer kompletten Gesch\u00e4ftsprozesse k\u00fcmmert \u2013 von der Buchhaltung, \u00fcber CRM bis hin zur Fertigung. Als ERP-Software-Anbieter sorgt TimeLine stets daf\u00fcr, dass Sie einen \u00dcberblick \u00fcber Ihre Warenwirtschaft haben und immer flexibel reagieren k\u00f6nnen.<\/p>\n<h3>Was wir als ERP-Anbieter Ihnen bieten k\u00f6nnen<\/h3>\n<p style=\"font-weight: 400;\">Unsere <a href=\"https:\/\/stage.timeline-erp.de\/produkte\/\">Produkte<\/a> helfen Ihrem Unternehmen dabei gesund zu wachsen. TimeLine als ERP-Anbieter fokussiert sich dabei auf das Angebot von <a href=\"https:\/\/stage.timeline-erp.de\/branchenloesungen\/\">Branchenl\u00f6sungen<\/a>. Dabei konzentrieren wir uns seit je her vor allem auf mittelst\u00e4ndischeUnternehmen. Wir wissen daher, was Sie besch\u00e4ftigt, was Ihnen noch fehlt und wie wir Ihnen weiterhelfen k\u00f6nnen. So bieten wir als ERP-Anbieter f\u00fcr diese Branchen ma\u00dfgeschneiderte ERP-L\u00f6sungen:<\/p>\n<ul>\n<li>Einzel- und Projektfertiger<\/li>\n<li>Serienfertiger und Automotive-Betriebe<\/li>\n<li>Gie\u00dfereien<\/li>\n<li>Kunststoffverarbeitende Betriebe<\/li>\n<li>Oberfl\u00e4chen- und Galvanotechnik<\/li>\n<li>Schraubenindustrie und Stanzbetriebe<\/li>\n<\/ul>\n<p style=\"font-weight: 400;\">Als ERP-System-Anbieter k\u00f6nnen wir mithilfe unserer verschiedenen Module f\u00fcr jedes Unternehmen passgenaue L\u00f6sungen entwickeln. Ganz egal, vor welchen Herausforderungen Sie im Moment stehen. Z\u00f6gern Sie daher nicht uns zu kontaktieren.<\/p>\n<\/div><\/section><\/div>\n<style type=\"text\/css\" data-created_by=\"avia_inline_auto\" id=\"style-css-av-2rbzjw-7060e8e20106155bfa4aedd9d8a0e914\">\n.flex_column.av-2rbzjw-7060e8e20106155bfa4aedd9d8a0e914{\nborder-radius:0px 0px 0px 0px;\npadding:0px 0px 0px 0px;\n}\n<\/style>\n<div  class='flex_column av-2rbzjw-7060e8e20106155bfa4aedd9d8a0e914 av_one_half  avia-builder-el-12  el_after_av_one_half  avia-builder-el-last  flex_column_div av-zero-column-padding  column-top-margin'     ><section  class='av_textblock_section av-2k8yzw-43d25928addbec1e7f654ad5693aa7de '   itemscope=\"itemscope\" itemtype=\"https:\/\/schema.org\/CreativeWork\" ><div class='avia_textblock'  itemprop=\"text\" ><h3>Das Angebot von TimeLine<\/h3>\n<p style=\"font-weight: 400;\">Als ERP-Anbieter versteht sich TimeLine als Planer und Optimierer jeglicher Prozesse in Ihrem Unternehmen. Wir liefern allerdings nicht nur die n\u00f6tige Software f\u00fcr Sie, sondern beraten Sie auch gern und schulen Ihre Mitarbeiter. Nutzen Sie unser Wissen und unsere ERP-Systeme, um Ihr Unternehmen auf die digitale Industrie 4.0 vorzubereiten.<\/p>\n<p style=\"font-weight: 400;\">Dazu haben Sie die Gelegenheit unsere ERP-Software vollumf\u00e4nglich auszuprobieren \u2013 kostenlos und ohne Einschr\u00e4nkungen. Sie haben 90 Tage Zeit unser Allround-ERP\u00a0zu testen, um den Nutzen f\u00fcr Ihr Business zu erkunden. Kein Risiko, daf\u00fcr eine gro\u00dfe Chance auf ein Update. Mehr Informationen rundum ERP-Themen finden Sie auch in unserem <a href=\"https:\/\/stage.timeline-erp.de\/blog\/\">Blog<\/a>.<\/p>\n<\/div><\/section><\/div>\n<\/div><\/div><\/div><!-- close content main div --><\/div><\/div><div id='after_section_3'  class='main_color av_default_container_wrap container_wrap sidebar_right'  ><div class='container av-section-cont-open' ><div class='template-page content  av-content-small alpha units'><div class='post-entry post-entry-type-page post-entry-276'><div class='entry-content-wrapper clearfix'>\n","protected":false},"excerpt":{"rendered":"","protected":false},"author":2,"featured_media":0,"parent":0,"menu_order":0,"comment_status":"closed","ping_status":"closed","template":"","meta":{"footnotes":""},"yoast_head":"<!-- This site is optimized with the Yoast SEO plugin v22.2 - https:\/\/yoast.com\/wordpress\/plugins\/seo\/ -->\n<title>TimeLine Business Solutions Group<\/title>\n<meta name=\"description\" content=\"Im Jahre 1962 legte die Familie Gebauer in Solingen den Grundstein f\u00fcr die heutige Unternehmensgruppe. Aktuell umfasst die Unternehmensgruppe 10 Unternehmen in 5 L\u00e4ndern und betreut \u00fcber 800 Kunden mit insgesamt mehr als 12.000 Installationen.\" \/>\n<meta name=\"robots\" content=\"noindex, follow, max-snippet:-1, max-image-preview:large, max-video-preview:-1\" \/>\n<meta property=\"og:locale\" content=\"de_DE\" \/>\n<meta property=\"og:type\" content=\"article\" \/>\n<meta property=\"og:title\" content=\"TimeLine Business Solutions Group\" \/>\n<meta property=\"og:description\" content=\"Im Jahre 1962 legte die Familie Gebauer in Solingen den Grundstein f\u00fcr die heutige Unternehmensgruppe. Aktuell umfasst die Unternehmensgruppe 10 Unternehmen in 5 L\u00e4ndern und betreut \u00fcber 800 Kunden mit insgesamt mehr als 12.000 Installationen.\" \/>\n<meta property=\"og:url\" content=\"https:\/\/stage.timeline-erp.de\/de\/unternehmen\/\" \/>\n<meta property=\"og:site_name\" content=\"TimeLine ERP DE\" \/>\n<meta property=\"article:modified_time\" content=\"2023-02-21T13:47:23+00:00\" \/>\n<meta name=\"twitter:card\" content=\"summary_large_image\" \/>\n<meta name=\"twitter:label1\" content=\"Gesch\u00e4tzte Lesezeit\" \/>\n\t<meta name=\"twitter:data1\" content=\"4\u00a0Minuten\" \/>\n<script type=\"application\/ld+json\" class=\"yoast-schema-graph\">{\"@context\":\"https:\/\/schema.org\",\"@graph\":[{\"@type\":\"WebPage\",\"@id\":\"https:\/\/stage.timeline-erp.de\/de\/unternehmen\/\",\"url\":\"https:\/\/stage.timeline-erp.de\/de\/unternehmen\/\",\"name\":\"TimeLine Business Solutions Group\",\"isPartOf\":{\"@id\":\"https:\/\/stage.timeline-erp.de\/de\/#website\"},\"datePublished\":\"2017-07-25T10:15:18+00:00\",\"dateModified\":\"2023-02-21T13:47:23+00:00\",\"description\":\"Im Jahre 1962 legte die Familie Gebauer in Solingen den Grundstein f\u00fcr die heutige Unternehmensgruppe. Aktuell umfasst die Unternehmensgruppe 10 Unternehmen in 5 L\u00e4ndern und betreut \u00fcber 800 Kunden mit insgesamt mehr als 12.000 Installationen.\",\"breadcrumb\":{\"@id\":\"https:\/\/stage.timeline-erp.de\/de\/unternehmen\/#breadcrumb\"},\"inLanguage\":\"de\",\"potentialAction\":[{\"@type\":\"ReadAction\",\"target\":[\"https:\/\/stage.timeline-erp.de\/de\/unternehmen\/\"]}]},{\"@type\":\"BreadcrumbList\",\"@id\":\"https:\/\/stage.timeline-erp.de\/de\/unternehmen\/#breadcrumb\",\"itemListElement\":[{\"@type\":\"ListItem\",\"position\":1,\"name\":\"Startseite\",\"item\":\"https:\/\/stage.timeline-erp.de\/de\/startseite\/\"},{\"@type\":\"ListItem\",\"position\":2,\"name\":\"Unternehmen\"}]},{\"@type\":\"WebSite\",\"@id\":\"https:\/\/stage.timeline-erp.de\/de\/#website\",\"url\":\"https:\/\/stage.timeline-erp.de\/de\/\",\"name\":\"TimeLine ERP DE\",\"description\":\"ERP, PPS, QS, CRM, MES, FIBU in einem System\",\"potentialAction\":[{\"@type\":\"SearchAction\",\"target\":{\"@type\":\"EntryPoint\",\"urlTemplate\":\"https:\/\/stage.timeline-erp.de\/de\/?s={search_term_string}\"},\"query-input\":\"required name=search_term_string\"}],\"inLanguage\":\"de\"}]}<\/script>\n<!-- \/ Yoast SEO plugin. -->","yoast_head_json":{"title":"TimeLine Business Solutions Group","description":"Im Jahre 1962 legte die Familie Gebauer in Solingen den Grundstein f\u00fcr die heutige Unternehmensgruppe. Aktuell umfasst die Unternehmensgruppe 10 Unternehmen in 5 L\u00e4ndern und betreut \u00fcber 800 Kunden mit insgesamt mehr als 12.000 Installationen.","robots":{"index":"noindex","follow":"follow","max-snippet":"max-snippet:-1","max-image-preview":"max-image-preview:large","max-video-preview":"max-video-preview:-1"},"og_locale":"de_DE","og_type":"article","og_title":"TimeLine Business Solutions Group","og_description":"Im Jahre 1962 legte die Familie Gebauer in Solingen den Grundstein f\u00fcr die heutige Unternehmensgruppe. Aktuell umfasst die Unternehmensgruppe 10 Unternehmen in 5 L\u00e4ndern und betreut \u00fcber 800 Kunden mit insgesamt mehr als 12.000 Installationen.","og_url":"https:\/\/stage.timeline-erp.de\/de\/unternehmen\/","og_site_name":"TimeLine ERP DE","article_modified_time":"2023-02-21T13:47:23+00:00","twitter_card":"summary_large_image","twitter_misc":{"Gesch\u00e4tzte Lesezeit":"4\u00a0Minuten"},"schema":{"@context":"https:\/\/schema.org","@graph":[{"@type":"WebPage","@id":"https:\/\/stage.timeline-erp.de\/de\/unternehmen\/","url":"https:\/\/stage.timeline-erp.de\/de\/unternehmen\/","name":"TimeLine Business Solutions Group","isPartOf":{"@id":"https:\/\/stage.timeline-erp.de\/de\/#website"},"datePublished":"2017-07-25T10:15:18+00:00","dateModified":"2023-02-21T13:47:23+00:00","description":"Im Jahre 1962 legte die Familie Gebauer in Solingen den Grundstein f\u00fcr die heutige Unternehmensgruppe. Aktuell umfasst die Unternehmensgruppe 10 Unternehmen in 5 L\u00e4ndern und betreut \u00fcber 800 Kunden mit insgesamt mehr als 12.000 Installationen.","breadcrumb":{"@id":"https:\/\/stage.timeline-erp.de\/de\/unternehmen\/#breadcrumb"},"inLanguage":"de","potentialAction":[{"@type":"ReadAction","target":["https:\/\/stage.timeline-erp.de\/de\/unternehmen\/"]}]},{"@type":"BreadcrumbList","@id":"https:\/\/stage.timeline-erp.de\/de\/unternehmen\/#breadcrumb","itemListElement":[{"@type":"ListItem","position":1,"name":"Startseite","item":"https:\/\/stage.timeline-erp.de\/de\/startseite\/"},{"@type":"ListItem","position":2,"name":"Unternehmen"}]},{"@type":"WebSite","@id":"https:\/\/stage.timeline-erp.de\/de\/#website","url":"https:\/\/stage.timeline-erp.de\/de\/","name":"TimeLine ERP DE","description":"ERP, PPS, QS, CRM, MES, FIBU in einem System","potentialAction":[{"@type":"SearchAction","target":{"@type":"EntryPoint","urlTemplate":"https:\/\/stage.timeline-erp.de\/de\/?s={search_term_string}"},"query-input":"required name=search_term_string"}],"inLanguage":"de"}]}},"_links":{"self":[{"href":"https:\/\/stage.timeline-erp.de\/de\/wp-json\/wp\/v2\/pages\/276"}],"collection":[{"href":"https:\/\/stage.timeline-erp.de\/de\/wp-json\/wp\/v2\/pages"}],"about":[{"href":"https:\/\/stage.timeline-erp.de\/de\/wp-json\/wp\/v2\/types\/page"}],"author":[{"embeddable":true,"href":"https:\/\/stage.timeline-erp.de\/de\/wp-json\/wp\/v2\/users\/2"}],"replies":[{"embeddable":true,"href":"https:\/\/stage.timeline-erp.de\/de\/wp-json\/wp\/v2\/comments?post=276"}],"version-history":[{"count":0,"href":"https:\/\/stage.timeline-erp.de\/de\/wp-json\/wp\/v2\/pages\/276\/revisions"}],"wp:attachment":[{"href":"https:\/\/stage.timeline-erp.de\/de\/wp-json\/wp\/v2\/media?parent=276"}],"curies":[{"name":"wp","href":"https:\/\/api.w.org\/{rel}","templated":true}]}}