{"id":192,"date":"2023-07-17T14:29:55","date_gmt":"2023-07-17T12:29:55","guid":{"rendered":"https:\/\/stage.timeline-erp.de\/en\/?page_id=192"},"modified":"2023-08-15T09:20:20","modified_gmt":"2023-08-15T07:20:20","slug":"service-and-support","status":"publish","type":"page","link":"https:\/\/stage.timeline-erp.de\/sk\/service-and-support\/","title":{"rendered":"Servis a podpora"},"content":{"rendered":"\n<style type=\"text\/css\" data-created_by=\"avia_inline_auto\" id=\"style-css-av-u7mbx5y-00943926828403136143daf94c52f12d\">\n.avia-section.av-u7mbx5y-00943926828403136143daf94c52f12d{\nbackground-repeat:no-repeat;\nbackground-image:url(https:\/\/stage.timeline-erp.de\/wp-content\/uploads\/2023\/07\/timeline-erp-supporter-gradient-1.jpg);\nbackground-position:50% 50%;\nbackground-attachment:scroll;\n}\n.avia-section.av-u7mbx5y-00943926828403136143daf94c52f12d .av-section-color-overlay{\nopacity:0.3;\nbackground-color:#000000;\n}\n<\/style>\n<div id='av_section_1'  class='avia-section av-u7mbx5y-00943926828403136143daf94c52f12d alternate_color avia-section-default avia-no-border-styling  avia-builder-el-0  el_before_av_one_third  avia-builder-el-first  avia-full-stretch avia-bg-style-scroll av-section-color-overlay-active av-minimum-height av-minimum-height-25 av-height-25  container_wrap sidebar_right'  data-section-bg-repeat='stretch' data-av_minimum_height_pc='25' data-av_min_height_opt='25'><div class=\"av-section-color-overlay-wrap\"><div class=\"av-section-color-overlay\"><\/div><div class='container av-section-cont-open' ><main  role=\"main\" itemprop=\"mainContentOfPage\"  class='template-page content  av-content-small alpha units'><div class='post-entry post-entry-type-page post-entry-192'><div class='entry-content-wrapper clearfix'>\n\n<style type=\"text\/css\" data-created_by=\"avia_inline_auto\" id=\"style-css-av-raek6jq-6842b4eab57b86318b5c3ef8006d798a\">\n.flex_column.av-raek6jq-6842b4eab57b86318b5c3ef8006d798a{\nborder-radius:0px 0px 0px 0px;\npadding:0px 0px 0px 0px;\n}\n<\/style>\n<div  class='flex_column av-raek6jq-6842b4eab57b86318b5c3ef8006d798a av_one_full  avia-builder-el-1  avia-builder-el-no-sibling  first flex_column_div av-zero-column-padding  '     ><style type=\"text\/css\" data-created_by=\"avia_inline_auto\" id=\"style-css-av-jia2nz23-97b628aabe2fcc4b87c1835bca77ce60\">\n#top .av-special-heading.av-jia2nz23-97b628aabe2fcc4b87c1835bca77ce60{\npadding-bottom:10px;\n}\nbody .av-special-heading.av-jia2nz23-97b628aabe2fcc4b87c1835bca77ce60 .av-special-heading-tag .heading-char{\nfont-size:25px;\n}\n.av-special-heading.av-jia2nz23-97b628aabe2fcc4b87c1835bca77ce60 .av-subheading{\nfont-size:22px;\n}\n<\/style>\n<div  class='av-special-heading av-jia2nz23-97b628aabe2fcc4b87c1835bca77ce60 av-special-heading-h1 custom-color-heading blockquote modern-quote modern-centered  avia-builder-el-2  avia-builder-el-no-sibling '><h1 class='av-special-heading-tag'  itemprop=\"headline\"  >Servis a podpora<\/h1><div class='av-subheading av-subheading_below'><p>Sme tu pre v\u00e1s! Radi a r\u00fdchlo v\u00e1m pom\u00f4\u017eeme.<\/p>\n<\/div><div class=\"special-heading-border\"><div class=\"special-heading-inner-border\"><\/div><\/div><\/div><\/div>\n<\/div><\/div><\/main><!-- close content main element --><\/div><\/div><\/div><div id='after_section_1'  class='main_color av_default_container_wrap container_wrap sidebar_right'  ><div class='container av-section-cont-open' ><div class='template-page content  av-content-small alpha units'><div class='post-entry post-entry-type-page post-entry-192'><div class='entry-content-wrapper clearfix'>\n<div class='flex_column_table av-kqw7n0sg-38dd40d8897d3ed5dd7c3527b7e5f860 sc-av_one_third av-equal-height-column-flextable'>\n<style type=\"text\/css\" data-created_by=\"avia_inline_auto\" id=\"style-css-av-kqw7n0sg-38dd40d8897d3ed5dd7c3527b7e5f860\">\n#top .flex_column_table.av-equal-height-column-flextable.av-kqw7n0sg-38dd40d8897d3ed5dd7c3527b7e5f860{\nmargin-top:-100px;\nmargin-bottom:0px;\n}\n.flex_column.av-kqw7n0sg-38dd40d8897d3ed5dd7c3527b7e5f860{\nwidth:30.666666666667%;\nmargin-left:0;\nborder-radius:20px 20px 20px 20px;\npadding:50px 50px 50px 50px;\nbackground-color:#c75e00;\nbackground:linear-gradient( 45deg, #c75e00, #faaf2c );\n}\n#top .flex_column_table.av-equal-height-column-flextable.av-kqw7n0sg-38dd40d8897d3ed5dd7c3527b7e5f860 .av-flex-placeholder{\nwidth:4%;\n}\n<\/style>\n<div  class='flex_column av-kqw7n0sg-38dd40d8897d3ed5dd7c3527b7e5f860 av_one_third  avia-builder-el-3  el_after_av_section  el_before_av_one_third  avia-builder-el-first  first flex_column_table_cell av-equal-height-column av-align-middle av-animated-generic bottom-to-top  '     ><p>\n<style type=\"text\/css\" data-created_by=\"avia_inline_auto\" id=\"style-css-av-lk6unwi4-06cbf090135edebc8406423e47581e7b\">\n.av_font_icon.av-lk6unwi4-06cbf090135edebc8406423e47581e7b{\ncolor:#ffffff;\nborder-color:#ffffff;\n}\n.av_font_icon.av-lk6unwi4-06cbf090135edebc8406423e47581e7b .av-icon-char{\nfont-size:40px;\nline-height:40px;\n}\n<\/style>\n<span  class='av_font_icon av-lk6unwi4-06cbf090135edebc8406423e47581e7b avia_animate_when_visible av-icon-style- avia-icon-pos-left avia-icon-animate'><span class='av-icon-char' aria-hidden='true' data-av_icon='\ue80b' data-av_iconfont='entypo-fontello' ><\/span><\/span><br \/>\n\n<style type=\"text\/css\" data-created_by=\"avia_inline_auto\" id=\"style-css-av-lk6uy1pt-2a3b6328541d9c760ddd493895cd4650\">\n#top .av-special-heading.av-lk6uy1pt-2a3b6328541d9c760ddd493895cd4650{\npadding-bottom:10px;\ncolor:#ffffff;\n}\nbody .av-special-heading.av-lk6uy1pt-2a3b6328541d9c760ddd493895cd4650 .av-special-heading-tag .heading-char{\nfont-size:25px;\n}\n.av-special-heading.av-lk6uy1pt-2a3b6328541d9c760ddd493895cd4650 .special-heading-inner-border{\nborder-color:#ffffff;\n}\n.av-special-heading.av-lk6uy1pt-2a3b6328541d9c760ddd493895cd4650 .av-subheading{\nfont-size:15px;\n}\n<\/style>\n<div  class='av-special-heading av-lk6uy1pt-2a3b6328541d9c760ddd493895cd4650 av-special-heading-h2 custom-color-heading  avia-builder-el-5  el_after_av_font_icon  el_before_av_hr '><h2 class='av-special-heading-tag'  itemprop=\"headline\"  >Hotline podpora<\/h2><div class=\"special-heading-border\"><div class=\"special-heading-inner-border\"><\/div><\/div><\/div><br \/>\n\n<style type=\"text\/css\" data-created_by=\"avia_inline_auto\" id=\"style-css-av-lk6uzbr8-3d42e2a780eb4240603ed54986621c47\">\n#top .hr.hr-invisible.av-lk6uzbr8-3d42e2a780eb4240603ed54986621c47{\nheight:5px;\n}\n<\/style>\n<div  class='hr av-lk6uzbr8-3d42e2a780eb4240603ed54986621c47 hr-invisible  avia-builder-el-6  el_after_av_heading  el_before_av_textblock '><span class='hr-inner '><span class=\"hr-inner-style\"><\/span><\/span><\/div><br \/>\n\n<style type=\"text\/css\" data-created_by=\"avia_inline_auto\" id=\"style-css-av-w2hvk-5e9ecff499669758112d86bf81b389f2\">\n#top .av_textblock_section.av-w2hvk-5e9ecff499669758112d86bf81b389f2 .avia_textblock{\ncolor:#ffffff;\n}\n<\/style>\n<section  class='av_textblock_section av-w2hvk-5e9ecff499669758112d86bf81b389f2 '   itemscope=\"itemscope\" itemtype=\"https:\/\/schema.org\/CreativeWork\" ><div class='avia_textblock av_inherit_color'  itemprop=\"text\" ><p>N\u00e1\u0161 v\u00fdvoj\u00e1rsky a podporn\u00fd t\u00edm v\u00e1m r\u00e1d pom\u00f4\u017ee so v\u0161etk\u00fdmi technick\u00fdmi ot\u00e1zkami oh\u013eadom TimeLine ERP.<\/p>\n<\/div><\/section><br \/>\n<div  class='avia-button-wrap av-rs9eo-d40897355ac2a5e5a4257d82ae911091-wrap avia-button-left  avia-builder-el-8  el_after_av_textblock  avia-builder-el-last '><a href='https:\/\/stage.timeline-erp.de\/sk\/service-and-support\/support-hotline\/'  class='avia-button av-rs9eo-d40897355ac2a5e5a4257d82ae911091 avia-icon_select-yes-right-icon avia-size-small avia-position-left av-icon-on-hover avia-color-light'  ><span class='avia_iconbox_title' >zisti viac..<\/span><span class='avia_button_icon avia_button_icon_right' aria-hidden='true' data-av_icon='\ue88d' data-av_iconfont='entypo-fontello'><\/span><\/a><\/div><\/p><\/div><div class='av-flex-placeholder'><\/div>\n<style type=\"text\/css\" data-created_by=\"avia_inline_auto\" id=\"style-css-av-kqw83bpo-b8460f1f25cc39369f44d40a4a472733\">\n#top .flex_column_table.av-equal-height-column-flextable.av-kqw83bpo-b8460f1f25cc39369f44d40a4a472733{\nmargin-top:-100px;\nmargin-bottom:0px;\n}\n.flex_column.av-kqw83bpo-b8460f1f25cc39369f44d40a4a472733{\nwidth:30.666666666667%;\nmargin-left:0;\nborder-radius:20px 20px 20px 20px;\npadding:50px 50px 50px 50px;\nbackground-color:#004a93;\nbackground:linear-gradient( 45deg, #004a93, #0090ea );\n}\n#top .flex_column_table.av-equal-height-column-flextable.av-kqw83bpo-b8460f1f25cc39369f44d40a4a472733 .av-flex-placeholder{\nwidth:4%;\n}\n<\/style>\n<div  class='flex_column av-kqw83bpo-b8460f1f25cc39369f44d40a4a472733 av_one_third  avia-builder-el-9  el_after_av_one_third  el_before_av_one_third  flex_column_table_cell av-equal-height-column av-align-middle av-animated-generic bottom-to-top  '     ><p>\n<style type=\"text\/css\" data-created_by=\"avia_inline_auto\" id=\"style-css-av-lkerk-73d7c9f6b83a5ca4239d46fef2b851b9\">\n.av_font_icon.av-lkerk-73d7c9f6b83a5ca4239d46fef2b851b9{\ncolor:#ffffff;\nborder-color:#ffffff;\n}\n.av_font_icon.av-lkerk-73d7c9f6b83a5ca4239d46fef2b851b9 .av-icon-char{\nfont-size:40px;\nline-height:40px;\n}\n<\/style>\n<span  class='av_font_icon av-lkerk-73d7c9f6b83a5ca4239d46fef2b851b9 avia_animate_when_visible av-icon-style- avia-icon-pos-left avia-icon-animate'><span class='av-icon-char' aria-hidden='true' data-av_icon='\ue827' data-av_iconfont='entypo-fontello' ><\/span><\/span><br \/>\n\n<style type=\"text\/css\" data-created_by=\"avia_inline_auto\" id=\"style-css-av-lk6uxx5k-e485573c59f06bb07f32a20f135722d7\">\n#top .av-special-heading.av-lk6uxx5k-e485573c59f06bb07f32a20f135722d7{\npadding-bottom:30px;\ncolor:#ffffff;\n}\nbody .av-special-heading.av-lk6uxx5k-e485573c59f06bb07f32a20f135722d7 .av-special-heading-tag .heading-char{\nfont-size:25px;\n}\n.av-special-heading.av-lk6uxx5k-e485573c59f06bb07f32a20f135722d7 .special-heading-inner-border{\nborder-color:#ffffff;\n}\n.av-special-heading.av-lk6uxx5k-e485573c59f06bb07f32a20f135722d7 .av-subheading{\nfont-size:15px;\n}\n<\/style>\n<div  class='av-special-heading av-lk6uxx5k-e485573c59f06bb07f32a20f135722d7 av-special-heading-h2 custom-color-heading  avia-builder-el-11  el_after_av_font_icon  el_before_av_hr '><h2 class='av-special-heading-tag'  itemprop=\"headline\"  >Podpora<br \/>\nPredaja<\/h2><div class=\"special-heading-border\"><div class=\"special-heading-inner-border\"><\/div><\/div><\/div><br \/>\n\n<style type=\"text\/css\" data-created_by=\"avia_inline_auto\" id=\"style-css-av-nk7n4-ec249a264c4d7fcbb0b46795651a5ff7\">\n#top .hr.hr-invisible.av-nk7n4-ec249a264c4d7fcbb0b46795651a5ff7{\nheight:5px;\n}\n<\/style>\n<div  class='hr av-nk7n4-ec249a264c4d7fcbb0b46795651a5ff7 hr-invisible  avia-builder-el-12  el_after_av_heading  el_before_av_textblock '><span class='hr-inner '><span class=\"hr-inner-style\"><\/span><\/span><\/div><br \/>\n\n<style type=\"text\/css\" data-created_by=\"avia_inline_auto\" id=\"style-css-av-d3e20-4174988e53c71d3a8f6e7e2a08288e88\">\n#top .av_textblock_section.av-d3e20-4174988e53c71d3a8f6e7e2a08288e88 .avia_textblock{\ncolor:#ffffff;\n}\n<\/style>\n<section  class='av_textblock_section av-d3e20-4174988e53c71d3a8f6e7e2a08288e88 '   itemscope=\"itemscope\" itemtype=\"https:\/\/schema.org\/CreativeWork\" ><div class='avia_textblock av_inherit_color'  itemprop=\"text\" ><p>N\u00e1\u0161 t\u00edm predaja r\u00e1d odpovie na v\u0161etky va\u0161e ot\u00e1zky k produktom, cen\u00e1m, licenci\u00e1m a mo\u017enostiam n\u00e1kupu na\u0161ich TimeLine ERP rie\u0161en\u00ed.<\/p>\n<\/div><\/section><br \/>\n<div  class='avia-button-wrap av-cq1cg-80a98c32734cee778eee2b7a65d030ce-wrap avia-button-left  avia-builder-el-14  el_after_av_textblock  avia-builder-el-last '><a href='https:\/\/stage.timeline-erp.de\/sk\/service-and-support\/sales-contact\/'  class='avia-button av-cq1cg-80a98c32734cee778eee2b7a65d030ce avia-icon_select-yes-right-icon avia-size-small avia-position-left av-icon-on-hover avia-color-light'  ><span class='avia_iconbox_title' >zisti viac..<\/span><span class='avia_button_icon avia_button_icon_right' aria-hidden='true' data-av_icon='\ue88d' data-av_iconfont='entypo-fontello'><\/span><\/a><\/div><\/p><\/div><div class='av-flex-placeholder'><\/div>\n<style type=\"text\/css\" data-created_by=\"avia_inline_auto\" id=\"style-css-av-kqw85r8s-92fa898cd737d587fb18eeeb47c8584c\">\n#top .flex_column_table.av-equal-height-column-flextable.av-kqw85r8s-92fa898cd737d587fb18eeeb47c8584c{\nmargin-top:-100px;\nmargin-bottom:0px;\n}\n.flex_column.av-kqw85r8s-92fa898cd737d587fb18eeeb47c8584c{\nwidth:30.666666666667%;\nmargin-left:0;\nborder-radius:20px 20px 20px 20px;\npadding:50px 50px 50px 50px;\nbackground-color:#1c4445;\nbackground:linear-gradient( 45deg, #1c4445, #2ecdce );\n}\n#top .flex_column_table.av-equal-height-column-flextable.av-kqw85r8s-92fa898cd737d587fb18eeeb47c8584c .av-flex-placeholder{\nwidth:4%;\n}\n<\/style>\n<div  class='flex_column av-kqw85r8s-92fa898cd737d587fb18eeeb47c8584c av_one_third  avia-builder-el-15  el_after_av_one_third  el_before_av_section  avia-builder-el-last  flex_column_table_cell av-equal-height-column av-align-middle av-animated-generic bottom-to-top  '     ><p>\n<style type=\"text\/css\" data-created_by=\"avia_inline_auto\" id=\"style-css-av-lk6uwiq4-b8b1ef674f23c2a4b8a9b3677c5fa5b9\">\n.av_font_icon.av-lk6uwiq4-b8b1ef674f23c2a4b8a9b3677c5fa5b9{\ncolor:#ffffff;\nborder-color:#ffffff;\n}\n.av_font_icon.av-lk6uwiq4-b8b1ef674f23c2a4b8a9b3677c5fa5b9 .av-icon-char{\nfont-size:40px;\nline-height:40px;\n}\n<\/style>\n<span  class='av_font_icon av-lk6uwiq4-b8b1ef674f23c2a4b8a9b3677c5fa5b9 avia_animate_when_visible av-icon-style- avia-icon-pos-left avia-icon-animate'><span class='av-icon-char' aria-hidden='true' data-av_icon='\ue82d' data-av_iconfont='entypo-fontello' ><\/span><\/span><br \/>\n\n<style type=\"text\/css\" data-created_by=\"avia_inline_auto\" id=\"style-css-av-lk6uo63z-429e8184b33cb5b53234bab30d3c94cf\">\n#top .av-special-heading.av-lk6uo63z-429e8184b33cb5b53234bab30d3c94cf{\npadding-bottom:30px;\ncolor:#ffffff;\n}\nbody .av-special-heading.av-lk6uo63z-429e8184b33cb5b53234bab30d3c94cf .av-special-heading-tag .heading-char{\nfont-size:25px;\n}\n.av-special-heading.av-lk6uo63z-429e8184b33cb5b53234bab30d3c94cf .special-heading-inner-border{\nborder-color:#ffffff;\n}\n.av-special-heading.av-lk6uo63z-429e8184b33cb5b53234bab30d3c94cf .av-subheading{\nfont-size:15px;\n}\n<\/style>\n<div  class='av-special-heading av-lk6uo63z-429e8184b33cb5b53234bab30d3c94cf av-special-heading-h2 custom-color-heading  avia-builder-el-17  el_after_av_font_icon  el_before_av_hr '><h2 class='av-special-heading-tag'  itemprop=\"headline\"  >Centrum zdielania<\/h2><div class=\"special-heading-border\"><div class=\"special-heading-inner-border\"><\/div><\/div><\/div><br \/>\n\n<style type=\"text\/css\" data-created_by=\"avia_inline_auto\" id=\"style-css-av-10szs-64220099fcf31cac15441a15d4ff81b3\">\n#top .hr.hr-invisible.av-10szs-64220099fcf31cac15441a15d4ff81b3{\nheight:5px;\n}\n<\/style>\n<div  class='hr av-10szs-64220099fcf31cac15441a15d4ff81b3 hr-invisible  avia-builder-el-18  el_after_av_heading  el_before_av_textblock '><span class='hr-inner '><span class=\"hr-inner-style\"><\/span><\/span><\/div><br \/>\n\n<style type=\"text\/css\" data-created_by=\"avia_inline_auto\" id=\"style-css-av-lk6uouc4-5c95f2e46c91c8c7d658645cdbc710fc\">\n#top .av_textblock_section.av-lk6uouc4-5c95f2e46c91c8c7d658645cdbc710fc .avia_textblock{\ncolor:#ffffff;\n}\n<\/style>\n<section  class='av_textblock_section av-lk6uouc4-5c95f2e46c91c8c7d658645cdbc710fc '   itemscope=\"itemscope\" itemtype=\"https:\/\/schema.org\/CreativeWork\" ><div class='avia_textblock av_inherit_color'  itemprop=\"text\" ><p>N\u00e1jdete tu na\u0161e aktu\u00e1lne bro\u017e\u00fary, let\u00e1ky, in\u0161tala\u010dky na TeamViewer a aj na\u0161e demo in\u0161tala\u010dky.<\/p>\n<\/div><\/section><br \/>\n<div  class='avia-button-wrap av-rpmi0-d8e85a0bd72e3dc020b09ef212998967-wrap avia-button-left  avia-builder-el-20  el_after_av_textblock  avia-builder-el-last '><a href='https:\/\/stage.timeline-erp.de\/sk\/service-and-support\/download-center\/'  class='avia-button av-rpmi0-d8e85a0bd72e3dc020b09ef212998967 avia-icon_select-yes-right-icon avia-size-small avia-position-left av-icon-on-hover avia-color-light'  ><span class='avia_iconbox_title' >zisti viac..<\/span><span class='avia_button_icon avia_button_icon_right' aria-hidden='true' data-av_icon='\ue88d' data-av_iconfont='entypo-fontello'><\/span><\/a><\/div><\/p><\/div><\/div><!--close column table wrapper. Autoclose: 1 --><\/p>\n<\/div><\/div><\/div><!-- close content main div --><\/div><\/div><div id='av_section_2'  class='avia-section av-ugtmau-e67f5d7efa6842d859a983da5d774231 main_color avia-section-default avia-no-border-styling  avia-builder-el-21  el_after_av_one_third  avia-builder-el-last  avia-bg-style-scroll container_wrap sidebar_right'  ><div class='container av-section-cont-open' ><div class='template-page content  av-content-small alpha units'><div class='post-entry post-entry-type-page post-entry-192'><div class='entry-content-wrapper clearfix'>\n\n<style type=\"text\/css\" data-created_by=\"avia_inline_auto\" id=\"style-css-av-91fbkdi-7d234a3c945ddf837a27f70479de6c51\">\n.flex_column.av-91fbkdi-7d234a3c945ddf837a27f70479de6c51{\npadding:0 50px 0 50px;\n}\n<\/style>\n<div  class='flex_column av-91fbkdi-7d234a3c945ddf837a27f70479de6c51 av_one_full  avia-builder-el-22  avia-builder-el-no-sibling  first flex_column_div  '     ><p>\n<style type=\"text\/css\" data-created_by=\"avia_inline_auto\" id=\"style-css-av-lk15fcrm-28daa550159cb998be94d32a4d92349a\">\n.av_font_icon.av-lk15fcrm-28daa550159cb998be94d32a4d92349a .av-icon-char{\nfont-size:40px;\nline-height:40px;\n}\n<\/style>\n<span  class='av_font_icon av-lk15fcrm-28daa550159cb998be94d32a4d92349a avia_animate_when_visible av-icon-style- avia-icon-pos-left av-no-color avia-icon-animate'><span class='av-icon-char' aria-hidden='true' data-av_icon='\ue83c' data-av_iconfont='entypo-fontello' ><\/span><\/span><br \/>\n\n<style type=\"text\/css\" data-created_by=\"avia_inline_auto\" id=\"style-css-av-lk15f1ck-a01bb2c1fb5765f33f2a2a6af6939aa8\">\n#top .av-special-heading.av-lk15f1ck-a01bb2c1fb5765f33f2a2a6af6939aa8{\npadding-bottom:10px;\n}\nbody .av-special-heading.av-lk15f1ck-a01bb2c1fb5765f33f2a2a6af6939aa8 .av-special-heading-tag .heading-char{\nfont-size:25px;\n}\n.av-special-heading.av-lk15f1ck-a01bb2c1fb5765f33f2a2a6af6939aa8 .av-subheading{\nfont-size:15px;\n}\n<\/style>\n<div  class='av-special-heading av-lk15f1ck-a01bb2c1fb5765f33f2a2a6af6939aa8 av-special-heading-h2  avia-builder-el-24  el_after_av_font_icon  el_before_av_hr '><h2 class='av-special-heading-tag'  itemprop=\"headline\"  >\u010casto kladen\u00e9 ot\u00e1zky<\/h2><div class=\"special-heading-border\"><div class=\"special-heading-inner-border\"><\/div><\/div><\/div><br \/>\n\n<style type=\"text\/css\" data-created_by=\"avia_inline_auto\" id=\"style-css-av-lk15ghr5-cd2af2b40fc7a4db4f2bfbf3ce05e47a\">\n#top .hr.hr-invisible.av-lk15ghr5-cd2af2b40fc7a4db4f2bfbf3ce05e47a{\nheight:20px;\n}\n<\/style>\n<div  class='hr av-lk15ghr5-cd2af2b40fc7a4db4f2bfbf3ce05e47a hr-invisible  avia-builder-el-25  el_after_av_heading  el_before_av_toggle_container '><span class='hr-inner '><span class=\"hr-inner-style\"><\/span><\/span><\/div><br \/>\n\n<style type=\"text\/css\" data-created_by=\"avia_inline_auto\" id=\"style-css-av-lk15e1d2-b7fb26526e546bf1478f79d17ecf3da3\">\n#top .togglecontainer.av-lk15e1d2-b7fb26526e546bf1478f79d17ecf3da3 p.toggler.activeTitle{\ncolor:1D1D1F;\nborder-color:1D1D1F;\n}\n#top .togglecontainer.av-lk15e1d2-b7fb26526e546bf1478f79d17ecf3da3 p.toggler.activeTitle .toggle_icon, #top .togglecontainer.av-lk15e1d2-b7fb26526e546bf1478f79d17ecf3da3 p.toggler.activeTitle .toggle_icon > span{\ncolor:#0090ea;\nborder-color:#0090ea;\n}\n<\/style>\n<div  class='togglecontainer av-lk15e1d2-b7fb26526e546bf1478f79d17ecf3da3 av-minimal-toggle  avia-builder-el-26  el_after_av_hr  avia-builder-el-last  toggle_close_all hasCurrentStyle'  itemscope=\"itemscope\" itemtype=\"https:\/\/schema.org\/FAQPage\" >\n<section class='av_toggle_section av-lk15clx0-933dda8a8d02fcb74922116db22b5188'  itemscope=\"itemscope\" itemprop=\"mainEntity\" itemtype=\"https:\/\/schema.org\/Question\" ><div role=\"tablist\" class=\"single_toggle\" data-tags=\"{All} \"  ><p data-fake-id='#toggle-id-1' class='toggler   '  itemprop=\"name\"  role='tab' tabindex='0' aria-controls='toggle-id-1'>Ich habe ein Problem mit TimeLine ERP. An wen wende ich mich? <span class=\"toggle_icon\"><span class=\"vert_icon\"><\/span><span class=\"hor_icon\"><\/span><\/span><\/p><div id='toggle-id-1' class='toggle_wrap  '   itemscope=\"itemscope\" itemprop=\"acceptedAnswer\" itemtype=\"https:\/\/schema.org\/Answer\" ><div class='toggle_content invers-color '  itemprop=\"text\" ><p>Unsere zentrale ERP-Support-Hotline hilft Ihnen gerne weiter.<\/p>\n<\/div><\/div><\/div><\/section>\n<section class='av_toggle_section av-lk15dh9u-353d913387af33faed49809f39e594a6'  itemscope=\"itemscope\" itemprop=\"mainEntity\" itemtype=\"https:\/\/schema.org\/Question\" ><div role=\"tablist\" class=\"single_toggle\" data-tags=\"{All} \"  ><p data-fake-id='#toggle-id-2' class='toggler   '  itemprop=\"name\"  role='tab' tabindex='0' aria-controls='toggle-id-2'>Warum dr\u00fcckt man die Kn\u00f6pfe der Fernbedienung fester, wenn die Batterien alle sind?<span class=\"toggle_icon\"><span class=\"vert_icon\"><\/span><span class=\"hor_icon\"><\/span><\/span><\/p><div id='toggle-id-2' class='toggle_wrap  '   itemscope=\"itemscope\" itemprop=\"acceptedAnswer\" itemtype=\"https:\/\/schema.org\/Answer\" ><div class='toggle_content invers-color '  itemprop=\"text\" ><\/div><\/div><\/div><\/section>\n<section class='av_toggle_section av-lk15drtc-deaf1ada57400eb9c304485356a8ebe0'  itemscope=\"itemscope\" itemprop=\"mainEntity\" itemtype=\"https:\/\/schema.org\/Question\" ><div role=\"tablist\" class=\"single_toggle\" data-tags=\"{All} \"  ><p data-fake-id='#toggle-id-3' class='toggler   '  itemprop=\"name\"  role='tab' tabindex='0' aria-controls='toggle-id-3'>Sind Zebras wei\u00df mit schwarzen Streifen oder schwarz mit wei\u00dfen Streifen?<span class=\"toggle_icon\"><span class=\"vert_icon\"><\/span><span class=\"hor_icon\"><\/span><\/span><\/p><div id='toggle-id-3' class='toggle_wrap  '   itemscope=\"itemscope\" itemprop=\"acceptedAnswer\" itemtype=\"https:\/\/schema.org\/Answer\" ><div class='toggle_content invers-color '  itemprop=\"text\" ><p>Inhalt des Toggles hier rein<\/p>\n<\/div><\/div><\/div><\/section>\n<section class='av_toggle_section av-lk15dzvl-c2f7bf3f03196baad21719d23f8bd1f9'  itemscope=\"itemscope\" itemprop=\"mainEntity\" itemtype=\"https:\/\/schema.org\/Question\" ><div role=\"tablist\" class=\"single_toggle\" data-tags=\"{All} \"  ><p data-fake-id='#toggle-id-4' class='toggler   '  itemprop=\"name\"  role='tab' tabindex='0' aria-controls='toggle-id-4'>Wenn alles m\u00f6glich ist, ist es auch m\u00f6glich, dass etwas wirklich unm\u00f6glich ist?<span class=\"toggle_icon\"><span class=\"vert_icon\"><\/span><span class=\"hor_icon\"><\/span><\/span><\/p><div id='toggle-id-4' class='toggle_wrap  '   itemscope=\"itemscope\" itemprop=\"acceptedAnswer\" itemtype=\"https:\/\/schema.org\/Answer\" ><div class='toggle_content invers-color '  itemprop=\"text\" ><p>Inhalt des Toggles hier rein<\/p>\n<\/div><\/div><\/div><\/section>\n<\/div><\/p><\/div><\/div><\/div><\/div><!-- close content main div --><\/div><\/div><div id='after_section_2'  class='main_color av_default_container_wrap container_wrap sidebar_right'  ><div class='container av-section-cont-open' ><div class='template-page content  av-content-small alpha units'><div class='post-entry post-entry-type-page post-entry-192'><div class='entry-content-wrapper clearfix'>\n","protected":false},"excerpt":{"rendered":"","protected":false},"author":2,"featured_media":0,"parent":0,"menu_order":0,"comment_status":"closed","ping_status":"closed","template":"","meta":{"footnotes":""},"_links":{"self":[{"href":"https:\/\/stage.timeline-erp.de\/sk\/wp-json\/wp\/v2\/pages\/192"}],"collection":[{"href":"https:\/\/stage.timeline-erp.de\/sk\/wp-json\/wp\/v2\/pages"}],"about":[{"href":"https:\/\/stage.timeline-erp.de\/sk\/wp-json\/wp\/v2\/types\/page"}],"author":[{"embeddable":true,"href":"https:\/\/stage.timeline-erp.de\/sk\/wp-json\/wp\/v2\/users\/2"}],"replies":[{"embeddable":true,"href":"https:\/\/stage.timeline-erp.de\/sk\/wp-json\/wp\/v2\/comments?post=192"}],"version-history":[{"count":1,"href":"https:\/\/stage.timeline-erp.de\/sk\/wp-json\/wp\/v2\/pages\/192\/revisions"}],"predecessor-version":[{"id":718,"href":"https:\/\/stage.timeline-erp.de\/sk\/wp-json\/wp\/v2\/pages\/192\/revisions\/718"}],"wp:attachment":[{"href":"https:\/\/stage.timeline-erp.de\/sk\/wp-json\/wp\/v2\/media?parent=192"}],"curies":[{"name":"wp","href":"https:\/\/api.w.org\/{rel}","templated":true}]}}