{"id":254,"date":"2023-07-18T11:32:05","date_gmt":"2023-07-18T09:32:05","guid":{"rendered":"https:\/\/stage.timeline-erp.de\/en\/?page_id=254"},"modified":"2023-08-25T08:36:28","modified_gmt":"2023-08-25T06:36:28","slug":"impressum","status":"publish","type":"page","link":"https:\/\/stage.timeline-erp.de\/sk\/impressum\/","title":{"rendered":"Impressum"},"content":{"rendered":"\n<style type=\"text\/css\" data-created_by=\"avia_inline_auto\" id=\"style-css-av-llkr8zav-13bb40f41503dab50ab1d5cefbe38719\">\n.avia-section.av-llkr8zav-13bb40f41503dab50ab1d5cefbe38719{\nbackground-color:#f6f7f8;\nbackground-image:unset;\n}\n<\/style>\n<div id='av_section_1'  class='avia-section av-llkr8zav-13bb40f41503dab50ab1d5cefbe38719 main_color avia-section-default avia-no-border-styling  avia-builder-el-0  el_before_av_section  avia-builder-el-first  avia-bg-style-scroll container_wrap sidebar_right'  ><div class='container av-section-cont-open' ><main  role=\"main\" itemprop=\"mainContentOfPage\"  class='template-page content  av-content-small alpha units'><div class='post-entry post-entry-type-page post-entry-254'><div class='entry-content-wrapper clearfix'>\n\n<style type=\"text\/css\" data-created_by=\"avia_inline_auto\" id=\"style-css-av-3kvisl-058a612c529ec894c747896607374861\">\n.flex_column.av-3kvisl-058a612c529ec894c747896607374861{\nborder-radius:0px 0px 0px 0px;\npadding:0px 0px 0px 0px;\n}\n<\/style>\n<div  class='flex_column av-3kvisl-058a612c529ec894c747896607374861 av_one_full  avia-builder-el-1  avia-builder-el-no-sibling  first flex_column_div av-zero-column-padding  '     ><style type=\"text\/css\" data-created_by=\"avia_inline_auto\" id=\"style-css-av-2lxt0l-e6540ecb043da76fc1dd5336af79b9f0\">\n#top .av-special-heading.av-2lxt0l-e6540ecb043da76fc1dd5336af79b9f0{\npadding-bottom:20px;\n}\nbody .av-special-heading.av-2lxt0l-e6540ecb043da76fc1dd5336af79b9f0 .av-special-heading-tag .heading-char{\nfont-size:25px;\n}\n.av-special-heading.av-2lxt0l-e6540ecb043da76fc1dd5336af79b9f0 .av-subheading{\nfont-size:22px;\n}\n<\/style>\n<div  class='av-special-heading av-2lxt0l-e6540ecb043da76fc1dd5336af79b9f0 av-special-heading-h1 blockquote modern-quote  avia-builder-el-2  avia-builder-el-no-sibling '><h1 class='av-special-heading-tag'  itemprop=\"headline\"  >Impressum<\/h1><div class='av-subheading av-subheading_below'><p>Detaily pod\u013ea \u00a7 5 TMG<\/p>\n<\/div><div class=\"special-heading-border\"><div class=\"special-heading-inner-border\"><\/div><\/div><\/div><\/div>\n\n<\/div><\/div><\/main><!-- close content main element --><\/div><\/div><div id='av_section_2'  class='avia-section av-iswlph-4c60b78559d451729b03c1c76e975280 main_color avia-section-large avia-no-border-styling  avia-builder-el-3  el_after_av_section  avia-builder-el-last  avia-bg-style-scroll container_wrap sidebar_right'  ><div class='container av-section-cont-open' ><div class='template-page content  av-content-small alpha units'><div class='post-entry post-entry-type-page post-entry-254'><div class='entry-content-wrapper clearfix'>\n\n<style type=\"text\/css\" data-created_by=\"avia_inline_auto\" id=\"style-css-av-ol6pi-e93e930454b5f3f5b687df280d62ee0f\">\n.flex_column.av-ol6pi-e93e930454b5f3f5b687df280d62ee0f{\nborder-radius:0px 0px 0px 0px;\npadding:0px 0px 0px 0px;\n}\n<\/style>\n<div  class='flex_column av-ol6pi-e93e930454b5f3f5b687df280d62ee0f av_one_full  avia-builder-el-4  el_before_av_one_half  avia-builder-el-first  first flex_column_div av-zero-column-padding  '     ><style type=\"text\/css\" data-created_by=\"avia_inline_auto\" id=\"style-css-av-llkqyo88-1e0eca63f8e4ae57d1ef6437c830623f\">\n#top .av-special-heading.av-llkqyo88-1e0eca63f8e4ae57d1ef6437c830623f{\npadding-bottom:20px;\n}\nbody .av-special-heading.av-llkqyo88-1e0eca63f8e4ae57d1ef6437c830623f .av-special-heading-tag .heading-char{\nfont-size:25px;\n}\n.av-special-heading.av-llkqyo88-1e0eca63f8e4ae57d1ef6437c830623f .av-subheading{\nfont-size:22px;\n}\n<\/style>\n<div  class='av-special-heading av-llkqyo88-1e0eca63f8e4ae57d1ef6437c830623f av-special-heading-h2 blockquote modern-quote  avia-builder-el-5  avia-builder-el-no-sibling '><h2 class='av-special-heading-tag'  itemprop=\"headline\"  >Kontakt<\/h2><div class=\"special-heading-border\"><div class=\"special-heading-inner-border\"><\/div><\/div><\/div><\/div>\n<style type=\"text\/css\" data-created_by=\"avia_inline_auto\" id=\"style-css-av-bzqq85-f3459dcd608308274081565be08f3673\">\n.flex_column.av-bzqq85-f3459dcd608308274081565be08f3673{\nborder-radius:0px 0px 0px 0px;\npadding:20px 0px 0px 0px;\n}\n<\/style>\n<div  class='flex_column av-bzqq85-f3459dcd608308274081565be08f3673 av_one_half  avia-builder-el-6  el_after_av_one_full  el_before_av_one_half  first flex_column_div  column-top-margin'     ><section  class='av_textblock_section av-a5u1k5-3cd02a3166ec3638508a9267468c5229 '   itemscope=\"itemscope\" itemtype=\"https:\/\/schema.org\/CreativeWork\" ><div class='avia_textblock'  itemprop=\"text\" ><h4 class=\"av-special-heading-tag\">TimeLine Business Systems, k.s.<\/h4>\n<p>N\u00e1mestie Slovensk\u00e9ho povstania 5,\u00a090031 Stupava,\u00a0Slovakia<\/p>\n<div class=\"av-subheading av-subheading_below\">\n<p>Phone +421 918 800 902<\/p>\n<p>Email <a title=\"E-Mail\" href=\"mailto:sk@timeline.info\" target=\"_blank\" rel=\"noopener noreferrer\">sk@timeline.sk<\/a><\/p>\n<\/div>\n<\/div><\/section><\/div>\n<style type=\"text\/css\" data-created_by=\"avia_inline_auto\" id=\"style-css-av-uri0l-78cfc84f4c979ee4d0db9bfc867a93a4\">\n.flex_column.av-uri0l-78cfc84f4c979ee4d0db9bfc867a93a4{\nborder-radius:0px 0px 0px 0px;\npadding:0px 0px 0px 0px;\n}\n<\/style>\n<div  class='flex_column av-uri0l-78cfc84f4c979ee4d0db9bfc867a93a4 av_one_half  avia-builder-el-8  el_after_av_one_half  el_before_av_hr  flex_column_div av-zero-column-padding  column-top-margin'     ><section  class='av_textblock_section av-ornyd-832c68e32fb1b3642efd1680efd62b70 '   itemscope=\"itemscope\" itemtype=\"https:\/\/schema.org\/CreativeWork\" ><div class='avia_textblock'  itemprop=\"text\" ><h3><\/h3>\n<h3>Registr\u00e1cia<\/h3>\n<p><span style=\"color: #ff0000\">Registra\u010dn\u00fd s\u00fad: Mestsk\u00fd s\u00fad Bratislava III, oddiel Sr, vlo\u017eka \u010d. 696\/B<\/span><\/p>\n<h3>I\u010c DPH<\/h3>\n<p><span style=\"color: #ff0000\">SK2022523019<\/span><\/p>\n<\/div><\/section><\/div>\n<style type=\"text\/css\" data-created_by=\"avia_inline_auto\" id=\"style-css-av-5ptl0l-49829c745eb5d75fc6eccfb68032a458\">\n#top .hr.av-5ptl0l-49829c745eb5d75fc6eccfb68032a458{\nmargin-top:10px;\nmargin-bottom:10px;\n}\n.hr.av-5ptl0l-49829c745eb5d75fc6eccfb68032a458 .hr-inner{\nwidth:50px;\nborder-color:#000000;\n}\n<\/style>\n<div  class='hr av-5ptl0l-49829c745eb5d75fc6eccfb68032a458 hr-custom  avia-builder-el-10  el_after_av_one_half  el_before_av_one_full  hr-left hr-icon-no'><span class='hr-inner inner-border-av-border-fat'><span class=\"hr-inner-style\"><\/span><\/span><\/div>\n\n<style type=\"text\/css\" data-created_by=\"avia_inline_auto\" id=\"style-css-av-4sz3kl-d59a646803ce82c5f666db79f95c6b70\">\n.flex_column.av-4sz3kl-d59a646803ce82c5f666db79f95c6b70{\nborder-radius:0px 0px 0px 0px;\npadding:20px 0px 0px 0px;\n}\n<\/style>\n<div  class='flex_column av-4sz3kl-d59a646803ce82c5f666db79f95c6b70 av_one_full  avia-builder-el-11  el_after_av_hr  el_before_av_hr  first flex_column_div  '     ><section  class='av_textblock_section av-337dk5-ef30b2296aaf3f6ae9f8a53719deecf7 '   itemscope=\"itemscope\" itemtype=\"https:\/\/schema.org\/CreativeWork\" ><div class='avia_textblock'  itemprop=\"text\" ><div class=\"flex_column av-ugb0m-77e26e9a5ac674be50f2b5d75eaf9785 av_one_full avia-builder-el-10 el_after_av_hr el_before_av_one_full first flex_column_div \">\n<h2 class=\"av-special-heading-tag\">Zodpovedn\u00fd za obsah<\/h2>\n<section class=\"av_textblock_section av-ll0y47f1-a9384cc765ad854c917cf9514f37de1d \">\n<div class=\"avia_textblock\">\n<p>TimeLine Business Systems, k.s., N\u00e1mestie Slovensk\u00e9ho povstania 5, 90031 Stupava, Slovensko<br \/>\nMana\u017ement: Patrik Hradeck\u00fd<\/p>\n<\/div>\n<\/section>\n<\/div>\n<div class=\"flex_column av-qjw8e-f5f4a7533d35fc5f877d704cd062f06d av_one_full avia-builder-el-13 el_after_av_one_full el_before_av_hr first flex_column_div column-top-margin\">\n<div class=\"av-special-heading av-ll0y4p3w-44b6bc05823479d38c726bd10001547c av-special-heading-h2 avia-builder-el-14 el_before_av_textblock avia-builder-el-first \">\n<h2 class=\"av-special-heading-tag\">Zodpovedn\u00fd za technick\u00e9 prevedenie<\/h2>\n<section class=\"av_textblock_section av-ll0y6e0r-a41acd39a034894b66773a681778d2b2 \">\n<div class=\"avia_textblock\">\n<p>Gebauer GmbH, Obere Dammstra\u00dfe 8-10, 42653 Solingen, Nemecko<br \/>\nTelef\u00f3n: +49 212 230 35 0, Email: info@timeline.de<br \/>\nMana\u017ement: Boris Gebauer, Dustin Klein<\/p>\n<\/div>\n<\/section>\n<\/div>\n<\/div>\n<\/div><\/section><\/div>\n<style type=\"text\/css\" data-created_by=\"avia_inline_auto\" id=\"style-css-av-28qty-80ebedab1aa81987d01929e2a38e5d1a\">\n#top .hr.av-28qty-80ebedab1aa81987d01929e2a38e5d1a{\nmargin-top:10px;\nmargin-bottom:10px;\n}\n.hr.av-28qty-80ebedab1aa81987d01929e2a38e5d1a .hr-inner{\nwidth:50px;\nborder-color:#000000;\n}\n<\/style>\n<div  class='hr av-28qty-80ebedab1aa81987d01929e2a38e5d1a hr-custom  avia-builder-el-13  el_after_av_one_full  el_before_av_one_full  hr-left hr-icon-no'><span class='hr-inner inner-border-av-border-fat'><span class=\"hr-inner-style\"><\/span><\/span><\/div>\n\n<style type=\"text\/css\" data-created_by=\"avia_inline_auto\" id=\"style-css-av-e85p2-e8acb01203d912cbc9d6b8c42da1e160\">\n.flex_column.av-e85p2-e8acb01203d912cbc9d6b8c42da1e160{\nborder-radius:0px 0px 0px 0px;\npadding:20px 0px 0px 0px;\n}\n<\/style>\n<div  class='flex_column av-e85p2-e8acb01203d912cbc9d6b8c42da1e160 av_one_full  avia-builder-el-14  el_after_av_hr  avia-builder-el-last  first flex_column_div  '     ><section  class='av_textblock_section av-7a6gu-7543b2d8492d67fcfbe7a79720283278 '   itemscope=\"itemscope\" itemtype=\"https:\/\/schema.org\/CreativeWork\" ><div class='avia_textblock'  itemprop=\"text\" ><h2>Disclaimer<\/h2>\n<h4>Liability for content<\/h4>\n<p>The content of our pages was created with the greatest care. However, we cannot accept any liability for the accuracy, completeness and up-to-dateness of the content. As a service provider, we are responsible under general law for our own contents on these pages in accordance with \u00a7 7 (1) Broadcast Media Act. In accordance with \u00a7\u00a7 8 to 10 Broadcast Media Act, we as a service provider, however, are not obligated to monitor transmitted or stored third-party information or search for circumstances that may be indicative of an illegal activity. Obligations under general law to remove or block the use of information remain unaffected. Any liability in this respect is, however, only incurred from the moment that knowledge of the specific breach of law is obtained. Upon becoming aware of the corresponding legal violations, we will remove these contents immediately.<\/p>\n<h3>Liability for links<\/h3>\n<p>Our offer contains links to external third-party websites over whose content we have no influence. For this reason, we can also accept no liability for this third-party content. For the content of linked websites, the provider or operator of the sites is always responsible. The linked websites were checked for possible legal violations at the time they were linked. Illegal content was not detectable at the time the websites were linked. Permanent monitoring of the content of linked websites, however, is not reasonable without concrete indications of a violation. Upon becoming aware of a legal violation, we will remove the respective links immediately.<\/p>\n<h3>Copyright<\/h3>\n<p>The content and works created by the website operator on these pages are subject to German copyright law. The duplication, editing, dissemination and any type of utilization beyond the limits of the copyright require the written consent of the respective author and\/or creator. Downloads and copies of this website are authorized for private, non-commercial use only. Insofar as the contents of this website were not created by the operator, the third-party\u2019s copyrights will be observed. In particular, third-party content will be labeled as such. If you nevertheless become aware of a copyright violation, we request that you inform us accordingly. Upon becoming aware of a legal violation, we will remove the respective content immediately.<\/p>\n<\/div><\/section><\/div><\/div><\/div><\/div><!-- close content main div --><\/div><\/div><div id='after_section_2'  class='main_color av_default_container_wrap container_wrap sidebar_right'  ><div class='container av-section-cont-open' ><div class='template-page content  av-content-small alpha units'><div class='post-entry post-entry-type-page post-entry-254'><div class='entry-content-wrapper clearfix'>\n","protected":false},"excerpt":{"rendered":"","protected":false},"author":2,"featured_media":0,"parent":0,"menu_order":0,"comment_status":"closed","ping_status":"closed","template":"","meta":{"footnotes":""},"_links":{"self":[{"href":"https:\/\/stage.timeline-erp.de\/sk\/wp-json\/wp\/v2\/pages\/254"}],"collection":[{"href":"https:\/\/stage.timeline-erp.de\/sk\/wp-json\/wp\/v2\/pages"}],"about":[{"href":"https:\/\/stage.timeline-erp.de\/sk\/wp-json\/wp\/v2\/types\/page"}],"author":[{"embeddable":true,"href":"https:\/\/stage.timeline-erp.de\/sk\/wp-json\/wp\/v2\/users\/2"}],"replies":[{"embeddable":true,"href":"https:\/\/stage.timeline-erp.de\/sk\/wp-json\/wp\/v2\/comments?post=254"}],"version-history":[{"count":3,"href":"https:\/\/stage.timeline-erp.de\/sk\/wp-json\/wp\/v2\/pages\/254\/revisions"}],"predecessor-version":[{"id":701,"href":"https:\/\/stage.timeline-erp.de\/sk\/wp-json\/wp\/v2\/pages\/254\/revisions\/701"}],"wp:attachment":[{"href":"https:\/\/stage.timeline-erp.de\/sk\/wp-json\/wp\/v2\/media?parent=254"}],"curies":[{"name":"wp","href":"https:\/\/api.w.org\/{rel}","templated":true}]}}