{"id":261,"date":"2023-07-18T12:11:23","date_gmt":"2023-07-18T10:11:23","guid":{"rendered":"https:\/\/stage.timeline-erp.de\/en\/?page_id=261"},"modified":"2023-08-28T13:53:51","modified_gmt":"2023-08-28T11:53:51","slug":"about-us","status":"publish","type":"page","link":"https:\/\/stage.timeline-erp.de\/sk\/about-us\/","title":{"rendered":"O n\u00e1s"},"content":{"rendered":"\t\t<div data-elementor-type=\"wp-page\" data-elementor-id=\"261\" class=\"elementor elementor-261\" data-elementor-post-type=\"page\">\n\t\t\t\t\t\t<section data-particle_enable=\"false\" data-particle-mobile-disabled=\"false\" class=\"elementor-section elementor-top-section elementor-element elementor-element-e62e598 elementor-section-boxed elementor-section-height-default elementor-section-height-default\" data-id=\"e62e598\" data-element_type=\"section\">\n\t\t\t\t\t\t<div class=\"elementor-container elementor-column-gap-default\">\n\t\t\t\t\t<div class=\"elementor-column elementor-col-100 elementor-top-column elementor-element elementor-element-25705083\" data-id=\"25705083\" data-element_type=\"column\">\n\t\t\t<div class=\"elementor-widget-wrap elementor-element-populated\">\n\t\t\t\t\t\t<div class=\"elementor-element elementor-element-5b121d6b elementor-widget elementor-widget-text-editor\" data-id=\"5b121d6b\" data-element_type=\"widget\" data-widget_type=\"text-editor.default\">\n\t\t\t\t<div class=\"elementor-widget-container\">\n\t\t\t<style>\/*! elementor - v3.19.0 - 28-02-2024 *\/\n.elementor-widget-text-editor.elementor-drop-cap-view-stacked .elementor-drop-cap{background-color:#69727d;color:#fff}.elementor-widget-text-editor.elementor-drop-cap-view-framed .elementor-drop-cap{color:#69727d;border:3px solid;background-color:transparent}.elementor-widget-text-editor:not(.elementor-drop-cap-view-default) .elementor-drop-cap{margin-top:8px}.elementor-widget-text-editor:not(.elementor-drop-cap-view-default) .elementor-drop-cap-letter{width:1em;height:1em}.elementor-widget-text-editor .elementor-drop-cap{float:left;text-align:center;line-height:1;font-size:50px}.elementor-widget-text-editor .elementor-drop-cap-letter{display:inline-block}<\/style>\t\t\t\t<p>\n<style type=\"text\/css\" data-created_by=\"avia_inline_auto\" id=\"style-css-av-fnvlg-87ab83be2fcacfe0038be5732c5f60b9\">\n.avia-section.av-fnvlg-87ab83be2fcacfe0038be5732c5f60b9{\nbackground-repeat:no-repeat;\nbackground-image:url(https:\/\/stage.timeline-erp.de\/wp-content\/uploads\/2023\/07\/timeline-headquaters-office-1-1500x1000.jpg);\nbackground-position:50% 50%;\nbackground-attachment:scroll;\n}\n.avia-section.av-fnvlg-87ab83be2fcacfe0038be5732c5f60b9 .av-section-color-overlay{\nopacity:0.6;\nbackground-color:#0f1021;\n}\n<\/style>\n<div id='av_section_1'  class='avia-section av-fnvlg-87ab83be2fcacfe0038be5732c5f60b9 alternate_color avia-section-default avia-no-border-styling  avia-builder-el-0  el_before_av_section  avia-builder-el-first  avia-full-stretch avia-bg-style-scroll av-section-color-overlay-active av-minimum-height av-minimum-height-50 av-height-50  container_wrap sidebar_right'  data-section-bg-repeat='stretch' data-av_minimum_height_pc='50' data-av_min_height_opt='50'><div class=\"av-section-color-overlay-wrap\"><div class=\"av-section-color-overlay\"><\/div><div class='container av-section-cont-open' ><main  role=\"main\" itemprop=\"mainContentOfPage\"  class='template-page content  av-content-small alpha units'><div class='post-entry post-entry-type-page post-entry-261'><div class='entry-content-wrapper clearfix'>\n<style type=\"text\/css\" data-created_by=\"avia_inline_auto\" id=\"style-css-av-3maedo-c01c9e57ff9be877ded4c00291dadc59\">\n.flex_column.av-3maedo-c01c9e57ff9be877ded4c00291dadc59{\nborder-radius:0px 0px 0px 0px;\npadding:0px 0px 0px 0px;\n}\n<\/style>\n<div  class='flex_column av-3maedo-c01c9e57ff9be877ded4c00291dadc59 av_one_full  avia-builder-el-1  avia-builder-el-no-sibling  first flex_column_div av-zero-column-padding  '     ><p>\n<style type=\"text\/css\" data-created_by=\"avia_inline_auto\" id=\"style-css-av-a3378-3affcd72bb66e4e61206b9300eea4cdb\">\n#top .av-special-heading.av-a3378-3affcd72bb66e4e61206b9300eea4cdb{\npadding-bottom:10px;\n}\nbody .av-special-heading.av-a3378-3affcd72bb66e4e61206b9300eea4cdb .av-special-heading-tag .heading-char{\nfont-size:25px;\n}\n.av-special-heading.av-a3378-3affcd72bb66e4e61206b9300eea4cdb .av-subheading{\nfont-size:20px;\n}\n<\/style>\n<div  class='av-special-heading av-a3378-3affcd72bb66e4e61206b9300eea4cdb av-special-heading-h1 custom-color-heading blockquote modern-quote modern-centered  avia-builder-el-2  el_before_av_hr  avia-builder-el-first  av-thin-font'><h1 class='av-special-heading-tag'  itemprop=\"headline\"  ><strong>TimeLine Business Solutions Group<\/strong><\/h1><div class='av-subheading av-subheading_below'><p>Learn more about the companies, locations, services and values<\/p>\n<\/div><div class=\"special-heading-border\"><div class=\"special-heading-inner-border\"><\/div><\/div><\/div>\n<style type=\"text\/css\" data-created_by=\"avia_inline_auto\" id=\"style-css-av-lecxah72-b5093fecca1f615714de26b16a747160\">\n#top .hr.hr-invisible.av-lecxah72-b5093fecca1f615714de26b16a747160{\nheight:30px;\n}\n<\/style>\n<div  class='hr av-lecxah72-b5093fecca1f615714de26b16a747160 hr-invisible  avia-builder-el-3  el_after_av_heading  el_before_av_button '><span class='hr-inner '><span class=\"hr-inner-style\"><\/span><\/span><\/div><div  class='avia-button-wrap av-lecx9vnn-028f146535c531da7e46ee7994243d4c-wrap avia-button-center  avia-builder-el-4  el_after_av_hr  avia-builder-el-last '>\n<style type=\"text\/css\" data-created_by=\"avia_inline_auto\" id=\"style-css-av-lecx9vnn-028f146535c531da7e46ee7994243d4c\">\n#top #wrap_all .avia-button.av-lecx9vnn-028f146535c531da7e46ee7994243d4c{\nfont-size:14px;\nborder-radius:30px 30px 30px 30px;\ntransition:all 0.4s ease-in-out;\n}\n#top #wrap_all.avia-button.av-lecx9vnn-028f146535c531da7e46ee7994243d4c:hover .avia_button_background{\nborder-radius:30px 30px 30px 30px;\n}\n<\/style>\n<a href='https:\/\/www.timeline.group' class='avia-button av-lecx9vnn-028f146535c531da7e46ee7994243d4c avia-icon_select-yes-right-icon avia-size-large avia-position-center avia-color-theme-color-highlight' target=\"_blank\" rel=\"noopener noreferrer\"><span class='avia_iconbox_title' >learn more<\/span><span class='avia_button_icon avia_button_icon_right' aria-hidden='true' data-av_icon='\ue835' data-av_iconfont='entypo-fontello'><\/span><\/a><\/div><\/p><\/div><\/p><p><\/div><\/div><\/main><!-- close content main element --><\/div><\/div><\/div><div id='av_section_2'  class='avia-section av-4azod-ccd4dcf21180b628f323ba6d59bab84a main_color avia-section-default avia-no-border-styling  avia-builder-el-5  el_after_av_section  el_before_av_section  avia-bg-style-scroll container_wrap sidebar_right'  ><div class='container av-section-cont-open' ><div class='template-page content  av-content-small alpha units'><div class='post-entry post-entry-type-page post-entry-261'><div class='entry-content-wrapper clearfix'><div  class='flex_column av-14m4rx-8a8206e10d05ed4bbe787cc0b8a61e82 av_one_fifth  avia-builder-el-6  el_before_av_one_fifth  avia-builder-el-first  first flex_column_div  '     ><style type=\"text\/css\" data-created_by=\"avia_inline_auto\" id=\"style-css-av-lk9noiy4-93d3ba26f9382b2ccc87a67dff867a70\">\n#top .avia-animated-number.av-lk9noiy4-93d3ba26f9382b2ccc87a67dff867a70 .avia-animated-number-content{\nfont-size:22px;\n}\n<\/style>\n<div  class=\"avia-animated-number av-lk9noiy4-93d3ba26f9382b2ccc87a67dff867a70 av-force-default-color avia_animate_when_visible  avia-builder-el-7  avia-builder-el-no-sibling  \" data-timer=\"3000\"><strong class=\"heading avia-animated-number-title\"><span class=\"avia-single-number __av-single-number\" data-number_format=\".\" data-number=\"100\" data-start_from=\"0\">100<\/span><span class=\"avia-no-number\">%<\/span><\/strong><div class=\"avia-animated-number-content\"><p>Owner-managed<\/p>\n<\/div><\/div><\/div><div  class='flex_column av-vm5yt-f47bf627d070c1b3c4b89d441191d4bd av_one_fifth  avia-builder-el-8  el_after_av_one_fifth  el_before_av_one_fifth  flex_column_div  '     ><style type=\"text\/css\" data-created_by=\"avia_inline_auto\" id=\"style-css-av-lk9np88q-29867b5b168b5290b6f2c400b8f2695a\">\n#top .avia-animated-number.av-lk9np88q-29867b5b168b5290b6f2c400b8f2695a .avia-animated-number-content{\nfont-size:22px;\n}\n<\/style>\n<div  class=\"avia-animated-number av-lk9np88q-29867b5b168b5290b6f2c400b8f2695a av-force-default-color avia_animate_when_visible  avia-builder-el-9  avia-builder-el-no-sibling  \" data-timer=\"3000\"><strong class=\"heading avia-animated-number-title\"><span class=\"avia-single-number __av-single-number\" data-number_format=\".\" data-number=\"180\" data-start_from=\"0\">180<\/span><span class=\"avia-no-number\">+<\/span><\/strong><div class=\"avia-animated-number-content\"><p>Employees<\/p>\n<\/div><\/div><\/div><div  class='flex_column av-sh5al-e6fef0a10326e5ec625504fcc5bb1579 av_one_fifth  avia-builder-el-10  el_after_av_one_fifth  el_before_av_one_fifth  flex_column_div  '     ><style type=\"text\/css\" data-created_by=\"avia_inline_auto\" id=\"style-css-av-lk9npyl3-b01c75415c4c128fecf392febac24e03\">\n#top .avia-animated-number.av-lk9npyl3-b01c75415c4c128fecf392febac24e03 .avia-animated-number-content{\nfont-size:22px;\n}\n<\/style>\n<div  class=\"avia-animated-number av-lk9npyl3-b01c75415c4c128fecf392febac24e03 av-force-default-color avia_animate_when_visible  avia-builder-el-11  avia-builder-el-no-sibling  \" data-timer=\"3000\"><strong class=\"heading avia-animated-number-title\"><span class=\"avia-single-number __av-single-number\" data-number_format=\".\" data-number=\"12\" data-start_from=\"0\">12<\/span><\/strong><div class=\"avia-animated-number-content\"><p>Represented languages<\/p>\n<\/div><\/div><\/div><div  class='flex_column av-mwj2l-72b007db99b793b3df703b00ffa3e244 av_one_fifth  avia-builder-el-12  el_after_av_one_fifth  el_before_av_one_fifth  flex_column_div  '     ><style type=\"text\/css\" data-created_by=\"avia_inline_auto\" id=\"style-css-av-lk9nqoiw-9e68d68f4c28cbbe12560b90f4395828\">\n#top .avia-animated-number.av-lk9nqoiw-9e68d68f4c28cbbe12560b90f4395828 .avia-animated-number-content{\nfont-size:22px;\n}\n<\/style>\n<div  class=\"avia-animated-number av-lk9nqoiw-9e68d68f4c28cbbe12560b90f4395828 av-force-default-color avia_animate_when_visible  avia-builder-el-13  avia-builder-el-no-sibling  \" data-timer=\"3000\"><strong class=\"heading avia-animated-number-title\"><span class=\"avia-single-number __av-single-number\" data-number_format=\".\" data-number=\"30\" data-start_from=\"0\">30<\/span><span class=\"avia-no-number\">+<\/span><\/strong><div class=\"avia-animated-number-content\"><p>Years ERP experience<\/p>\n<\/div><\/div><\/div><div  class='flex_column av-h71p1-53e8c5bf2e24b4e385ac639825fbb0ec av_one_fifth  avia-builder-el-14  el_after_av_one_fifth  avia-builder-el-last  flex_column_div  '     ><style type=\"text\/css\" data-created_by=\"avia_inline_auto\" id=\"style-css-av-a6a5p-4e0bf41a1d223bb9887e3ab4e3a5f700\">\n#top .avia-animated-number.av-a6a5p-4e0bf41a1d223bb9887e3ab4e3a5f700 .avia-animated-number-content{\nfont-size:22px;\n}\n<\/style>\n<div  class=\"avia-animated-number av-a6a5p-4e0bf41a1d223bb9887e3ab4e3a5f700 av-force-default-color avia_animate_when_visible  avia-builder-el-15  avia-builder-el-no-sibling  \" data-timer=\"3000\"><strong class=\"heading avia-animated-number-title\"><span class=\"avia-single-number __av-single-number\" data-number_format=\".\" data-number=\"1100\" data-start_from=\"0\">1100<\/span><span class=\"avia-no-number\">+<\/span><\/strong><div class=\"avia-animated-number-content\"><p>ERP Customers<\/p>\n<\/div><\/div><\/div><\/p><p><\/div><\/div><\/div><!-- close content main div --><\/div><\/div>\n<style type=\"text\/css\" data-created_by=\"avia_inline_auto\" id=\"style-css-av-37hiqk-4443616382d522ee9ab35d4783762199\">\n.avia-section.av-37hiqk-4443616382d522ee9ab35d4783762199{\nbackground-color:#f6f7f8;\nbackground-image:unset;\n}\n<\/style>\n<div id='av_section_3'  class='avia-section av-37hiqk-4443616382d522ee9ab35d4783762199 main_color avia-section-huge avia-no-border-styling  avia-builder-el-16  el_after_av_section  avia-builder-el-last  avia-bg-style-scroll container_wrap sidebar_right'  ><div class='container av-section-cont-open' ><div class='template-page content  av-content-small alpha units'><div class='post-entry post-entry-type-page post-entry-261'><div class='entry-content-wrapper clearfix'><div  class='flex_column av-7110c-87f0b6e29bc62f9c205fbadf5d308d1a av_three_fourth  avia-builder-el-17  el_before_av_one_half  avia-builder-el-first  first flex_column_div  '     ><section  class='av_textblock_section av-2z12v0-020cba18bef6ec7cd59293728f75203b '   itemscope=\"itemscope\" itemtype=\"https:\/\/schema.org\/CreativeWork\" ><div class='avia_textblock'  itemprop=\"text\" ><h2>More about your ERP provider<\/h2>\n<p>Pokia\u013e ide o ERP &#8211; m\u00f4\u017eete n\u00e1m veri\u0165. Because that&#8217;s our business &#8211; for over 30 years now. But perhaps you would like to learn more about how we as an ERP provider can specifically help you? We would therefore now like to present our ERP solutions to you in more detail.<\/p>\n<\/div><\/section><\/div>\n<style type=\"text\/css\" data-created_by=\"avia_inline_auto\" id=\"style-css-av-32krb8-29c2e2bed36af28f8abb73ad6b93ca4d\">\n.flex_column.av-32krb8-29c2e2bed36af28f8abb73ad6b93ca4d{\nborder-radius:0px 0px 0px 0px;\npadding:0px 0px 0px 0px;\n}\n<\/style>\n<div  class='flex_column av-32krb8-29c2e2bed36af28f8abb73ad6b93ca4d av_one_half  avia-builder-el-19  el_after_av_three_fourth  el_before_av_one_half  first flex_column_div av-zero-column-padding  column-top-margin'     ><section  class='av_textblock_section av-lecxfcc5-a24a39726b1c256a9565edbfc7d19d03 '   itemscope=\"itemscope\" itemtype=\"https:\/\/schema.org\/CreativeWork\" ><div class='avia_textblock'  itemprop=\"text\" ><h3>What ERP means<\/h3>\n<p>ERP stands for Enterprise Resource Planning. This is a software that takes care of the planning of your complete business processes &#8211; from accounting to CRM to manufacturing. As an ERP software provider, TimeLine always ensures that you have an overview of your inventory management and can always react flexibly.<\/p>\n<h3>What we can offer you as an ERP provider<\/h3>\n<p>Our products help your company grow healthily. As an ERP provider, TimeLine focuses on offering industry solutions. We have always concentrated primarily on medium-sized companies. We therefore know what you are concerned with, what you are still missing and how we can help you. As an ERP provider, we offer customized ERP solutions for these industries:<\/p>\n<ul>\n<li>Individual and project manufacturers<\/li>\n<li>Series producers and automotive companies<\/li>\n<li>Foundries<\/li>\n<li>Plastics processing companies<\/li>\n<li>Surface and electroplating technology<\/li>\n<li>Screw industry and stamping operations<\/li>\n<\/ul>\n<p>As an ERP system provider, we can develop custom-fit solutions for any company using our various modules. No matter what challenges you are facing at the moment. Therefore, do not hesitate to contact us.<\/p>\n<\/div><\/section><\/div>\n<style type=\"text\/css\" data-created_by=\"avia_inline_auto\" id=\"style-css-av-2rbzjw-7060e8e20106155bfa4aedd9d8a0e914\">\n.flex_column.av-2rbzjw-7060e8e20106155bfa4aedd9d8a0e914{\nborder-radius:0px 0px 0px 0px;\npadding:0px 0px 0px 0px;\n}\n<\/style>\n<div  class='flex_column av-2rbzjw-7060e8e20106155bfa4aedd9d8a0e914 av_one_half  avia-builder-el-21  el_after_av_one_half  avia-builder-el-last  flex_column_div av-zero-column-padding  column-top-margin'     ><section  class='av_textblock_section av-2k8yzw-b754aa713e05b11b28dd7d835d99f089 '   itemscope=\"itemscope\" itemtype=\"https:\/\/schema.org\/CreativeWork\" ><div class='avia_textblock'  itemprop=\"text\" ><h3>The TimeLine offer<\/h3>\n<p>As an ERP provider, TimeLine sees itself as a planner and optimizer of all processes in your company. However, we do not only supply the necessary software for you, but also gladly advise you and train your employees. Use our knowledge and our ERP systems to prepare your company for the digital industry 4.0.<\/p>\n<p>To do this, you have the opportunity to try out our ERP software in its entirety &#8211; free of charge and without restrictions. You have 90 days to test our all-round ERP to explore the benefits for your business. No risk, but a great chance for an update.<\/p>\n<\/div><\/section><\/div><\/div><\/div><\/div><!-- close content main div --><\/div><\/div><div id='after_section_3'  class='main_color av_default_container_wrap container_wrap sidebar_right'  ><div class='container av-section-cont-open' ><div class='template-page content  av-content-small alpha units'><div class='post-entry post-entry-type-page post-entry-261'><div class='entry-content-wrapper clearfix'><\/p>\t\t\t\t\t\t<\/div>\n\t\t\t\t<\/div>\n\t\t\t\t\t<\/div>\n\t\t<\/div>\n\t\t\t\t\t<\/div>\n\t\t<\/section>\n\t\t\t\t<\/div>\n\t\t","protected":false},"excerpt":{"rendered":"","protected":false},"author":2,"featured_media":0,"parent":0,"menu_order":0,"comment_status":"closed","ping_status":"closed","template":"","meta":{"footnotes":""},"_links":{"self":[{"href":"https:\/\/stage.timeline-erp.de\/sk\/wp-json\/wp\/v2\/pages\/261"}],"collection":[{"href":"https:\/\/stage.timeline-erp.de\/sk\/wp-json\/wp\/v2\/pages"}],"about":[{"href":"https:\/\/stage.timeline-erp.de\/sk\/wp-json\/wp\/v2\/types\/page"}],"author":[{"embeddable":true,"href":"https:\/\/stage.timeline-erp.de\/sk\/wp-json\/wp\/v2\/users\/2"}],"replies":[{"embeddable":true,"href":"https:\/\/stage.timeline-erp.de\/sk\/wp-json\/wp\/v2\/comments?post=261"}],"version-history":[{"count":8,"href":"https:\/\/stage.timeline-erp.de\/sk\/wp-json\/wp\/v2\/pages\/261\/revisions"}],"predecessor-version":[{"id":691,"href":"https:\/\/stage.timeline-erp.de\/sk\/wp-json\/wp\/v2\/pages\/261\/revisions\/691"}],"wp:attachment":[{"href":"https:\/\/stage.timeline-erp.de\/sk\/wp-json\/wp\/v2\/media?parent=261"}],"curies":[{"name":"wp","href":"https:\/\/api.w.org\/{rel}","templated":true}]}}