{"id":271,"date":"2023-07-18T12:43:01","date_gmt":"2023-07-18T10:43:01","guid":{"rendered":"https:\/\/stage.timeline-erp.de\/en\/?page_id=271"},"modified":"2023-08-15T15:14:46","modified_gmt":"2023-08-15T13:14:46","slug":"online-presentation","status":"publish","type":"page","link":"https:\/\/stage.timeline-erp.de\/sk\/service-and-support\/online-presentation\/","title":{"rendered":"Online prezent\u00e1cia"},"content":{"rendered":"\t\t<div data-elementor-type=\"wp-page\" data-elementor-id=\"271\" class=\"elementor elementor-271\" data-elementor-post-type=\"page\">\n\t\t\t\t\t\t<section data-particle_enable=\"false\" data-particle-mobile-disabled=\"false\" class=\"elementor-section elementor-top-section elementor-element elementor-element-14d590 elementor-section-boxed elementor-section-height-default elementor-section-height-default\" data-id=\"14d590\" data-element_type=\"section\">\n\t\t\t\t\t\t<div class=\"elementor-container elementor-column-gap-default\">\n\t\t\t\t\t<div class=\"elementor-column elementor-col-100 elementor-top-column elementor-element elementor-element-6d3870b\" data-id=\"6d3870b\" data-element_type=\"column\">\n\t\t\t<div class=\"elementor-widget-wrap elementor-element-populated\">\n\t\t\t\t\t\t<div class=\"elementor-element elementor-element-67273b5 elementor-widget elementor-widget-shortcode\" data-id=\"67273b5\" data-element_type=\"widget\" data-widget_type=\"shortcode.default\">\n\t\t\t\t<div class=\"elementor-widget-container\">\n\t\t\t\t\t<div class=\"elementor-shortcode\"><div id='av-layout-grid-1'  class='av-layout-grid-container av-fnxt29m-628880c786f59a62c73330a6054fd92e entry-content-wrapper main_color av-flex-cells  avia-builder-el-0  avia-builder-el-no-sibling   container_wrap sidebar_right'  >\n\n\n<style type=\"text\/css\" data-created_by=\"avia_inline_auto\" id=\"style-css-av-k9jpa7jh-66bef89dbd9f7dfd28b9c63ba3c1cb2e\">\n.flex_cell.av-k9jpa7jh-66bef89dbd9f7dfd28b9c63ba3c1cb2e{\nvertical-align:middle;\nbackground:url(https:\/\/stage.timeline-erp.de\/wp-content\/uploads\/2023\/07\/people-looking-at-pc-1.jpg) 50% 50% no-repeat scroll ;\n}\n<\/style>\n<div class='flex_cell av-k9jpa7jh-66bef89dbd9f7dfd28b9c63ba3c1cb2e av-gridrow-cell av_one_half no_margin  avia-builder-el-1  el_before_av_cell_one_half  avia-builder-el-first  avia-full-stretch'  ><div class='flex_cell_inner'><\/div><\/div>\n<style type=\"text\/css\" data-created_by=\"avia_inline_auto\" id=\"style-css-av-k9jpakc2-ebb771cefff1d4bd6170053833f8a2e0\">\n.flex_cell.av-k9jpakc2-ebb771cefff1d4bd6170053833f8a2e0{\nvertical-align:top;\nbackground-color:#ffffff;\n}\n.responsive #top #wrap_all .flex_cell.av-k9jpakc2-ebb771cefff1d4bd6170053833f8a2e0{\npadding:30px 30px 30px 5% !important;\n}\n<\/style>\n<div class='flex_cell av-k9jpakc2-ebb771cefff1d4bd6170053833f8a2e0 av-gridrow-cell av_one_half no_margin  avia-builder-el-2  el_after_av_cell_one_half  avia-builder-el-last '  ><div class='flex_cell_inner'>\n<style type=\"text\/css\" data-created_by=\"avia_inline_auto\" id=\"style-css-av-jz9v299w-bef8b6371290b6a19c1ee772e428aab2\">\n.flex_column.av-jz9v299w-bef8b6371290b6a19c1ee772e428aab2{\nborder-radius:0px 0px 0px 0px;\nbackground-color:#ffffff;\n}\n<\/style>\n<div  class='flex_column av-jz9v299w-bef8b6371290b6a19c1ee772e428aab2 av_three_fourth  avia-builder-el-3  el_before_av_one_fourth  avia-builder-el-first  shadow-l first flex_column_div  '     ><p>\n<style type=\"text\/css\" data-created_by=\"avia_inline_auto\" id=\"style-css-av-8jfjxoa-3343c461cd83435031fe1140803391b9\">\n#top .av-special-heading.av-8jfjxoa-3343c461cd83435031fe1140803391b9{\npadding-bottom:10px;\nfont-size:55px;\n}\nbody .av-special-heading.av-8jfjxoa-3343c461cd83435031fe1140803391b9 .av-special-heading-tag .heading-char{\nfont-size:25px;\n}\n#top #wrap_all .av-special-heading.av-8jfjxoa-3343c461cd83435031fe1140803391b9 .av-special-heading-tag{\nfont-size:55px;\n}\n.av-special-heading.av-8jfjxoa-3343c461cd83435031fe1140803391b9 .av-subheading{\nfont-size:22px;\n}\n\n@media only screen and (min-width: 480px) and (max-width: 767px){ \n#top #wrap_all .av-special-heading.av-8jfjxoa-3343c461cd83435031fe1140803391b9 .av-special-heading-tag{\nfont-size:0.8em;\n}\n}\n\n@media only screen and (max-width: 479px){ \n#top #wrap_all .av-special-heading.av-8jfjxoa-3343c461cd83435031fe1140803391b9 .av-special-heading-tag{\nfont-size:0.8em;\n}\n}\n<\/style>\n<div  class='av-special-heading av-8jfjxoa-3343c461cd83435031fe1140803391b9 av-special-heading-h1 blockquote modern-quote  avia-builder-el-4  el_before_av_textblock  avia-builder-el-first  av-inherit-size av-linked-heading'><h1 class='av-special-heading-tag'  itemprop=\"headline\"  >Online prezent\u00e1cia<\/h1><div class=\"special-heading-border\"><div class=\"special-heading-inner-border\"><\/div><\/div><\/div><br \/>\n\n<style type=\"text\/css\" data-created_by=\"avia_inline_auto\" id=\"style-css-av-joo5ho3f-038c097ccde436ac001b5ed5afbfb4cc\">\n#top .av_textblock_section.av-joo5ho3f-038c097ccde436ac001b5ed5afbfb4cc .avia_textblock{\nfont-size:18px;\n}\n<\/style>\n<section  class='av_textblock_section av-joo5ho3f-038c097ccde436ac001b5ed5afbfb4cc '   itemscope=\"itemscope\" itemtype=\"https:\/\/schema.org\/CreativeWork\" ><div class='avia_textblock'  itemprop=\"text\" ><p>Najr\u00fdchlej\u0161\u00ed sp\u00f4sob ako spozna\u0165 TimeLine ERP. N\u00e1\u0161 expert v\u00e1m predstav\u00ed funkcie n\u00e1\u0161ho software v \u010dase krat\u0161om ako jedna hodina. Prediskutuje s vami va\u0161e individu\u00e1lne po\u017eiadavky, odpovie na va\u0161e ot\u00e1zky.<\/p>\n<p>Po prezent\u00e1cii z\u00edskate predstavu o TimeLine ERP. Vieme si n\u00e1sledne spolo\u010dne odpoveda\u0165 na ot\u00e1zku, \u010di v\u00e1m na\u0161e \u0161tandardn\u00e9 rie\u0161enie sed\u00ed, alebo nejak\u00e9 \u00fapravy predsa len bud\u00fa potrebn\u00e9.<\/p>\n<p><strong>Bezplatne a bez podmienok!<\/strong><\/p>\n<\/div><\/section><br \/>\n\n<style type=\"text\/css\" data-created_by=\"avia_inline_auto\" id=\"style-css-av-ljfoobfy-080f538b8f3aa6150407d6fcca8b5269\">\n#top .av-special-heading.av-ljfoobfy-080f538b8f3aa6150407d6fcca8b5269{\npadding-bottom:10px;\n}\nbody .av-special-heading.av-ljfoobfy-080f538b8f3aa6150407d6fcca8b5269 .av-special-heading-tag .heading-char{\nfont-size:25px;\n}\n.av-special-heading.av-ljfoobfy-080f538b8f3aa6150407d6fcca8b5269 .av-subheading{\nfont-size:15px;\n}\n<\/style>\n<div  class='av-special-heading av-ljfoobfy-080f538b8f3aa6150407d6fcca8b5269 av-special-heading-h3  avia-builder-el-6  el_after_av_textblock  avia-builder-el-last '><h3 class='av-special-heading-tag'  itemprop=\"headline\"  >N\u00e1\u0161 Tech-Sales-T\u00edm<\/h3><div class=\"special-heading-border\"><div class=\"special-heading-inner-border\"><\/div><\/div><\/div><\/p><\/div><div  class='flex_column av-kw26sfu-c66fa67ed4a39ee5752158c9f8504c98 av_one_fourth  avia-builder-el-7  el_after_av_three_fourth  el_before_av_one_fourth  flex_column_div  '     ><\/div>\n<style type=\"text\/css\" data-created_by=\"avia_inline_auto\" id=\"style-css-av-ljfopw4c-9841c6827b9d242ef95f5f583d116934\">\n.flex_column.av-ljfopw4c-9841c6827b9d242ef95f5f583d116934{\nbackground-color:#ffffff;\n}\n<\/style>\n<div  class='flex_column av-ljfopw4c-9841c6827b9d242ef95f5f583d116934 av_one_fourth  avia-builder-el-8  el_after_av_one_fourth  el_before_av_one_fourth  first flex_column_div  column-top-margin'     ><style type=\"text\/css\" data-created_by=\"avia_inline_auto\" id=\"style-css-av-ljfomq7c-de28c219544897d7663bf78ac6254986\">\n.avia-image-container.av-ljfomq7c-de28c219544897d7663bf78ac6254986 img.avia_image{\nbox-shadow:none;\n}\n.avia-image-container.av-ljfomq7c-de28c219544897d7663bf78ac6254986 .av-image-caption-overlay-center{\ncolor:#ffffff;\n}\n<\/style>\n<div  class='avia-image-container av-ljfomq7c-de28c219544897d7663bf78ac6254986 av-styling-circle avia-align-center  avia-builder-el-9  avia-builder-el-no-sibling '   itemprop=\"image\" itemscope=\"itemscope\" itemtype=\"https:\/\/schema.org\/ImageObject\" ><div class=\"avia-image-container-inner\"><div class=\"avia-image-overlay-wrap\"><img decoding=\"async\" fetchpriority=\"high\" class='avia-img-lazy-loading-not- avia_image ' src=\"https:\/\/stage.timeline-erp.de\/wp-content\/uploads\/2023\/07\/timeline-neo-team-christian-180x180.jpg\" alt='' title=''   itemprop=\"thumbnailUrl\"  \/><\/div><\/div><\/div><\/div><div  class='flex_column av-fjx4q9m-88eafaf527a06b771a0c3953adbb3580 av_one_fourth  avia-builder-el-10  el_after_av_one_fourth  el_before_av_one_fourth  flex_column_div  column-top-margin'     ><style type=\"text\/css\" data-created_by=\"avia_inline_auto\" id=\"style-css-av-ljfon59g-d8c1131407ba0f9fb867d76c07d047c4\">\n.avia-image-container.av-ljfon59g-d8c1131407ba0f9fb867d76c07d047c4 img.avia_image{\nbox-shadow:none;\n}\n.avia-image-container.av-ljfon59g-d8c1131407ba0f9fb867d76c07d047c4 .av-image-caption-overlay-center{\ncolor:#ffffff;\n}\n<\/style>\n<div  class='avia-image-container av-ljfon59g-d8c1131407ba0f9fb867d76c07d047c4 av-styling-circle avia-align-center  avia-builder-el-11  avia-builder-el-no-sibling '   itemprop=\"image\" itemscope=\"itemscope\" itemtype=\"https:\/\/schema.org\/ImageObject\" ><div class=\"avia-image-container-inner\"><div class=\"avia-image-overlay-wrap\"><img decoding=\"async\" fetchpriority=\"high\" class='avia-img-lazy-loading-not- avia_image ' src=\"https:\/\/stage.timeline-erp.de\/wp-content\/uploads\/timeline-neo-team-robin-180x180.jpg\" alt='' title=''   itemprop=\"thumbnailUrl\"  \/><\/div><\/div><\/div><\/div><div  class='flex_column av-diotblm-b89d9235818ad6ae937e63e5c499adf1 av_one_fourth  avia-builder-el-12  el_after_av_one_fourth  el_before_av_three_fourth  flex_column_div  column-top-margin'     ><style type=\"text\/css\" data-created_by=\"avia_inline_auto\" id=\"style-css-av-ljfongh8-730d8fc5e258f74e56e3d64a5481729c\">\n.avia-image-container.av-ljfongh8-730d8fc5e258f74e56e3d64a5481729c img.avia_image{\nbox-shadow:none;\n}\n.avia-image-container.av-ljfongh8-730d8fc5e258f74e56e3d64a5481729c .av-image-caption-overlay-center{\ncolor:#ffffff;\n}\n<\/style>\n<div  class='avia-image-container av-ljfongh8-730d8fc5e258f74e56e3d64a5481729c av-styling-circle avia-align-center  avia-builder-el-13  avia-builder-el-no-sibling '   itemprop=\"image\" itemscope=\"itemscope\" itemtype=\"https:\/\/schema.org\/ImageObject\" ><div class=\"avia-image-container-inner\"><div class=\"avia-image-overlay-wrap\"><img decoding=\"async\" fetchpriority=\"high\" class='avia-img-lazy-loading-not- avia_image ' src=\"https:\/\/stage.timeline-erp.de\/wp-content\/uploads\/Andre-Leikel-180x180.jpg\" alt='' title=''   itemprop=\"thumbnailUrl\"  \/><\/div><\/div><\/div><\/div><div  class='flex_column av-5k5yg1m-320900cc912f87594611533a9ab737f1 av_three_fourth  avia-builder-el-14  el_after_av_one_fourth  avia-builder-el-last  first flex_column_div  column-top-margin'     ><form action=\"https:\/\/stage.timeline-erp.de\/sk\/service-and-support\/online-presentation\/\" method=\"post\" data-fields-with-error=\"Found errors in the following field(s):\" class=\"avia_ajax_form av-form-labels-hidden   avia-builder-el-15  avia-builder-el-no-sibling  av-custom-form-color av-dark-form \" data-avia-form-id=\"1\" data-avia-redirect='' ><h3 class=''>Po\u0161lite n\u00e1m po\u017eiadavku na online m\u00edting<\/h3><fieldset><p class='  first_form  form_element form_fullwidth' id='element_avia_1_1'><label for=\"avia_1_1\">Firma <abbr class=\"required\" title=\"required\">*<\/abbr><\/label> <input name=\"avia_1_1\" class=\"text_input is_empty\" type=\"text\" id=\"avia_1_1\" value=\"\"  placeholder='Firma*'\/><\/p><p class='  first_form  form_element form_fullwidth' id='element_avia_2_1'><label for=\"avia_2_1\">Meno<\/label> <input name=\"avia_2_1\" class=\"text_input \" type=\"text\" id=\"avia_2_1\" value=\"\"  placeholder='Meno'\/><\/p><p class='  first_form  form_element form_fullwidth' id='element_avia_3_1'><label for=\"avia_3_1\">Email <abbr class=\"required\" title=\"required\">*<\/abbr><\/label> <input name=\"avia_3_1\" class=\"text_input is_email\" type=\"text\" id=\"avia_3_1\" value=\"\"  placeholder='Email*'\/><\/p><p class='  first_form  form_element form_fullwidth' id='element_avia_4_1'><label for=\"avia_4_1\">Telef\u00f3n <abbr class=\"required\" title=\"required\">*<\/abbr><\/label> <input name=\"avia_4_1\" class=\"text_input is_phone\" type=\"text\" id=\"avia_4_1\" value=\"\"  placeholder='Telef\u00f3n*'\/><\/p><p class='  first_form  form_element form_fullwidth' id='element_avia_5_1'><label for=\"avia_5_1\">Po\u017eadovan\u00fd d\u00e1tum<\/label> <input name=\"avia_5_1\" class=\"avia_datepicker text_input \" type=\"text\" id=\"avia_5_1\" value=\"\" placeholder=\"Po\u017eadovan\u00fd d\u00e1tum\" inputmode=\"none\" \/><\/p><div id='avia_6_1' class='av-form-text'><p>\n<span style=\"font-size: small;line-height: 1.25\">Odoslan\u00edm tohoto formul\u00e1ra, s\u00fahlas\u00edm s podmienkami spracovania d\u00e1tBy submitting this form, I agree that the personal data provided in this message will be stored, processed, transmitted and used in a database maintained under the responsibility of Gebauer GmbH exclusively for the purpose of processing and responding to this inquiry and that Gebauer GmbH may send me relevant inquiry-related information by mail, e-mail or telephone. Your data will be treated confidentially and will not be passed on to third parties. For more information, please refer to our <a href=\"https:\/\/stage.timeline-erp.de\/en\/data-privacy\/\">privacy policy<\/a> and <a href=\"https:\/\/stage.timeline-erp.de\/en\/data-privacy\/information-obligation-in-acc-with-art-14-gdpr\/\">data protection information obligation<\/a>.<\/span><\/p>\n<\/div><p class='  first_form  form_element form_fullwidth' id='element_avia_7_1'><input  name=\"avia_7_1\" class=\"input_checkbox is_empty\" type=\"checkbox\" id=\"avia_7_1\" value=\"true\"\/><label class=\"input_checkbox_label\" for=\"avia_7_1\">\u010c\u00edtal som a s\u00fahlas\u00edm s podmienkami spracovania d\u00e1t <abbr class=\"required\" title=\"required\">*<\/abbr><\/label><\/p><p class=\"hidden\"><input type=\"text\" name=\"avia_8_1\" class=\"hidden \" id=\"avia_8_1\" value=\"\" \/><\/p><p class='   form_element form_fullwidth' id='element_avia_9_1'><span class='value_verifier_label'>2 + 4 = ?<\/span><input name=\"avia_9_1_verifier\" type=\"hidden\" id=\"avia_9_1_verifier\" value=\"786373767\"\/><label for=\"avia_9_1\">Please prove that you are human by solving the equation <abbr class=\"required\" title=\"required\">*<\/abbr><\/label><input name=\"avia_9_1\" class=\"text_input captcha\" type=\"text\" id=\"avia_9_1\" value=\"\"\/><\/p><p class=\"form_element \"><input type=\"hidden\" value=\"1\" name=\"avia_generated_form1\" \/><input type=\"submit\" value=\"Odo\u0161li..\" class=\"button\"  data-sending-label=\"Sending\"\/><\/p><\/fieldset><\/form><div id=\"ajaxresponse_1\" class=\"ajaxresponse ajaxresponse_1 hidden\"><\/div><\/div><\/p>\n<\/div><\/div><\/div><\/div>\n\t\t\t\t<\/div>\n\t\t\t\t<\/div>\n\t\t\t\t\t<\/div>\n\t\t<\/div>\n\t\t\t\t\t<\/div>\n\t\t<\/section>\n\t\t\t\t<\/div>\n\t\t","protected":false},"excerpt":{"rendered":"","protected":false},"author":2,"featured_media":0,"parent":192,"menu_order":0,"comment_status":"closed","ping_status":"closed","template":"","meta":{"footnotes":""},"_links":{"self":[{"href":"https:\/\/stage.timeline-erp.de\/sk\/wp-json\/wp\/v2\/pages\/271"}],"collection":[{"href":"https:\/\/stage.timeline-erp.de\/sk\/wp-json\/wp\/v2\/pages"}],"about":[{"href":"https:\/\/stage.timeline-erp.de\/sk\/wp-json\/wp\/v2\/types\/page"}],"author":[{"embeddable":true,"href":"https:\/\/stage.timeline-erp.de\/sk\/wp-json\/wp\/v2\/users\/2"}],"replies":[{"embeddable":true,"href":"https:\/\/stage.timeline-erp.de\/sk\/wp-json\/wp\/v2\/comments?post=271"}],"version-history":[{"count":1,"href":"https:\/\/stage.timeline-erp.de\/sk\/wp-json\/wp\/v2\/pages\/271\/revisions"}],"predecessor-version":[{"id":911,"href":"https:\/\/stage.timeline-erp.de\/sk\/wp-json\/wp\/v2\/pages\/271\/revisions\/911"}],"up":[{"embeddable":true,"href":"https:\/\/stage.timeline-erp.de\/sk\/wp-json\/wp\/v2\/pages\/192"}],"wp:attachment":[{"href":"https:\/\/stage.timeline-erp.de\/sk\/wp-json\/wp\/v2\/media?parent=271"}],"curies":[{"name":"wp","href":"https:\/\/api.w.org\/{rel}","templated":true}]}}