{"id":99,"date":"2023-07-07T12:31:06","date_gmt":"2023-07-07T10:31:06","guid":{"rendered":"https:\/\/stage.timeline-erp.de\/en\/?page_id=99"},"modified":"2023-08-30T08:21:27","modified_gmt":"2023-08-30T06:21:27","slug":"industries","status":"publish","type":"page","link":"https:\/\/stage.timeline-erp.de\/sk\/industries\/","title":{"rendered":"Odvetvia"},"content":{"rendered":"<div id='av_section_1'  class='avia-section av-jgwcilg8-6d6d01c361474b7ee9f24e57147badd9 main_color avia-section-default avia-no-border-styling  avia-builder-el-0  el_before_av_section  avia-builder-el-first  avia-bg-style-scroll container_wrap sidebar_right'  ><div class='container av-section-cont-open' ><main  role=\"main\" itemprop=\"mainContentOfPage\"  class='template-page content  av-content-small alpha units'><div class='post-entry post-entry-type-page post-entry-99'><div class='entry-content-wrapper clearfix'>\n\n<style type=\"text\/css\" data-created_by=\"avia_inline_auto\" id=\"style-css-av-3k2ea-677225059185e0f95221dd3d3a596db3\">\n.flex_column.av-3k2ea-677225059185e0f95221dd3d3a596db3{\nborder-radius:0px 0px 0px 0px;\npadding:0px 0px 0px 0px;\n}\n<\/style>\n<div  class='flex_column av-3k2ea-677225059185e0f95221dd3d3a596db3 av_one_full  avia-builder-el-1  avia-builder-el-no-sibling  first flex_column_div av-zero-column-padding  '     ><style type=\"text\/css\" data-created_by=\"avia_inline_auto\" id=\"style-css-av-key1oahh-ea806bda1a473337446ed5a6c0b51553\">\n#top .av-special-heading.av-key1oahh-ea806bda1a473337446ed5a6c0b51553{\npadding-bottom:10px;\n}\nbody .av-special-heading.av-key1oahh-ea806bda1a473337446ed5a6c0b51553 .av-special-heading-tag .heading-char{\nfont-size:25px;\n}\n.av-special-heading.av-key1oahh-ea806bda1a473337446ed5a6c0b51553 .av-subheading{\nfont-size:22px;\n}\n<\/style>\n<div  class='av-special-heading av-key1oahh-ea806bda1a473337446ed5a6c0b51553 av-special-heading-h1 blockquote modern-quote modern-centered  avia-builder-el-2  avia-builder-el-no-sibling '><h1 class='av-special-heading-tag'  itemprop=\"headline\"  >TimeLine ERP &#8211; priemyseln\u00e9 rie\u0161enia<\/h1><div class='av-subheading av-subheading_below'><p>ERP a PPS rie\u0161enia pre va\u0161e \u0161peci\u00e1lne potreby.<\/p>\n<\/div><div class=\"special-heading-border\"><div class=\"special-heading-inner-border\"><\/div><\/div><\/div><\/div>\n\n<\/div><\/div><\/main><!-- close content main element --><\/div><\/div><div id='av_section_2'  class='avia-section av-8fc72-3e7ce7d61c4854b063a53c953b877cbe main_color avia-section-default avia-no-border-styling  avia-builder-el-3  el_after_av_section  el_before_av_section  avia-bg-style-scroll container_wrap sidebar_right'  ><div class='container av-section-cont-open' ><div class='template-page content  av-content-small alpha units'><div class='post-entry post-entry-type-page post-entry-99'><div class='entry-content-wrapper clearfix'>\n<div class='flex_column_table av-3q8gq-5c4deb0022d26c308faa003ce357feb5 sc-av_two_fifth av-equal-height-column-flextable'><div  class='flex_column av-3q8gq-5c4deb0022d26c308faa003ce357feb5 av_two_fifth  avia-builder-el-4  el_before_av_three_fifth  avia-builder-el-first  first flex_column_table_cell av-equal-height-column av-align-middle  '     ><style type=\"text\/css\" data-created_by=\"avia_inline_auto\" id=\"style-css-av-31dbq-e028f004a445bbc2dbc638d2473d3a04\">\n.avia-image-container.av-31dbq-e028f004a445bbc2dbc638d2473d3a04 img.avia_image{\nbox-shadow:none;\n}\n.avia-image-container.av-31dbq-e028f004a445bbc2dbc638d2473d3a04 .av-image-caption-overlay-center{\ncolor:#ffffff;\n}\n<\/style>\n<div  class='avia-image-container av-31dbq-e028f004a445bbc2dbc638d2473d3a04 av-styling- avia-align-center  avia-builder-el-5  avia-builder-el-no-sibling '   itemprop=\"image\" itemscope=\"itemscope\" itemtype=\"https:\/\/schema.org\/ImageObject\" ><div class=\"avia-image-container-inner\"><div class=\"avia-image-overlay-wrap\"><img decoding=\"async\" fetchpriority=\"high\" class='avia-img-lazy-loading-not- avia_image ' src=\"https:\/\/stage.timeline-erp.de\/wp-content\/uploads\/TimeLine-Automotive-Box.png\" alt='' title=''   itemprop=\"thumbnailUrl\"  \/><\/div><\/div><\/div><\/div><div class='av-flex-placeholder'><\/div><div  class='flex_column av-2wpqe-6c938a7c02226776a194774c56da1246 av_three_fifth  avia-builder-el-6  el_after_av_two_fifth  avia-builder-el-last  flex_column_table_cell av-equal-height-column av-align-middle  '     ><p>\n<style type=\"text\/css\" data-created_by=\"avia_inline_auto\" id=\"style-css-av-1z25q-959ed74791528f7c64c32bd81fca4567\">\n#top .av-special-heading.av-1z25q-959ed74791528f7c64c32bd81fca4567{\npadding-bottom:10px;\n}\nbody .av-special-heading.av-1z25q-959ed74791528f7c64c32bd81fca4567 .av-special-heading-tag .heading-char{\nfont-size:25px;\n}\n#top #wrap_all .av-special-heading.av-1z25q-959ed74791528f7c64c32bd81fca4567 .av-special-heading-tag{\npadding:0 0 4px 0;\n}\n.av-special-heading.av-1z25q-959ed74791528f7c64c32bd81fca4567 .av-subheading{\nfont-size:22px;\ncolor:#fbb02c;\n}\n<\/style>\n<div  class='av-special-heading av-1z25q-959ed74791528f7c64c32bd81fca4567 av-special-heading-h2 custom-color-heading blockquote modern-quote  avia-builder-el-7  el_before_av_textblock  avia-builder-el-first  gradienthl'><div class='av-subheading av-subheading_above'><p>TIMELINE AUTOMOTIVE<\/p>\n<\/div><h2 class='av-special-heading-tag'  itemprop=\"headline\"  >Ve\u013emi m\u00fadry v\u00fdber pre s\u00e9riov\u00fa produkciu<\/h2><div class=\"special-heading-border\"><div class=\"special-heading-inner-border\"><\/div><\/div><\/div><br \/>\n<section  class='av_textblock_section av-1dhgm-9140e7f0161debf34f790191cdfdc212 '   itemscope=\"itemscope\" itemtype=\"https:\/\/schema.org\/CreativeWork\" ><div class='avia_textblock'  itemprop=\"text\" ><p>TimeLine ERP pre s\u00e9riov\u00fa v\u00fdrobu a automotive kombinuje unik\u00e1tny rozsah funkcional\u00edt pokr\u00fdvaj\u00facich \u0161peci\u00e1lne po\u017eiadavky odvetvia a dop\u013a\u0148a ich s bezprecedentnou upravite\u013enos\u0165ou syst\u00e9mu reflektuj\u00facou individu\u00e1lne po\u017eiadavky.<\/p>\n<\/div><\/section><br \/>\n<div  class='avia-button-wrap av-12exe-be577542eb36cb181b411d90c77cd374-wrap avia-button-left  avia-builder-el-9  el_after_av_textblock  avia-builder-el-last '>\n<style type=\"text\/css\" data-created_by=\"avia_inline_auto\" id=\"style-css-av-12exe-be577542eb36cb181b411d90c77cd374\">\n#top #wrap_all .avia-button.av-12exe-be577542eb36cb181b411d90c77cd374{\nborder-radius:50px 50px 50px 50px;\ntransition:all 0.4s ease-in-out;\n}\n#top #wrap_all.avia-button.av-12exe-be577542eb36cb181b411d90c77cd374:hover .avia_button_background{\nborder-radius:50px 50px 50px 50px;\n}\n<\/style>\n<a href='https:\/\/stage.timeline-erp.de\/sk\/industries\/automotive\/'  class='avia-button av-12exe-be577542eb36cb181b411d90c77cd374 avia-icon_select-yes-right-icon avia-size-large avia-position-left av-icon-on-hover avia-color-theme-color-highlight'  ><span class='avia_iconbox_title' >zisti viac..<\/span><span class='avia_button_icon avia_button_icon_right' aria-hidden='true' data-av_icon='\ue875' data-av_iconfont='entypo-fontello'><\/span><\/a><\/div><\/p><\/div><\/div><!--close column table wrapper. Autoclose: 1 --><\/div><\/div><\/div><!-- close content main div --><\/div><\/div>\n<style type=\"text\/css\" data-created_by=\"avia_inline_auto\" id=\"style-css-av-gvum-6a9d133ee505dcdfb64acae9a7bf3873\">\n.avia-section.av-gvum-6a9d133ee505dcdfb64acae9a7bf3873{\nbackground-color:#0c1d37;\nbackground:linear-gradient( to bottom, #0c1d37, #0f1022 );\n}\n<\/style>\n<div id='av_section_3'  class='avia-section av-gvum-6a9d133ee505dcdfb64acae9a7bf3873 alternate_color avia-section-default avia-no-border-styling  avia-builder-el-10  el_after_av_section  el_before_av_section  avia-bg-style-scroll av-minimum-height av-minimum-height-25 av-height-25  container_wrap sidebar_right'   data-av_minimum_height_pc='25' data-av_min_height_opt='25'><div class='container av-section-cont-open' ><div class='template-page content  av-content-small alpha units'><div class='post-entry post-entry-type-page post-entry-99'><div class='entry-content-wrapper clearfix'>\n<div class='flex_column_table av-7yv2a-9f089e78a296b3246d689ebdadcfe1dd sc-av_two_fifth av-equal-height-column-flextable'><div  class='flex_column av-7yv2a-9f089e78a296b3246d689ebdadcfe1dd av_two_fifth  avia-builder-el-11  el_before_av_three_fifth  avia-builder-el-first  first flex_column_table_cell av-equal-height-column av-align-middle  '     ><style type=\"text\/css\" data-created_by=\"avia_inline_auto\" id=\"style-css-av-7cw3a-94e81e3a98b9e92a47be648d3168decd\">\n.avia-image-container.av-7cw3a-94e81e3a98b9e92a47be648d3168decd img.avia_image{\nbox-shadow:none;\n}\n.avia-image-container.av-7cw3a-94e81e3a98b9e92a47be648d3168decd .av-image-caption-overlay-center{\ncolor:#ffffff;\n}\n<\/style>\n<div  class='avia-image-container av-7cw3a-94e81e3a98b9e92a47be648d3168decd av-styling- avia-align-center  avia-builder-el-12  avia-builder-el-no-sibling '   itemprop=\"image\" itemscope=\"itemscope\" itemtype=\"https:\/\/schema.org\/ImageObject\" ><div class=\"avia-image-container-inner\"><div class=\"avia-image-overlay-wrap\"><img decoding=\"async\" fetchpriority=\"high\" class='avia-img-lazy-loading-not- avia_image ' src=\"https:\/\/stage.timeline-erp.de\/wp-content\/uploads\/TimeLine-Plastics-Box-e1662976109388-1.png\" alt='' title=''   itemprop=\"thumbnailUrl\"  \/><\/div><\/div><\/div><\/div><div class='av-flex-placeholder'><\/div><div  class='flex_column av-6taou-3bfad435641bf21fe2bd9b3837861ede av_three_fifth  avia-builder-el-13  el_after_av_two_fifth  avia-builder-el-last  flex_column_table_cell av-equal-height-column av-align-middle  '     ><p>\n<style type=\"text\/css\" data-created_by=\"avia_inline_auto\" id=\"style-css-av-6fk3a-bf768a0c08b1b2f2e2b5aabff2ad1d39\">\n#top .av-special-heading.av-6fk3a-bf768a0c08b1b2f2e2b5aabff2ad1d39{\npadding-bottom:10px;\n}\nbody .av-special-heading.av-6fk3a-bf768a0c08b1b2f2e2b5aabff2ad1d39 .av-special-heading-tag .heading-char{\nfont-size:25px;\n}\n.av-special-heading.av-6fk3a-bf768a0c08b1b2f2e2b5aabff2ad1d39 .av-subheading{\nfont-size:22px;\ncolor:#a07eb7;\n}\n<\/style>\n<div  class='av-special-heading av-6fk3a-bf768a0c08b1b2f2e2b5aabff2ad1d39 av-special-heading-h2 custom-color-heading blockquote modern-quote  avia-builder-el-14  el_before_av_textblock  avia-builder-el-first  gradienthl'><div class='av-subheading av-subheading_above'><p>TIMELINE PLASTICS<\/p>\n<\/div><h2 class='av-special-heading-tag'  itemprop=\"headline\"  >ERP syst\u00e9m pre spolo\u010dnosti sprac\u00favaj\u00face plasty<\/h2><div class=\"special-heading-border\"><div class=\"special-heading-inner-border\"><\/div><\/div><\/div><br \/>\n<section  class='av_textblock_section av-5rz3e-59c106104f7a39abc1f7f6d5708320c7 '   itemscope=\"itemscope\" itemtype=\"https:\/\/schema.org\/CreativeWork\" ><div class='avia_textblock'  itemprop=\"text\" ><p>TimeLine ERP pon\u00faka plastik\u00e1rom unik\u00e1tne z\u00e1kladn\u00e9 rie\u0161enie so \u0161irokou \u0161k\u00e1lou \u0161tandardn\u00fdch modulov kombinovan\u00fdch s priemyselne \u0161pecifick\u00fdmi funkciami. Bezprecedentn\u00e1 upravite\u013enos\u0165 syst\u00e9mu umo\u017e\u0148uje kreova\u0165 na mieru prisp\u00f4soben\u00e9 rie\u0161enia pre ak\u00fdko\u013evek plastik\u00e1rsky scen\u00e1r.<\/p>\n<\/div><\/section><br \/>\n<div  class='avia-button-wrap av-j6n6-4d3eabbd9002b9062c6a105e9341c1ff-wrap avia-button-left  avia-builder-el-16  el_after_av_textblock  avia-builder-el-last '>\n<style type=\"text\/css\" data-created_by=\"avia_inline_auto\" id=\"style-css-av-j6n6-4d3eabbd9002b9062c6a105e9341c1ff\">\n#top #wrap_all .avia-button.av-j6n6-4d3eabbd9002b9062c6a105e9341c1ff{\nborder-radius:50px 50px 50px 50px;\ntransition:all 0.4s ease-in-out;\n}\n#top #wrap_all.avia-button.av-j6n6-4d3eabbd9002b9062c6a105e9341c1ff:hover .avia_button_background{\nborder-radius:50px 50px 50px 50px;\n}\n<\/style>\n<a href='https:\/\/stage.timeline-erp.de\/sk\/industries\/plastics\/'  class='avia-button av-j6n6-4d3eabbd9002b9062c6a105e9341c1ff avia-icon_select-yes-right-icon avia-size-large avia-position-left av-icon-on-hover avia-color-theme-color-highlight'  ><span class='avia_iconbox_title' >zisti viac..<\/span><span class='avia_button_icon avia_button_icon_right' aria-hidden='true' data-av_icon='\ue875' data-av_iconfont='entypo-fontello'><\/span><\/a><\/div><\/p><\/div><\/div><!--close column table wrapper. Autoclose: 1 -->\n<\/p>\n<\/div><\/div><\/div><!-- close content main div --><\/div><\/div><div id='av_section_4'  class='avia-section av-lb0lrruu-1c712a777693d38593fca50a9327323d main_color avia-section-default avia-no-border-styling  avia-builder-el-17  el_after_av_section  el_before_av_section  avia-bg-style-scroll container_wrap sidebar_right'  ><div class='container av-section-cont-open' ><div class='template-page content  av-content-small alpha units'><div class='post-entry post-entry-type-page post-entry-99'><div class='entry-content-wrapper clearfix'>\n<div class='flex_column_table av-29lv6-0603eddbc0c31bda577f2056293c0cc3 sc-av_two_fifth av-equal-height-column-flextable'><div  class='flex_column av-29lv6-0603eddbc0c31bda577f2056293c0cc3 av_two_fifth  avia-builder-el-18  el_before_av_three_fifth  avia-builder-el-first  first flex_column_table_cell av-equal-height-column av-align-middle  '     ><style type=\"text\/css\" data-created_by=\"avia_inline_auto\" id=\"style-css-av-1cpdi-5a71936674b5b362684783a1205808a3\">\n.avia-image-container.av-1cpdi-5a71936674b5b362684783a1205808a3 img.avia_image{\nbox-shadow:none;\n}\n.avia-image-container.av-1cpdi-5a71936674b5b362684783a1205808a3 .av-image-caption-overlay-center{\ncolor:#ffffff;\n}\n<\/style>\n<div  class='avia-image-container av-1cpdi-5a71936674b5b362684783a1205808a3 av-styling- avia-align-center  avia-builder-el-19  avia-builder-el-no-sibling '   itemprop=\"image\" itemscope=\"itemscope\" itemtype=\"https:\/\/schema.org\/ImageObject\" ><div class=\"avia-image-container-inner\"><div class=\"avia-image-overlay-wrap\"><img decoding=\"async\" fetchpriority=\"high\" class='avia-img-lazy-loading-not- avia_image ' src=\"https:\/\/stage.timeline-erp.de\/wp-content\/uploads\/TL-FOUNDRY-Software-Box-Mockup-e1669631613277.png\" alt='' title=''   itemprop=\"thumbnailUrl\"  \/><\/div><\/div><\/div><\/div><div class='av-flex-placeholder'><\/div><div  class='flex_column av-3x12-2fc0afdfc74dc4dcfa5a74337bedcd43 av_three_fifth  avia-builder-el-20  el_after_av_two_fifth  avia-builder-el-last  flex_column_table_cell av-equal-height-column av-align-middle  '     ><p>\n<style type=\"text\/css\" data-created_by=\"avia_inline_auto\" id=\"style-css-av-lb0ma53x-5933be61bb76c7f8611728ae3d48b0d7\">\n#top .av-special-heading.av-lb0ma53x-5933be61bb76c7f8611728ae3d48b0d7{\npadding-bottom:10px;\n}\nbody .av-special-heading.av-lb0ma53x-5933be61bb76c7f8611728ae3d48b0d7 .av-special-heading-tag .heading-char{\nfont-size:25px;\n}\n.av-special-heading.av-lb0ma53x-5933be61bb76c7f8611728ae3d48b0d7 .av-subheading{\nfont-size:22px;\ncolor:#e63510;\n}\n<\/style>\n<div  class='av-special-heading av-lb0ma53x-5933be61bb76c7f8611728ae3d48b0d7 av-special-heading-h2 custom-color-heading blockquote modern-quote  avia-builder-el-21  el_before_av_textblock  avia-builder-el-first  gradienthl'><div class='av-subheading av-subheading_above'><p>TIMELINE ZLIEVARE\u0147<\/p>\n<\/div><h2 class='av-special-heading-tag'  itemprop=\"headline\"  >Sme odborn\u00edci na zlievarenstvo u\u017e viac ako 30 rokov<\/h2><div class=\"special-heading-border\"><div class=\"special-heading-inner-border\"><\/div><\/div><\/div><br \/>\n<section  class='av_textblock_section av-lb0mbay7-4e2181c6e6519241b4723791a0743c8e '   itemscope=\"itemscope\" itemtype=\"https:\/\/schema.org\/CreativeWork\" ><div class='avia_textblock'  itemprop=\"text\" ><p>TimeLine Zlievare\u0148 je priemyseln\u00e9 ERP rie\u0161enie \u0161pecificky zameran\u00e9 na zlievarne. Pokr\u00fdva v\u0161etky biznis funkcie vo v\u00fdrobe a administrat\u00edve uzavret\u00e9ho celku zlievarne, bez nutnosti zap\u00e1jania in\u00fdch software do riadenia. Vieme v\u0161etko. Nielen klasick\u00e9 PPS funkcie, ale aj komer\u010dn\u00e9 moduly a plne integrovan\u00fd dokument mana\u017ement syst\u00e9m s integrovan\u00fdm mailom.<\/p>\n<\/div><\/section><br \/>\n<div  class='avia-button-wrap av-lb0mbghh-3dd040c1ce24c7206070f59920781e1c-wrap avia-button-left  avia-builder-el-23  el_after_av_textblock  avia-builder-el-last '>\n<style type=\"text\/css\" data-created_by=\"avia_inline_auto\" id=\"style-css-av-lb0mbghh-3dd040c1ce24c7206070f59920781e1c\">\n#top #wrap_all .avia-button.av-lb0mbghh-3dd040c1ce24c7206070f59920781e1c{\nborder-radius:50px 50px 50px 50px;\ntransition:all 0.4s ease-in-out;\n}\n#top #wrap_all.avia-button.av-lb0mbghh-3dd040c1ce24c7206070f59920781e1c:hover .avia_button_background{\nborder-radius:50px 50px 50px 50px;\n}\n<\/style>\n<a href='https:\/\/stage.timeline-erp.de\/sk\/industries\/foundry\/'  class='avia-button av-lb0mbghh-3dd040c1ce24c7206070f59920781e1c avia-icon_select-yes-right-icon avia-size-large avia-position-left av-icon-on-hover avia-color-theme-color-highlight'  ><span class='avia_iconbox_title' >zisti viac..<\/span><span class='avia_button_icon avia_button_icon_right' aria-hidden='true' data-av_icon='\ue875' data-av_iconfont='entypo-fontello'><\/span><\/a><\/div><\/p><\/div><\/div><!--close column table wrapper. Autoclose: 1 -->\n\n<\/div><\/div><\/div><!-- close content main div --><\/div><\/div>\n<style type=\"text\/css\" data-created_by=\"avia_inline_auto\" id=\"style-css-av-2lrze-3af762f6908ed5eb010289292003dd46\">\n.avia-section.av-2lrze-3af762f6908ed5eb010289292003dd46{\nbackground-color:#0c1d37;\nbackground:linear-gradient( to bottom, #0c1d37, #0f1022 );\n}\n<\/style>\n<div id='av_section_5'  class='avia-section av-2lrze-3af762f6908ed5eb010289292003dd46 alternate_color avia-section-default avia-no-border-styling  avia-builder-el-24  el_after_av_section  avia-builder-el-last  avia-bg-style-scroll av-minimum-height av-minimum-height-25 av-height-25  container_wrap sidebar_right'   data-av_minimum_height_pc='25' data-av_min_height_opt='25'><div class='container av-section-cont-open' ><div class='template-page content  av-content-small alpha units'><div class='post-entry post-entry-type-page post-entry-99'><div class='entry-content-wrapper clearfix'>\n<div class='flex_column_table av-4qfmm-fa797883f3061dc48932c30fa28dbf8c sc-av_two_fifth av-equal-height-column-flextable'><div  class='flex_column av-4qfmm-fa797883f3061dc48932c30fa28dbf8c av_two_fifth  avia-builder-el-25  el_before_av_three_fifth  avia-builder-el-first  first flex_column_table_cell av-equal-height-column av-align-middle  '     ><style type=\"text\/css\" data-created_by=\"avia_inline_auto\" id=\"style-css-av-lb0lz6k8-a9efb0ebc9e830daa39a6fb38b2eb8c7\">\n.avia-image-container.av-lb0lz6k8-a9efb0ebc9e830daa39a6fb38b2eb8c7 img.avia_image{\nbox-shadow:none;\n}\n.avia-image-container.av-lb0lz6k8-a9efb0ebc9e830daa39a6fb38b2eb8c7 .av-image-caption-overlay-center{\ncolor:#ffffff;\n}\n<\/style>\n<div  class='avia-image-container av-lb0lz6k8-a9efb0ebc9e830daa39a6fb38b2eb8c7 av-styling- avia-align-center  avia-builder-el-26  avia-builder-el-no-sibling '   itemprop=\"image\" itemscope=\"itemscope\" itemtype=\"https:\/\/schema.org\/ImageObject\" ><div class=\"avia-image-container-inner\"><div class=\"avia-image-overlay-wrap\"><img decoding=\"async\" fetchpriority=\"high\" class='avia-img-lazy-loading-not- avia_image ' src=\"https:\/\/stage.timeline-erp.de\/wp-content\/uploads\/MaBau-Box.png\" alt='' title=''   itemprop=\"thumbnailUrl\"  \/><\/div><\/div><\/div><\/div><div class='av-flex-placeholder'><\/div><div  class='flex_column av-43snq-557ab472a367f09db2e068954be9d49f av_three_fifth  avia-builder-el-27  el_after_av_two_fifth  avia-builder-el-last  flex_column_table_cell av-equal-height-column av-align-middle  '     ><p>\n<style type=\"text\/css\" data-created_by=\"avia_inline_auto\" id=\"style-css-av-lb0lt186-0174e1709711237e06b5b5eac5620f55\">\n#top .av-special-heading.av-lb0lt186-0174e1709711237e06b5b5eac5620f55{\npadding-bottom:10px;\n}\nbody .av-special-heading.av-lb0lt186-0174e1709711237e06b5b5eac5620f55 .av-special-heading-tag .heading-char{\nfont-size:25px;\n}\n.av-special-heading.av-lb0lt186-0174e1709711237e06b5b5eac5620f55 .av-subheading{\nfont-size:22px;\ncolor:#6dcfb8;\n}\n<\/style>\n<div  class='av-special-heading av-lb0lt186-0174e1709711237e06b5b5eac5620f55 av-special-heading-h2 custom-color-heading blockquote modern-quote  avia-builder-el-28  el_before_av_textblock  avia-builder-el-first  gradienthl'><div class='av-subheading av-subheading_above'><p>TIMELINE IN\u017dINIERING<\/p>\n<\/div><h2 class='av-special-heading-tag'  itemprop=\"headline\"  >Nikdy nebolo jednoduch\u0161ie skombinova\u0165 kon\u0161trukciu, n\u00e1kup a projektov\u00fd mana\u017ement<\/h2><div class=\"special-heading-border\"><div class=\"special-heading-inner-border\"><\/div><\/div><\/div><br \/>\n<section  class='av_textblock_section av-lb0lyjdr-d34cddaa3ad7a1040ae1eaabf50c12e6 '   itemscope=\"itemscope\" itemtype=\"https:\/\/schema.org\/CreativeWork\" ><div class='avia_textblock'  itemprop=\"text\" ><p class=\"av-special-heading-tag\">V\u010faka roz\u0161\u00edreniu n\u00e1\u0161ho ERP syst\u00e9mu o stroj\u00e1rske in\u017einierstvo sme radik\u00e1lne u\u013eah\u010dili prepojenie kon\u0161trukcie, n\u00e1kupu a projektov\u00e9ho mana\u017ementu. Sp\u00e1janie v\u0161etk\u00fdch relevantn\u00fdch funkci\u00ed, procesov a dokument\u00e1cie v jednom syst\u00e9me u\u013eah\u010duje interdisciplin\u00e1rnu spolupr\u00e1cu jednotliv\u00fdch oddelen\u00ed vr\u00e1mci firmy. V\u0161etko funguje jednoducho a efekt\u00edvne.<\/p>\n<\/div><\/section><br \/>\n<div  class='avia-button-wrap av-388gy-64b4bf03f9dc4ffb4aef1a03259cddb4-wrap avia-button-left  avia-builder-el-30  el_after_av_textblock  avia-builder-el-last '>\n<style type=\"text\/css\" data-created_by=\"avia_inline_auto\" id=\"style-css-av-388gy-64b4bf03f9dc4ffb4aef1a03259cddb4\">\n#top #wrap_all .avia-button.av-388gy-64b4bf03f9dc4ffb4aef1a03259cddb4{\nborder-radius:50px 50px 50px 50px;\ntransition:all 0.4s ease-in-out;\n}\n#top #wrap_all.avia-button.av-388gy-64b4bf03f9dc4ffb4aef1a03259cddb4:hover .avia_button_background{\nborder-radius:50px 50px 50px 50px;\n}\n<\/style>\n<a href='https:\/\/stage.timeline-erp.de\/sk\/industries\/engineering\/'  class='avia-button av-388gy-64b4bf03f9dc4ffb4aef1a03259cddb4 avia-icon_select-yes-right-icon avia-size-large avia-position-left av-icon-on-hover avia-color-theme-color-highlight'  ><span class='avia_iconbox_title' >zisti viac..<\/span><span class='avia_button_icon avia_button_icon_right' aria-hidden='true' data-av_icon='\ue875' data-av_iconfont='entypo-fontello'><\/span><\/a><\/div><\/p><\/div><\/div><!--close column table wrapper. Autoclose: 1 -->\n<\/div><\/div><\/div><!-- close content main div --><\/div><\/div><div id='after_section_5'  class='main_color av_default_container_wrap container_wrap sidebar_right'  ><div class='container av-section-cont-open' ><div class='template-page content  av-content-small alpha units'><div class='post-entry post-entry-type-page post-entry-99'><div class='entry-content-wrapper clearfix'>\n","protected":false},"excerpt":{"rendered":"","protected":false},"author":2,"featured_media":0,"parent":0,"menu_order":0,"comment_status":"closed","ping_status":"closed","template":"","meta":{"footnotes":""},"_links":{"self":[{"href":"https:\/\/stage.timeline-erp.de\/sk\/wp-json\/wp\/v2\/pages\/99"}],"collection":[{"href":"https:\/\/stage.timeline-erp.de\/sk\/wp-json\/wp\/v2\/pages"}],"about":[{"href":"https:\/\/stage.timeline-erp.de\/sk\/wp-json\/wp\/v2\/types\/page"}],"author":[{"embeddable":true,"href":"https:\/\/stage.timeline-erp.de\/sk\/wp-json\/wp\/v2\/users\/2"}],"replies":[{"embeddable":true,"href":"https:\/\/stage.timeline-erp.de\/sk\/wp-json\/wp\/v2\/comments?post=99"}],"version-history":[{"count":2,"href":"https:\/\/stage.timeline-erp.de\/sk\/wp-json\/wp\/v2\/pages\/99\/revisions"}],"predecessor-version":[{"id":745,"href":"https:\/\/stage.timeline-erp.de\/sk\/wp-json\/wp\/v2\/pages\/99\/revisions\/745"}],"wp:attachment":[{"href":"https:\/\/stage.timeline-erp.de\/sk\/wp-json\/wp\/v2\/media?parent=99"}],"curies":[{"name":"wp","href":"https:\/\/api.w.org\/{rel}","templated":true}]}}